{"id":1387,"date":"2024-06-07T11:45:57","date_gmt":"2024-06-07T14:45:57","guid":{"rendered":"https:\/\/eventos.uenp.edu.br\/joresp\/?page_id=1387"},"modified":"2024-08-01T12:10:30","modified_gmt":"2024-08-01T15:10:30","slug":"normas-de-submissao-de-oficinas","status":"publish","type":"page","link":"https:\/\/eventos.uenp.edu.br\/joresp\/vii-edicao\/normas-de-submissao-de-oficinas\/","title":{"rendered":"Normas de Submiss\u00e3o de Oficinas"},"content":{"rendered":"<p><strong>DATA LIMITE PARA ENTREGA DAS PROPOSTAS: 01\/09\/2024<\/strong><\/p>\n<p><strong>\u00a0<\/strong><\/p>\n<p><strong>\u00a0<\/strong><\/p>\n<p><strong>OFICINAS<\/strong><\/p>\n<p>O envio da proposta ser\u00e1 feito atrav\u00e9s do sistema eletr\u00f4nico da <strong><a href=\"https:\/\/www.even3.com.br\/joresp2024\/\">JORESP 2024<\/a><\/strong>. O (a) primeiro (a) autor (a) dever\u00e1 ser um dos (as) apresentadores (a) da oficina. No sistema de submiss\u00e3o dever\u00e1 ser indicado a data do dia <strong>20\/09<\/strong> (per\u00edodo da manh\u00e3) ou <strong>24\/09<\/strong> (per\u00edodo vespertino)\u00a0 para a apresenta\u00e7\u00e3o na forma presencial, ou <strong>23\/09<\/strong> (per\u00edodo vespertino) na forma de apresenta\u00e7\u00e3o remota.<\/p>\n<p>As oficinas submetidas ser\u00e3o revisadas e poder\u00e3o ser recusadas caso n\u00e3o atendam \u00e0s normas e apresentem baixa qualidade cient\u00edfica. A lista dos hor\u00e1rios das apresenta\u00e7\u00f5es ser\u00e1 disponibilizada na p\u00e1gina do evento at\u00e9 o dia 15 de setembro de 2024.<\/p>\n<p>&nbsp;<\/p>\n<p><strong>1 ORIENTA\u00c7\u00d5ES GERAIS<\/strong><\/p>\n<p>1.1 O original do texto da proposta da oficina aceito para apresenta\u00e7\u00e3o ser\u00e1 reproduzido em arquivo eletr\u00f4nico no formato PDF e publicado nos anais do evento no<em> site<\/em> da UENP. A proposta deve prever uma dura\u00e7\u00e3o de uma hora de apresenta\u00e7\u00e3o e ser inscrita pelo respons\u00e1vel por ministrar a oficina Tendo em vista a necessidade de uniformizar o aspecto gr\u00e1fico, todos os trabalhos dever\u00e3o ser elaborados nas normas indicadas no item 4.<\/p>\n<p>1.2 N\u00e3o ser\u00e1 feito qualquer trabalho de edi\u00e7\u00e3o no texto submetido. O atendimento \u00e0s normas \u00e9 de responsabilidade das(os) proponentes, bem como o conte\u00fado, os aspectos \u00e9ticos e os poss\u00edveis conflitos de interesse.<\/p>\n<p>&nbsp;<\/p>\n<p><strong>2 CRIT\u00c9RIOS DE AVALIA\u00c7\u00c3O<\/strong><\/p>\n<p>A avalia\u00e7\u00e3o das propostas ser\u00e1 realizada pelos membros do Comit\u00ea Cient\u00edfico que selecionar\u00e3o, no m\u00e1ximo, cinco oficinas, considerando os seguintes crit\u00e9rios:<\/p>\n<p>2.1 Atualidade, abrang\u00eancia e relev\u00e2ncia do tema proposto;<\/p>\n<p>2.2 Consist\u00eancia argumentativa, coer\u00eancia e registro lingu\u00edstico adequado;<\/p>\n<p>2.3 Clareza da metodologia e objetivos;<\/p>\n<p>2.4 Pertin\u00eancia com o Eixo Tem\u00e1tico;<\/p>\n<p><strong>\u00a0<\/strong><\/p>\n<p><strong>3 FORMATA\u00c7\u00c3O DA PROPOSTA DE OFICINA<\/strong><\/p>\n<p>3.1 O texto dever\u00e1 ser apresentado em formato\u00a0<em>Word<\/em>, vers\u00e3o 2010 ou superior, com extens\u00e3o de no m\u00e1ximo <strong>cinco<\/strong> p\u00e1ginas e dever\u00e1 seguir as seguintes orienta\u00e7\u00f5es:<\/p>\n<ul>\n<li>folha tamanho A4;<\/li>\n<li>margens superior e esquerda de 3 cm, margens direita e inferior de 2 cm;<\/li>\n<li>fonte\u00a0<em>Times New Roman<\/em>, tamanho 12, espa\u00e7amento entrelinhas de 1,5 cm;<\/li>\n<li>alinhamento justificado;<\/li>\n<li>paragrafo de 1,25 cm;<\/li>\n<li>rodap\u00e9 de 1,25 cm;<\/li>\n<li>espa\u00e7amento \u201cantes\u201d e \u201cdepois\u201d de 0 pt para ambos;<\/li>\n<li>no resumo e nas refer\u00eancias utilizar entrelinhas simples e seguir as orienta\u00e7\u00f5es de composi\u00e7\u00e3o da ABNT NBR 6028 (2021) e 6023 (2018), respectivamente.<\/li>\n<\/ul>\n<p><strong>\u00a0<\/strong><\/p>\n<p><strong>4 ESTRUTURA E NORMAS PARA APRESENTA\u00c7\u00c3O DAS PROPOSTAS DE OFICINAS<\/strong><\/p>\n<p>O conte\u00fado do artigo dever\u00e1 ser organizado com a seguinte sequ\u00eancia:<\/p>\n<p>4.1 <strong>T\u00edtulo do artigo:<\/strong> m\u00e1ximo de 15 palavras, grafado em caixa alta, centralizado e em negrito;<\/p>\n<p>4.2 <strong>Autora(or) ou autoras(es):<\/strong> no m\u00e1ximo tr\u00eas autores(as). Somente as primeiras letras do Sobrenome, Pr\u00e9-nome e Nome em caixa alta. Dois espa\u00e7os simples abaixo do t\u00edtulo, alinhados \u00e0 direita.<\/p>\n<p>3.3<strong> Titula\u00e7\u00e3o e Institui\u00e7\u00e3o de origem:<\/strong> logo abaixo do nome do(a) autor(a), alinhados \u00e0 direita;<\/p>\n<p>3.4<strong> Eixo tem\u00e1tico:<\/strong> dois espa\u00e7os simples abaixo do nome do(a) autor(a), centralizado, caixa alta e em negrito;<\/p>\n<p>3.4.1 Forma\u00e7\u00e3o Inicial e Cont\u00ednua de Professores: G\u00eanero e Sexualidade<\/p>\n<p>3.4.2 Educa\u00e7\u00e3o em Sexualidades<\/p>\n<p>3.4.3 Pol\u00edticas P\u00fablicas e as Rela\u00e7\u00f5es de G\u00eanero e as Sexualidades<\/p>\n<p>3.4.4 G\u00eanero, Sexualidade e Luta de Classes<\/p>\n<p>3.4.5 G\u00eanero, Tecnologia e Ambiente<\/p>\n<p>3.4.6 G\u00eanero, Sexualidade e M\u00eddia<\/p>\n<p>3.4.7 G\u00eanero, Sexualidade e Sa\u00fade<\/p>\n<p>3.4.8 Direitos Sexuais e Direito Antidiscriminat\u00f3rio<\/p>\n<p>3.4.9 Diversidade Sexual<\/p>\n<p>3.4.10 Adminstra\u00e7\u00e3o, Gest\u00e3o P\u00fablica e Privada: G\u00eanero e Sexualidade<\/p>\n<p>3.4.11 G\u00eanero e Filosofia<\/p>\n<p>3.4.12 G\u00eanero e Arte<\/p>\n<p>3.5<strong> Resumo: <\/strong>a palavra Resumo dever\u00e1 ser grafada em caixa alta, negrito, alinhada \u00e0 esquerda. O resumo dever\u00e1 conter no m\u00e1ximo 250 palavras, redigidas em par\u00e1grafo \u00fanico, sem recuo, com espa\u00e7amento entrelinhas simples, somente na l\u00edngua portuguesa e apresentar: introdu\u00e7\u00e3o, objetivos, metodologia, resultados e discuss\u00e3o e conclus\u00e3o. Apresentar, logo abaixo do resumo, no m\u00ednimo tr\u00eas e no m\u00e1ximo cinco palavras-chave com iniciais em letra min\u00fascula e separadas por ponto e v\u00edrgula.<\/p>\n<p>3.6<strong> Introdu\u00e7\u00e3o: <\/strong>A palavra Introdu\u00e7\u00e3o dever\u00e1 ser grafada em caixa alta, negrito, alinhada \u00e0 esquerda. Dever\u00e1 conter o estado atual da arte em que se encontra a tem\u00e1tica e quais os problemas e hip\u00f3teses. No \u00faltimo par\u00e1grafo da introdu\u00e7\u00e3o, apresentar quais os objetivos do trabalho.<\/p>\n<p>3.7 <strong>Justificativa: <\/strong>A palavra <u>Justificativa<\/u> dever\u00e1 ser grafada em caixa alta e negrito, alinhada \u00e0 esquerda. Apresentar a relev\u00e2ncia da oficina proposta frente a pertin\u00eancia ao Eixo Tem\u00e1tico selecionado e a import\u00e2ncia da oficina no avan\u00e7o do conhecimento cient\u00edfico, filos\u00f3fico e art\u00edstico.<\/p>\n<p>3.8<strong> Metodologia<\/strong>: A palavra dever\u00e1 ser grafada em caixa alta e negrito, alinhada \u00e0 esquerda. \u00a0Descrever a metodologia que ser\u00e1 adotada, onde dever\u00e1 ser apresentado: indica\u00e7\u00e3o de p\u00fablico-alvo, n\u00famero de participantes e pr\u00e9-requisitos (se houver); os recursos materiais (de responsabilidade do apresentador), computacionais e audiovisuais necess\u00e1rios (responsabilidade da comiss\u00e3o organizadora); Descri\u00e7\u00e3o de t\u00f3picos a serem abordados;<\/p>\n<p>3.9<strong> Refer\u00eancias: <\/strong>A palavra Refer\u00eancias dever\u00e1 ser grafada em caixa alta, negrito, alinhada \u00e0 esquerda. As refer\u00eancias bibliogr\u00e1ficas e cita\u00e7\u00f5es devem seguir as orienta\u00e7\u00f5es de composi\u00e7\u00e3o do modelo de refer\u00eancias baseados na norma ABNT NBR 6023 de 2018 e cita\u00e7\u00f5es baseadas na NBR 10520 de 2023 da Associa\u00e7\u00e3o Brasileira de Normas T\u00e9cnicas (ABNT), respectivamente.<\/p>\n<p><strong>\u00a0<\/strong><\/p>\n<p><strong>4 MODELO DE ESTRUTURA PARA ELABORA\u00c7\u00c3O DE OFICINA<\/strong><\/p>\n<p><strong>Baixe aqui: <a href=\"https:\/\/eventos.uenp.edu.br\/joresp\/wp-content\/uploads\/sites\/11\/2024\/06\/MODELO-OFICINA-JORESP-2024.docx\">MODELO-OFICINA-JORESP-2024<\/a><\/strong><\/p>\n<p>&nbsp;<\/p>\n<p><strong>5 ORIENTA\u00c7\u00d5ES SOBRE A REALIZA\u00c7\u00c3O DAS OFICINAS<\/strong><\/p>\n<p>5.1 A(O) autora(or) respons\u00e1vel por apresentar a oficina dever\u00e1 comparecer a sua sala de apresenta\u00e7\u00e3o, meia hora antes dos hor\u00e1rios que ser\u00e3o determinados pela Comiss\u00e3o Cient\u00edfica, para checar a compatibilidade de seu arquivo em <em>pen drive<\/em>. Para uniformizar as apresenta\u00e7\u00f5es, elaborar no <em>Programa Microsoft Power Point, <\/em>vers\u00e3o 2016 ou superior. A aus\u00eancia no hor\u00e1rio programado pela Comiss\u00e3o Cient\u00edfica implicar\u00e1 na perda do direito da apresenta\u00e7\u00e3o e da emiss\u00e3o de seu certificado.<\/p>\n<p>5.2 A Comiss\u00e3o Organizadora disponibilizar\u00e1 projetores multim\u00eddia para apresenta\u00e7\u00e3o do trabalho. Outros recursos audiovisuais s\u00e3o de responsabilidade da(o) apresentadora(or).<\/p>\n<p>5.4 A lista dos hor\u00e1rios das apresenta\u00e7\u00f5es ser\u00e1 disponibilizada aqui no site at\u00e9 o dia <strong>2 de setembro de 2024<\/strong>.<\/p>\n<p>5.5 O <em>template<\/em> para apresenta\u00e7\u00e3o est\u00e1 dispon\u00edvel <a href=\"https:\/\/eventos.uenp.edu.br\/joresp\/wp-content\/uploads\/sites\/11\/2024\/07\/Modelo-Apresentacao-Joresp-2024.pptx\"><strong>AQUI<\/strong><\/a>.<\/p>\n","protected":false},"excerpt":{"rendered":"","protected":false},"author":11,"featured_media":0,"parent":783,"menu_order":0,"comment_status":"closed","ping_status":"closed","template":"","meta":{"footnotes":""},"class_list":["post-1387","page","type-page","status-publish","hentry"],"_links":{"self":[{"href":"https:\/\/eventos.uenp.edu.br\/joresp\/wp-json\/wp\/v2\/pages\/1387","targetHints":{"allow":["GET"]}}],"collection":[{"href":"https:\/\/eventos.uenp.edu.br\/joresp\/wp-json\/wp\/v2\/pages"}],"about":[{"href":"https:\/\/eventos.uenp.edu.br\/joresp\/wp-json\/wp\/v2\/types\/page"}],"author":[{"embeddable":true,"href":"https:\/\/eventos.uenp.edu.br\/joresp\/wp-json\/wp\/v2\/users\/11"}],"replies":[{"embeddable":true,"href":"https:\/\/eventos.uenp.edu.br\/joresp\/wp-json\/wp\/v2\/comments?post=1387"}],"version-history":[{"count":8,"href":"https:\/\/eventos.uenp.edu.br\/joresp\/wp-json\/wp\/v2\/pages\/1387\/revisions"}],"predecessor-version":[{"id":1442,"href":"https:\/\/eventos.uenp.edu.br\/joresp\/wp-json\/wp\/v2\/pages\/1387\/revisions\/1442"}],"up":[{"embeddable":true,"href":"https:\/\/eventos.uenp.edu.br\/joresp\/wp-json\/wp\/v2\/pages\/783"}],"wp:attachment":[{"href":"https:\/\/eventos.uenp.edu.br\/joresp\/wp-json\/wp\/v2\/media?parent=1387"}],"curies":[{"name":"wp","href":"https:\/\/api.w.org\/{rel}","templated":true}]}}