{"id":1323,"date":"2024-05-31T12:48:31","date_gmt":"2024-05-31T15:48:31","guid":{"rendered":"https:\/\/eventos.uenp.edu.br\/joresp\/?page_id=1323"},"modified":"2024-07-02T19:21:07","modified_gmt":"2024-07-02T22:21:07","slug":"historico","status":"publish","type":"page","link":"https:\/\/eventos.uenp.edu.br\/joresp\/vii-edicao\/historico\/","title":{"rendered":"Compartilhe Suas Mem\u00f3rias"},"content":{"rendered":"<p>Voc\u00ea pode reviver e contribuir para a rica hist\u00f3ria das Jornada Regional de Educa\u00e7\u00e3o Sexual do Paran\u00e1 (JORESP). Nossa miss\u00e3o \u00e9 preservar e compartilhar as mem\u00f3rias de todos os eventos passados, desde 2008 at\u00e9 2024. Queremos criar um arquivo colaborativo com fotografias, v\u00eddeos, textos e muito mais.<\/p>\n<h3>Como Funciona:<\/h3>\n<p><strong>Campanha de Recupera\u00e7\u00e3o de Mem\u00f3rias:<\/strong> Estamos lan\u00e7ando uma campanha especial para recuperar e arquivar o m\u00e1ximo de material poss\u00edvel das JORESP passadas. Se voc\u00ea participou ou esteve presente em algum dos eventos, pedimos que compartilhe suas mem\u00f3rias conosco!<\/p>\n<p><strong>Tipos de M\u00eddia:<\/strong> Aceitamos todos os tipos de m\u00eddia relacionados as JORESP:<\/p>\n<ul>\n<li style=\"list-style-type: none\">\n<ul>\n<li>Fotografias<\/li>\n<li>V\u00eddeos<\/li>\n<li>Textos e depoimentos<\/li>\n<li>Programas de eventos<\/li>\n<li>Cartazes e panfletos<\/li>\n<li>Qualquer outro material relevante<\/li>\n<\/ul>\n<\/li>\n<\/ul>\n<ul>\n<li style=\"list-style-type: none\">\n<ul>\n<li style=\"list-style-type: none\"><\/li>\n<\/ul>\n<\/li>\n<\/ul>\n<h3>Instru\u00e7\u00f5es para Upload:<\/h3>\n<p><strong>Selecione os Arquivos:<\/strong> Clique na edi\u00e7\u00e3o abaixo para abrir o formul\u00e1rio de <em>uploud<\/em> de arquivos<\/p>\n<ul>\n<li style=\"list-style-type: none\">\n<ul>\n<li style=\"list-style-type: none\">\n<ul>\n<li><a href=\"https:\/\/docs.google.com\/forms\/d\/e\/1FAIpQLSeXgc1BmmRMpEPnVM9wFpedPJDcPjK1AvbQy57z7cgfGcmPJA\/viewform\">JORESP 2008<\/a><\/li>\n<li><a href=\"https:\/\/docs.google.com\/forms\/d\/e\/1FAIpQLSfgsdbplbZBZviDvgOh_m6jdzp-0CKXOIWtFoTGmHYXHZhOkQ\/viewform\">JORESP 2010<\/a><\/li>\n<li><a href=\"https:\/\/docs.google.com\/forms\/d\/e\/1FAIpQLScdJUwZuSW1kd_Gv9tGEkQE0tOZY1EzX1n32j60bPdOI4MchA\/viewform\">JORESP 2012<\/a><\/li>\n<li><a href=\"https:\/\/docs.google.com\/forms\/d\/e\/1FAIpQLSfdn_-TLXEhMtOULoPsqwK-jaf2UEFF42Bz0iN6vSNQFqCy2w\/viewform\">JORESP 2014<\/a><\/li>\n<li><a href=\"https:\/\/docs.google.com\/forms\/d\/e\/1FAIpQLSf6CaUzegJPiRDOo7EIUsJh__Ue88v_I9d64VusvWpHMMdA0Q\/viewform\">JORESP 2016<\/a><\/li>\n<li><a href=\"https:\/\/docs.google.com\/forms\/d\/e\/1FAIpQLScdGZk3BIlGz6zXiZNnX9hbxXdyiAbOZ6BXTNFt_3PK5VgqQA\/viewform\">JORESP 2018<\/a><\/li>\n<li><a href=\"https:\/\/docs.google.com\/forms\/d\/e\/1FAIpQLScfzyIpDoXSAm9845Ea_HyGXfSzHCTwnNAnsyeX9_nQ0Rhr7w\/viewform\">JORESP 2024<\/a><\/li>\n<\/ul>\n<\/li>\n<\/ul>\n<\/li>\n<\/ul>\n<p><strong>Preencha os Detalhes:<\/strong>\u00a0 Forne\u00e7a algumas informa\u00e7\u00f5es adicionais:<\/p>\n<ul>\n<li style=\"list-style-type: none\">\n<ul>\n<li style=\"list-style-type: none\">\n<ul>\n<li style=\"list-style-type: none\">\n<ul>\n<li>Descri\u00e7\u00e3o breve do conte\u00fado (opcional)<\/li>\n<li>Seu nome (opcional)<\/li>\n<li>E-mail de contato (obrigat\u00f3rio)<\/li>\n<\/ul>\n<\/li>\n<\/ul>\n<\/li>\n<\/ul>\n<\/li>\n<\/ul>\n<p><strong>Carregue as m\u00eddias: <\/strong>\u00a0selecione os arquivos e insira-os no formul\u00e1rio.<\/p>\n<p><strong>Enviar:<\/strong> Clique em &#8216;Enviar&#8217; para concluir o upload.<\/p>\n<h3><\/h3>\n<h3>Galeria de Mem\u00f3rias:<\/h3>\n<p>Explore as galerias de cada ano para ver as contribui\u00e7\u00f5es enviadas por outros participantes. Reviva os momentos especiais das JORESP e veja como esses eventos evolu\u00edram ao longo dos anos.<\/p>\n<ul>\n<li><a href=\"https:\/\/drive.google.com\/drive\/folders\/1DPSoPho3SIsNsvkKQUsIEnSUkc-9-sfRSIFGlNdoPvwstv52yt7uRjecBZtMVbndreJl4H29?usp=sharing\">JORESP 2008<\/a><\/li>\n<li><a href=\"https:\/\/drive.google.com\/drive\/folders\/1t7jqYoGZPo1RPQNgELpTRGSMfHQWvpG88Tvpb2BE6ODKtY5j-jytxQRC5IazOSGlDIIXmrol?usp=sharing\">JORESP 2010<\/a><\/li>\n<li><a href=\"https:\/\/drive.google.com\/drive\/folders\/1AsbePQtDjns6ovMy8SDKnLLF6ulJC-MDbWAAAkLSwK7orx0i613HDskoAzC1zmjmpqplOQQi?usp=sharing\">JORESP 2012<\/a><\/li>\n<li><a href=\"https:\/\/drive.google.com\/drive\/folders\/13mD-LHgeteVpA4zGs5AJhjStvdLgRoxdy8Uz7v1ZYqRORXogBiiLnGSsZ7_3WPt9WxT2hy6Z?usp=sharing\">JORESP 2014<\/a><\/li>\n<li><a href=\"https:\/\/drive.google.com\/drive\/folders\/1r3iY8LpzxRnL6Cj6llWwhWJsLRAvT_BDjJGJss9GE66k_SQbnxGcuNur-zLtRIJldCarLHN8?usp=sharing\">JORESP 2016<\/a><\/li>\n<li><a href=\"https:\/\/drive.google.com\/drive\/folders\/10xtvMBgy5aaGXiir3KemlfGJLAPEQHfMz9OeBxj-bwIQbwEMCsByHqROfcqDNhWe51SD6mcU?usp=sharing\">JORESP 2018<\/a><\/li>\n<li><a href=\"https:\/\/drive.google.com\/drive\/folders\/1tVQuLWL61GdJxvv79GlBnaDbo3xbYKVnDklxwy0eSaYOYl0zr-K6KbYCsIEBIcmfPjzA7tTf?usp=sharing\">JORESP 2024<\/a><\/li>\n<\/ul>\n<h3>Participe e Contribua:<\/h3>\n<p>A sua participa\u00e7\u00e3o \u00e9 crucial para manter viva a mem\u00f3ria das JORESP. Ajude-nos a construir um arquivo rico e diversificado que possa ser apreciado por todos os amantes da hist\u00f3ria das JORESP. Cada contribui\u00e7\u00e3o \u00e9 valiosa!<\/p>\n","protected":false},"excerpt":{"rendered":"","protected":false},"author":11,"featured_media":0,"parent":783,"menu_order":0,"comment_status":"closed","ping_status":"closed","template":"","meta":{"footnotes":""},"class_list":["post-1323","page","type-page","status-publish","hentry"],"_links":{"self":[{"href":"https:\/\/eventos.uenp.edu.br\/joresp\/wp-json\/wp\/v2\/pages\/1323","targetHints":{"allow":["GET"]}}],"collection":[{"href":"https:\/\/eventos.uenp.edu.br\/joresp\/wp-json\/wp\/v2\/pages"}],"about":[{"href":"https:\/\/eventos.uenp.edu.br\/joresp\/wp-json\/wp\/v2\/types\/page"}],"author":[{"embeddable":true,"href":"https:\/\/eventos.uenp.edu.br\/joresp\/wp-json\/wp\/v2\/users\/11"}],"replies":[{"embeddable":true,"href":"https:\/\/eventos.uenp.edu.br\/joresp\/wp-json\/wp\/v2\/comments?post=1323"}],"version-history":[{"count":20,"href":"https:\/\/eventos.uenp.edu.br\/joresp\/wp-json\/wp\/v2\/pages\/1323\/revisions"}],"predecessor-version":[{"id":1421,"href":"https:\/\/eventos.uenp.edu.br\/joresp\/wp-json\/wp\/v2\/pages\/1323\/revisions\/1421"}],"up":[{"embeddable":true,"href":"https:\/\/eventos.uenp.edu.br\/joresp\/wp-json\/wp\/v2\/pages\/783"}],"wp:attachment":[{"href":"https:\/\/eventos.uenp.edu.br\/joresp\/wp-json\/wp\/v2\/media?parent=1323"}],"curies":[{"name":"wp","href":"https:\/\/api.w.org\/{rel}","templated":true}]}}