{"id":1316,"date":"2024-05-31T12:41:07","date_gmt":"2024-05-31T15:41:07","guid":{"rendered":"https:\/\/eventos.uenp.edu.br\/joresp\/?page_id=1316"},"modified":"2024-09-24T13:41:59","modified_gmt":"2024-09-24T16:41:59","slug":"ensalamento-das-oficinas","status":"publish","type":"page","link":"https:\/\/eventos.uenp.edu.br\/joresp\/vii-edicao\/ensalamento-das-oficinas\/","title":{"rendered":"Ensalamento das oficinas"},"content":{"rendered":"<p style=\"text-align: center\"><strong>OFICINA<\/strong><\/p>\n<p><strong>\u00a0<\/strong>As oficinas ocorrer\u00e3o no dia <strong>24\/09\/2024 e 26\/09\/2024, <\/strong>na modalidade <em>online<\/em>. \u00c9 de responsabilidade exclusiva do (as) apresentador (es\/as) dispor dos meios tecnol\u00f3gicos necess\u00e1rios \u00e0 apresenta\u00e7\u00e3o, garantindo a estabilidade da rede de internet, a c\u00e2mera e ilumina\u00e7\u00e3o adequada, bem como os conhecimentos pr\u00e9vios sobre a utiliza\u00e7\u00e3o da plataforma online.<\/p>\n<p>&nbsp;<\/p>\n<table style=\"width: 79.603%\">\n<tbody>\n<tr>\n<td style=\"width: 68px\" width=\"64\"><strong>Dia<\/strong><\/td>\n<td style=\"width: 115px\" width=\"98\"><strong>N\u00famero<\/strong><\/p>\n<p><strong>Participantes<\/strong><\/td>\n<td style=\"width: 79px\" width=\"65\"><strong>Hor\u00e1rio<\/strong><\/td>\n<td style=\"width: 104px\" width=\"100\"><strong>Formato<\/strong><\/td>\n<td style=\"width: 225px\" width=\"202\"><strong>Endere\u00e7o eletr\u00f4nico da sala<\/strong><\/td>\n<td style=\"width: 204px\" width=\"200\"><strong>T\u00edtulo<\/strong><\/td>\n<td style=\"width: 135px\" width=\"129\"><strong>Apresentadores<\/strong><\/td>\n<\/tr>\n<tr>\n<td style=\"width: 68px\" width=\"64\">24\/09<\/td>\n<td style=\"width: 115px\" width=\"98\">M\u00e1ximo 40<\/td>\n<td style=\"width: 79px\" width=\"65\">14 \u00e0s 15h<\/td>\n<td style=\"width: 104px\" width=\"100\">Online<\/td>\n<td style=\"width: 225px\" width=\"202\">https:\/\/meet.google.com\/nqd-vzbe-jvi<\/p>\n<p>&nbsp;<\/td>\n<td style=\"width: 204px\" width=\"200\">MUDAN\u00c7AS QUE TRANSFORMAM: O \u201cEU\u201d, \u201cVOC\u00ca\u201d, OS \u201cOUTROS\u201d E O \u201cTODOS N\u00d3S\u201d!<\/td>\n<td style=\"width: 135px\" width=\"129\">Gabrielle da Silva Rosa<\/td>\n<\/tr>\n<tr>\n<td style=\"width: 68px\" width=\"64\">26\/09<\/td>\n<td style=\"width: 115px\" width=\"98\">M\u00e1ximo 30<\/td>\n<td style=\"width: 79px\" width=\"65\">19h45min \u00e0s 21h<\/td>\n<td style=\"width: 104px\" width=\"100\">Online<\/td>\n<td style=\"width: 225px\" width=\"202\">https:\/\/meet.google.com\/qvn-uoiy-tng<\/td>\n<td style=\"width: 204px\" width=\"200\">SUBVERTENDO AS NORMAS DE G\u00caNERO: QUANTAS NIMONAS CABEM NA EDUCA\u00c7\u00c3O?<\/td>\n<td style=\"width: 135px\" width=\"129\">Carolina Romanazzi Freire; Andr\u00e9 Luiz Bernardo Storino<\/td>\n<\/tr>\n<tr>\n<td style=\"width: 68px\" width=\"64\">26\/09<\/td>\n<td style=\"width: 115px\" width=\"98\">M\u00e1ximo 40<\/td>\n<td style=\"width: 79px\" width=\"65\">21h \u00e0s 22h30min<\/td>\n<td style=\"width: 104px\" width=\"100\">Online<\/td>\n<td style=\"width: 225px\" width=\"202\">https:\/\/meet.google.com\/nmz-bpar-esr<\/p>\n<p>&nbsp;<\/td>\n<td style=\"width: 204px\" width=\"200\">HISTORICIDADE QUEER, VIV\u00caNCIA E LUTA DA COMUNIDADE LGBTQIAPN+ E SUAS CONQUISTAS, UM BATE PAPO SOBRE REALIDADE<\/td>\n<td style=\"width: 135px\" width=\"129\">Thiago Donizete<\/td>\n<\/tr>\n<\/tbody>\n<\/table>\n<p>&nbsp;<\/p>\n<p>Os trabalhos foram todos apreciados e avaliados por uma banca formada composta pelas professoras doutoras Bruna Diniz, Maria Cristina Simeoni, Priscila Caroza Frasson Costa, Geisa Orlandini e Mar\u00edlia Cort\u00eas de Ferraz e os professor doutores Ricardo Andr\u00e9 Ferreira Martins e Mateus Luiz Biancon<\/p>\n","protected":false},"excerpt":{"rendered":"","protected":false},"author":11,"featured_media":0,"parent":783,"menu_order":0,"comment_status":"closed","ping_status":"closed","template":"","meta":{"footnotes":""},"class_list":["post-1316","page","type-page","status-publish","hentry"],"_links":{"self":[{"href":"https:\/\/eventos.uenp.edu.br\/joresp\/wp-json\/wp\/v2\/pages\/1316","targetHints":{"allow":["GET"]}}],"collection":[{"href":"https:\/\/eventos.uenp.edu.br\/joresp\/wp-json\/wp\/v2\/pages"}],"about":[{"href":"https:\/\/eventos.uenp.edu.br\/joresp\/wp-json\/wp\/v2\/types\/page"}],"author":[{"embeddable":true,"href":"https:\/\/eventos.uenp.edu.br\/joresp\/wp-json\/wp\/v2\/users\/11"}],"replies":[{"embeddable":true,"href":"https:\/\/eventos.uenp.edu.br\/joresp\/wp-json\/wp\/v2\/comments?post=1316"}],"version-history":[{"count":5,"href":"https:\/\/eventos.uenp.edu.br\/joresp\/wp-json\/wp\/v2\/pages\/1316\/revisions"}],"predecessor-version":[{"id":1486,"href":"https:\/\/eventos.uenp.edu.br\/joresp\/wp-json\/wp\/v2\/pages\/1316\/revisions\/1486"}],"up":[{"embeddable":true,"href":"https:\/\/eventos.uenp.edu.br\/joresp\/wp-json\/wp\/v2\/pages\/783"}],"wp:attachment":[{"href":"https:\/\/eventos.uenp.edu.br\/joresp\/wp-json\/wp\/v2\/media?parent=1316"}],"curies":[{"name":"wp","href":"https:\/\/api.w.org\/{rel}","templated":true}]}}