{"id":1313,"date":"2024-05-31T12:36:46","date_gmt":"2024-05-31T15:36:46","guid":{"rendered":"https:\/\/eventos.uenp.edu.br\/joresp\/?page_id=1313"},"modified":"2024-09-23T11:57:42","modified_gmt":"2024-09-23T14:57:42","slug":"ensalamento-dos-paineis","status":"publish","type":"page","link":"https:\/\/eventos.uenp.edu.br\/joresp\/vii-edicao\/ensalamento-dos-paineis\/","title":{"rendered":"Ensalamento dos pain\u00e9is"},"content":{"rendered":"<p style=\"text-align: center\"><strong>APRESENTA\u00c7\u00c3O DOS RESUMOS \u2013 PAIN\u00c9IS<\/strong><\/p>\n<p>Os resumos ser\u00e3o apresentados na forma de Painel, de acordo com o modelo de estrutura dispon\u00edvel em <a href=\"https:\/\/eventos.uenp.edu.br\/joresp\/vii-edicao\/normas-submissao-de-resumo\/\">https:\/\/eventos.uenp.edu.br\/joresp\/vii-edicao\/normas-submissao-de-resumo\/<\/a>. No entanto, o modelo da estrutura de apresenta\u00e7\u00e3o do Resumo\/Painel que est\u00e1 dispon\u00edvel no site se encontra no formato <em>PowerPoint Open XML <\/em>Presentation (PPTX) e precisa ser convertido em imagen formato PNG para ser enviado para o e-mail <a href=\"mailto:joresp@uenp.edu.br\">joresp@uenp.edu.br<\/a>, com t\u00edtulo <strong><em>Apresenta\u00e7\u00e3o de Painel<\/em><\/strong>, no <strong>dia 20\/09\/24<\/strong>. A organiza\u00e7\u00e3o disponibilizar\u00e1 m\u00eddia para proje\u00e7\u00e3o dos pain\u00e9is.<\/p>\n<p>A exposi\u00e7\u00e3o ocorrer\u00e1 no dia de <strong>23 de setembro no per\u00edodo da tarde e noite<\/strong>, no Espa\u00e7o Cultural Prof. Isidoro Selonk (Cantina) do Centro de Ci\u00eancias Humanas e da Educa\u00e7\u00e3o (CCHE) e Centro de Letras, Comunica\u00e7\u00e3o e Artes (CLCA).<\/p>\n<p>A visita dos (as) avaliadores ocorrer\u00e1 no dia <strong>23\/09\/2024, segunda-feira, no per\u00edodo entre \u00e0s 14 e 15h<\/strong>, sendo obrigat\u00f3ria a presen\u00e7a do autor (a) principal neste momento. Durante os outros per\u00edodos, sugerimos que as (os) autoras (es) permane\u00e7am junto ao seu p\u00f4ster nos intervalos entre as atividades da programa\u00e7\u00e3o do evento, para que esclare\u00e7am eventuais d\u00favidas dos visitantes.<\/p>\n<p>&nbsp;<\/p>\n<p>&nbsp;<\/p>\n<table style=\"width: 99.8843%;height: 1584px\" width=\"951\">\n<tbody>\n<tr style=\"height: 72px\">\n<td style=\"width: 68.1562px;height: 72px\"><strong>N\u00famero<\/strong><\/td>\n<td style=\"width: 76.1719px;height: 72px\"><strong>Televisor<\/strong><\/td>\n<td style=\"width: 165.578px;height: 72px\"><strong>Eixo tem\u00e1tico<\/strong><\/td>\n<td style=\"width: 427.922px;height: 72px\"><strong>\u00a0\u00a0\u00a0\u00a0\u00a0\u00a0\u00a0\u00a0\u00a0\u00a0\u00a0\u00a0\u00a0\u00a0\u00a0\u00a0\u00a0\u00a0\u00a0\u00a0\u00a0\u00a0\u00a0\u00a0\u00a0\u00a0 T\u00edtulo do Trabalho\u00a0 \u00a0 \u00a0 \u00a0 \u00a0 \u00a0 \u00a0 \u00a0 \u00a0 \u00a0 \u00a0 \u00a0 \u00a0 \u00a0 \u00a0 \u00a0 \u00a0 \u00a0 \u00a0 \u00a0 \u00a0 \u00a0 \u00a0 \u00a0 \u00a0 \u00a0 \u00a0 \u00a0 \u00a0 \u00a0 \u00a0 \u00a0 \u00a0 \u00a0 \u00a0 \u00a0 \u00a0 \u00a0 \u00a0 \u00a0 \u00a0 \u00a0 \u00a0 \u00a0 \u00a0 \u00a0 \u00a0 \u00a0 \u00a0 \u00a0 \u00a0 \u00a0 \u00a0 \u00a0 \u00a0<\/strong><\/td>\n<td style=\"width: 179.172px;height: 72px\"><strong>Autor (a) principal<\/strong><\/td>\n<\/tr>\n<tr style=\"height: 120px\">\n<td style=\"width: 68.1562px;height: 120px\">1<\/td>\n<td style=\"width: 76.1719px;height: 120px\"><strong>1<\/strong><\/td>\n<td style=\"width: 165.578px;height: 120px\">Direitos Sexuais e Direito Antidiscriminat\u00f3rio<\/td>\n<td style=\"width: 427.922px;height: 120px\">A APLICABILIDADE DA LEI MARIA DA PENHA PARA MULHERES TRANSEXUAIS<\/p>\n<p><strong>\u00a0<\/strong><\/td>\n<td style=\"width: 179.172px;height: 120px\">Laissa De Oliveira Fonseca Esteves pansanato<\/td>\n<\/tr>\n<tr style=\"height: 144px\">\n<td style=\"width: 68.1562px;height: 144px\">2<\/td>\n<td style=\"width: 76.1719px;height: 144px\"><strong>1<\/strong><\/td>\n<td style=\"width: 165.578px;height: 144px\">Direitos Sexuais e Direito Antidiscriminat\u00f3rio<\/td>\n<td style=\"width: 427.922px;height: 144px\">DIREITOS SEXUAIS E REPRODUTIVOS DA MULHER: UM BREVE ESTUDO SOBRE O DIREITO AO ABORTO<\/p>\n<p><strong>\u00a0<\/strong><\/td>\n<td style=\"width: 179.172px;height: 144px\">Ana Julia Scudeler<\/td>\n<\/tr>\n<tr style=\"height: 120px\">\n<td style=\"width: 68.1562px;height: 120px\">3<\/td>\n<td style=\"width: 76.1719px;height: 120px\"><strong>1<\/strong><\/td>\n<td style=\"width: 165.578px;height: 120px\">Direitos Sexuais e Direito Antidiscriminat\u00f3rio<\/td>\n<td style=\"width: 427.922px;height: 120px\">ADOLESCENTES COMO SUJEITOS DE DIREITO DEMOCR\u00c1TICO DE SEXUALIDADE<\/p>\n<p><strong>\u00a0<\/strong><\/td>\n<td style=\"width: 179.172px;height: 120px\">Laura Candido De Lima<\/td>\n<\/tr>\n<tr style=\"height: 144px\">\n<td style=\"width: 68.1562px;height: 144px\">4<\/td>\n<td style=\"width: 76.1719px;height: 144px\"><strong>1<\/strong><\/td>\n<td style=\"width: 165.578px;height: 144px\">Diversidade Sexual<\/td>\n<td style=\"width: 427.922px;height: 144px\">A\u00c7\u00d5ES DE INCLUS\u00c3O E EQUIDADE PARA PESSOAS COM DEFICI\u00caNCIA: UM RELATO INICIAL<\/p>\n<p><strong>\u00a0<\/strong><\/td>\n<td style=\"width: 179.172px;height: 144px\">Lucas Gabriel Dedone de Freitas<\/td>\n<\/tr>\n<tr style=\"height: 120px\">\n<td style=\"width: 68.1562px;height: 120px\">5<\/td>\n<td style=\"width: 76.1719px;height: 120px\"><strong>2<\/strong><\/td>\n<td style=\"width: 165.578px;height: 120px\">Educa\u00e7\u00e3o em Sexualidades<\/td>\n<td style=\"width: 427.922px;height: 120px\">ATUA\u00c7\u00c3O DO NEDDIJ\/UENP NO COMBATE \u00c0 VIOL\u00caNCIA SEXUAL INFANTIL<\/p>\n<p><strong>\u00a0<\/strong><\/td>\n<td style=\"width: 179.172px;height: 120px\">Maria Clara da Silva Vieira<\/td>\n<\/tr>\n<tr style=\"height: 120px\">\n<td style=\"width: 68.1562px;height: 120px\">6<\/td>\n<td style=\"width: 76.1719px;height: 120px\"><strong>2<\/strong><\/td>\n<td style=\"width: 165.578px;height: 120px\">Educa\u00e7\u00e3o em Sexualidades<\/td>\n<td style=\"width: 427.922px;height: 120px\">EDUCA\u00c7\u00c3O SEXUAL E PROMO\u00c7\u00c3O DE SA\u00daDE EM ADOLESCENTES<\/p>\n<p><strong>\u00a0<\/strong><\/td>\n<td style=\"width: 179.172px;height: 120px\">Cristine Freire Faria Silva de Leon<\/td>\n<\/tr>\n<tr style=\"height: 120px\">\n<td style=\"width: 68.1562px;height: 120px\">7<\/td>\n<td style=\"width: 76.1719px;height: 120px\"><strong>2<\/strong><\/td>\n<td style=\"width: 165.578px;height: 120px\">G\u00eanero, Sexualidade e Sa\u00fade<\/td>\n<td style=\"width: 427.922px;height: 120px\">M\u00cdDIAS SOCIAIS COMO INSTRUMENTO DE EDUCA\u00c7\u00c3O EM SA\u00daDE NO PET<\/p>\n<p><strong>\u00a0<\/strong><\/td>\n<td style=\"width: 179.172px;height: 120px\">Let\u00edcia De Oliveira Marcelino<\/td>\n<\/tr>\n<tr style=\"height: 120px\">\n<td style=\"width: 68.1562px;height: 120px\">8<\/td>\n<td style=\"width: 76.1719px;height: 120px\"><strong>2<\/strong><\/td>\n<td style=\"width: 165.578px;height: 120px\">G\u00eanero, Sexualidade e Sa\u00fade<\/td>\n<td style=\"width: 427.922px;height: 120px\">PROJETO PET SA\u00daDE SOBRE RA\u00c7AS E ETNIAS NO BRASIL<\/p>\n<p>&nbsp;<\/td>\n<td style=\"width: 179.172px;height: 120px\">Gabriella Ribeiro Leite de Lima<\/td>\n<\/tr>\n<tr style=\"height: 72px\">\n<td style=\"width: 68.1562px;height: 72px\">9<\/td>\n<td style=\"width: 76.1719px;height: 72px\"><strong>3<\/strong><\/td>\n<td style=\"width: 165.578px;height: 72px\">G\u00eanero, Sexualidade e Sa\u00fade<\/td>\n<td style=\"width: 427.922px;height: 72px\">INTERSEC\u00c7\u00c3O ENTRE G\u00caNERO E SA\u00daDE NAS VIT\u00cdMAS DE VIOL\u00caNCIA SEXUAL ENTRE CRIAN\u00c7AS E ADOLESCENTES<\/td>\n<td style=\"width: 179.172px;height: 72px\">Mari Eduarda Alves da Silva<\/td>\n<\/tr>\n<tr style=\"height: 144px\">\n<td style=\"width: 68.1562px;height: 144px\">10<\/td>\n<td style=\"width: 76.1719px;height: 144px\"><strong>3<\/strong><\/td>\n<td style=\"width: 165.578px;height: 144px\">G\u00eanero, Sexualidade e Sa\u00fade<\/td>\n<td style=\"width: 427.922px;height: 144px\">ESTUDO PILOTO JUNTO AOS PROFISSIONAIS DE SA\u00daDE DO SUS DO MUNICIPIO DE JACARAREZINHO PR<\/p>\n<p>&nbsp;<\/td>\n<td style=\"width: 179.172px;height: 144px\">Gabriel Leopoldo E Silva Elias<\/td>\n<\/tr>\n<tr style=\"height: 120px\">\n<td style=\"width: 68.1562px;height: 120px\">11<\/td>\n<td style=\"width: 76.1719px;height: 120px\"><strong>3<\/strong><\/td>\n<td style=\"width: 165.578px;height: 120px\">G\u00eanero, Sexualidade e Sa\u00fade<\/td>\n<td style=\"width: 427.922px;height: 120px\">CASOS DE AIDS EM JACAREZINHO-PR: ESTUDO DESCRITIVO<\/p>\n<p>&nbsp;<\/td>\n<td style=\"width: 179.172px;height: 120px\">Jos\u00e9 Maria Barbosa<\/td>\n<\/tr>\n<tr style=\"height: 168px\">\n<td style=\"width: 68.1562px;height: 168px\">12<\/td>\n<td style=\"width: 76.1719px;height: 168px\"><strong>3<\/strong><\/td>\n<td style=\"width: 165.578px;height: 168px\">Pol\u00edticas P\u00fablicas e as Rela\u00e7\u00f5es de G\u00eanero e as Sexualidades<\/td>\n<td style=\"width: 427.922px;height: 168px\">DESAFIOS NA IMPLEMENTA\u00c7\u00c3O DE POL\u00cdTICAS DE COTAS PARA PESSOAS TRANSG\u00caNERO NA UNIVERSIDADE FEDERAL DE ROND\u00d4NIA<\/p>\n<p>&nbsp;<\/td>\n<td style=\"width: 179.172px;height: 168px\">Gabrielle da Silva Rosa<\/td>\n<\/tr>\n<tr>\n<td style=\"width: 68.1562px\">13<\/td>\n<td style=\"width: 76.1719px\"><strong>3<\/strong><\/td>\n<td style=\"width: 165.578px\">Pol\u00edticas P\u00fablicas e as Rela\u00e7\u00f5es de G\u00eanero e as Sexualidades<\/td>\n<td style=\"width: 427.922px\">PROMO\u00c7\u00c3O DA SA\u00daDE LGBTQPNIA+ EM JACAREZINHO: A\u00c7\u00d5ES PREVENTIVAS E DIREITOS HUMANOS<\/td>\n<td style=\"width: 179.172px\">Diego Souza Silva<\/td>\n<\/tr>\n<\/tbody>\n<\/table>\n<p><strong>\u00a0<\/strong><\/p>\n<p>&nbsp;<\/p>\n","protected":false},"excerpt":{"rendered":"","protected":false},"author":11,"featured_media":0,"parent":783,"menu_order":0,"comment_status":"closed","ping_status":"closed","template":"","meta":{"footnotes":""},"class_list":["post-1313","page","type-page","status-publish","hentry"],"_links":{"self":[{"href":"https:\/\/eventos.uenp.edu.br\/joresp\/wp-json\/wp\/v2\/pages\/1313","targetHints":{"allow":["GET"]}}],"collection":[{"href":"https:\/\/eventos.uenp.edu.br\/joresp\/wp-json\/wp\/v2\/pages"}],"about":[{"href":"https:\/\/eventos.uenp.edu.br\/joresp\/wp-json\/wp\/v2\/types\/page"}],"author":[{"embeddable":true,"href":"https:\/\/eventos.uenp.edu.br\/joresp\/wp-json\/wp\/v2\/users\/11"}],"replies":[{"embeddable":true,"href":"https:\/\/eventos.uenp.edu.br\/joresp\/wp-json\/wp\/v2\/comments?post=1313"}],"version-history":[{"count":7,"href":"https:\/\/eventos.uenp.edu.br\/joresp\/wp-json\/wp\/v2\/pages\/1313\/revisions"}],"predecessor-version":[{"id":1482,"href":"https:\/\/eventos.uenp.edu.br\/joresp\/wp-json\/wp\/v2\/pages\/1313\/revisions\/1482"}],"up":[{"embeddable":true,"href":"https:\/\/eventos.uenp.edu.br\/joresp\/wp-json\/wp\/v2\/pages\/783"}],"wp:attachment":[{"href":"https:\/\/eventos.uenp.edu.br\/joresp\/wp-json\/wp\/v2\/media?parent=1313"}],"curies":[{"name":"wp","href":"https:\/\/api.w.org\/{rel}","templated":true}]}}