{"id":1223,"date":"2023-12-13T11:37:17","date_gmt":"2023-12-13T14:37:17","guid":{"rendered":"https:\/\/eventos.uenp.edu.br\/joresp\/?page_id=1223"},"modified":"2025-12-08T08:10:41","modified_gmt":"2025-12-08T11:10:41","slug":"apresentacao","status":"publish","type":"page","link":"https:\/\/eventos.uenp.edu.br\/joresp\/vii-edicao\/apresentacao\/","title":{"rendered":"Apresenta\u00e7\u00e3o &#8211; JORESP"},"content":{"rendered":"<h2>A edi\u00e7\u00e3o atual da VIII JORESP e III CESC est\u00e1 em fase de elabora\u00e7\u00e3o e ser\u00e1 disponibilizada em breve nesta p\u00e1gina. Acompanhe nossas atualiza\u00e7\u00f5es!<\/h2>\n","protected":false},"excerpt":{"rendered":"","protected":false},"author":1,"featured_media":0,"parent":783,"menu_order":0,"comment_status":"closed","ping_status":"closed","template":"","meta":{"footnotes":""},"class_list":["post-1223","page","type-page","status-publish","hentry"],"_links":{"self":[{"href":"https:\/\/eventos.uenp.edu.br\/joresp\/wp-json\/wp\/v2\/pages\/1223","targetHints":{"allow":["GET"]}}],"collection":[{"href":"https:\/\/eventos.uenp.edu.br\/joresp\/wp-json\/wp\/v2\/pages"}],"about":[{"href":"https:\/\/eventos.uenp.edu.br\/joresp\/wp-json\/wp\/v2\/types\/page"}],"author":[{"embeddable":true,"href":"https:\/\/eventos.uenp.edu.br\/joresp\/wp-json\/wp\/v2\/users\/1"}],"replies":[{"embeddable":true,"href":"https:\/\/eventos.uenp.edu.br\/joresp\/wp-json\/wp\/v2\/comments?post=1223"}],"version-history":[{"count":10,"href":"https:\/\/eventos.uenp.edu.br\/joresp\/wp-json\/wp\/v2\/pages\/1223\/revisions"}],"predecessor-version":[{"id":1547,"href":"https:\/\/eventos.uenp.edu.br\/joresp\/wp-json\/wp\/v2\/pages\/1223\/revisions\/1547"}],"up":[{"embeddable":true,"href":"https:\/\/eventos.uenp.edu.br\/joresp\/wp-json\/wp\/v2\/pages\/783"}],"wp:attachment":[{"href":"https:\/\/eventos.uenp.edu.br\/joresp\/wp-json\/wp\/v2\/media?parent=1223"}],"curies":[{"name":"wp","href":"https:\/\/api.w.org\/{rel}","templated":true}]}}