{"id":1193,"date":"2023-12-13T08:59:00","date_gmt":"2023-12-13T11:59:00","guid":{"rendered":"https:\/\/eventos.uenp.edu.br\/joresp\/?page_id=1193"},"modified":"2024-05-31T14:31:57","modified_gmt":"2024-05-31T17:31:57","slug":"apresentacao","status":"publish","type":"page","link":"https:\/\/eventos.uenp.edu.br\/joresp\/vi_edicao\/apresentacao\/","title":{"rendered":"Apresenta\u00e7\u00e3o JORESP 2018"},"content":{"rendered":"<p style=\"text-align: justify\">A JORESP \u00e9 um evento bianual promovido para o debate e discuss\u00f5es relacionados \u00e0 tem\u00e1tica g\u00eanero e sexualidade na educa\u00e7\u00e3o, bem como a apresenta\u00e7\u00e3o de trabalhos cient\u00edficos na \u00e1rea. Em sua primeira edi\u00e7\u00e3o, a JORESP de 2008, com a tem\u00e1tica \u201cDesmistificando tabus e preconceitos\u201d, abriu caminhos tanto para a comunidade acad\u00eamica quanto para toda a sociedade fazendo com que a UENP se tornasse refer\u00eancia sobre a tem\u00e1tica em todo o norte do Paran\u00e1.<\/p>\n<p style=\"text-align: justify\">Em sua segunda edi\u00e7\u00e3o, a JORESP, em 2010, com a tem\u00e1tica \u201cG\u00eanero e diversidade sexual na escola\u201d proporcionou a compreens\u00e3o das quest\u00f5es relacionadas ao ser homem e mulher, as rela\u00e7\u00f5es de g\u00eanero em nossa sociedade, o sexismo, a homofobia, temas inseridos em toda sociedade e de fundamental discuss\u00e3o em institui\u00e7\u00f5es que trabalham com a Educa\u00e7\u00e3o.<br \/>\nE na sua terceira edi\u00e7\u00e3o, a JORESP foi realizado junto com o I Col\u00f3quio Internacional de Sexualidades da UENP, recebendo o Professor El\u00e1dio Sebastian Heredero, da Universidad de Alcala, Madrid, Espanha, que apresentou a Caminhada da tem\u00e1tica g\u00eanero e sexualidade nas Pol\u00edticas P\u00fablicas Educacionais na Espanha.<\/p>\n<p style=\"text-align: justify\">Em 2014, foi realizada a quarta edi\u00e7\u00e3o de grande sucesso, afirmando quest\u00f5es necess\u00e1rias e mostrando a todas\/os que, sobre a vida sexual dos humanos existem direitos e pol\u00edticas p\u00fablicas fundamentais para uma vida sexual que proporcione sa\u00fade f\u00edsica, social e psicol\u00f3gica.<\/p>\n<p style=\"text-align: justify\">A IV edi\u00e7\u00e3o foi um sucesso que culminou com a vinda da Professora Patricia Karina Vergara S\u00e1nchez, da Universidad Aut\u00f3noma Metropolitana, M\u00e9xico. Em 2016, em sua quinta edi\u00e7\u00e3o, o tema esteve em torno das quest\u00f5es de sa\u00fade e as pol\u00edticas p\u00fablicas em rela\u00e7\u00e3o \u00e0 tem\u00e1tica g\u00eanero e as sexualidades.<\/p>\n<p style=\"text-align: justify\">Neste ano, a VI JORESP \u2013 Jornada Regional de Educa\u00e7\u00e3o Sexual do Paran\u00e1 &#8211; e I CESC &#8211; Congresso de Educa\u00e7\u00e3o em Sexualidades Cr\u00edtica, ser\u00e1 realizado no per\u00edodo entre os dias 21 e 25 de Setembro, com a tem\u00e1tica &#8220;O ATO EDUCATIVO COMO ATO POL\u00cdTICO E AS QUEST\u00d5ES DE G\u00caNERO E AS SEXUALIDADES: a plenitude humana condicionada \u00e0 supera\u00e7\u00e3o dos antagonismos sociais&#8221;.<\/p>\n","protected":false},"excerpt":{"rendered":"","protected":false},"author":1,"featured_media":0,"parent":1191,"menu_order":0,"comment_status":"closed","ping_status":"closed","template":"","meta":{"footnotes":""},"class_list":["post-1193","page","type-page","status-publish","hentry"],"_links":{"self":[{"href":"https:\/\/eventos.uenp.edu.br\/joresp\/wp-json\/wp\/v2\/pages\/1193","targetHints":{"allow":["GET"]}}],"collection":[{"href":"https:\/\/eventos.uenp.edu.br\/joresp\/wp-json\/wp\/v2\/pages"}],"about":[{"href":"https:\/\/eventos.uenp.edu.br\/joresp\/wp-json\/wp\/v2\/types\/page"}],"author":[{"embeddable":true,"href":"https:\/\/eventos.uenp.edu.br\/joresp\/wp-json\/wp\/v2\/users\/1"}],"replies":[{"embeddable":true,"href":"https:\/\/eventos.uenp.edu.br\/joresp\/wp-json\/wp\/v2\/comments?post=1193"}],"version-history":[{"count":6,"href":"https:\/\/eventos.uenp.edu.br\/joresp\/wp-json\/wp\/v2\/pages\/1193\/revisions"}],"predecessor-version":[{"id":1334,"href":"https:\/\/eventos.uenp.edu.br\/joresp\/wp-json\/wp\/v2\/pages\/1193\/revisions\/1334"}],"up":[{"embeddable":true,"href":"https:\/\/eventos.uenp.edu.br\/joresp\/wp-json\/wp\/v2\/pages\/1191"}],"wp:attachment":[{"href":"https:\/\/eventos.uenp.edu.br\/joresp\/wp-json\/wp\/v2\/media?parent=1193"}],"curies":[{"name":"wp","href":"https:\/\/api.w.org\/{rel}","templated":true}]}}