{"id":1140,"date":"2023-11-13T15:01:57","date_gmt":"2023-11-13T18:01:57","guid":{"rendered":"https:\/\/eventos.uenp.edu.br\/joresp\/?page_id=1140"},"modified":"2024-09-20T16:01:34","modified_gmt":"2024-09-20T19:01:34","slug":"ensalamento-das-comunicacoes","status":"publish","type":"page","link":"https:\/\/eventos.uenp.edu.br\/joresp\/vii-edicao\/ensalamento-das-comunicacoes\/","title":{"rendered":"Ensalamento das comunica\u00e7\u00f5es"},"content":{"rendered":"<p style=\"text-align: center\"><strong>APRESENTA\u00c7\u00c3O DOS ARTIGOS \u2013 COMUNICA\u00c7\u00d5ES ORAIS<\/strong><\/p>\n<p><strong>\u00a0<\/strong>As apresenta\u00e7\u00f5es dos artigos ocorrer\u00e3o na modalidade On-line no dia <strong>23\/09\/2016, entre 15 e 17h20min<\/strong>, conforme tabela abaixo. \u00c9 de responsabilidade exclusiva do (as) apresentador (es\/as) dispor dos meios tecnol\u00f3gicos necess\u00e1rios \u00e0 apresenta\u00e7\u00e3o, garantindo a estabilidade da rede de internet, a c\u00e2mera e ilumina\u00e7\u00e3o adequada, bem como os conhecimentos pr\u00e9vios sobre a utiliza\u00e7\u00e3o da plataforma online. Os (as) apresentadores (as) ter\u00e3o 15 minutos para conclu\u00edrem sua fala, seguidos de cinco (5) minutos de argui\u00e7\u00e3o pela banca composta pelas seguintes professoras\/pesquisadoras:<\/p>\n<p style=\"text-align: center\">Prof\u00aa. Dr\u00aa. Bruna Diniz<\/p>\n<p style=\"text-align: center\">Prof\u00aa. Dr\u00aa. Maria Cristina Simeoni<\/p>\n<p style=\"text-align: center\">Prof\u00aa. Dr\u00aa. Marina Marques de S\u00e1 Souza<\/p>\n<p style=\"text-align: center\">Prof\u00aa. Dr\u00aa. Priscila Caroza Frasson Costa<\/p>\n<p style=\"text-align: center\">Prof. Dr. Ricardo Andr\u00e9 Ferreira Martins<\/p>\n<p style=\"text-align: center\">Prof\u00aa. Dr\u00aa. Vanessa Campos Mariano Ruckstadter<\/p>\n<p><strong>\u00a0<\/strong><\/p>\n<p><strong>OBSERVA\u00c7\u00c3O: <\/strong>Aquelas (es) que n\u00e3o puderem apresentar no hor\u00e1rio definido poder\u00e3o apresentar no dia <strong>26\/09, \u00e0s 20h<\/strong>, <strong>na sala 25 do bloco 3. Para tanto, dever\u00e3o encaminhar solicita\u00e7\u00e3o para o e-mail: <a href=\"mailto:joresp@uenp.edu.br\">joresp@uenp.edu.br<\/a>. <\/strong><\/p>\n<p><strong>\u00a0<\/strong><\/p>\n<table style=\"width: 100%;height: 1792px\" width=\"100%\">\n<thead>\n<tr>\n<td style=\"width: 3%\" width=\"3%\"><strong>\u00a0<\/strong><\/td>\n<td style=\"width: 3%\" width=\"3%\"><strong>N\u00ba<\/strong><\/td>\n<td style=\"width: 8%\" width=\"8%\"><strong>Hor\u00e1rio<\/strong><\/td>\n<td style=\"width: 14%\" width=\"14%\"><strong>Endere\u00e7o eletr\u00f4nico da sala<\/strong><\/td>\n<td style=\"width: 14%\" width=\"14%\"><strong>Eixo tem\u00e1tico<\/strong><\/td>\n<td style=\"width: 40%\" width=\"40%\"><strong>T\u00edtulo<\/strong><\/td>\n<td style=\"width: 15%\" width=\"15%\"><strong>Autor (a) principal<\/strong><\/td>\n<\/tr>\n<\/thead>\n<tbody>\n<tr>\n<td style=\"width: 3%\" rowspan=\"7\" width=\"3%\">Sala 01<\/td>\n<td style=\"width: 3%\" width=\"3%\">01<\/td>\n<td style=\"width: 8%\" width=\"8%\">15h \u00e0s 15h15min<\/td>\n<td style=\"width: 14%\" rowspan=\"7\" width=\"14%\">&nbsp;<\/p>\n<p>&nbsp;<\/p>\n<p>&nbsp;<\/p>\n<p>&nbsp;<\/p>\n<p>&nbsp;<\/p>\n<p>https:\/\/meet.google.com\/pkj-qzmq-oth<\/p>\n<p><strong>\u00a0<\/strong><\/td>\n<td style=\"width: 14%\" width=\"14%\">Corpo, Erotismo e Sexualidade<\/td>\n<td style=\"width: 40%\" width=\"40%\">A EVOLU\u00c7\u00c3O DOS ESTERE\u00d3TIPOS NA MODA: UM ESTUDO SOBRE AS REPRESENTA\u00c7\u00d5ES DE CORPOS \u201cN\u00c3O CONVENCIONAIS\u201d E SEXUALIDADES EM COLE\u00c7\u00d5ES E DESFILES DE MODA<\/td>\n<td style=\"width: 15%\" width=\"15%\">Marcos Daniel da Silva Oliveira<\/td>\n<\/tr>\n<tr>\n<td style=\"width: 3%\" width=\"3%\">02<\/td>\n<td style=\"width: 8%\" width=\"8%\">15h20min \u00e0s 15h35min<\/td>\n<td style=\"width: 14%\" width=\"14%\">Corpo, Erotismo e Sexualidade<\/td>\n<td style=\"width: 40%\" width=\"40%\">POR ONDE ESCORRE O GOZO FEMININO: DERRELI\u00c7\u00c3O E SEXUALIDADE EM A OBSCENA SENHORA D<\/td>\n<td style=\"width: 15%\" width=\"15%\">Amanda Teixeira Faria<\/td>\n<\/tr>\n<tr>\n<td style=\"width: 3%\" width=\"3%\">03<\/td>\n<td style=\"width: 8%\" width=\"8%\">15h40min \u00e0s 15h55min<\/td>\n<td style=\"width: 14%\" width=\"14%\">Direitos Sexuais e Direito Antidiscriminat\u00f3rio<\/td>\n<td style=\"width: 40%\" width=\"40%\">PROJETO DE LEI 5.167\/2009 E A NECROPOL\u00cdTICA CONTRA A POPULA\u00c7\u00c3O LGBTQIAPN+<\/td>\n<td style=\"width: 15%\" width=\"15%\">Let\u00edcia Maire Silva Santos<\/td>\n<\/tr>\n<tr>\n<td style=\"width: 3%\" width=\"3%\">04<\/td>\n<td style=\"width: 8%\" width=\"8%\">16h \u00e0s 16h15min<\/td>\n<td style=\"width: 14%\" width=\"14%\">Direitos Sexuais e Direito Antidiscriminat\u00f3rio<\/td>\n<td style=\"width: 40%\" width=\"40%\">ESTADO E REPRODU\u00c7\u00c3O: QUAL \u00c9 O INTERESSE NO CORPO FEMININO?<\/td>\n<td style=\"width: 15%\" width=\"15%\">L\u00edvia Grasselli de Oliveira Gomes Otani<\/td>\n<\/tr>\n<tr>\n<td style=\"width: 3%\" width=\"3%\">05<\/td>\n<td style=\"width: 8%\" width=\"8%\">16h20min \u00e0s 16h35min<\/td>\n<td style=\"width: 14%\" width=\"14%\">Educa\u00e7\u00e3o em Sexualidades<\/td>\n<td style=\"width: 40%\" width=\"40%\">EDUCA\u00c7\u00c3O SEXUAL NO ENSINO FUNDAMENTAL ANOS INICIAIS: UMA REVIS\u00c3O SISTEM\u00c1TICA DE PRODUTOS EDUCACIONAIS<\/td>\n<td style=\"width: 15%\" width=\"15%\">Juliana Martinez Rodrigues<\/td>\n<\/tr>\n<tr>\n<td style=\"width: 3%\" width=\"3%\">06<\/td>\n<td style=\"width: 8%\" width=\"8%\">16h40min \u00e0s 16h55min<\/td>\n<td style=\"width: 14%\" width=\"14%\">Sexualidade, G\u00e9nero e Diversidade Sexual<\/td>\n<td style=\"width: 40%\" width=\"40%\">FALAS CISTEM\u00c1TICAS: A LINGUAGEM NEUTRA NUMA PERSPECTIVA DE N\u00c3O BINARIEDADE DE G\u00caNERO<\/td>\n<td style=\"width: 15%\" width=\"15%\">Izak Noah Cruz de Ara\u00fajo<\/td>\n<\/tr>\n<tr>\n<td style=\"width: 3%\" width=\"3%\">07<\/td>\n<td style=\"width: 8%\" width=\"8%\">17h \u00e0s 17h15min<\/td>\n<td style=\"width: 14%\" width=\"14%\">Pol\u00edticas P\u00fablicas e as Rela\u00e7\u00f5es de G\u00eanero e as Sexualidades<\/td>\n<td style=\"width: 40%\" width=\"40%\">A SA\u00daDE COLETIVA E ONGS LGBT NO BRASIL: CONQUISTAS DA ASSOCIA\u00c7\u00c3O NUBIA RAFAELA NOGUEIRA<\/td>\n<td style=\"width: 15%\" width=\"15%\">Diego Souza Silva<\/td>\n<\/tr>\n<tr>\n<td style=\"width: 3%\" rowspan=\"7\" width=\"3%\">Sala 02<\/td>\n<td style=\"width: 3%\" width=\"3%\">01<\/td>\n<td style=\"width: 8%\" width=\"8%\">15h \u00e0s 15h15min<\/td>\n<td style=\"width: 14%\" rowspan=\"7\" width=\"14%\">&nbsp;<\/p>\n<p>&nbsp;<\/p>\n<p>&nbsp;<\/p>\n<p>&nbsp;<\/p>\n<p>&nbsp;<\/p>\n<p>&nbsp;<\/p>\n<p>https:\/\/meet.google.com\/hzd-vjdi-jhg<\/p>\n<p><strong>\u00a0<\/strong><\/td>\n<td style=\"width: 14%\" width=\"14%\">Forma\u00e7\u00e3o Inicial e Cont\u00ednua de Professores: G\u00eanero e Sexualidade<\/td>\n<td style=\"width: 40%\" width=\"40%\">ENTRE TABUS E INCLUS\u00c3O: A EDUCA\u00c7\u00c3O SEXUAL NAS APAEs E O OLHAR DAS EDUCADORAS<\/td>\n<td style=\"width: 15%\" width=\"15%\">Marielle Dos Santos Gabriel<\/td>\n<\/tr>\n<tr>\n<td style=\"width: 3%\" width=\"3%\">02<\/td>\n<td style=\"width: 8%\" width=\"8%\">15h20min \u00e0s 15h35min<\/td>\n<td style=\"width: 14%\" width=\"14%\">Forma\u00e7\u00e3o Inicial e Cont\u00ednua de Professores: G\u00eanero e Sexualidade<\/td>\n<td style=\"width: 40%\" width=\"40%\">MODELOS DE FORMA\u00c7\u00c3O DE PROFESSORES DE CI\u00caNCIAS: UM OLHAR SOBRE A DIVERSIDADE SEXUAL<\/td>\n<td style=\"width: 15%\" width=\"15%\">Lu\u00edsa Vilas Boas Simirio<\/td>\n<\/tr>\n<tr>\n<td style=\"width: 3%\" width=\"3%\">03<\/td>\n<td style=\"width: 8%\" width=\"8%\">15h40min \u00e0s 15h55min<\/td>\n<td style=\"width: 14%\" width=\"14%\">Pol\u00edticas P\u00fablicas e as Rela\u00e7\u00f5es de G\u00eanero e as Sexualidades<\/td>\n<td style=\"width: 40%\" width=\"40%\">O PNLD LITER\u00c1RIO E AS RELA\u00c7\u00d5ES DE G\u00caNERO E SEXUALIDADES<\/td>\n<td style=\"width: 15%\" width=\"15%\">Felipe Miguel Da Silva Begrami<\/td>\n<\/tr>\n<tr>\n<td style=\"width: 3%\" width=\"3%\">04<\/td>\n<td style=\"width: 8%\" width=\"8%\">16h \u00e0s 16h15min<\/td>\n<td style=\"width: 14%\" width=\"14%\">G\u00eanero, Sexualidade e Luta de Classes<\/td>\n<td style=\"width: 40%\" width=\"40%\">DECOLONIZANDO O MUSEU: \u201cMALUNGUEIRAS\u201d NO MUSEU DE ARTE E CULTURA POPULAR DO NORTE DO PARAN\u00c1<\/td>\n<td style=\"width: 15%\" width=\"15%\">Ana Clara Ferreira<\/td>\n<\/tr>\n<tr>\n<td style=\"width: 3%\" width=\"3%\">05<\/td>\n<td style=\"width: 8%\" width=\"8%\">16h20min \u00e0s 16h35min<\/td>\n<td style=\"width: 14%\" width=\"14%\">G\u00eanero, Sexualidade e M\u00eddia<\/td>\n<td style=\"width: 40%\" width=\"40%\">A INFLU\u00caNCIA DA M\u00cdDIA NA CULTURA DE OBJETIFICA\u00c7\u00c3O DA MULHER BRASILEIRA: AN\u00c1LISE DAS VIOL\u00caNCIAS SOFRIDAS<\/td>\n<td style=\"width: 15%\" width=\"15%\">Ana J\u00falia Caldeira De Oliveira<\/td>\n<\/tr>\n<tr>\n<td style=\"width: 3%\" width=\"3%\">06<\/td>\n<td style=\"width: 8%\" width=\"8%\">16h40min \u00e0s 16h55min<\/td>\n<td style=\"width: 14%\" width=\"14%\">G\u00eanero, Sexualidade e Sa\u00fade<\/td>\n<td style=\"width: 40%\" width=\"40%\">PET SA\u00daDE: INCLUS\u00c3O E EQUIDADE NO AMBIENTE DE TRABALHO DO SUS<\/td>\n<td style=\"width: 15%\" width=\"15%\">Nat\u00e1lia Viana Isoldino<\/td>\n<\/tr>\n<tr>\n<td style=\"width: 3%\" width=\"3%\">07<\/td>\n<td style=\"width: 8%\" width=\"8%\">17 \u00e0s 17h15min<\/td>\n<td style=\"width: 14%\" width=\"14%\"><span style=\"font-size: 12pt\">G\u00eanero, Sexualidade e Luta de Classes<\/span><\/td>\n<td style=\"width: 40%\" width=\"40%\"><span style=\"font-size: 12pt\">DA DESCONST<\/span><span style=\"font-size: 12pt\">RU\u00c7\u00c3O \u00c0 DESARTICULA\u00c7\u00c3O: P\u00d3S-ESTRUTURALISMO E SUAS IMPLICA\u00c7\u00d5ES PARA O FEMINISMO<\/span><\/td>\n<td style=\"width: 15%\" width=\"15%\">Isabella D&#8217;Aquino<\/td>\n<\/tr>\n<\/tbody>\n<\/table>\n<p>&nbsp;<\/p>\n","protected":false},"excerpt":{"rendered":"","protected":false},"author":1,"featured_media":0,"parent":783,"menu_order":0,"comment_status":"closed","ping_status":"closed","template":"","meta":{"footnotes":""},"class_list":["post-1140","page","type-page","status-publish","hentry"],"_links":{"self":[{"href":"https:\/\/eventos.uenp.edu.br\/joresp\/wp-json\/wp\/v2\/pages\/1140","targetHints":{"allow":["GET"]}}],"collection":[{"href":"https:\/\/eventos.uenp.edu.br\/joresp\/wp-json\/wp\/v2\/pages"}],"about":[{"href":"https:\/\/eventos.uenp.edu.br\/joresp\/wp-json\/wp\/v2\/types\/page"}],"author":[{"embeddable":true,"href":"https:\/\/eventos.uenp.edu.br\/joresp\/wp-json\/wp\/v2\/users\/1"}],"replies":[{"embeddable":true,"href":"https:\/\/eventos.uenp.edu.br\/joresp\/wp-json\/wp\/v2\/comments?post=1140"}],"version-history":[{"count":7,"href":"https:\/\/eventos.uenp.edu.br\/joresp\/wp-json\/wp\/v2\/pages\/1140\/revisions"}],"predecessor-version":[{"id":1481,"href":"https:\/\/eventos.uenp.edu.br\/joresp\/wp-json\/wp\/v2\/pages\/1140\/revisions\/1481"}],"up":[{"embeddable":true,"href":"https:\/\/eventos.uenp.edu.br\/joresp\/wp-json\/wp\/v2\/pages\/783"}],"wp:attachment":[{"href":"https:\/\/eventos.uenp.edu.br\/joresp\/wp-json\/wp\/v2\/media?parent=1140"}],"curies":[{"name":"wp","href":"https:\/\/api.w.org\/{rel}","templated":true}]}}