{"id":1004,"date":"2023-11-08T23:32:05","date_gmt":"2023-11-09T02:32:05","guid":{"rendered":"https:\/\/eventos.uenp.edu.br\/joresp\/?page_id=1004"},"modified":"2024-09-17T17:12:36","modified_gmt":"2024-09-17T20:12:36","slug":"normas-de-publicacao","status":"publish","type":"page","link":"https:\/\/eventos.uenp.edu.br\/joresp\/vii-edicao\/normas-de-publicacao\/","title":{"rendered":"Normas de Publica\u00e7\u00e3o Artigo"},"content":{"rendered":"<p><strong>DATA LIMITE PARA ENTREGA DOS TRABALHOS COMPLETOS: 01\/09\/2024<\/strong><\/p>\n<p><strong>ARTIGO\/COMUNICA\u00c7\u00c3O ORAL<\/strong><\/p>\n<p><strong>\u00a0<\/strong><\/p>\n<p>O envio do artigo ser\u00e1 feito por meio do sistema eletr\u00f4nico da\u00a0<strong><a href=\"https:\/\/www.even3.com.br\/JORESP2024\">JORESP2024<\/a><\/strong>. O primeiro(a) autor(a) obrigatoriamente dever\u00e1 ser o(a) apresentador(a) do trabalho\u00a0 e dever\u00e1 indicar no sistema de submiss\u00e3o a data do dia\u00a0<strong>20\/09<\/strong>\u00a0(matutino) ou\u00a0<strong>24\/09<\/strong> (vespertino) para a apresenta\u00e7\u00e3o oral de forma presencial, ou <strong>23\/09\u00a0<\/strong>(vespertino) na forma online.<\/p>\n<p>Os artigos submetidos ser\u00e3o revisados e poder\u00e3o ser recusados caso n\u00e3o atendam \u00e0s normas, apresentem baixa qualidade cient\u00edfica, pesquisa sem resultados conclusivos, e\/ou falta de rela\u00e7\u00e3o com o eixo tem\u00e1tico proposto.<\/p>\n<p>Os artigos dever\u00e3o ser apresentados na forma de \u201cComunica\u00e7\u00e3o Oral\u201d que ser\u00e1 de quinze minutos.\u00a0 As apresenta\u00e7\u00f5es ocorrer\u00e3o de forma remota. Haver\u00e1 05 minutos para debate.<\/p>\n<p>A lista dos hor\u00e1rios das apresenta\u00e7\u00f5es ser\u00e1 disponibilizada na p\u00e1gina do evento at\u00e9 o dia <strong>15\u00a0de setembro de 2024<\/strong>.<\/p>\n<p>Os <strong>05<\/strong> melhores artigos, eleitos pelo Comit\u00ea Cient\u00edfico, ser\u00e3o convidados a integrar cap\u00edtulos do livro que ir\u00e1 sistematizar as a\u00e7\u00f5es do encontro.<\/p>\n<p>&nbsp;<\/p>\n<p><strong>1 ORIENTA\u00c7\u00d5ES GERAIS<\/strong><\/p>\n<p>&nbsp;<\/p>\n<p>1.1 O original do artigo aceito para apresenta\u00e7\u00e3o ser\u00e1 reproduzido em arquivo eletr\u00f4nico no formato PDF e publicado nos anais do evento no<em> site<\/em> da UENP. Tendo em vista a necessidade de uniformizar o aspecto gr\u00e1fico, todos os trabalhos dever\u00e3o ser elaborados nas normas descritas no item 2;<\/p>\n<p>1.2 N\u00e3o ser\u00e1 feito qualquer trabalho de edi\u00e7\u00e3o no texto submetido. O atendimento \u00e0s normas \u00e9 de responsabilidade das(os) proponentes, bem como o conte\u00fado, os aspectos \u00e9ticos e os poss\u00edveis conflitos de interesse.<\/p>\n<p>&nbsp;<\/p>\n<p><strong>2 FORMATA\u00c7\u00c3O DO ARTIGO<\/strong><\/p>\n<p><strong>\u00a0<\/strong><\/p>\n<p>2.1 O texto dever\u00e1 ser apresentado em formato\u00a0<em>Word<\/em>, vers\u00e3o 2010 ou superior, com extens\u00e3o de no m\u00e1ximo dez p\u00e1ginas e dever\u00e1 seguir as seguintes orienta\u00e7\u00f5es:<\/p>\n<ul>\n<li>folha tamanho A4;<\/li>\n<li>margens superior e esquerda de 3 cm, margens direita e inferior de 2 cm;<\/li>\n<li>fonte\u00a0<em>Times New Roman<\/em>, tamanho 12, espa\u00e7amento entrelinhas de 1,5 cm;<\/li>\n<li>alinhamento justificado;<\/li>\n<li>paragrafo de 1,25 cm;<\/li>\n<li>rodap\u00e9 de 1,25 cm;<\/li>\n<li>espa\u00e7amento \u201cantes\u201d e \u201cdepois\u201d de 0 pt para ambos;<\/li>\n<li>no resumo e nas refer\u00eancias utilizar entrelinhas simples e seguir as orienta\u00e7\u00f5es de composi\u00e7\u00e3o da ABNT NBR 6028 (2021) e 6023 (2018), respectivamente.<\/li>\n<\/ul>\n<p>&nbsp;<\/p>\n<p><strong>3 ORGANIZA\u00c7\u00c3O DO DOCUMENTO<\/strong><\/p>\n<p><strong>\u00a0<\/strong><\/p>\n<p>O conte\u00fado do artigo dever\u00e1 ser organizado com a seguinte sequ\u00eancia:<\/p>\n<p>3.1 <strong>T\u00edtulo do artigo:<\/strong> m\u00e1ximo de 15 palavras, grafado em caixa alta, centralizado e em negrito;<\/p>\n<p>3.2 <strong>Autor\/a(es\/as)<\/strong>: no m\u00e1ximo cinco autores(as). Somente as primeiras letras do Sobrenome, Pr\u00e9-nome e Nome em caixa alta. Dois espa\u00e7os simples abaixo do t\u00edtulo, alinhados \u00e0 direita.<\/p>\n<p>3.3<strong> Titula\u00e7\u00e3o e Institui\u00e7\u00e3o de origem:<\/strong> logo abaixo do nome do(a) autor(a), alinhados \u00e0 direita;<\/p>\n<p>3.4<strong> Eixo tem\u00e1tico:<\/strong> dois espa\u00e7os simples abaixo do nome do(a) autor(a), centralizado, caixa alta e em negrito;<\/p>\n<p>3.4.1 Forma\u00e7\u00e3o Inicial e Cont\u00ednua de Professores: G\u00eanero e Sexualidade<\/p>\n<p>3.4.2 Educa\u00e7\u00e3o em Sexualidades<\/p>\n<p>3.4.3 Pol\u00edticas P\u00fablicas e as Rela\u00e7\u00f5es de G\u00eanero e as Sexualidades<\/p>\n<p>3.4.4 G\u00eanero, Sexualidade e Luta de Classes<\/p>\n<p>3.4.5 G\u00eanero, Tecnologia e Ambiente<\/p>\n<p>3.4.6 G\u00eanero, Sexualidade e M\u00eddia<\/p>\n<p>3.4.7 G\u00eanero, Sexualidade e Sa\u00fade<\/p>\n<p>3.4.8 Direitos Sexuais e Direito Antidiscriminat\u00f3rio<\/p>\n<p>3.4.9 Diversidade Sexual<\/p>\n<p>3.4.10 Adminstra\u00e7\u00e3o, Gest\u00e3o P\u00fablica e Privada: G\u00eanero e Sexualidade<\/p>\n<p>3.5<strong> Resumo: <\/strong>a palavra Resumo dever\u00e1 ser grafada em caixa alta, negrito, alinhada \u00e0 esquerda. O resumo dever\u00e1 conter no m\u00e1ximo 250 palavras, redigidas em par\u00e1grafo \u00fanico, sem recuo, com espa\u00e7amento entrelinhas simples, somente na l\u00edngua portuguesa e apresentar: introdu\u00e7\u00e3o, objetivos, metodologia, resultados e discuss\u00e3o e conclus\u00e3o. Apresentar, logo abaixo do resumo, no m\u00ednimo tr\u00eas e no m\u00e1ximo cinco palavras-chave com iniciais em letra min\u00fascula e separadas por ponto e v\u00edrgula.<\/p>\n<p>3.6<strong> Introdu\u00e7\u00e3o: <\/strong>A palavra Introdu\u00e7\u00e3o dever\u00e1 ser grafada em caixa alta, negrito, alinhada \u00e0 esquerda. Dever\u00e1 conter o estado atual da arte em que se encontra a tem\u00e1tica e quais os problemas e hip\u00f3teses. No \u00faltimo par\u00e1grafo da introdu\u00e7\u00e3o, apresentar quais os objetivos do trabalho.<\/p>\n<p>3.7<strong> Metodologia<\/strong>: A palavra dever\u00e1 ser grafada em caixa alta e negrito, alinhada \u00e0 esquerda.<\/p>\n<p>3.8<strong> Resultados e Discuss\u00e3o: <\/strong>Descri\u00e7\u00e3o panor\u00e2mica dos dados levantados para propiciar a percep\u00e7\u00e3o adequada e completa dos resultados obtidos de forma clara e precisa, sem interpreta\u00e7\u00f5es pessoais. Ser\u00e3o aceitas no m\u00e1ximo tr\u00eas ilustra\u00e7\u00f5es, que dever\u00e3o obedecer \u00e0s normas da Associa\u00e7\u00e3o Brasileira de Normas T\u00e9cnicas (ABNT).<\/p>\n<p>3.9<strong> Conclus\u00e3o: <\/strong>Resumir, apontar e refor\u00e7ar as ideias principais e as contribui\u00e7\u00f5es proporcionadas pelo trabalho, fundamentadas nos objetivos que foram apresentados.<\/p>\n<p>3.10<strong> Refer\u00eancias: <\/strong>A palavra Refer\u00eancias dever\u00e1 ser grafada em caixa alta, negrito, alinhada \u00e0 esquerda. As refer\u00eancias bibliogr\u00e1ficas e cita\u00e7\u00f5es devem seguir as orienta\u00e7\u00f5es de composi\u00e7\u00e3o do modelo de refer\u00eancias baseados na norma ABNT NBR 6023 de 2018 e cita\u00e7\u00f5es baseadas na NBR 10520 de 2023 da Associa\u00e7\u00e3o Brasileira de Normas T\u00e9cnicas (ABNT), respectivamente.<\/p>\n<p><strong>\u00a0<\/strong><\/p>\n<p><strong>4 ESTRUTURA DO ARTIGO<\/strong><\/p>\n<p><strong>\u00a0<\/strong><\/p>\n<p><strong>Baixe aqui: <a href=\"https:\/\/eventos.uenp.edu.br\/joresp\/wp-content\/uploads\/sites\/11\/2024\/07\/MODELO-ARTIGO-JORESP-2024.docx\">MODELO-ARTIGO-JORESP-2024<\/a><\/strong><\/p>\n<p><strong>\u00a0<\/strong><\/p>\n<p><strong>5 ORIENTA\u00c7\u00d5ES PARA A APRESENTA\u00c7\u00c3O ORAL<\/strong><\/p>\n<p>5.1 O(a) autor(a) respons\u00e1vel por apresentar o trabalho dever\u00e1 comparecer a sua sala de apresenta\u00e7\u00e3o, ao menos 30 min antes do seu hor\u00e1rio de apresenta\u00e7\u00e3o. Para uniformizar as apresenta\u00e7\u00f5es, elaborar no <em>Programa Microsoft Power Point, <\/em>vers\u00e3o 2016 ou superior.<br \/>\n5.2 O(a) autor(a) respons\u00e1vel por apresentar o trabalho, dever\u00e1 estar no local de sua apresenta\u00e7\u00e3o, rigorosamente, no hor\u00e1rio programado. Sua aus\u00eancia no hor\u00e1rio programado pela Comiss\u00e3o Cient\u00edfica implicar\u00e1 na perda do direito da apresenta\u00e7\u00e3o e da emiss\u00e3o de seu certificado.<\/p>\n<p>5.3 A Comiss\u00e3o Organizadora disponibilizar\u00e1 salas online para apresenta\u00e7\u00e3o do trabalho. Outros recursos audiovisuais s\u00e3o de responsabilidade do(a) apresentador(a).<\/p>\n<p>5.4 A lista dos hor\u00e1rios das apresenta\u00e7\u00f5es ser\u00e1 disponibilizada no site da UENP at\u00e9 o dia <strong>15\u00a0de setembro de 2024<\/strong>.<\/p>\n<p>5.5 O <em>template<\/em> para apresenta\u00e7\u00e3o est\u00e1 dispon\u00edvel: <a href=\"https:\/\/eventos.uenp.edu.br\/joresp\/wp-content\/uploads\/sites\/11\/2024\/07\/Modelo-Apresentacao-Joresp-2024.pptx\">Modelo Apresenta\u00e7\u00e3o Joresp 2024<\/a><\/p>\n","protected":false},"excerpt":{"rendered":"","protected":false},"author":1,"featured_media":0,"parent":783,"menu_order":0,"comment_status":"closed","ping_status":"closed","template":"","meta":{"footnotes":""},"class_list":["post-1004","page","type-page","status-publish","hentry"],"_links":{"self":[{"href":"https:\/\/eventos.uenp.edu.br\/joresp\/wp-json\/wp\/v2\/pages\/1004","targetHints":{"allow":["GET"]}}],"collection":[{"href":"https:\/\/eventos.uenp.edu.br\/joresp\/wp-json\/wp\/v2\/pages"}],"about":[{"href":"https:\/\/eventos.uenp.edu.br\/joresp\/wp-json\/wp\/v2\/types\/page"}],"author":[{"embeddable":true,"href":"https:\/\/eventos.uenp.edu.br\/joresp\/wp-json\/wp\/v2\/users\/1"}],"replies":[{"embeddable":true,"href":"https:\/\/eventos.uenp.edu.br\/joresp\/wp-json\/wp\/v2\/comments?post=1004"}],"version-history":[{"count":23,"href":"https:\/\/eventos.uenp.edu.br\/joresp\/wp-json\/wp\/v2\/pages\/1004\/revisions"}],"predecessor-version":[{"id":1473,"href":"https:\/\/eventos.uenp.edu.br\/joresp\/wp-json\/wp\/v2\/pages\/1004\/revisions\/1473"}],"up":[{"embeddable":true,"href":"https:\/\/eventos.uenp.edu.br\/joresp\/wp-json\/wp\/v2\/pages\/783"}],"wp:attachment":[{"href":"https:\/\/eventos.uenp.edu.br\/joresp\/wp-json\/wp\/v2\/media?parent=1004"}],"curies":[{"name":"wp","href":"https:\/\/api.w.org\/{rel}","templated":true}]}}