{"id":898,"date":"2023-11-08T09:23:05","date_gmt":"2023-11-08T12:23:05","guid":{"rendered":"https:\/\/eventos.uenp.edu.br\/jehuenp\/?page_id=898"},"modified":"2025-05-13T16:36:50","modified_gmt":"2025-05-13T19:36:50","slug":"home","status":"publish","type":"page","link":"https:\/\/eventos.uenp.edu.br\/jehuenp\/","title":{"rendered":"SOBRE"},"content":{"rendered":"<p style=\"text-align: justify\"><span style=\"font-weight: 400\">A Jornada do Ensino de Hist\u00f3ria \u00e9 um evento bienal j\u00e1 consolidado no curso de Hist\u00f3ria da Universidade Estadual do Norte do Paran\u00e1 (UENP). Em 2025, o evento prop\u00f5e fomentar a reflex\u00e3o sobre a educa\u00e7\u00e3o das rela\u00e7\u00f5es \u00e9tnico-raciais, trazendo \u00e0 tona uma pauta que, al\u00e9m de ser respaldada por marcos legais (Leis 10.639\/2003 e 11.645\/2008), representa uma demanda hist\u00f3rica dos movimentos negros e ind\u00edgenas brasileiros.<\/span><\/p>\n<p style=\"text-align: justify\"><span style=\"font-weight: 400\">Em sintonia a tais diretrizes, a Jornada pretende discutir os desafios da implementa\u00e7\u00e3o de uma educa\u00e7\u00e3o antirracista e decolonial. As discuss\u00f5es abordar\u00e3o temas como o racismo epist\u00eamico, a invisibiliza\u00e7\u00e3o de saberes africanos, afro-brasileiros e ind\u00edgenas nos curr\u00edculos escolares, e o papel das escolas e universidades na constru\u00e7\u00e3o de uma sociedade mais justa e plural.<\/span><\/p>\n<p style=\"text-align: justify\"><span style=\"font-weight: 400\">O evento tamb\u00e9m reafirma o compromisso da universidade com as a\u00e7\u00f5es afirmativas e com mecanismos de enfrentamento aos revisionismos e negacionismos da ordem presente. A programa\u00e7\u00e3o inclui debates, oficinas e confer\u00eancias que refletem sobre teorias e metodologias do ensino-aprendizagem na perspectiva da pr\u00e1xis, almejando uma educa\u00e7\u00e3o verdadeiramente compromissada com a diversidade, que compreende o protagonismo afro-brasileiro e ind\u00edgena no \u00e2mbito das pluralidades hist\u00f3ricas.<\/span><\/p>\n<p style=\"text-align: justify\"><span style=\"font-weight: 400\">Voltada a estudantes, docentes, pesquisadores\/as e educadores\/as da Educa\u00e7\u00e3o B\u00e1sica, a Jornada de 2025 ser\u00e1 um espa\u00e7o de forma\u00e7\u00e3o, resist\u00eancia e di\u00e1logo com a sociedade, reafirmando a import\u00e2ncia de uma educa\u00e7\u00e3o hist\u00f3rica emancipat\u00f3ria, pluriepist\u00eamica e comprometida com a justi\u00e7a social.<\/span><\/p>\n","protected":false},"excerpt":{"rendered":"","protected":false},"author":1,"featured_media":0,"parent":0,"menu_order":0,"comment_status":"closed","ping_status":"closed","template":"","meta":{"footnotes":""},"class_list":["post-898","page","type-page","status-publish","hentry"],"_links":{"self":[{"href":"https:\/\/eventos.uenp.edu.br\/jehuenp\/wp-json\/wp\/v2\/pages\/898","targetHints":{"allow":["GET"]}}],"collection":[{"href":"https:\/\/eventos.uenp.edu.br\/jehuenp\/wp-json\/wp\/v2\/pages"}],"about":[{"href":"https:\/\/eventos.uenp.edu.br\/jehuenp\/wp-json\/wp\/v2\/types\/page"}],"author":[{"embeddable":true,"href":"https:\/\/eventos.uenp.edu.br\/jehuenp\/wp-json\/wp\/v2\/users\/1"}],"replies":[{"embeddable":true,"href":"https:\/\/eventos.uenp.edu.br\/jehuenp\/wp-json\/wp\/v2\/comments?post=898"}],"version-history":[{"count":11,"href":"https:\/\/eventos.uenp.edu.br\/jehuenp\/wp-json\/wp\/v2\/pages\/898\/revisions"}],"predecessor-version":[{"id":1390,"href":"https:\/\/eventos.uenp.edu.br\/jehuenp\/wp-json\/wp\/v2\/pages\/898\/revisions\/1390"}],"wp:attachment":[{"href":"https:\/\/eventos.uenp.edu.br\/jehuenp\/wp-json\/wp\/v2\/media?parent=898"}],"curies":[{"name":"wp","href":"https:\/\/api.w.org\/{rel}","templated":true}]}}