{"id":789,"date":"2023-11-07T10:00:36","date_gmt":"2023-11-07T13:00:36","guid":{"rendered":"https:\/\/eventos.uenp.edu.br\/jehuenp\/?page_id=789"},"modified":"2025-06-16T09:17:55","modified_gmt":"2025-06-16T12:17:55","slug":"inscricoes","status":"publish","type":"page","link":"https:\/\/eventos.uenp.edu.br\/jehuenp\/inscricoes\/","title":{"rendered":"INSCRI\u00c7\u00d5ES"},"content":{"rendered":"<table style=\"border-collapse: collapse;width: 100%;height: 160px\">\n<tbody>\n<tr style=\"height: 160px\">\n<td style=\"width: 100%;border-color: #000000;border-style: solid;height: 160px\"><span style=\"font-family: arial, helvetica, sans-serif;font-size: 12pt;color: #ff0000\"><strong>INSCRI\u00c7\u00d5ES ENCERRADAS!<\/strong><\/span><\/p>\n<p><span style=\"font-family: arial, helvetica, sans-serif;font-size: 12pt\"><strong>ATEN\u00c7\u00c3O, PESQUISADORES(AS)!\u00a0<\/strong><\/span><\/p>\n<p><span style=\"font-family: arial, helvetica, sans-serif;font-size: 12pt\">A XVI JORNADA DE ENSINO DE HIST\u00d3RIA: EDUCAR PARA AS RELA\u00c7\u00d5ES \u00c9TNICO-RACIAIS NO S\u00c9CULO XXI est\u00e1 com prazo AMPLIADO para submiss\u00e3o de <strong>Simp\u00f3sios Tem\u00e1ticos (STs)!\u00a0<\/strong><\/span><\/p>\n<ul style=\"list-style-type: circle\">\n<li><span style=\"font-family: arial, helvetica, sans-serif;font-size: 12pt\">Nova data limite: 27 de maio<\/span><\/li>\n<li><span style=\"font-family: arial, helvetica, sans-serif;font-size: 12pt\">Modalidade virtual confirmada para as atividades dos STs \u2013 mais flexibilidade e inclus\u00e3o!<\/span><\/li>\n<\/ul>\n<p><span style=\"font-family: arial, helvetica, sans-serif;font-size: 12pt\">N\u00e3o perca a chance de debater temas urgentes e construir conhecimentos coletivos sobre educa\u00e7\u00e3o antirracista e decolonial. Submeta sua proposta e fa\u00e7a parte deste importante di\u00e1logo!<\/span><\/p>\n<p><span style=\"font-family: arial, helvetica, sans-serif;font-size: 12pt\"><a href=\"https:\/\/docs.google.com\/forms\/d\/e\/1FAIpQLSfEiLAAz5_Xt8a5WrHWqboe01P-WtYkp-nPr36ntDtD7QPuSA\/viewform\"><strong>INSCREVA-SE AQUI<\/strong><\/a><\/span><\/p>\n<p><span style=\"font-family: arial, helvetica, sans-serif;font-size: 12pt\"><a href=\"https:\/\/onedrive.live.com\/personal\/380e0f826c7b4ac9\/_layouts\/15\/Doc.aspx?sourcedoc=%7B3ebadd50-8d23-412f-8c4f-cc91472b9c5c%7D&amp;action=default&amp;redeem=aHR0cHM6Ly8xZHJ2Lm1zL3cvYy8zODBlMGY4MjZjN2I0YWM5L0VWRGR1ajRqalM5QmpFX01rVWNybkZ3QlNqNFVWUWdhNkZpMTJHNkNOZFNYanc&amp;slrid=00000000-0000-0000-0000-000000000000&amp;originalPath=aHR0cHM6Ly8xZHJ2Lm1zL3cvYy8zODBlMGY4MjZjN2I0YWM5L0VWRGR1ajRqalM5QmpFX01rVWNybkZ3QlNqNFVWUWdhNkZpMTJHNkNOZFNYanc_cnRpbWU9UG5rdS1ZNlkzVWc&amp;CID=2b407b6f-ac4e-4d14-8a86-8f564f6b7495&amp;_SRM=0:G:30\"><strong>TEMPLATE DO SIMP\u00d3SIO TEM\u00c1TICO<\/strong><\/a><\/span><\/p>\n<p><span style=\"font-family: arial, helvetica, sans-serif;font-size: 12pt\">D\u00favidas? Entre em contato: <a href=\"mailto:colegiadohistoria.cj@uenp.edu.br\"><strong>colegiadohistoria.cj@uenp.edu.br<\/strong><\/a><\/span><\/p>\n<p><span style=\"font-family: arial, helvetica, sans-serif;font-size: 12pt\"><em>*Caso o Simp\u00f3sio Tem\u00e1tico selecionado n\u00e3o atinja o n\u00famero de quatro inscri\u00e7\u00f5es, o trabalho ser\u00e1 remanejado para outro Simp\u00f3sio Tem\u00e1tico.<\/em><\/span><\/td>\n<\/tr>\n<\/tbody>\n<\/table>\n<table style=\"border-collapse: collapse;width: 100%;height: 160px\">\n<tbody>\n<tr style=\"height: 160px\">\n<td style=\"width: 100%;border-color: #000000;border-style: solid;height: 160px\"><span style=\"font-family: arial, helvetica, sans-serif;font-size: 12pt;color: #ff0000\"><strong>INSCRI\u00c7\u00d5ES ENCERRADAS!<\/strong><\/span><\/p>\n<p style=\"text-align: justify\"><span style=\"font-family: arial, helvetica, sans-serif;font-size: 12pt;color: #000000\">PARA APRESENTA\u00c7\u00d5ES DE TRABALHO, PARTICIPA\u00c7\u00d5ES EM MINICURSOS E COMO OUVINTES:<\/span><\/p>\n<p><span style=\"font-family: arial, helvetica, sans-serif;color: #000000\"><strong>Per\u00edodo:<\/strong> De 28 de Maio a 10 de Junho de 2025.<\/span><br \/>\n<span style=\"font-family: arial, helvetica, sans-serif;color: #000000\"><strong>Formato:<\/strong> Submiss\u00e3o inicial de resumo simples via Google Forms.<\/span><\/p>\n<p><span style=\"font-family: arial, helvetica, sans-serif;font-size: 12pt\"><strong><a href=\"https:\/\/docs.google.com\/forms\/d\/e\/1FAIpQLSdKmnSYRc9P-XPZS2b5DoUp_UBXMz3DWf2C9YdF2esJHqKIvw\/viewform?usp=sharing&amp;ouid=117997791235677460899\" target=\"_blank\" rel=\"noopener\">INSCREVA-SE AQUI<\/a><\/strong><\/span><\/p>\n<p><a href=\"https:\/\/eventos.uenp.edu.br\/jehuenp\/normas-para-publicacao\/\"><span style=\"color: #000000\"><strong><b><button style=\"font-family: arial, helvetica, sans-serif;font-size: 12pt;color: #00ccff\">NORMAS PARA SUBMISS\u00c3O DE TRABALHOS<\/button><\/b><\/strong><\/span><\/a><\/td>\n<\/tr>\n<\/tbody>\n<\/table>\n<p style=\"text-align: justify\">\n","protected":false},"excerpt":{"rendered":"","protected":false},"author":1,"featured_media":0,"parent":0,"menu_order":0,"comment_status":"closed","ping_status":"closed","template":"","meta":{"footnotes":""},"class_list":["post-789","page","type-page","status-publish","hentry"],"_links":{"self":[{"href":"https:\/\/eventos.uenp.edu.br\/jehuenp\/wp-json\/wp\/v2\/pages\/789","targetHints":{"allow":["GET"]}}],"collection":[{"href":"https:\/\/eventos.uenp.edu.br\/jehuenp\/wp-json\/wp\/v2\/pages"}],"about":[{"href":"https:\/\/eventos.uenp.edu.br\/jehuenp\/wp-json\/wp\/v2\/types\/page"}],"author":[{"embeddable":true,"href":"https:\/\/eventos.uenp.edu.br\/jehuenp\/wp-json\/wp\/v2\/users\/1"}],"replies":[{"embeddable":true,"href":"https:\/\/eventos.uenp.edu.br\/jehuenp\/wp-json\/wp\/v2\/comments?post=789"}],"version-history":[{"count":76,"href":"https:\/\/eventos.uenp.edu.br\/jehuenp\/wp-json\/wp\/v2\/pages\/789\/revisions"}],"predecessor-version":[{"id":1566,"href":"https:\/\/eventos.uenp.edu.br\/jehuenp\/wp-json\/wp\/v2\/pages\/789\/revisions\/1566"}],"wp:attachment":[{"href":"https:\/\/eventos.uenp.edu.br\/jehuenp\/wp-json\/wp\/v2\/media?parent=789"}],"curies":[{"name":"wp","href":"https:\/\/api.w.org\/{rel}","templated":true}]}}