{"id":771,"date":"2023-11-07T10:00:42","date_gmt":"2023-11-07T13:00:42","guid":{"rendered":"https:\/\/eventos.uenp.edu.br\/jehuenp\/?page_id=771"},"modified":"2025-06-05T16:53:42","modified_gmt":"2025-06-05T19:53:42","slug":"programacao","status":"publish","type":"page","link":"https:\/\/eventos.uenp.edu.br\/jehuenp\/programacao\/","title":{"rendered":"PROGRAMA\u00c7\u00c3O"},"content":{"rendered":"<p>&nbsp;<\/p>\n<table style=\"height: 123px;width: 100%\">\n<tbody>\n<tr style=\"height: 28px\">\n<td style=\"background-color: #a07d36;border-color: #000000;height: 28px;text-align: center;width: 60.4242%\" colspan=\"3\"><span style=\"color: #000000;font-family: arial, helvetica, sans-serif;font-size: 12pt\"><strong>16\/06\/2025 &#8211; Segunda-Feira<\/strong><\/span><\/td>\n<\/tr>\n<tr style=\"height: 10px\">\n<td style=\"background-color: #a07d36;border-color: #000000;height: 10px;text-align: center;width: 20.7679%\"><span style=\"color: #000000;font-family: arial, helvetica, sans-serif;font-size: 12pt\"><strong><strong>13h &#8211; 17 h<\/strong><\/strong><\/span><\/td>\n<td style=\"background-color: #a07d36;border-color: #000000;height: 10px;text-align: center;width: 17.7965%\"><span style=\"color: #000000;font-family: arial, helvetica, sans-serif;font-size: 12pt\"><strong>19h30<\/strong><\/span><\/td>\n<td style=\"background-color: #a07d36;border-color: #000000;height: 10px;text-align: center;width: 21.8598%\"><span style=\"color: #000000;font-family: arial, helvetica, sans-serif;font-size: 12pt\"><strong>20h &#8211; 22h<\/strong><\/span><\/td>\n<\/tr>\n<tr style=\"height: 85px\">\n<td style=\"border-color: #000000;height: 85px;width: 20.7679%;border-style: solid;vertical-align: middle\">\n<p style=\"text-align: center\"><span style=\"color: #000000;font-family: arial, helvetica, sans-serif;font-size: 12pt\">Minicursos<\/span><\/p>\n<\/td>\n<td style=\"border-color: #000000;height: 85px;text-align: center;width: 17.7965%;border-style: solid;vertical-align: middle\"><span style=\"color: #000000;font-family: arial, helvetica, sans-serif;font-size: 12pt\">Cerim\u00f4nia de Abertura<\/span><\/p>\n<p>1) Apresenta\u00e7\u00f5es Culturais:<\/p>\n<p><span style=\"font-family: arial, helvetica, sans-serif;font-size: 12pt;color: #000000\">&#8211; Abertura da Exposi\u00e7\u00e3o &#8220;Visualidades Negras&#8221; de Thiago Angelo.<\/span><br \/>\n<span style=\"font-family: arial, helvetica, sans-serif;font-size: 12pt;color: #000000\">&#8211; Atra\u00e7\u00e3o Musical: &#8220;Carta para Zalina&#8221; por Cleiton Ferraz (Mc Kueio)<\/span><\/p>\n<p><span style=\"font-family: arial, helvetica, sans-serif;font-size: 12pt;color: #000000\">2) Mesa de Abertura.<\/span><\/td>\n<td style=\"border-color: #000000;height: 85px;text-align: center;width: 21.8598%;border-style: solid;vertical-align: middle\"><span style=\"color: #000000;font-family: arial, helvetica, sans-serif;font-size: 12pt\">Confer\u00eancia de Abertura<\/span><\/p>\n<p><span style=\"color: #000000;font-family: arial, helvetica, sans-serif;font-size: 12pt;vertical-align: middle\">Tema: Ensino de Hist\u00f3ria, Educa\u00e7\u00e3o das Rela\u00e7\u00f5es \u00c9tnico-Raciais e P\u00f3s-Aboli\u00e7\u00e3o: conex\u00f5es poss\u00edveis para uma educa\u00e7\u00e3o antirracista.<br \/>\n<\/span><\/p>\n<p><span style=\"font-family: arial, helvetica, sans-serif;font-size: 12pt;color: #000000;vertical-align: middle\">Ministrante: Willian Soares Lucindo (UFAL):Professor adjunto da Universidade Federal de Alagoas no curso de Hist\u00f3ria e do Programa de P\u00f3s-Gradua\u00e7\u00e3o em Hist\u00f3ria da UFAL.<\/span><\/td>\n<\/tr>\n<\/tbody>\n<\/table>\n<table style=\"height: 123px;width: 100%\">\n<tbody>\n<tr style=\"height: 28px\">\n<td style=\"background-color: #a07d36;border-color: #000000;height: 28px;text-align: center;width: 43.0384%;vertical-align: middle\" colspan=\"2\"><span style=\"color: #000000;font-family: arial, helvetica, sans-serif;font-size: 12pt\"><strong>17\/06\/2025 &#8211; Ter\u00e7a-Feira<\/strong><\/span><\/td>\n<\/tr>\n<tr style=\"height: 10px\">\n<td style=\"background-color: #a07d36;border-color: #000000;height: 10px;text-align: center;width: 21.4934%;vertical-align: middle\"><span style=\"color: #000000;font-family: arial, helvetica, sans-serif;font-size: 12pt\"><strong>13h &#8211; 17 h<\/strong><\/span><\/td>\n<td style=\"background-color: #a07d36;border-color: #000000;height: 10px;text-align: center;width: 21.545%;vertical-align: middle\"><span style=\"color: #000000;font-family: arial, helvetica, sans-serif;font-size: 12pt\"><strong>19h30 &#8211; 22h<\/strong><\/span><\/td>\n<\/tr>\n<tr style=\"height: 85px\">\n<td style=\"border-color: #000000;height: 85px;width: 21.4934%;border-style: solid;vertical-align: middle\">\n<p style=\"text-align: center\"><span style=\"color: #000000;font-family: arial, helvetica, sans-serif;font-size: 12pt\">Simp\u00f3sios Tem\u00e1ticos (STs).<\/span><\/p>\n<\/td>\n<td style=\"border-color: #000000;height: 85px;text-align: center;width: 21.545%;border-style: solid;vertical-align: middle\"><span style=\"font-family: arial, helvetica, sans-serif;font-size: 12pt;color: #000000\">Mesa Redonda: &#8220;Saberes Ind\u00edgenas na Educa\u00e7\u00e3o: Da Aldeia \u00e0 Universidade&#8221;<br \/>\n<\/span><span style=\"color: #000000;font-family: arial, helvetica, sans-serif;font-size: 12pt\">Prof.\u00aa Nadia Nelziza Lovera de Florentino (UENP): \u201c Arandu Ava\u00f1e&#8217;\u1ebd: Por uma educa\u00e7\u00e3o ind\u00edgena no ensino superior\u201d<\/span>Elionai Tapedju (UENP): \u201cEducar com Nhandereko: O Saber Guarani na Escola da Aldeia\u201d<\/td>\n<\/tr>\n<\/tbody>\n<\/table>\n<table style=\"height: 123px;width: 100%\">\n<tbody>\n<tr style=\"height: 28px\">\n<td style=\"background-color: #a07d36;border-color: #000000;height: 28px;text-align: center;width: 30.3311%;vertical-align: middle\" colspan=\"3\"><span style=\"color: #000000;font-family: arial, helvetica, sans-serif;font-size: 12pt\"><strong>18\/06\/2025 &#8211; Quarta-Feira<\/strong><\/span><\/td>\n<\/tr>\n<tr style=\"height: 10px\">\n<td style=\"background-color: #a07d36;border-color: #000000;height: 10px;text-align: center;width: 9.70304%;vertical-align: middle\"><span style=\"color: #000000;font-family: arial, helvetica, sans-serif;font-size: 12pt\"><strong>13h &#8211; 17 h<\/strong><\/span><\/td>\n<td style=\"background-color: #a07d36;border-color: #000000;text-align: center;width: 9.42156%;vertical-align: middle\"><span style=\"font-family: arial, helvetica, sans-serif;font-size: 12pt;color: #000000\"><strong>19h30<\/strong><\/span><\/td>\n<td style=\"background-color: #a07d36;border-color: #000000;height: 10px;text-align: center;width: 11.2065%;vertical-align: middle\"><strong><span style=\"color: #000000;font-family: arial, helvetica, sans-serif;font-size: 12pt\">20h &#8211; 21h30<\/span><\/strong><\/td>\n<\/tr>\n<tr style=\"height: 85px\">\n<td style=\"border-color: #000000;height: 85px;width: 9.70304%;border-style: solid;vertical-align: middle\">\n<p style=\"text-align: center\"><span style=\"color: #000000;font-family: arial, helvetica, sans-serif;font-size: 12pt\">Simp\u00f3sios Tem\u00e1ticos (STs).<\/span><\/p>\n<\/td>\n<td style=\"border-color: #000000;text-align: center;width: 9.42156%;border-style: solid;vertical-align: middle\"><span style=\"font-family: arial, helvetica, sans-serif;font-size: 12pt;color: #000000\">Atra\u00e7\u00e3o cultural: \u201c\u00c0y\u00e0n: tambores que falam\u201d<\/span><\/td>\n<td style=\"border-color: #000000;height: 85px;text-align: center;width: 11.2065%;border-style: solid;vertical-align: middle\"><span style=\"font-family: arial, helvetica, sans-serif;font-size: 12pt;color: #000000\"> Mesa de Encerramento: Terreiro de Saberes: Ancestralidade, Resist\u00eancia e Educa\u00e7\u00e3o no Combate ao Racismo<\/span><\/p>\n<p><span style=\"font-family: arial, helvetica, sans-serif;font-size: 12pt;color: #000000\">James Rios (SMECE- Jacarezinho) <\/span><br \/>\n<span style=\"font-family: arial, helvetica, sans-serif;font-size: 12pt;color: #000000\">Ane Caroline Goulart (UNESP)<\/span><br \/>\n<span style=\"font-family: arial, helvetica, sans-serif;font-size: 12pt;color: #000000\">Junio Cesar Farias (UENP)<\/span><\/td>\n<\/tr>\n<\/tbody>\n<\/table>\n","protected":false},"excerpt":{"rendered":"","protected":false},"author":1,"featured_media":0,"parent":0,"menu_order":0,"comment_status":"closed","ping_status":"closed","template":"","meta":{"footnotes":""},"class_list":["post-771","page","type-page","status-publish","hentry"],"_links":{"self":[{"href":"https:\/\/eventos.uenp.edu.br\/jehuenp\/wp-json\/wp\/v2\/pages\/771","targetHints":{"allow":["GET"]}}],"collection":[{"href":"https:\/\/eventos.uenp.edu.br\/jehuenp\/wp-json\/wp\/v2\/pages"}],"about":[{"href":"https:\/\/eventos.uenp.edu.br\/jehuenp\/wp-json\/wp\/v2\/types\/page"}],"author":[{"embeddable":true,"href":"https:\/\/eventos.uenp.edu.br\/jehuenp\/wp-json\/wp\/v2\/users\/1"}],"replies":[{"embeddable":true,"href":"https:\/\/eventos.uenp.edu.br\/jehuenp\/wp-json\/wp\/v2\/comments?post=771"}],"version-history":[{"count":77,"href":"https:\/\/eventos.uenp.edu.br\/jehuenp\/wp-json\/wp\/v2\/pages\/771\/revisions"}],"predecessor-version":[{"id":1561,"href":"https:\/\/eventos.uenp.edu.br\/jehuenp\/wp-json\/wp\/v2\/pages\/771\/revisions\/1561"}],"wp:attachment":[{"href":"https:\/\/eventos.uenp.edu.br\/jehuenp\/wp-json\/wp\/v2\/media?parent=771"}],"curies":[{"name":"wp","href":"https:\/\/api.w.org\/{rel}","templated":true}]}}