{"id":1588,"date":"2025-06-23T11:43:22","date_gmt":"2025-06-23T14:43:22","guid":{"rendered":"https:\/\/eventos.uenp.edu.br\/jehuenp\/?page_id=1588"},"modified":"2025-06-23T11:48:20","modified_gmt":"2025-06-23T14:48:20","slug":"submissao-resumo-expandido","status":"publish","type":"page","link":"https:\/\/eventos.uenp.edu.br\/jehuenp\/submissao-resumo-expandido\/","title":{"rendered":"SUBMISS\u00c3O DE RESUMO EXPANDIDO"},"content":{"rendered":"<p><strong><span style=\"font-family: arial, helvetica, sans-serif;font-size: 12pt\"><span style=\"color: #ff0000\">ATEN\u00c7\u00c3O!<\/span> <\/span><\/strong><\/p>\n<p><span style=\"font-family: arial, helvetica, sans-serif;font-size: 12pt;color: #000000\">Informamos que o prazo de submiss\u00e3o de resumos expandidos para publica\u00e7\u00e3o nos anais do evento foi prorrogado para 27\/06.<\/span><\/p>\n<p><span style=\"font-family: arial, helvetica, sans-serif;font-size: 12pt\"><span style=\"color: #000000\">Para realizar a sua submiss\u00e3o<\/span> <strong><a href=\"https:\/\/docs.google.com\/forms\/d\/e\/1FAIpQLSdaJmQkLdi4GmpQsE9YYPZdKySDnPjDlmFMOcEg6w_I82yYYQ\/viewform\" target=\"_blank\" rel=\"noopener\">[clique aqui]<\/a><\/strong>.<\/span><\/p>\n","protected":false},"excerpt":{"rendered":"","protected":false},"author":16,"featured_media":0,"parent":0,"menu_order":0,"comment_status":"closed","ping_status":"closed","template":"","meta":{"footnotes":""},"class_list":["post-1588","page","type-page","status-publish","hentry"],"_links":{"self":[{"href":"https:\/\/eventos.uenp.edu.br\/jehuenp\/wp-json\/wp\/v2\/pages\/1588","targetHints":{"allow":["GET"]}}],"collection":[{"href":"https:\/\/eventos.uenp.edu.br\/jehuenp\/wp-json\/wp\/v2\/pages"}],"about":[{"href":"https:\/\/eventos.uenp.edu.br\/jehuenp\/wp-json\/wp\/v2\/types\/page"}],"author":[{"embeddable":true,"href":"https:\/\/eventos.uenp.edu.br\/jehuenp\/wp-json\/wp\/v2\/users\/16"}],"replies":[{"embeddable":true,"href":"https:\/\/eventos.uenp.edu.br\/jehuenp\/wp-json\/wp\/v2\/comments?post=1588"}],"version-history":[{"count":6,"href":"https:\/\/eventos.uenp.edu.br\/jehuenp\/wp-json\/wp\/v2\/pages\/1588\/revisions"}],"predecessor-version":[{"id":1596,"href":"https:\/\/eventos.uenp.edu.br\/jehuenp\/wp-json\/wp\/v2\/pages\/1588\/revisions\/1596"}],"wp:attachment":[{"href":"https:\/\/eventos.uenp.edu.br\/jehuenp\/wp-json\/wp\/v2\/media?parent=1588"}],"curies":[{"name":"wp","href":"https:\/\/api.w.org\/{rel}","templated":true}]}}