
{"id":1330,"date":"2025-05-13T11:20:46","date_gmt":"2025-05-13T14:20:46","guid":{"rendered":"https:\/\/eventos.uenp.edu.br\/jehuenp\/?page_id=1330"},"modified":"2025-06-23T11:40:31","modified_gmt":"2025-06-23T14:40:31","slug":"normas-para-publicacao","status":"publish","type":"page","link":"https:\/\/eventos.uenp.edu.br\/jehuenp\/normas-para-publicacao\/","title":{"rendered":"NORMAS PARA PUBLICA\u00c7\u00c3O"},"content":{"rendered":"<table style=\"border-collapse: collapse;width: 100%;height: 160px\">\n<tbody>\n<tr style=\"height: 160px\">\n<td style=\"width: 100%;border-color: #000000;border-style: solid;height: 160px\">\n<p style=\"text-align: justify\"><span style=\"font-family: arial, helvetica, sans-serif;font-size: 12pt;color: #ff0000\"><strong>INSCRI\u00c7\u00d5ES ENCERRADAS<\/strong><\/span><\/p>\n<p style=\"text-align: justify\"><span style=\"font-family: arial, helvetica, sans-serif;font-size: 12pt;color: #000000\"><strong>Submiss\u00e3o de Simp\u00f3sios Tem\u00e1ticos:<\/strong><\/span><\/p>\n<p><strong><span style=\"font-family: arial, helvetica, sans-serif;font-size: 12pt\"><a href=\"https:\/\/docs.google.com\/forms\/d\/e\/1FAIpQLSfEiLAAz5_Xt8a5WrHWqboe01P-WtYkp-nPr36ntDtD7QPuSA\/viewform?usp=header\" target=\"_blank\" rel=\"noopener\">PROPOSI\u00c7\u00c3O DE SIMP\u00d3SIO TEM\u00c1TICO.<\/a><\/span><\/strong><\/p>\n<p style=\"text-align: justify\"><span style=\"color: #000000\"><em><span style=\"font-family: arial, helvetica, sans-serif;font-size: 12pt\">*<span style=\"font-size: 12pt\">Caso o Simp\u00f3sio Tem\u00e1tico selecionado n\u00e3o atinja o n\u00famero de quatro inscri\u00e7\u00f5es, o trabalho ser\u00e1 remanejado para outro Simp\u00f3sio Tem\u00e1tico.<\/span><\/span><\/em><\/span><\/p>\n<\/td>\n<\/tr>\n<\/tbody>\n<\/table>\n<table style=\"border-collapse: collapse;width: 100%;height: 160px\">\n<tbody>\n<tr style=\"height: 160px\">\n<td style=\"width: 100%;border-color: #000000;border-style: solid;height: 160px\"><span style=\"font-family: arial, helvetica, sans-serif;font-size: 12pt;color: #ff0000\"><strong>INSCRI\u00c7\u00d5ES ENCERRADAS<\/strong><\/span><\/p>\n<p style=\"text-align: justify\"><span style=\"font-family: arial, helvetica, sans-serif;font-size: 12pt;color: #000000\"><b>Normas para submiss\u00e3o de trabalhos:<\/b><\/span><\/p>\n<p style=\"text-align: justify\"><span style=\"font-weight: 400;font-family: arial, helvetica, sans-serif;font-size: 12pt;color: #000000\">Os trabalhos ser\u00e3o inscritos na modalidade de <\/span><strong><span style=\"font-family: arial, helvetica, sans-serif;font-size: 12pt\"><a href=\"https:\/\/docs.google.com\/document\/d\/1HIgVUWMyd7ABu-pWPJJa60UvZyQK3FFBKpx_Z4_3-ss\/edit?usp=sharing\" target=\"_blank\" rel=\"noopener\">RESUMO SIMPLES.<\/a><\/span><\/strong><\/p>\n<p style=\"text-align: justify\"><span style=\"font-weight: 400;font-family: arial, helvetica, sans-serif;font-size: 12pt;color: #000000\">As inscri\u00e7\u00f5es ser\u00e3o realizadas exclusivamente atrav\u00e9s de preenchimento de <\/span><strong><span style=\"font-family: arial, helvetica, sans-serif;font-size: 12pt\"><a href=\"https:\/\/docs.google.com\/forms\/d\/e\/1FAIpQLSdKmnSYRc9P-XPZS2b5DoUp_UBXMz3DWf2C9YdF2esJHqKIvw\/viewform?usp=header\" target=\"_blank\" rel=\"noopener\">FORMUL\u00c1RIO ELETR\u00d4NICO<\/a>.<\/span><\/strong><\/p>\n<p><span style=\"color: #000000;font-family: arial, helvetica, sans-serif;font-size: 12pt\"><span style=\"font-weight: 400\">Inscri\u00e7\u00f5es para apresenta\u00e7\u00f5es de trabalho: <\/span><b>28\/05 a 10\/06\/2025<\/b><\/span><\/p>\n<p><span style=\"font-family: arial, helvetica, sans-serif;font-size: 12pt;color: #000000\">Inscri\u00e7\u00f5es para ouvintes: <b>31\/05 a 15\/06\/2025<\/b><\/span><\/td>\n<\/tr>\n<\/tbody>\n<\/table>\n<table style=\"border-collapse: collapse;width: 100%;height: 160px\">\n<tbody>\n<tr style=\"height: 160px\">\n<td style=\"width: 100%;border-color: #000000;border-style: solid;height: 160px\">\n<p style=\"text-align: justify\"><span style=\"color: #ff0000\"><strong><span style=\"font-family: arial, helvetica, sans-serif;font-size: 12pt\">INSCRI\u00c7\u00d5ES ENCERRADAS<\/span><\/strong><\/span><\/p>\n<p style=\"text-align: justify\"><span style=\"color: #000000\"><strong><span style=\"font-family: arial, helvetica, sans-serif;font-size: 12pt\">Normas para proposi\u00e7\u00e3o de Minicursos (At\u00e9 3 autores\/organizadores):<\/span><\/strong><\/span><\/p>\n<p style=\"text-align: justify\"><span style=\"font-family: arial, helvetica, sans-serif;font-size: 12pt;color: #000000\">As inscri\u00e7\u00f5es ser\u00e3o realizadas exclusivamente atrav\u00e9s de preenchimento de <\/span><a href=\"https:\/\/docs.google.com\/forms\/d\/e\/1FAIpQLScik0CRJ6Dv6bgTWiWmEFfoIJFF-VBJWe390P0kBqb3UjSmJg\/viewform\" target=\"_blank\" rel=\"noopener\"><strong><span style=\"font-family: arial, helvetica, sans-serif;font-size: 12pt\">FORMUL\u00c1RIO ELETR\u00d4NICO.<\/span><\/strong><\/a><\/p>\n<p style=\"text-align: justify\"><span style=\"font-family: arial, helvetica, sans-serif;font-size: 12pt;color: #000000\">Requisitos de titula\u00e7\u00e3o: No m\u00ednimo um dos proponentes deve possuir o t\u00edtulo de Mestrando.<\/span><br \/>\n<span style=\"font-family: arial, helvetica, sans-serif;font-size: 12pt;color: #000000\">O minicurso ter\u00e1 a dura\u00e7\u00e3o de quatro ou oito horas.<\/span><\/p>\n<\/td>\n<\/tr>\n<\/tbody>\n<\/table>\n<p>&nbsp;<\/p>\n<p>&nbsp;<\/p>\n<p style=\"text-align: justify\">\n","protected":false},"excerpt":{"rendered":"","protected":false},"author":16,"featured_media":0,"parent":0,"menu_order":0,"comment_status":"closed","ping_status":"closed","template":"","meta":{"footnotes":""},"class_list":["post-1330","page","type-page","status-publish","hentry"],"_links":{"self":[{"href":"https:\/\/eventos.uenp.edu.br\/jehuenp\/wp-json\/wp\/v2\/pages\/1330","targetHints":{"allow":["GET"]}}],"collection":[{"href":"https:\/\/eventos.uenp.edu.br\/jehuenp\/wp-json\/wp\/v2\/pages"}],"about":[{"href":"https:\/\/eventos.uenp.edu.br\/jehuenp\/wp-json\/wp\/v2\/types\/page"}],"author":[{"embeddable":true,"href":"https:\/\/eventos.uenp.edu.br\/jehuenp\/wp-json\/wp\/v2\/users\/16"}],"replies":[{"embeddable":true,"href":"https:\/\/eventos.uenp.edu.br\/jehuenp\/wp-json\/wp\/v2\/comments?post=1330"}],"version-history":[{"count":34,"href":"https:\/\/eventos.uenp.edu.br\/jehuenp\/wp-json\/wp\/v2\/pages\/1330\/revisions"}],"predecessor-version":[{"id":1587,"href":"https:\/\/eventos.uenp.edu.br\/jehuenp\/wp-json\/wp\/v2\/pages\/1330\/revisions\/1587"}],"wp:attachment":[{"href":"https:\/\/eventos.uenp.edu.br\/jehuenp\/wp-json\/wp\/v2\/media?parent=1330"}],"curies":[{"name":"wp","href":"https:\/\/api.w.org\/{rel}","templated":true}]}}