{"id":1308,"date":"2025-05-13T10:14:09","date_gmt":"2025-05-13T13:14:09","guid":{"rendered":"https:\/\/eventos.uenp.edu.br\/jehuenp\/?page_id=1308"},"modified":"2025-05-29T16:01:08","modified_gmt":"2025-05-29T19:01:08","slug":"organizacao","status":"publish","type":"page","link":"https:\/\/eventos.uenp.edu.br\/jehuenp\/organizacao\/","title":{"rendered":"ORGANIZA\u00c7\u00c3O"},"content":{"rendered":"<table style=\"height: 53px;width: 70%\">\n<tbody>\n<tr style=\"height: 10px\">\n<td style=\"background-color: #a07d36;border-color: #000000;border-style: solid;height: 39px;text-align: center;width: 100%\"><span style=\"font-family: arial, helvetica, sans-serif;font-size: 12pt;color: #000000\"><strong>COORDENA\u00c7\u00c3O GERAL<\/strong><\/span><\/td>\n<\/tr>\n<tr style=\"height: 24px\">\n<td style=\"width: 100%;height: 14px;border-color: #000000;border-style: solid;text-align: center\" width=\"183\"><span style=\"font-family: arial, helvetica, sans-serif;font-size: 12pt;color: #000000\">Noemi Santos da Silva<\/span><\/td>\n<\/tr>\n<\/tbody>\n<\/table>\n<table style=\"height: 101px;width: 70%\">\n<tbody>\n<tr style=\"height: 39px\">\n<td style=\"background-color: #a07d36;border-color: #000000;border-style: solid;height: 39px;text-align: center;width: 100%\"><span style=\"font-family: arial, helvetica, sans-serif;font-size: 12pt;color: #000000\"><strong>COMISS\u00c3O ORGANIZADORA<\/strong><\/span><\/td>\n<\/tr>\n<tr style=\"height: 14px\">\n<td style=\"width: 100%;height: 14px;border-color: #000000;border-style: solid;text-align: center\" width=\"183\"><span style=\"font-family: arial, helvetica, sans-serif;font-size: 12pt;color: #000000\">Noemi Santos da Silva<\/span><\/td>\n<\/tr>\n<tr style=\"height: 24px\">\n<td style=\"width: 100%;border-color: #000000;border-style: solid;text-align: center;height: 24px\"><span style=\"font-family: arial, helvetica, sans-serif;font-size: 12pt;color: #000000\">Lu\u00eds Ernesto Barnab\u00e9<\/span><\/td>\n<\/tr>\n<tr style=\"height: 24px\">\n<td style=\"width: 100%;border-color: #000000;border-style: solid;text-align: center;height: 24px\"><span style=\"font-family: arial, helvetica, sans-serif;font-size: 12pt;color: #000000\">Gilvana de F\u00e1tima Figueiredo Gomes<\/span><\/td>\n<\/tr>\n<tr>\n<td style=\"width: 100%;border-color: #000000;border-style: solid;text-align: center\"><span style=\"font-family: arial, helvetica, sans-serif;font-size: 12pt;color: #000000\">Geraldo Becker<br \/>\n<\/span><\/td>\n<\/tr>\n<tr>\n<td style=\"width: 100%;border-color: #000000;border-style: solid;text-align: center\"><span style=\"font-family: arial, helvetica, sans-serif;font-size: 12pt;color: #000000\">Ta\u00edse Ferreira da Concei\u00e7\u00e3o Nishikawa<br \/>\n<\/span><\/td>\n<\/tr>\n<\/tbody>\n<\/table>\n<table style=\"height: 149px;width: 70%\">\n<tbody>\n<tr style=\"height: 39px\">\n<td style=\"background-color: #a07d36;border-color: #000000;border-style: solid;height: 39px;text-align: center;width: 100%\"><strong><span style=\"font-family: arial, helvetica, sans-serif;font-size: 12pt;color: #000000\">COMISS\u00c3O CIENT\u00cdFICA<\/span><\/strong><\/td>\n<\/tr>\n<tr style=\"height: 14px\">\n<td style=\"width: 100%;height: 14px;border-color: #000000;border-style: solid;text-align: center\" width=\"183\"><span style=\"font-family: arial, helvetica, sans-serif;font-size: 12pt;color: #000000\">Fl\u00e1vio Massami Martins Ruckstadter <\/span><\/td>\n<\/tr>\n<tr style=\"height: 24px\">\n<td style=\"width: 100%;border-color: #000000;border-style: solid;text-align: center;height: 24px\"><span style=\"font-family: arial, helvetica, sans-serif;font-size: 12pt;color: #000000\">Vanessa Campos Mariano Ruckstadter<\/span><\/td>\n<\/tr>\n<tr style=\"height: 24px\">\n<td style=\"width: 100%;border-color: #000000;border-style: solid;text-align: center;height: 24px\"><span style=\"font-family: arial, helvetica, sans-serif;font-size: 12pt;color: #000000\">Marisa Noda<\/span><\/td>\n<\/tr>\n<tr style=\"height: 24px\">\n<td style=\"width: 100%;border-color: #000000;border-style: solid;text-align: center;height: 24px\"><span style=\"font-family: arial, helvetica, sans-serif;font-size: 12pt;color: #000000\">Geraldo Becker<\/span><\/td>\n<\/tr>\n<tr style=\"height: 24px\">\n<td style=\"width: 100%;border-color: #000000;border-style: solid;text-align: center;height: 24px\"><span style=\"font-family: arial, helvetica, sans-serif;font-size: 12pt;color: #000000\"> Lucas Mateus Vieira de Godoy Stringuetti<\/span><\/td>\n<\/tr>\n<\/tbody>\n<\/table>\n<hr \/>\n","protected":false},"excerpt":{"rendered":"","protected":false},"author":16,"featured_media":0,"parent":0,"menu_order":0,"comment_status":"closed","ping_status":"closed","template":"","meta":{"footnotes":""},"class_list":["post-1308","page","type-page","status-publish","hentry"],"_links":{"self":[{"href":"https:\/\/eventos.uenp.edu.br\/jehuenp\/wp-json\/wp\/v2\/pages\/1308","targetHints":{"allow":["GET"]}}],"collection":[{"href":"https:\/\/eventos.uenp.edu.br\/jehuenp\/wp-json\/wp\/v2\/pages"}],"about":[{"href":"https:\/\/eventos.uenp.edu.br\/jehuenp\/wp-json\/wp\/v2\/types\/page"}],"author":[{"embeddable":true,"href":"https:\/\/eventos.uenp.edu.br\/jehuenp\/wp-json\/wp\/v2\/users\/16"}],"replies":[{"embeddable":true,"href":"https:\/\/eventos.uenp.edu.br\/jehuenp\/wp-json\/wp\/v2\/comments?post=1308"}],"version-history":[{"count":10,"href":"https:\/\/eventos.uenp.edu.br\/jehuenp\/wp-json\/wp\/v2\/pages\/1308\/revisions"}],"predecessor-version":[{"id":1516,"href":"https:\/\/eventos.uenp.edu.br\/jehuenp\/wp-json\/wp\/v2\/pages\/1308\/revisions\/1516"}],"wp:attachment":[{"href":"https:\/\/eventos.uenp.edu.br\/jehuenp\/wp-json\/wp\/v2\/media?parent=1308"}],"curies":[{"name":"wp","href":"https:\/\/api.w.org\/{rel}","templated":true}]}}