{"id":656,"date":"2022-11-23T09:07:58","date_gmt":"2022-11-23T12:07:58","guid":{"rendered":"https:\/\/eventos.uenp.edu.br\/forum-paranaense-de-letramento-literario\/?page_id=656"},"modified":"2026-04-01T09:47:05","modified_gmt":"2026-04-01T12:47:05","slug":"programacao","status":"publish","type":"page","link":"https:\/\/eventos.uenp.edu.br\/forum-paranaense-de-letramento-literario\/programacao\/","title":{"rendered":"Programa\u00e7\u00e3o"},"content":{"rendered":"\n<div style=\"font-family: Arial, sans-serif;max-width: 600px;padding: 20px;color: #333\">\n\u00a0 <h2 style=\"color: #2c3e50;text-align: center;border-bottom: 2px solid #3498db;padding-bottom: 10px;margin-bottom: 20px\">18 DE MAIO DE 2026<\/h2>\n\u00a0 <ul style=\"list-style-type: none;padding: 0;margin: 0\">\n\u00a0 \u00a0 <li style=\"padding: 10px 0;border-bottom: 1px solid #f0f0f0\"><strong>14h:<\/strong> Credenciamento \u2013 Bloco H<\/li>\n\u00a0 \u00a0 <li style=\"padding: 10px 0;border-bottom: 1px solid #f0f0f0\"><strong>14h30 \u2013 15h:<\/strong> Abertura e Acolhida \u2013 Miniaudit\u00f3rio do Bloco H<\/li>\n\u00a0 \u00a0 <li style=\"padding: 10px 0;border-bottom: 1px solid #f0f0f0\"><strong>15h30 \u2013 17h30:<\/strong> Oficina\/roda\/c\u00edrculo (programa\u00e7\u00e3o em breve)<\/li>\n\u00a0 \u00a0 <li style=\"padding: 10px 0;border-bottom: 1px solid #f0f0f0\"><strong>17h30 \u2013 18h30:<\/strong> Intervalo para congra\u00e7amento e Lan\u00e7amento de livros<\/li>\n\u00a0 \u00a0 <li style=\"padding: 10px 0;border-bottom: 1px solid #f0f0f0\"><strong>19h15 \u2013 21h15:<\/strong> Oficina\/roda\/c\u00edrculo (programa\u00e7\u00e3o em breve)<\/li>\n\u00a0 <\/ul>\n\u00a0 <p style=\"font-size: 0.9em;color: #7f8c8d;font-style: italic;margin-top: 15px\">* Algumas atividades acontecem de maneira simult\u00e2nea.<\/p>\n\u00a0 <div style=\"text-align: center;margin-top: 20px;padding: 15px;background-color: #ecf0f1;border-radius: 5px\">\n\u00a0 \u00a0 <strong style=\"display: block;margin-bottom: 10px;color: #2c3e50\">PROGRAMA\u00c7\u00c3O COMPLETA DAS ATIVIDADES<\/strong>\n\u00a0 \u00a0 <a href=\"#\" style=\"display: inline-block;padding: 10px 20px;background-color: #3498db;color: #fff;text-decoration: none;border-radius: 4px;font-weight: bold\">Saiba mais<\/a>\n\u00a0 \u00a0 <p style=\"font-size: 0.8em;color: #7f8c8d;margin-top: 8px\"> (dispon\u00edvel a partir de 10\/04\/2026)<\/p>\n\u00a0 <\/div>\n<\/div>\n\n\n\n<p><\/p>\n\n\n\n<p><\/p>\n","protected":false},"excerpt":{"rendered":"","protected":false},"author":1,"featured_media":0,"parent":0,"menu_order":0,"comment_status":"closed","ping_status":"closed","template":"","meta":{"footnotes":""},"class_list":["post-656","page","type-page","status-publish","hentry"],"_links":{"self":[{"href":"https:\/\/eventos.uenp.edu.br\/forum-paranaense-de-letramento-literario\/wp-json\/wp\/v2\/pages\/656","targetHints":{"allow":["GET"]}}],"collection":[{"href":"https:\/\/eventos.uenp.edu.br\/forum-paranaense-de-letramento-literario\/wp-json\/wp\/v2\/pages"}],"about":[{"href":"https:\/\/eventos.uenp.edu.br\/forum-paranaense-de-letramento-literario\/wp-json\/wp\/v2\/types\/page"}],"author":[{"embeddable":true,"href":"https:\/\/eventos.uenp.edu.br\/forum-paranaense-de-letramento-literario\/wp-json\/wp\/v2\/users\/1"}],"replies":[{"embeddable":true,"href":"https:\/\/eventos.uenp.edu.br\/forum-paranaense-de-letramento-literario\/wp-json\/wp\/v2\/comments?post=656"}],"version-history":[{"count":11,"href":"https:\/\/eventos.uenp.edu.br\/forum-paranaense-de-letramento-literario\/wp-json\/wp\/v2\/pages\/656\/revisions"}],"predecessor-version":[{"id":813,"href":"https:\/\/eventos.uenp.edu.br\/forum-paranaense-de-letramento-literario\/wp-json\/wp\/v2\/pages\/656\/revisions\/813"}],"wp:attachment":[{"href":"https:\/\/eventos.uenp.edu.br\/forum-paranaense-de-letramento-literario\/wp-json\/wp\/v2\/media?parent=656"}],"curies":[{"name":"wp","href":"https:\/\/api.w.org\/{rel}","templated":true}]}}