{"id":652,"date":"2022-11-23T09:07:14","date_gmt":"2022-11-23T12:07:14","guid":{"rendered":"https:\/\/eventos.uenp.edu.br\/forum-paranaense-de-letramento-literario\/?page_id=652"},"modified":"2026-04-01T09:49:09","modified_gmt":"2026-04-01T12:49:09","slug":"comissao-organizadora-e-comissao-cientifica","status":"publish","type":"page","link":"https:\/\/eventos.uenp.edu.br\/forum-paranaense-de-letramento-literario\/comissao-organizadora-e-comissao-cientifica\/","title":{"rendered":"Comiss\u00e3o Organizadora e Comiss\u00e3o Cient\u00edfica"},"content":{"rendered":"\n<div style=\"font-family: Arial, sans-serif;max-width: 900px;margin: 0 auto;color: #333;line-height: 1.6\">\n\n  <!-- T\u00edtulo Geral -->\n  <h2 style=\"text-align: center;color: #2c3e50;margin-bottom: 30px\">\n    Organiza\u00e7\u00e3o do Evento\n  <\/h2>\n\n  <!-- Comiss\u00e3o Organizadora -->\n  <div style=\"margin-bottom: 40px\">\n    <h3 style=\"border-left: 5px solid #2980b9;padding-left: 10px;color: #2980b9\">\n      Comiss\u00e3o Organizadora\n    <\/h3>\n\n    <ul style=\"padding: 0\">\n      <li style=\"padding: 10px;border-bottom: 1px solid #ddd\">\n        <strong>Vanderl\u00e9ia da Silva Oliveira<\/strong> \u2013 Coordenadora\n        <span style=\"float: right;color: #555\">UENP<\/span>\n      <\/li>\n      <li style=\"padding: 10px;border-bottom: 1px solid #ddd\">\n        <strong>Ana Paula Franco Nobile Brandileone<\/strong> \u2013 Vice-coordenadora\n        <span style=\"float: right;color: #555\">UENP<\/span>\n      <\/li>\n      <li style=\"padding: 10px;border-bottom: 1px solid #ddd\">\n        <strong>Rildo Cosson<\/strong>\n        <span style=\"float: right;color: #555\">UTFPR<\/span>\n      <\/li>\n      <li style=\"padding: 10px\">\n        <strong>Milena Ribeiro Martins<\/strong>\n        <span style=\"float: right;color: #555\">UFPR<\/span>\n      <\/li>\n    <\/ul>\n  <\/div>\n\n  <!-- Comiss\u00e3o Cient\u00edfica -->\n  <div style=\"margin-bottom: 40px\">\n    <h3 style=\"border-left: 5px solid #27ae60;padding-left: 10px;color: #27ae60\">\n      Comiss\u00e3o Cient\u00edfica\n    <\/h3>\n\n    <ul style=\"padding: 0\">\n      <li style=\"padding: 10px;border-bottom: 1px solid #ddd\">\n        <strong>Mirian Hisae Yaegashi Zappone<\/strong>\n        <span style=\"float: right;color: #555\">UEM<\/span>\n      <\/li>\n      <li style=\"padding: 10px;border-bottom: 1px solid #ddd\">\n        <strong>Maria de Lourdes Rossi Remenche<\/strong>\n        <span style=\"float: right;color: #555\">UTFPR &#8211; CTBA<\/span>\n      <\/li>\n      <li style=\"padding: 10px;border-bottom: 1px solid #ddd\">\n        <strong>Ewerton de S\u00e1 Kaviski<\/strong>\n        <span style=\"float: right;color: #555\">PUC-PR<\/span>\n      <\/li>\n      <li style=\"padding: 10px;border-bottom: 1px solid #ddd\">\n        <strong>Sheila Oliveira Lima<\/strong>\n        <span style=\"float: right;color: #555\">UEL<\/span>\n      <\/li>\n      <li style=\"padding: 10px;border-bottom: 1px solid #ddd\">\n        <strong>Sonia Pascholati<\/strong>\n        <span style=\"float: right;color: #555\">UEL<\/span>\n      <\/li>\n      <li style=\"padding: 10px;border-bottom: 1px solid #ddd\">\n        <strong>Cl\u00e1udia Helena Daher<\/strong>\n        <span style=\"float: right;color: #555\">UFPR<\/span>\n      <\/li>\n      <li style=\"padding: 10px;border-bottom: 1px solid #ddd\">\n        <strong>Elisa Dalla Bona<\/strong>\n        <span style=\"float: right;color: #555\">UFPR<\/span>\n      <\/li>\n<li style=\"padding: 10px\">\n        <strong>Leandro De Bona Dias<\/strong>\n        <span style=\"float: right;color: #555\">UNESC<\/span>\n      <\/li>\n    <\/ul>\n  <\/div>\n\n  <!-- Monitores -->\n  <div>\n    <h3 style=\"border-left: 5px solid #8e44ad;padding-left: 10px;color: #8e44ad\">\n      Monitores\n    <\/h3>\n\n    <p style=\"background: #f9f9f9;padding: 15px;border-left: 4px solid #8e44ad\">\n      Graduandos, bolsistas de Programas Institucionais de Inicia\u00e7\u00e3o Cient\u00edfica (IC),\n      Resid\u00eancia Pedag\u00f3gica e Mestrandos.\n    <\/p>\n  <\/div>\n\n<\/div>\n","protected":false},"excerpt":{"rendered":"","protected":false},"author":1,"featured_media":0,"parent":0,"menu_order":0,"comment_status":"closed","ping_status":"closed","template":"","meta":{"footnotes":""},"class_list":["post-652","page","type-page","status-publish","hentry"],"_links":{"self":[{"href":"https:\/\/eventos.uenp.edu.br\/forum-paranaense-de-letramento-literario\/wp-json\/wp\/v2\/pages\/652","targetHints":{"allow":["GET"]}}],"collection":[{"href":"https:\/\/eventos.uenp.edu.br\/forum-paranaense-de-letramento-literario\/wp-json\/wp\/v2\/pages"}],"about":[{"href":"https:\/\/eventos.uenp.edu.br\/forum-paranaense-de-letramento-literario\/wp-json\/wp\/v2\/types\/page"}],"author":[{"embeddable":true,"href":"https:\/\/eventos.uenp.edu.br\/forum-paranaense-de-letramento-literario\/wp-json\/wp\/v2\/users\/1"}],"replies":[{"embeddable":true,"href":"https:\/\/eventos.uenp.edu.br\/forum-paranaense-de-letramento-literario\/wp-json\/wp\/v2\/comments?post=652"}],"version-history":[{"count":8,"href":"https:\/\/eventos.uenp.edu.br\/forum-paranaense-de-letramento-literario\/wp-json\/wp\/v2\/pages\/652\/revisions"}],"predecessor-version":[{"id":814,"href":"https:\/\/eventos.uenp.edu.br\/forum-paranaense-de-letramento-literario\/wp-json\/wp\/v2\/pages\/652\/revisions\/814"}],"wp:attachment":[{"href":"https:\/\/eventos.uenp.edu.br\/forum-paranaense-de-letramento-literario\/wp-json\/wp\/v2\/media?parent=652"}],"curies":[{"name":"wp","href":"https:\/\/api.w.org\/{rel}","templated":true}]}}