{"id":633,"date":"2022-11-22T16:51:09","date_gmt":"2022-11-22T19:51:09","guid":{"rendered":"https:\/\/eventos.uenp.edu.br\/forum-paranaense-de-letramento-literario\/?page_id=633"},"modified":"2026-03-30T11:30:52","modified_gmt":"2026-03-30T14:30:52","slug":"comissao-tecnica","status":"publish","type":"page","link":"https:\/\/eventos.uenp.edu.br\/forum-paranaense-de-letramento-literario\/comissao-tecnica\/","title":{"rendered":"Comiss\u00e3o T\u00e9cnica"},"content":{"rendered":"<div style=\"font-family: Arial, sans-serif; max-width: 900px; margin: 0 auto; color: #333; line-height: 1.6;\"><!-- Comiss\u00e3o T\u00e9cnica --><\/p>\n<div style=\"margin-bottom: 40px;\">\n<h3 style=\"border-left: 4px solid #999; padding-left: 10px; color: #444; margin-bottom: 15px;\">Comiss\u00e3o T\u00e9cnica<\/h3>\n<ul style=\"list-style: none; padding: 0; margin: 0;\">\n<li style=\"padding: 10px 0; border-bottom: 1px solid #e5e5e5; display: flex; justify-content: space-between; align-items: center;\"><strong>Talita Souza<\/strong> <span style=\"color: #666; font-size: 14px;\">NUPEL<\/span><\/li>\n<li style=\"padding: 10px 0; display: flex; justify-content: space-between; align-items: center;\"><strong>Thaynara Aparecida Machado<\/strong> <span style=\"color: #666; font-size: 14px; text-align: right;\"> Secretaria da P\u00f3s-Gradua\u00e7\u00e3o <\/span><\/li>\n<\/ul>\n<\/div>\n<p><!-- Inscri\u00e7\u00e3o --><\/p>\n<div style=\"text-align: center; margin-top: 30px;\">\n<h3 style=\"color: #2c3e50; margin-bottom: 10px; font-weight: normal;\">Inscreva-se aqui!<\/h3>\n<p style=\"margin-bottom: 20px; color: #666; font-size: 14px;\">(Google Forms \u2013 libera\u00e7\u00e3o de <strong>10\/04 a 14\/05\/2026<\/strong>)<\/p>\n<p><a style=\"display: inline-block; width: 220px; height: 45px; line-height: 45px; text-align: center; background-color: #013f96; color: white; text-decoration: none; border-radius: 4px; font-weight: bold;\" href=\"#\" target=\"_blank\" rel=\"noopener\"> Acessar Formul\u00e1rio <\/a><\/p>\n<\/div>\n<\/div>\n","protected":false},"excerpt":{"rendered":"","protected":false},"author":1,"featured_media":0,"parent":0,"menu_order":0,"comment_status":"closed","ping_status":"closed","template":"","meta":{"footnotes":""},"class_list":["post-633","page","type-page","status-publish","hentry"],"_links":{"self":[{"href":"https:\/\/eventos.uenp.edu.br\/forum-paranaense-de-letramento-literario\/wp-json\/wp\/v2\/pages\/633","targetHints":{"allow":["GET"]}}],"collection":[{"href":"https:\/\/eventos.uenp.edu.br\/forum-paranaense-de-letramento-literario\/wp-json\/wp\/v2\/pages"}],"about":[{"href":"https:\/\/eventos.uenp.edu.br\/forum-paranaense-de-letramento-literario\/wp-json\/wp\/v2\/types\/page"}],"author":[{"embeddable":true,"href":"https:\/\/eventos.uenp.edu.br\/forum-paranaense-de-letramento-literario\/wp-json\/wp\/v2\/users\/1"}],"replies":[{"embeddable":true,"href":"https:\/\/eventos.uenp.edu.br\/forum-paranaense-de-letramento-literario\/wp-json\/wp\/v2\/comments?post=633"}],"version-history":[{"count":13,"href":"https:\/\/eventos.uenp.edu.br\/forum-paranaense-de-letramento-literario\/wp-json\/wp\/v2\/pages\/633\/revisions"}],"predecessor-version":[{"id":784,"href":"https:\/\/eventos.uenp.edu.br\/forum-paranaense-de-letramento-literario\/wp-json\/wp\/v2\/pages\/633\/revisions\/784"}],"wp:attachment":[{"href":"https:\/\/eventos.uenp.edu.br\/forum-paranaense-de-letramento-literario\/wp-json\/wp\/v2\/media?parent=633"}],"curies":[{"name":"wp","href":"https:\/\/api.w.org\/{rel}","templated":true}]}}