
{"id":936,"date":"2023-11-08T15:56:53","date_gmt":"2023-11-08T18:56:53","guid":{"rendered":"https:\/\/eventos.uenp.edu.br\/conien\/?page_id=936"},"modified":"2023-11-08T15:56:53","modified_gmt":"2023-11-08T18:56:53","slug":"palestrantes","status":"publish","type":"page","link":"https:\/\/eventos.uenp.edu.br\/conien\/i-conien-2017\/palestrantes\/","title":{"rendered":"Palestrantes"},"content":{"rendered":"<p style=\"text-align: justify;\"><strong>Profa. Dra. Clara Maria Gil Ferreira Fernandes Pereira Coutinho<\/strong>, \u00e9 professora no Instituto de Educa\u00e7\u00e3o da Universidade do Minho. Atua na \u00e1rea de Ci\u00eancias da Educa\u00e7\u00e3o, em linhas de investiga\u00e7\u00e3o ligadas \u00e0 Tecnologia Educativa.<\/p>\n<p style=\"text-align: justify;\"><strong>Profa. Dra. Hilda Helena Sovierzoski<\/strong>, graduada em Ci\u00eancias Biol\u00f3gicas pela Universidade Federal do Paran\u00e1 (1985), com Mestrado em Zoologia pela Universidade Federal do Paran\u00e1 (1991) e Doutorado em Ci\u00eancias Biol\u00f3gicas (Zoologia) pela Universidade de S\u00e3o Paulo (2000). Professora Adjunto da Universidade Federal de Alagoas. Tem experi\u00eancia na \u00e1rea de Zoologia, com \u00eanfase em Taxonomia de Poliquetas, atuando tamb\u00e9m na pesquisa de comunidades macrobent\u00f4nicas de fundos inconsolidados, fauna associada aos fitais, fauna associada a comunidades incrustantes, macrobentos da plataforma continental e educa\u00e7\u00e3o ambiental. Participa da subrede ReBentos, integrante do INCT Mudan\u00e7as Clim\u00e1ticas e do INCT Ci\u00eancias do Mar. Participa do Programa de P\u00f3s-Gradua\u00e7\u00e3o em Ensino de CI\u00eancias e Matem\u00e1tica (PPGECIM), mestrado profissional multiunidades e interinstitucional, atuando como professora permanente e orientadora em Ensino de Biologia. Atualmente ocupa o cargo de coordenadora adjunto dos Mestrados Profissionais da \u00e1rea de Ensino na CAPES.<\/p>\n<p style=\"text-align: justify;\"><strong>Profa. Dra. Eliane Segati Rios Registro<\/strong>, possui gradua\u00e7\u00e3o em Letras Anglo Portuguesas pela Faculdade Estadual de Filosofia Ci\u00eancias Letras de Corn\u00e9lio Proc\u00f3pio (1999), mestrado em Estudos da Linguagem pela Universidade Estadual de Londrina (2010) e doutorado em Estudos da Linguagem pela Universidade Estadual de Londrina (2013). Atualmente \u00e9 professora adjunta da Universidade Estadual do Norte do Paran\u00e1 no curso de Letras Portugu\u00eas-Ingl\u00eas, atua como docente permanente no Mestrado Profissional em Letras \u00e9 l\u00edder do grupo de pesquisa GETELIN, g\u00eaneros textuais e estudos da linguagem. \u00c9 membro da C\u00e2mara de Internacionaliza\u00e7\u00e3o da ABRUEM e est\u00e1 como Coordenadora de Rela\u00e7\u00f5es Internacionais, representando institucionalmente os programas Paran\u00e1 fala Ingl\u00eas, do Governo Estadual, Ingl\u00eas sem Fronteiras e Ci\u00eancias sem Fronteiras, do Governo Federal. Tem experi\u00eancia na \u00e1rea de Letras, com \u00eanfase em L\u00edngua Inglesa, atuando principalmente nos seguintes temas: internacionaliza\u00e7\u00e3o, forma\u00e7\u00e3o de professor de l\u00edngua inglesa, ensino de l\u00ednguas e literatura de l\u00edngua inglesa.<\/p>\n<p style=\"text-align: justify;\"><strong>Profa. Dra. Katia Romero Felizardo Scannavino<\/strong>, possui p\u00f3s-doutorado e doutorado em Ci\u00eancias da Computa\u00e7\u00e3o e Matem\u00e1tica Computacional pela Universidade de S\u00e3o Paulo no Instituto de Ci\u00eancias Matem\u00e1ticas e de Computa\u00e7\u00e3o \u2013 USP\/ICMC-S\u00e3o Carlos, durante o doutorado fez per\u00edodo sandu\u00edche na\u00a0 University of Auckland, Nova Zel\u00e2ndia. Fez mestrado em Ci\u00eancia da Computa\u00e7\u00e3o pela Universidade Federal de S\u00e3o Carlos \u2013 UFSCar. Foi professora da Universidade do Oeste Paulista \u2013 UNOESTE, da Universidade Estadual de Londrina \u2013 UEL, e da Universidade Estadual Norte do Paran\u00e1 \u2013 UENP. Atualmente \u00e9 professora da UTFPR \u2013 Campus Corn\u00e9lio Proc\u00f3pio\/Paran\u00e1. Tem experi\u00eancia na \u00e1rea de Ci\u00eancia da Computa\u00e7\u00e3o, com \u00eanfase em Engenharia de Software e Minera\u00e7\u00e3o Visual de Dados, atuando principalmente nos seguintes temas: Revis\u00e3o Sistem\u00e1tica e Minera\u00e7\u00e3o Visual de Texto.<\/p>\n<p style=\"text-align: justify;\"><strong>Profa. Dra. Alexandrina Aparecida Maciel Cardelli,<\/strong>\u00a0possui gradua\u00e7\u00e3o em Enfermagem e Obstetr\u00edcia pela Universidade Estadual de Londrina (1985), mestrado em Sa\u00fade P\u00fablica pela Universidade de S\u00e3o Paulo (1994) e doutorado em Sa\u00fade P\u00fablica pela Universidade de S\u00e3o Paulo \u2013 London School of Hygiene and Tropical Medicine (2000). Atualmente \u00e9 professora associada da Universidade Estadual de Londrina, atuando na gradua\u00e7\u00e3o, no Programa de Resid\u00eancias em Enfermagem e no Programa de Mestrado em Enfermagem. Coordenadora do Comit\u00ea de \u00c9tica em Pesquisa Envolvendo Seres Humanos. Tem experi\u00eancia na \u00e1rea de enfermagem, com \u00eanfase em epidemiologia, atuando principalmente nos seguintes temas: diagn\u00f3sticos epidemiol\u00f3gicos em sa\u00fade, assist\u00eancia no per\u00edodo grav\u00eddico-puerperal, mortalidade materna, sa\u00fade p\u00fablica, sa\u00fade da fam\u00edlia, gest\u00e3o de servi\u00e7os e bio\u00e9tica.<\/p>\n<p style=\"text-align: justify;\"><strong>Profa. Dra. Marinez Meneghello Passos<\/strong>, \u00e9 Bacharel e Licenciada em Matem\u00e1tica (UEL, 1981-1982), Mestre em Matem\u00e1tica (UEL, 1989), Mestre em Educa\u00e7\u00e3o (UEL, 2004) e Doutora em Educa\u00e7\u00e3o para a Ci\u00eancia (Unesp, 2009). Professora da Universidade Estadual de Londrina de 1982 a 2015. Atualmente \u00e9 Professora S\u00eanior da Universidade Estadual de Londrina, vinculada ao Programa de P\u00f3s-Gradua\u00e7\u00e3o em Ensino de Ci\u00eancia e Educa\u00e7\u00e3o Matem\u00e1tica. Possui diversos artigos e trabalhos publicados em Educa\u00e7\u00e3o Matem\u00e1tica e Ensino de Ci\u00eancias. Orientou diversas disserta\u00e7\u00f5es de mestrado e teses de doutorado em Educa\u00e7\u00e3o Matem\u00e1tica e Ensino de Ci\u00eancias. Atuou em projetos de extens\u00e3o, ensino e pesquisa como coordenadora e\/ou colaboradora. Autora de livros did\u00e1ticos em Matem\u00e1tica e Ci\u00eancias para o Ensino Fundamental e a Educa\u00e7\u00e3o de Jovens e Adultos. Atualmente coordena e colabora com projetos de pesquisa. \u00c9 lider do grupo de pesquisa EDUCIM, criado em 2002 [http:\/\/educimlondrina.blogspot.com.br\/]. Dedica-se atualmente \u00e0s seguintes linhas de pesquisa: An\u00e1lises Qualitativas; Forma\u00e7\u00e3o de Professores; Educa\u00e7\u00e3o Informal; Ensino e Aprendizagem de Matem\u00e1tica e Ci\u00eancias. Foi bolsista Produtividade da Funda\u00e7\u00e3o Arauc\u00e1ria no per\u00edodo de 2014-2016. Atualmente \u00e9 Bolsista S\u00eanior da Funda\u00e7\u00e3o Arauc\u00e1ria.<\/p>\n<p style=\"text-align: justify;\"><strong>Prof. Dr. Sergio de Mello Arruda<\/strong>, \u00e9 Bacharel em F\u00edsica (USP, 1976), Mestre em Ensino de Ci\u00eancias (USP, 1994) e Doutor em Educa\u00e7\u00e3o (USP, 2001). Professor da Universidade Estadual de Londrina de 1978 a 2016 (atualmente professor senior da UEL). Aprovou diversos projetos de pesquisa e extens\u00e3o no CNPq, CAPES, Vitae. Possui diversos artigos e trabalhos publicados em Ensino de Ci\u00eancias. Orientou diversas disserta\u00e7\u00f5es de mestrado e teses de doutorado em ensino de ci\u00eancias. Coordenou o projeto de extens\u00e3o RENOP \u2013 Rede de Dissemina\u00e7\u00e3o em Educa\u00e7\u00e3o Cient\u00edfica do Norte do Paran\u00e1 entre 1994-1997 [CAPES\/PADCT]; coordenou o projeto de extens\u00e3o PROCI\u00caNCIAS entre 1997-2000 [CAPES\/PADCT]. Coordenou a implanta\u00e7\u00e3o do Programa em Ensino de Ci\u00eancias e Educa\u00e7\u00e3o Matem\u00e1tica da UEL. Coordenou a implanta\u00e7\u00e3o do Museu de Ci\u00eancia e Tecnologia de Londrina, \u00f3rg\u00e3o suplementar da UEL. Coordenou a implanta\u00e7\u00e3o do projeto PIBID\/UEL. Cargos exercidos: coordenador do Programa em Ensino de Ci\u00eancias e Educa\u00e7\u00e3o Matem\u00e1tica de 2002 a 2004; diretor do Museu de Ci\u00eancia e Tecnologia da UEL de 2009 a 2014; coordenador institucional do projeto PIBID\/UEL de 2009 a 2013; Pr\u00f3-reitor de extens\u00e3o da UEL de 2014 a 2016. \u00c9 lider do grupo de pesquisa EDUCIM, criado em 2002 [http:\/\/educimlondrina.blogspot.com.br\/]. Linhas de pesquisa atuais: Rela\u00e7\u00e3o com o saber em sala de aula; Forma\u00e7\u00e3o de professores; Educa\u00e7\u00e3o informal; Psican\u00e1lise e ensino de Ci\u00eancias.<\/p>\n","protected":false},"excerpt":{"rendered":"","protected":false},"author":1,"featured_media":0,"parent":930,"menu_order":0,"comment_status":"closed","ping_status":"closed","template":"","meta":{"footnotes":""},"class_list":["post-936","page","type-page","status-publish","hentry"],"_links":{"self":[{"href":"https:\/\/eventos.uenp.edu.br\/conien\/wp-json\/wp\/v2\/pages\/936","targetHints":{"allow":["GET"]}}],"collection":[{"href":"https:\/\/eventos.uenp.edu.br\/conien\/wp-json\/wp\/v2\/pages"}],"about":[{"href":"https:\/\/eventos.uenp.edu.br\/conien\/wp-json\/wp\/v2\/types\/page"}],"author":[{"embeddable":true,"href":"https:\/\/eventos.uenp.edu.br\/conien\/wp-json\/wp\/v2\/users\/1"}],"replies":[{"embeddable":true,"href":"https:\/\/eventos.uenp.edu.br\/conien\/wp-json\/wp\/v2\/comments?post=936"}],"version-history":[{"count":1,"href":"https:\/\/eventos.uenp.edu.br\/conien\/wp-json\/wp\/v2\/pages\/936\/revisions"}],"predecessor-version":[{"id":941,"href":"https:\/\/eventos.uenp.edu.br\/conien\/wp-json\/wp\/v2\/pages\/936\/revisions\/941"}],"up":[{"embeddable":true,"href":"https:\/\/eventos.uenp.edu.br\/conien\/wp-json\/wp\/v2\/pages\/930"}],"wp:attachment":[{"href":"https:\/\/eventos.uenp.edu.br\/conien\/wp-json\/wp\/v2\/media?parent=936"}],"curies":[{"name":"wp","href":"https:\/\/api.w.org\/{rel}","templated":true}]}}