
{"id":874,"date":"2023-11-07T13:46:53","date_gmt":"2023-11-07T16:46:53","guid":{"rendered":"https:\/\/eventos.uenp.edu.br\/conien\/?page_id=874"},"modified":"2025-12-17T14:31:22","modified_gmt":"2025-12-17T17:31:22","slug":"uenp-uminho","status":"publish","type":"page","link":"https:\/\/eventos.uenp.edu.br\/conien\/iii-conien\/uenp-uminho\/","title":{"rendered":"UENP-UMinho Parceria"},"content":{"rendered":"<hr \/>\n<p><strong>Conhe\u00e7a a UMinho:<\/strong><\/p>\n<ul>\n<li>\n<h6>&#8211; Instituto de Educa\u00e7\u00e3o da UMinho para divulga\u00e7\u00e3o:<span style=\"color: #00ccff\"> <a style=\"color: #00ccff\" href=\"http:\/\/www.ie.uminho.pt\">www.ie.uminho.pt<\/a><\/span><\/h6>\n<\/li>\n<li>\n<h6>&#8211; V\u00eddeo Institucional da UENP: <span style=\"color: #00ccff\"><a style=\"color: #00ccff\" href=\"https:\/\/www.youtube.com\/watch?v=I9TuZYYK3Js\">https:\/\/www.youtube.com\/watch?v=I9TuZYYK3Js<\/a><\/span><\/h6>\n<\/li>\n<\/ul>\n<p>&nbsp;<\/p>\n<p><strong>Conhe\u00e7a a UENP:<\/strong><\/p>\n<ul>\n<li>\n<h6>&#8211; Portal da UENP: <span style=\"color: #00ccff\"><a style=\"color: #00ccff\" href=\"https:\/\/uenp.edu.br\/\">https:\/\/uenp.edu.br\/<\/a><\/span><\/h6>\n<\/li>\n<li>\n<h6>&#8211; V\u00eddeo Institucional da UENP: <span style=\"color: #00ccff\"><a style=\"color: #00ccff\" href=\"https:\/\/www.youtube.com\/watch?v=-GSWsYHT0GQ\">https:\/\/www.youtube.com\/watch?v=-GSWsYHT0GQ<\/a><\/span><\/h6>\n<\/li>\n<li>\n<h6>&#8211; Programa de P\u00f3s-Gradua\u00e7\u00e3o em Ensino da UENP:<\/h6>\n<ul>\n<li>\n<h6><span style=\"color: #00ccff\"><a style=\"color: #00ccff\" href=\"https:\/\/www.instagram.com\/ppgenuenp\/\">https:\/\/www.instagram.com\/ppgenuenp\/<\/a><\/span><\/h6>\n<\/li>\n<li>\n<h6><span style=\"color: #00ccff\"><a style=\"color: #00ccff\" href=\"https:\/\/www.facebook.com\/ppgen.uenp.3\/\">https:\/\/www.facebook.com\/ppgen.uenp.3\/<\/a><\/span><\/h6>\n<\/li>\n<li>\n<h6><span style=\"color: #00ccff\"><a style=\"color: #00ccff\" href=\"https:\/\/uenp.edu.br\/mestrado-ensino\">https:\/\/uenp.edu.br\/mestrado-ensino<\/a><\/span><\/h6>\n<\/li>\n<\/ul>\n<\/li>\n<\/ul>\n","protected":false},"excerpt":{"rendered":"","protected":false},"author":1,"featured_media":0,"parent":783,"menu_order":0,"comment_status":"closed","ping_status":"closed","template":"","meta":{"footnotes":""},"class_list":["post-874","page","type-page","status-publish","hentry"],"_links":{"self":[{"href":"https:\/\/eventos.uenp.edu.br\/conien\/wp-json\/wp\/v2\/pages\/874","targetHints":{"allow":["GET"]}}],"collection":[{"href":"https:\/\/eventos.uenp.edu.br\/conien\/wp-json\/wp\/v2\/pages"}],"about":[{"href":"https:\/\/eventos.uenp.edu.br\/conien\/wp-json\/wp\/v2\/types\/page"}],"author":[{"embeddable":true,"href":"https:\/\/eventos.uenp.edu.br\/conien\/wp-json\/wp\/v2\/users\/1"}],"replies":[{"embeddable":true,"href":"https:\/\/eventos.uenp.edu.br\/conien\/wp-json\/wp\/v2\/comments?post=874"}],"version-history":[{"count":13,"href":"https:\/\/eventos.uenp.edu.br\/conien\/wp-json\/wp\/v2\/pages\/874\/revisions"}],"predecessor-version":[{"id":1308,"href":"https:\/\/eventos.uenp.edu.br\/conien\/wp-json\/wp\/v2\/pages\/874\/revisions\/1308"}],"up":[{"embeddable":true,"href":"https:\/\/eventos.uenp.edu.br\/conien\/wp-json\/wp\/v2\/pages\/783"}],"wp:attachment":[{"href":"https:\/\/eventos.uenp.edu.br\/conien\/wp-json\/wp\/v2\/media?parent=874"}],"curies":[{"name":"wp","href":"https:\/\/api.w.org\/{rel}","templated":true}]}}