
{"id":862,"date":"2023-11-07T13:44:27","date_gmt":"2023-11-07T16:44:27","guid":{"rendered":"https:\/\/eventos.uenp.edu.br\/conien\/?page_id=862"},"modified":"2026-03-30T15:37:17","modified_gmt":"2026-03-30T18:37:17","slug":"comite-cientifico","status":"publish","type":"page","link":"https:\/\/eventos.uenp.edu.br\/conien\/iii-conien\/comite-cientifico\/","title":{"rendered":"Comit\u00ea Cient\u00edfico"},"content":{"rendered":"<p><strong><span style=\"font-size: 18pt\">Em Atualiza\u00e7\u00e3o<\/span><\/strong><\/p>\n<table style=\"border-collapse: collapse;width: 100%\">\n<tbody>\n<tr>\n<td style=\"width: 50%\"><\/td>\n<td style=\"width: 50%\"><\/td>\n<td style=\"width: 50%\"><\/td>\n<\/tr>\n<\/tbody>\n<\/table>\n<table style=\"border-collapse: collapse;width: 100%;height: 10px\">\n<tbody>\n<tr style=\"height: 24px\">\n<td style=\"width: 50%;height: 10px\"><\/td>\n<td style=\"width: 50%;height: 10px\"><\/td>\n<\/tr>\n<\/tbody>\n<\/table>\n<table style=\"border-collapse: collapse;width: 100%;height: 1608px\">\n<tbody>\n<tr style=\"height: 24px\">\n<td style=\"width: 50%;height: 24px\">Profa. Dra. Maria \u00a0Raquel Vaz Patr\u00edcio<\/td>\n<td style=\"width: 50%;height: 24px\">Instituto Polit\u00e9cnico de Bragan\u00e7a<\/td>\n<\/tr>\n<tr style=\"height: 48px\">\n<td style=\"width: 50%;height: 48px\">Profa. Dra. Eloiza Aparecida Avila Silva de Mattos<\/td>\n<td style=\"width: 50%;height: 48px\">Universidade Tecnol\u00f3gica Federal do Paran\u00e1 &#8211; campus de Curitiba<\/td>\n<\/tr>\n<tr style=\"height: 24px\">\n<td style=\"width: 50%;height: 24px\">Prof. Dr. Thiago Fernando Mendes<\/td>\n<td style=\"width: 50%;height: 24px\">Universidade Estadual do Norte do Paran\u00e1, Brasil<\/td>\n<\/tr>\n<tr style=\"height: 24px\">\n<td style=\"width: 50%;height: 24px\">Prof. Dr. Jos\u00e9 Manuel de Amo S\u00e1nchez-Fort\u00fan<\/td>\n<td style=\"width: 50%;height: 24px\">Universidad de Almer\u00eda, Espanha<\/td>\n<\/tr>\n<tr style=\"height: 24px\">\n<td style=\"width: 50%;height: 24px\">Profa. Dra. Cristina Ca\u00f1amares Torrijos<\/td>\n<td style=\"width: 50%;height: 24px\">Universidade Castilha-La Mancha, Espanha<\/td>\n<\/tr>\n<tr style=\"height: 48px\">\n<td style=\"width: 50%;height: 48px\">Prof. Dr. Eduardo Damasceno<\/td>\n<td style=\"width: 50%;height: 48px\">Universidade Tecnol\u00f3gica Federal do Paran\u00e1 &#8211; campus de Corn\u00e9lio Proc\u00f3pio<\/td>\n<\/tr>\n<tr style=\"height: 24px\">\n<td style=\"width: 50%;height: 24px\">Prof. Dr. Armando Paulo da Silva<\/td>\n<td style=\"width: 50%;height: 24px\">Universidade Tecnol\u00f3gica Federal do Paran\u00e1 &#8211; campus de Corn\u00e9lio Proc\u00f3pio<\/td>\n<\/tr>\n<tr style=\"height: 24px\">\n<td style=\"width: 50%;height: 24px\">Profa. Dra. Joyce Jaquelinne Caetano<\/td>\n<td style=\"width: 50%;height: 24px\">Universidade Estadual do Centro-Oeste<\/td>\n<\/tr>\n<tr style=\"height: 24px\">\n<td style=\"width: 50%;height: 24px\">\u00a0Profa. Dra. Eliana Ishikawa<\/td>\n<td style=\"width: 50%;height: 24px\">Universidade Tecnol\u00f3gica Federal do Paran\u00e1 &#8211; campus de Ponta Grossa<\/td>\n<\/tr>\n<tr style=\"height: 24px\">\n<td style=\"width: 50%;height: 24px\">Prof. Dr. Diego Gomes do Valle<\/td>\n<td style=\"width: 50%;height: 24px\">Universidade Tecnol\u00f3gica Federal do Paran\u00e1 &#8211; campus de Ponta Grossa<\/td>\n<\/tr>\n<tr style=\"height: 24px\">\n<td style=\"width: 50%;height: 24px\">Profa. Dra. lda Freire Ribeiro<\/td>\n<td style=\"width: 50%;height: 24px\">Instituto Polit\u00e9cnico de Bragan\u00e7a<\/td>\n<\/tr>\n<tr style=\"height: 48px\">\n<td style=\"width: 50%;height: 48px\">Profa. Dra. Renata Desbessel<\/td>\n<td style=\"width: 50%;height: 48px\">Universidade Tecnol\u00f3gica Federal do Paran\u00e1 &#8211; campus de Ponta Grossa<\/td>\n<\/tr>\n<tr style=\"height: 24px\">\n<td style=\"width: 50%;height: 24px\">Profa. Dra. Bettina Heerdt<\/td>\n<td style=\"width: 50%;height: 24px\">Universidade Estadual do Centro-Oeste<\/td>\n<\/tr>\n<tr style=\"height: 24px\">\n<td style=\"width: 50%;height: 24px\">Profa. Dra. Maria Jos\u00e9 Rodrigues<\/td>\n<td style=\"width: 50%;height: 24px\">Instituto Polit\u00e9cnico de Bragan\u00e7a<\/td>\n<\/tr>\n<tr style=\"height: 24px\">\n<td style=\"width: 50%;height: 24px\">Profa. Dra. Elisa Aguayo da Rosa<\/td>\n<td style=\"width: 50%;height: 24px\">Universidade Estadual do Centro-Oeste<\/td>\n<\/tr>\n<tr style=\"height: 48px\">\n<td style=\"width: 50%;height: 48px\">Profa. Dra. Karina Alessandra Pessoa da Silva<\/td>\n<td style=\"width: 50%;height: 48px\">Universidade Tecnol\u00f3gica Federal do Paran\u00e1 &#8211; campus de Londrina<\/td>\n<\/tr>\n<tr style=\"height: 48px\">\n<td style=\"width: 50%;height: 48px\">Profa. Dra. Elaine Ferreira Machado<\/td>\n<td style=\"width: 50%;height: 48px\">Universidade Tecnol\u00f3gica Federal do Paran\u00e1 &#8211; campus de Ponta Grossa<\/td>\n<\/tr>\n<tr style=\"height: 48px\">\n<td style=\"width: 50%;height: 48px\">Prof. Dr. Adriano Romero<\/td>\n<td style=\"width: 50%;height: 48px\">Universidade Tecnol\u00f3gica Federal do Paran\u00e1 &#8211; campus de Campo Mour\u00e3o<\/td>\n<\/tr>\n<tr style=\"height: 48px\">\n<td style=\"width: 50%;height: 48px\">Profa. Dra. Josmaria de Morais<\/td>\n<td style=\"width: 50%;height: 48px\">Universidade Tecnol\u00f3gica Federal do Paran\u00e1 &#8211; campus de Curitiba<\/td>\n<\/tr>\n<tr style=\"height: 24px\">\n<td style=\"width: 50%;height: 24px\">Profa. Dra. Anna Fl\u00e1via Magnoni Vieira<\/td>\n<td style=\"width: 50%;height: 24px\">Universidade Estadual do Paran\u00e1 &#8211; campus Apucarana<\/td>\n<\/tr>\n<tr style=\"height: 24px\">\n<td style=\"width: 50%;height: 24px\">Profa. Dra. Leonir Lorenzetti<\/td>\n<td style=\"width: 50%;height: 24px\">Universidade Federal do Paran\u00e1<\/td>\n<\/tr>\n<tr style=\"height: 48px\">\n<td style=\"width: 50%;height: 48px\">Prof. Dr. Lucas Ferreira Gomes<\/td>\n<td style=\"width: 50%;height: 48px\">Universidade Estadual do Norte do Paran\u00e1 &#8211; campus de Corn\u00e9lio Proc\u00f3pio<\/td>\n<\/tr>\n<tr style=\"height: 48px\">\n<td style=\"width: 50%;height: 48px\">Profa. Dra. Luciana Boemer Cesar Pereira<\/td>\n<td style=\"width: 50%;height: 48px\">Universidade Tecnol\u00f3gica Federal do Paran\u00e1 &#8211; campus de Dois Vizinhos<\/td>\n<\/tr>\n<tr style=\"height: 48px\">\n<td style=\"width: 50%;height: 48px\">Profa. Dra. Caroline Dall&#8217;agnol<\/td>\n<td style=\"width: 50%;height: 48px\">Universidade Tecnol\u00f3gica Federal do Paran\u00e1 &#8211; campus de Dois Vizinhos<\/td>\n<\/tr>\n<tr style=\"height: 24px\">\n<td style=\"width: 50%;height: 24px\">Prof. Dr. M\u00e1rcio Andr\u00e9 Martins<\/td>\n<td style=\"width: 50%;height: 24px\">Universidade Estadual do Centro-Oeste<\/td>\n<\/tr>\n<tr style=\"height: 48px\">\n<td style=\"width: 50%;height: 48px\">Prof. Dr. Adalberto Ferdnando Inoc\u00eancio<\/td>\n<td style=\"width: 50%;height: 48px\">Universidade Tecnol\u00f3gica Federal do Paran\u00e1 &#8211; campus de Curitiba<\/td>\n<\/tr>\n<tr style=\"height: 48px\">\n<td style=\"width: 50%;height: 48px\">Prof.a Dra. Fl\u00e1via Dias de Souza<\/td>\n<td style=\"width: 50%;height: 48px\">Universidade Tecnol\u00f3gica Federal do Paran\u00e1 &#8211; campus de Curitiba<\/td>\n<\/tr>\n<tr style=\"height: 48px\">\n<td style=\"width: 50%;height: 48px\">Prof. Dr. Gustavo Nishida<\/td>\n<td style=\"width: 50%;height: 48px\">Universidade Tecnol\u00f3gica Federal do Paran\u00e1 &#8211; campus de Curitiba<\/td>\n<\/tr>\n<tr style=\"height: 48px\">\n<td style=\"width: 50%;height: 48px\">Profa. Dra. Jamile Cristina Ajub Bridi<\/td>\n<td style=\"width: 50%;height: 48px\">Universidade Tecnol\u00f3gica Federal do Paran\u00e1 &#8211; campus de Curitiba<\/td>\n<\/tr>\n<tr style=\"height: 48px\">\n<td style=\"width: 50%;height: 48px\">Prof. Dr. Jo\u00e3o Carlos Pereira de Moraes<\/td>\n<td style=\"width: 50%;height: 48px\">Universidade Tecnol\u00f3gica Federal do Paran\u00e1 &#8211; campus de Curitiba<\/td>\n<\/tr>\n<tr style=\"height: 48px\">\n<td style=\"width: 50%;height: 48px\">Prof. Dr. Marcelo Souza Motta<\/td>\n<td style=\"width: 50%;height: 48px\">Universidade Tecnol\u00f3gica Federal do Paran\u00e1 &#8211; campus de Curitiba<\/td>\n<\/tr>\n<tr style=\"height: 48px\">\n<td style=\"width: 50%;height: 48px\">Profa. Dra. Maria S\u00edlvia Bacila<\/td>\n<td style=\"width: 50%;height: 48px\">Universidade Tecnol\u00f3gica Federal do Paran\u00e1 &#8211; campus de Curitiba<\/td>\n<\/tr>\n<tr style=\"height: 48px\">\n<td style=\"width: 50%;height: 48px\">Profa. Dr. Marta Rejane Proen\u00e7a Filietaz<\/td>\n<td style=\"width: 50%;height: 48px\">Universidade Tecnol\u00f3gica Federal do Paran\u00e1 &#8211; campus de Curitiba<\/td>\n<\/tr>\n<tr style=\"height: 48px\">\n<td style=\"width: 50%;height: 48px\">Prof. Dr. Os\u00e9ias Santos de Oliveira<\/td>\n<td style=\"width: 50%;height: 48px\">Universidade Tecnol\u00f3gica Federal do Paran\u00e1 &#8211; campus de Curitiba<\/td>\n<\/tr>\n<tr style=\"height: 24px\">\n<td style=\"width: 50%;height: 24px\">Profa. Dra. Silvana Stremel<\/td>\n<td style=\"width: 50%;height: 24px\">Universidade Tecnol\u00f3gica Federal do Paran\u00e1 &#8211; campus de Curitiba<\/td>\n<\/tr>\n<tr style=\"height: 24px\">\n<td style=\"width: 50%;height: 24px\">Profa. Dra. S\u00edlvia Andreis Witkoski<\/td>\n<td style=\"width: 50%;height: 24px\">Universidade Tecnol\u00f3gica Federal do Paran\u00e1 &#8211; campus de Curitiba<\/td>\n<\/tr>\n<tr style=\"height: 24px\">\n<td style=\"width: 50%;height: 24px\">Profa. Dra. Zinara Marcet de Andrade<\/td>\n<td style=\"width: 50%;height: 24px\">Universidade Tecnol\u00f3gica Federal do Paran\u00e1 &#8211; campus de Curitiba<\/td>\n<\/tr>\n<tr style=\"height: 24px\">\n<td style=\"width: 50%;height: 24px\">Profa. Dra. Mar\u00edlia Bazan Blanco<\/td>\n<td style=\"width: 50%;height: 24px\">Universidade Estadual do Norte do Paran\u00e1 &#8211; Campus de Corn\u00e9lio Proc\u00f3pio<\/td>\n<\/tr>\n<tr style=\"height: 24px\">\n<td style=\"width: 50%;height: 24px\">Prof. Dr. Wilian Barbosa Travassos<\/td>\n<td style=\"width: 50%;height: 24px\">Universidade Estadual do Norte do Paran\u00e1 &#8211; Campus de Corn\u00e9lio Proc\u00f3pio<\/td>\n<\/tr>\n<tr style=\"height: 48px\">\n<td style=\"width: 50%;height: 48px\">Profa. Dra. Bianca de Oliveira Martins<\/td>\n<td style=\"width: 50%;height: 48px\">Universidade Estadual do Norte do Paran\u00e1 &#8211; Campus de Corn\u00e9lio Proc\u00f3pio<\/td>\n<\/tr>\n<tr style=\"height: 48px\">\n<td style=\"width: 50%;height: 48px\">Profa. Dra. Roberta Negr\u00e3o de Ara\u00fajo<\/td>\n<td style=\"width: 50%;height: 48px\">Universidade Estadual do Norte do Paran\u00e1 &#8211; Campus de Corn\u00e9lio Proc\u00f3pio<\/td>\n<\/tr>\n<tr style=\"height: 24px\">\n<td style=\"width: 50%;height: 24px\">Prof. Dr. Jeferson Takeo Padoan Seki<\/td>\n<td style=\"width: 50%;height: 24px\">Universidade Estadual do Norte do Paran\u00e1 &#8211; Campus de Corn\u00e9lio Proc\u00f3pio<\/td>\n<\/tr>\n<tr style=\"height: 24px\">\n<td style=\"width: 50%;height: 24px\">Profa. Dra. Diesse Aparecida de Oliveira Sereia<\/td>\n<td style=\"width: 50%;height: 24px\">Universidade Tecnol\u00f3gica Federal do Paran\u00e1 &#8211; campus de Dois Vizinhos<\/td>\n<\/tr>\n<tr style=\"height: 24px\">\n<td style=\"width: 50%;height: 24px\">Profa. Dra. Edgar de Souza Vismara<\/td>\n<td style=\"width: 50%;height: 24px\">Universidade Tecnol\u00f3gica Federal do Paran\u00e1 &#8211; campus de Dois Vizinhos<\/td>\n<\/tr>\n<tr style=\"height: 24px\">\n<td style=\"width: 50%;height: 24px\">Prof. MSc. Glauber Sartori<\/td>\n<td style=\"width: 50%;height: 24px\">Universidade Tecnol\u00f3gica Federal do Paran\u00e1 &#8211; campus de Dois Vizinhos<\/td>\n<\/tr>\n<tr style=\"height: 24px\">\n<td style=\"width: 50%;height: 24px\">Profa. Dra. Juliana Palavezzini<\/td>\n<td style=\"width: 50%;height: 24px\">Universidade Tecnol\u00f3gica Federal do Paran\u00e1 &#8211; campus de Dois Vizinhos<\/td>\n<\/tr>\n<tr>\n<td style=\"width: 50%\">Profa. Dra. Mara Luciane Kovalski<\/td>\n<td style=\"width: 50%\">Universidade Tecnol\u00f3gica Federal do Paran\u00e1 &#8211; campus de Dois Vizinhos<\/td>\n<\/tr>\n<tr>\n<td style=\"width: 50%\">Profa. Dra. Rosangela Maria Boeno<\/td>\n<td style=\"width: 50%\">Universidade Tecnol\u00f3gica Federal do Paran\u00e1 &#8211; campus de Dois Vizinhos<\/td>\n<\/tr>\n<tr>\n<td style=\"width: 50%\">Profa. Dra. Sofia Bergano<\/td>\n<td style=\"width: 50%\">Instituto Polit\u00e9cnico de Bragan\u00e7a<\/td>\n<\/tr>\n<tr>\n<td style=\"width: 50%\"><\/td>\n<td style=\"width: 50%\">ESE-IPB<\/td>\n<\/tr>\n<tr>\n<td style=\"width: 50%\"><\/td>\n<td style=\"width: 50%\"><\/td>\n<\/tr>\n<\/tbody>\n<\/table>\n","protected":false},"excerpt":{"rendered":"","protected":false},"author":1,"featured_media":0,"parent":783,"menu_order":0,"comment_status":"closed","ping_status":"closed","template":"","meta":{"footnotes":""},"class_list":["post-862","page","type-page","status-publish","hentry"],"_links":{"self":[{"href":"https:\/\/eventos.uenp.edu.br\/conien\/wp-json\/wp\/v2\/pages\/862","targetHints":{"allow":["GET"]}}],"collection":[{"href":"https:\/\/eventos.uenp.edu.br\/conien\/wp-json\/wp\/v2\/pages"}],"about":[{"href":"https:\/\/eventos.uenp.edu.br\/conien\/wp-json\/wp\/v2\/types\/page"}],"author":[{"embeddable":true,"href":"https:\/\/eventos.uenp.edu.br\/conien\/wp-json\/wp\/v2\/users\/1"}],"replies":[{"embeddable":true,"href":"https:\/\/eventos.uenp.edu.br\/conien\/wp-json\/wp\/v2\/comments?post=862"}],"version-history":[{"count":13,"href":"https:\/\/eventos.uenp.edu.br\/conien\/wp-json\/wp\/v2\/pages\/862\/revisions"}],"predecessor-version":[{"id":1373,"href":"https:\/\/eventos.uenp.edu.br\/conien\/wp-json\/wp\/v2\/pages\/862\/revisions\/1373"}],"up":[{"embeddable":true,"href":"https:\/\/eventos.uenp.edu.br\/conien\/wp-json\/wp\/v2\/pages\/783"}],"wp:attachment":[{"href":"https:\/\/eventos.uenp.edu.br\/conien\/wp-json\/wp\/v2\/media?parent=862"}],"curies":[{"name":"wp","href":"https:\/\/api.w.org\/{rel}","templated":true}]}}