
{"id":789,"date":"2023-11-07T10:00:36","date_gmt":"2023-11-07T13:00:36","guid":{"rendered":"https:\/\/eventos.uenp.edu.br\/conien\/?page_id=789"},"modified":"2026-04-16T16:03:53","modified_gmt":"2026-04-16T19:03:53","slug":"inscricoes","status":"publish","type":"page","link":"https:\/\/eventos.uenp.edu.br\/conien\/iii-conien\/inscricoes\/","title":{"rendered":"Prazos\/Inscri\u00e7\u00f5es"},"content":{"rendered":"<p><strong>IV CONIEN<\/strong> ser\u00e1 realizado entre os dias 09 e 11 de setembro de 2026, na UTFPR Curitiba, Estado do Paran\u00e1, Brasil.<\/p>\n<table style=\"border-collapse: collapse;width: 100%;height: 260px\">\n<tbody>\n<tr style=\"height: 24px\">\n<td style=\"width: 45.7975%;background-color: #c49d66;height: 24px;text-align: center\"><span style=\"color: #ffffff\"><strong>Evento<\/strong><\/span><\/td>\n<td style=\"width: 20.8691%;background-color: #c49d66;height: 24px;text-align: center\"><span style=\"color: #ffffff\"><strong>Data<\/strong><\/span><\/td>\n<\/tr>\n<tr style=\"height: 24px\">\n<td style=\"width: 45.7975%;height: 24px\">Submiss\u00e3o de Resumos<\/td>\n<td style=\"width: 20.8691%;height: 24px\">\n<div>\n<p><s>At\u00e9 22 de abril\/2026<\/s><\/p>\n<\/div>\n<div>\n<p><span style=\"color: #ff0000\"><strong>Prorrogado at\u00e9 04\/05\/2026<\/strong><\/span><\/p>\n<\/div>\n<\/td>\n<\/tr>\n<tr style=\"height: 24px\">\n<td style=\"width: 45.7975%;height: 24px\"><span style=\"font-weight: 400\">Submiss\u00e3o de Artigos<\/span><\/td>\n<td style=\"width: 20.8691%;height: 24px\">\n<div>\n<p><s>At\u00e9 22 de abril\/2026<\/s><\/p>\n<\/div>\n<div>\n<p><span style=\"color: #ff0000\"><strong>Prorrogado at\u00e9 04\/05\/2026<\/strong><\/span><\/p>\n<\/div>\n<\/td>\n<\/tr>\n<tr style=\"height: 24px\">\n<td style=\"width: 45.7975%;height: 20px\">Resultado das Avalia\u00e7\u00f5es<\/td>\n<td style=\"width: 20.8691%;height: 20px\">At\u00e9 22 de junho\/2026<\/td>\n<\/tr>\n<tr style=\"height: 24px\">\n<td style=\"width: 45.7975%;height: 24px\">Envio das Vers\u00f5es Finais<\/td>\n<td style=\"width: 20.8691%;height: 24px\"><span style=\"font-weight: 400\">At\u00e9 03 de julho\/2026<\/span><\/td>\n<\/tr>\n<tr style=\"height: 24px\">\n<td style=\"width: 45.7975%;height: 24px\">Inscri\u00e7\u00f5es<\/td>\n<td style=\"width: 20.8691%;height: 24px\"><span style=\"font-weight: 400\">De 13 \u00a0de mar\u00e7o at\u00e9 31 de julho\/2026<\/span><\/td>\n<\/tr>\n<tr style=\"height: 24px\">\n<td style=\"width: 45.7975%;height: 24px\">Publica\u00e7\u00e3o do Cronograma das Apresenta\u00e7\u00f5es<\/td>\n<td style=\"width: 20.8691%;height: 24px\"><span style=\"font-weight: 400\">At\u00e9 21 de agosto\/2026<\/span><\/td>\n<\/tr>\n<tr style=\"height: 24px\">\n<td style=\"width: 45.7975%;height: 24px\">Confirma\u00e7\u00e3o das Inscri\u00e7\u00f5es<\/td>\n<td style=\"width: 20.8691%;height: 24px\"><span style=\"font-weight: 400\">At\u00e9 24 de agosto\/2026<\/span><\/td>\n<\/tr>\n<tr style=\"height: 24px\">\n<td style=\"width: 45.7975%;height: 24px\"><\/td>\n<td style=\"width: 20.8691%;height: 24px\"><\/td>\n<\/tr>\n<\/tbody>\n<\/table>\n<table style=\"border-collapse: collapse;width: 100%;height: 23px\">\n<tbody>\n<tr>\n<td style=\"width: 45.7975%\"><\/td>\n<td style=\"width: 20.8691%\"><\/td>\n<\/tr>\n<\/tbody>\n<\/table>\n<p><span style=\"color: #ff0000;font-size: 14pt\"><strong>&lt;ATEN\u00c7\u00c3O&gt;<\/strong><\/span><\/p>\n<p>Valores das Inscri\u00e7\u00f5es<\/p>\n<p>Inscri\u00e7\u00f5es Antecipadas at\u00e9 <span style=\"color: #ff0000\"><strong>31 de julho\/2026<\/strong><\/span><\/p>\n<table style=\"border-collapse: collapse;width: 100%;height: 34px\">\n<tbody>\n<tr style=\"height: 24px\">\n<td style=\"width: 45.7975%;height: 10px\"><span style=\"font-weight: 400\">Alunos de Gradua\u00e7\u00e3o e Professor do Ensino B\u00e1sico<\/span><\/td>\n<td style=\"width: 20.8691%;height: 10px\">R$ 70,00<\/td>\n<\/tr>\n<tr style=\"height: 24px\">\n<td style=\"width: 45.7975%;height: 24px\">Alunos de P\u00f3s-Gradua\u00e7\u00e3o<\/td>\n<td style=\"width: 20.8691%;height: 24px\">R$ 160,00<\/td>\n<\/tr>\n<\/tbody>\n<\/table>\n<table style=\"border-collapse: collapse;width: 100%;height: 23px\">\n<tbody>\n<tr>\n<td style=\"width: 45.7975%\">Pesquisadores e Professores do Ensino Superior<\/td>\n<td style=\"width: 20.8691%\">R$ 160,00<\/td>\n<\/tr>\n<\/tbody>\n<\/table>\n<p><span style=\"color: #008000;font-size: 14pt\"><strong>Fa\u00e7a sua inscri\u00e7\u00e3o<\/strong><\/span><\/p>\n<p><span style=\"font-size: 14pt\"><strong>Link para Inscri\u00e7\u00e3o &#8211; <span style=\"color: #993300\">&lt;<a href=\"https:\/\/www.even3.com.br\/iv-congresso-internacional-de-ensino-iv-conien-2026-711458\/\">CLIQUE AQUI<\/a>&gt;<\/span><\/strong><\/span><\/p>\n","protected":false},"excerpt":{"rendered":"","protected":false},"author":1,"featured_media":0,"parent":783,"menu_order":0,"comment_status":"closed","ping_status":"closed","template":"","meta":{"footnotes":""},"class_list":["post-789","page","type-page","status-publish","hentry"],"_links":{"self":[{"href":"https:\/\/eventos.uenp.edu.br\/conien\/wp-json\/wp\/v2\/pages\/789","targetHints":{"allow":["GET"]}}],"collection":[{"href":"https:\/\/eventos.uenp.edu.br\/conien\/wp-json\/wp\/v2\/pages"}],"about":[{"href":"https:\/\/eventos.uenp.edu.br\/conien\/wp-json\/wp\/v2\/types\/page"}],"author":[{"embeddable":true,"href":"https:\/\/eventos.uenp.edu.br\/conien\/wp-json\/wp\/v2\/users\/1"}],"replies":[{"embeddable":true,"href":"https:\/\/eventos.uenp.edu.br\/conien\/wp-json\/wp\/v2\/comments?post=789"}],"version-history":[{"count":42,"href":"https:\/\/eventos.uenp.edu.br\/conien\/wp-json\/wp\/v2\/pages\/789\/revisions"}],"predecessor-version":[{"id":1383,"href":"https:\/\/eventos.uenp.edu.br\/conien\/wp-json\/wp\/v2\/pages\/789\/revisions\/1383"}],"up":[{"embeddable":true,"href":"https:\/\/eventos.uenp.edu.br\/conien\/wp-json\/wp\/v2\/pages\/783"}],"wp:attachment":[{"href":"https:\/\/eventos.uenp.edu.br\/conien\/wp-json\/wp\/v2\/media?parent=789"}],"curies":[{"name":"wp","href":"https:\/\/api.w.org\/{rel}","templated":true}]}}