
{"id":787,"date":"2023-11-07T10:00:47","date_gmt":"2023-11-07T13:00:47","guid":{"rendered":"https:\/\/eventos.uenp.edu.br\/conien\/?page_id=787"},"modified":"2026-04-18T23:11:27","modified_gmt":"2026-04-19T02:11:27","slug":"publicacoes","status":"publish","type":"page","link":"https:\/\/eventos.uenp.edu.br\/conien\/iii-conien\/publicacoes\/","title":{"rendered":"Submiss\u00f5es \/ Publica\u00e7\u00f5es do Evento"},"content":{"rendered":"<p><span style=\"color: #000000;font-size: 14pt\">Os artigos aprovados ser\u00e3o publicados no anais do IV Congresso Internacional de Ensino &#8211; CONIEN, ISSN:\u00a0<strong>2526-8899<\/strong><\/span><\/p>\n<p>O <b data-path-to-node=\"1\" data-index-in-node=\"2\">IV CONIEN<\/b> disponibiliza <strong><span style=\"color: #ff0000\">DUAS<\/span><\/strong> modalidades distintas para a submiss\u00e3o de trabalhos: <b data-path-to-node=\"1\" data-index-in-node=\"84\">artigos completos<\/b> e <b data-path-to-node=\"1\" data-index-in-node=\"104\">resumos<\/b>. Embora a escolha do formato de envio caiba exclusivamente aos autores no ato da submiss\u00e3o, ressalta-se que, uma vez conclu\u00eddo o processo, n\u00e3o ser\u00e1 permitida a altera\u00e7\u00e3o da modalidade escolhida.<\/p>\n<div id=\"authorGuidelines\" class=\"author_guidelines\">\n<p><span style=\"color: #ff6600\"><strong>MODALIDADE 1 &#8211; ARTIGO COMPLETO<\/strong><\/span><\/p>\n<p><strong>Crit\u00e9rios para o envio do artigo completo<\/strong><\/p>\n<p>Os autores dever\u00e3o seguir as normas dispostas nesta se\u00e7\u00e3o. O n\u00e3o atendimento das normas resultar\u00e1 no arquivamento da submiss\u00e3o.<\/p>\n<p>Os artigos devem apresentar, <strong>no m\u00e1ximo, quatro autores<\/strong>, n\u00e3o sendo permitido inserir e\/ou alterar autores ap\u00f3s o in\u00edcio do processo de avalia\u00e7\u00e3o.<\/p>\n<p>Para a vers\u00e3o inicial, o artigo, obrigatoriamente, deve estar nas normas estabelecidas e no template do EVENTO. O artigo n\u00e3o deve ser identificado.<\/p>\n<p>Artigos identificados ou fora das normas\/do template do evento ser\u00e3o rejeitados e arquivados.<\/p>\n<p>Na submiss\u00e3o inicial, os autores dever\u00e3o, obrigatoriamente, enviar o <strong>Relat\u00f3rio de Pl\u00e1gio\/Autopl\u00e1gio<\/strong>. Recomendamos utilizar o Software CopySpider, dispon\u00edvel em https:\/\/copyspider.com.br\/main\/., no entanto, o autor poder\u00e1 utilizar outro software, desde que gere relat\u00f3rio em pdf. O relat\u00f3rio \u00e9 de exclusiva responsabilidade dos autores, n\u00e3o gerando, portanto, despesas e encargos para o evento IV CONIEN.<\/p>\n<p>Na submiss\u00e3o inicial, os autores dever\u00e3o, obrigatoriamente, encaminhar a <strong>Declara\u00e7\u00e3o de Uso de Intelig\u00eancia Artificial<\/strong>, sugest\u00e3o de modelo da declara\u00e7\u00e3o &lt;<a href=\"https:\/\/eventos.uenp.edu.br\/conien\/wp-content\/uploads\/sites\/7\/2026\/04\/DeclaracaoUsoIA_Conien.docx\">DeclaracaoUsoIA_Conien<\/a>&gt;<strong>\u00a0, caso tenha utilizado. <\/strong>A IA pode contribuir em etapas espec\u00edficas do processo de uma pesquisa, todavia, o seu uso deve ser descrito no artigo e informado por meio da declara\u00e7\u00e3o. Os autores s\u00e3o, exclusivamente, respons\u00e1veis pela veracidade do conte\u00fado e da sua rela\u00e7\u00e3o com o uso da IA. O n\u00e3o preenchimento da declara\u00e7\u00e3o resultar\u00e1 no arquivamento do artigo.<\/p>\n<p>Os artigos com pesquisas com seres humanos, dever\u00e3o, obrigatoriamente, indicar no corpo do texto a <strong>aprova\u00e7\u00e3o da pesquisa em Comit\u00ea de \u00c9tica. <\/strong>Al\u00e9m disso, os autores dever\u00e3o atender \u00e0s normas \u00e9ticas na pesquisa, sobretudo, quanto ao uso de imagens, fotografias e arquivamento de termos de autoriza\u00e7\u00e3o.<\/p>\n<p>A vers\u00e3o final do artigo para publica\u00e7\u00e3o dever\u00e1 apresentar o nome completo, a maior titula\u00e7\u00e3o e a atua\u00e7\u00e3o profissional de cada um dos autores.<\/p>\n<p><strong>Estrutura<\/strong><\/p>\n<p>Os artigos devem apresentar, no <strong>m\u00ednimo, 12<\/strong> e, no <strong>m\u00e1ximo, 24 p\u00e1ginas<\/strong>, em conformidade com a estrutura a seguir:<\/p>\n<p>T\u00edtulo em dois idiomas;<br \/>\nResumo em dois idiomas;<br \/>\nPalavras-chaves em dois idiomas;<br \/>\nIntrodu\u00e7\u00e3o;<br \/>\nEncaminhamento Metodol\u00f3gico;<br \/>\nAporte Te\u00f3rico;<br \/>\nDiscuss\u00e3o\/Resultados;<br \/>\nConsidera\u00e7\u00f5es Finais;<br \/>\nRefer\u00eancias.<\/p>\n<p><strong>Layout<\/strong><\/p>\n<p>O trabalho dever\u00e1 apresentar margens superior e esquerda com 3 cm e margens inferior e direita com 2 cm , com par\u00e1grafo de 1,5 cm, digitado em espa\u00e7o 1,5 com um espa\u00e7o entre cada subt\u00edtulo. Dever\u00e1 ser salvo em formato <strong>.doc ou .docx,\u00a0<\/strong>conforme template disponibilizado.<\/p>\n<p>Formata\u00e7\u00e3o: A4; Arial; Tamanho 12 \u2013 texto; Tamanho 11 \u2013 cita\u00e7\u00f5es diretas.<\/p>\n<p><strong>Normatiza\u00e7\u00e3o<\/strong><\/p>\n<p>NBR 6023\/2018 \u2013 Refer\u00eancias: elabora\u00e7\u00e3o<br \/>\nNBR 6028\/2003 \u2013 Resumo<br \/>\nNBR 10520\/2023 \u2013 Cita\u00e7\u00f5es em Documentos: apresenta\u00e7\u00e3o<\/p>\n<p><strong>Idiomas<\/strong><\/p>\n<p>Ser\u00e3o aceitos trabalhos em Portugu\u00eas, Espanhol e Ingl\u00eas, com resumos no idioma do artigo e em Ingl\u00eas. Caso o artigo seja submetido em Ingl\u00eas, dever\u00e1 apresentar resumo em Portugu\u00eas.<\/p>\n<p>&nbsp;<\/p>\n<\/div>\n<div class=\"section_policy\"><span style=\"color: #3366ff\"><strong>MODALIDADE 2 &#8211; RESUMO\/POSTER<\/strong><\/span><\/div>\n<div>Esta modalidade destina-se, exclusivamente, \u00e0 submiss\u00e3o de <b data-path-to-node=\"1\" data-index-in-node=\"59\">trabalhos em est\u00e1gio de desenvolvimento<\/b>, compreendendo projetos em fase inicial ou pesquisas em andamento que ainda n\u00e3o apresentem resultados consolidados ou conclus\u00f5es definitivas.<\/div>\n<div><strong>N\u00e3o h\u00e1 limite de autores nessa modalidade.<\/strong><\/div>\n<div><\/div>\n<div>\n<p style=\"font-weight: 400\"><strong>INSTRU\u00c7\u00d5ES PARA PREPARA\u00c7\u00c3O DE RESUMOS<\/strong><\/p>\n<ul>\n<li>O T\u00edtulo deve ser conciso e refletir o estudo a ser apresentado, com limite de 250 caracteres.<\/li>\n<li>O texto do resumo n\u00e3o deve exceder 2.500 caracteres com espa\u00e7os (n\u00e3o inclui t\u00edtulo e autoria\/filia\u00e7\u00e3o).<\/li>\n<li>O resumo dever\u00e1 ser digitado em corpo \u00fanico, sendo sugerido para o autor seguir a sequ\u00eancia:\u00a0<strong>Introdu\u00e7\u00e3o, Objetivo, M\u00e9todo, Resultados e Considera\u00e7\u00f5es Finais<\/strong>;<\/li>\n<li>N\u00e3o dever\u00e3o ser inclu\u00eddas refer\u00eancias bibliogr\u00e1ficas.<\/li>\n<li>N\u00e3o ser\u00e1 permitida a utiliza\u00e7\u00e3o de gr\u00e1fico ou tabela na submiss\u00e3o dos resumos, embora tais recursos possam ser utilizados na formata\u00e7\u00e3o das apresenta\u00e7\u00f5es<\/li>\n<\/ul>\n<p><span style=\"font-size: 14pt;color: #ff0000\"><strong>OBS. O(s) autor(es) deve(m) seguir as instru\u00e7\u00f5es e TEMPLATES dispon\u00edveis<\/strong><\/span><\/p>\n<\/div>\n<p><span style=\"font-size: 14pt\"><strong><span style=\"color: #993300\">Templates<\/span><\/strong><\/span><\/p>\n<p><span style=\"font-size: 14pt\"><span style=\"color: #ff0000\"><strong>Modalidade 1 &#8211;<\/strong><\/span> Template &#8211; <strong>Artigo Completo &lt;<a href=\"https:\/\/eventos.uenp.edu.br\/conien\/wp-content\/uploads\/sites\/7\/2026\/03\/TEMPLATE_ArtigosCONIEN2026.docx\">TEMPLATE_ArtigosCONIEN2026<\/a>&gt;<\/strong><\/span><\/p>\n<p><span style=\"font-size: 14pt\"><span style=\"color: #008000\"><strong>Modalidade 2 &#8211;<\/strong><\/span> Template &#8211; <strong>Resumo\/Poster &lt;<a href=\"https:\/\/eventos.uenp.edu.br\/conien\/wp-content\/uploads\/sites\/7\/2026\/03\/TEMPLATE_PosterCONIEN2026.docx\">TEMPLATE_PosterCONIEN2026<\/a>&gt;<\/strong><\/span><\/p>\n<p><span style=\"font-size: 14pt\">Modelo Poster (Modalidade 2) &#8211; ap\u00f3s aprova\u00e7\u00e3o &#8211; <strong>Modelo &lt;<a href=\"https:\/\/eventos.uenp.edu.br\/conien\/wp-content\/uploads\/sites\/7\/2026\/03\/ModeloPosterCONIEN2026.pptx\">ModeloPosterCONIEN2026<\/a>&gt;<\/strong><\/span><\/p>\n<p>&nbsp;<\/p>\n<p><span style=\"color: #ff0000;font-size: 14pt\"><strong>&lt;ATEN\u00c7\u00c3O&gt;<\/strong><\/span><\/p>\n<p><span style=\"color: #008000;font-size: 14pt\"><strong>Submeta seu artigo Completo e\/ou Poster\u00a0<\/strong><\/span><\/p>\n<p><span style=\"font-size: 14pt\"><strong>Link para submiss\u00e3o &#8211; <span style=\"color: #993300\">&lt;<a href=\"https:\/\/conferencias.uenp.edu.br\/index.php\/conien\/about\/submissions\">Clique Aqui<\/a>&gt;<\/span><\/strong><\/span><\/p>\n<p>&nbsp;<\/p>\n<p><span style=\"color: #000000;font-size: 14pt\">IV Congresso Internacional de Ensino &#8211; CONIEN<\/span><\/p>\n<p><span style=\"color: #000000;font-size: 14pt\"> ISSN: <strong>2526-8899<\/strong><\/span><\/p>\n","protected":false},"excerpt":{"rendered":"","protected":false},"author":1,"featured_media":0,"parent":783,"menu_order":0,"comment_status":"closed","ping_status":"closed","template":"","meta":{"footnotes":""},"class_list":["post-787","page","type-page","status-publish","hentry"],"_links":{"self":[{"href":"https:\/\/eventos.uenp.edu.br\/conien\/wp-json\/wp\/v2\/pages\/787","targetHints":{"allow":["GET"]}}],"collection":[{"href":"https:\/\/eventos.uenp.edu.br\/conien\/wp-json\/wp\/v2\/pages"}],"about":[{"href":"https:\/\/eventos.uenp.edu.br\/conien\/wp-json\/wp\/v2\/types\/page"}],"author":[{"embeddable":true,"href":"https:\/\/eventos.uenp.edu.br\/conien\/wp-json\/wp\/v2\/users\/1"}],"replies":[{"embeddable":true,"href":"https:\/\/eventos.uenp.edu.br\/conien\/wp-json\/wp\/v2\/comments?post=787"}],"version-history":[{"count":28,"href":"https:\/\/eventos.uenp.edu.br\/conien\/wp-json\/wp\/v2\/pages\/787\/revisions"}],"predecessor-version":[{"id":1385,"href":"https:\/\/eventos.uenp.edu.br\/conien\/wp-json\/wp\/v2\/pages\/787\/revisions\/1385"}],"up":[{"embeddable":true,"href":"https:\/\/eventos.uenp.edu.br\/conien\/wp-json\/wp\/v2\/pages\/783"}],"wp:attachment":[{"href":"https:\/\/eventos.uenp.edu.br\/conien\/wp-json\/wp\/v2\/media?parent=787"}],"curies":[{"name":"wp","href":"https:\/\/api.w.org\/{rel}","templated":true}]}}