
{"id":785,"date":"2023-11-07T10:00:25","date_gmt":"2023-11-07T13:00:25","guid":{"rendered":"https:\/\/eventos.uenp.edu.br\/conien\/?page_id=785"},"modified":"2026-03-06T18:28:44","modified_gmt":"2026-03-06T21:28:44","slug":"areas-tematicas","status":"publish","type":"page","link":"https:\/\/eventos.uenp.edu.br\/conien\/iii-conien\/areas-tematicas\/","title":{"rendered":"Eixos Tem\u00e1ticos"},"content":{"rendered":"<p style=\"font-weight: 400;text-align: justify\"><b><strong>Ocorrendo no formato h\u00edbrido, o IV CONIEN possibilitar\u00e1 que os trabalhos sejam apresentados, presencial ou remotamente, sendo eles submetidos (no formato de artigo cient\u00edfico) a um dos cinco eixos tem\u00e1ticos do evento:<\/strong><\/b><\/p>\n<p>&nbsp;<\/p>\n<div id=\"ME4pNd\">\n<div class=\"fJsklc Didmac ZmuLbd nulMpf Y7BRKe\" data-priority=\"1050\" data-side=\"2\">\n<aside class=\"R3Gmyc WSJBnb P9KVBf\" data-shell-id=\"1\" data-allow-extended-shell=\"false\" aria-label=\"Painel lateral\">\n<div data-panel-container-id=\"sidePanel2\">\n<div class=\"WUFI9b\" data-panel-id=\"2\">\n<div class=\"hWX4r\">\n<div class=\"vvTMTb uussud a8U7Yd\">\n<div class=\"exwB3b\">\n<div class=\"tyW8df\">\n<div class=\"Ge9Kpc z38b6\" aria-live=\"polite\">\n<div class=\"Ss4fHf\">\n<div class=\"eTSJmf\">\n<div class=\"eWHPEf\">\n<div class=\"aops0b\">\n<div class=\"beTDc\">\n<div class=\"RLrADb\" data-message-id=\"spaces\/vFhnyJzdpecB\/messages\/1772832413228143\">\n<div class=\"jO4O1\">\n<div class=\"ptNLrf\">\n<div>\n<div>1 \u2013 <strong>Ensino, Desafios Educacionais Contempor\u00e2neos e Tecnologias Digitais:<\/strong> pesquisas que contemplem propostas para o ensino e\/ou a aprendizagem relacionadas a Direitos Humanos, Educa\u00e7\u00e3o para a Paz, Combate \u00e0 Viol\u00eancia, G\u00eanero, Intelig\u00eancia Artificial, Tecnologias Digitais, Educa\u00e7\u00e3o on-life (Educa\u00e7\u00e3o em Redes Multim\u00eddia e Metaversos), pensamento computacional.<\/div>\n<div><\/div>\n<div>2 \u2013 <strong>Ensino e Inclus\u00e3o:<\/strong> pesquisas que contemplem propostas para o ensino e\/ou a aprendizagem envolvendo as tem\u00e1ticas de acessibilidade e inclus\u00e3o.<\/div>\n<div><\/div>\n<div>3 \u2013 <strong>Ensino e\/ou Aprendizagem:<\/strong> pesquisas que contemplem propostas para o ensino e\/ou a aprendizagem em diferentes campos disciplinares em espa\u00e7os formais e n\u00e3o formais; Teorias, pr\u00e1ticas e metodologias de ensino e aprendizagem; Educa\u00e7\u00e3o Infantil; Educa\u00e7\u00e3o CTSA, Interdisciplinaridade, Educa\u00e7\u00e3o do Campo, Educa\u00e7\u00e3o em PPL (Pessoas privadas de Liberdade).<\/div>\n<div><\/div>\n<div>4 \u2013 <strong>Forma\u00e7\u00e3o de Professores<\/strong>: pesquisas que contemplem propostas voltadas \u00e0 forma\u00e7\u00e3o de professores e desenvolvimento profissional docente em diferentes campos disciplinares.<\/div>\n<div><\/div>\n<div>5 \u2013 <strong>Avalia\u00e7\u00e3o:<\/strong> pesquisas que contemplem a tem\u00e1tica da avalia\u00e7\u00e3o como, para e da aprendizagem, regula\u00e7\u00e3o e melhoria das aprendizagens, curr\u00edculo.<\/div>\n<div><\/div>\n<div>6 \u2013 <strong>Educa\u00e7\u00e3o Ambiental e Justi\u00e7a Clim\u00e1tica:<\/strong> pesquisas que contemplem propostas para o ensino e\/ou a aprendizagem em diferentes campos disciplinares em espa\u00e7os formais e n\u00e3o formais e que se alinhem aos temas das Mudan\u00e7as clim\u00e1ticas, consumo respons\u00e1vel e Objetivos do Desenvolvimento Sustent\u00e1vel.<\/div>\n<\/div>\n<\/div>\n<\/div>\n<div class=\"AFCrOe\"><\/div>\n<\/div>\n<\/div>\n<\/div>\n<\/div>\n<\/div>\n<\/div>\n<\/div>\n<\/div>\n<\/div>\n<div>\n<div class=\"SjMC3\">\n<div class=\"mcadHd\"><button class=\"pYTkkf-Bz112c-LgbsSe pYTkkf-Bz112c-LgbsSe-OWXEXe-drxrmf-Bz112c-bEDTcc-SIsrTd pYTkkf-Bz112c-LgbsSe-OWXEXe-SfQLQb-suEOdc JAUIm OT6Zte te811b\" role=\"button\" disabled=\"disabled\" data-idom-class=\"JAUIm OT6Zte te811b\" data-use-native-focus-logic=\"true\" aria-label=\"Enviar uma mensagem\" data-tooltip-enabled=\"true\" data-tooltip-id=\"tt-c284\" data-tooltip-classes=\"PJU52b \" aria-describedby=\"ucc-75\">\u00a0<\/button><\/div>\n<\/div>\n<\/div>\n<\/div>\n<\/div>\n<\/div>\n<\/div>\n<\/aside>\n<\/div>\n<\/div>\n","protected":false},"excerpt":{"rendered":"","protected":false},"author":1,"featured_media":0,"parent":783,"menu_order":0,"comment_status":"closed","ping_status":"closed","template":"","meta":{"footnotes":""},"class_list":["post-785","page","type-page","status-publish","hentry"],"_links":{"self":[{"href":"https:\/\/eventos.uenp.edu.br\/conien\/wp-json\/wp\/v2\/pages\/785","targetHints":{"allow":["GET"]}}],"collection":[{"href":"https:\/\/eventos.uenp.edu.br\/conien\/wp-json\/wp\/v2\/pages"}],"about":[{"href":"https:\/\/eventos.uenp.edu.br\/conien\/wp-json\/wp\/v2\/types\/page"}],"author":[{"embeddable":true,"href":"https:\/\/eventos.uenp.edu.br\/conien\/wp-json\/wp\/v2\/users\/1"}],"replies":[{"embeddable":true,"href":"https:\/\/eventos.uenp.edu.br\/conien\/wp-json\/wp\/v2\/comments?post=785"}],"version-history":[{"count":13,"href":"https:\/\/eventos.uenp.edu.br\/conien\/wp-json\/wp\/v2\/pages\/785\/revisions"}],"predecessor-version":[{"id":1348,"href":"https:\/\/eventos.uenp.edu.br\/conien\/wp-json\/wp\/v2\/pages\/785\/revisions\/1348"}],"up":[{"embeddable":true,"href":"https:\/\/eventos.uenp.edu.br\/conien\/wp-json\/wp\/v2\/pages\/783"}],"wp:attachment":[{"href":"https:\/\/eventos.uenp.edu.br\/conien\/wp-json\/wp\/v2\/media?parent=785"}],"curies":[{"name":"wp","href":"https:\/\/api.w.org\/{rel}","templated":true}]}}