
{"id":777,"date":"2023-11-07T10:00:21","date_gmt":"2023-11-07T13:00:21","guid":{"rendered":"https:\/\/eventos.uenp.edu.br\/conien\/?page_id=777"},"modified":"2026-03-16T13:35:58","modified_gmt":"2026-03-16T16:35:58","slug":"apresentacao","status":"publish","type":"page","link":"https:\/\/eventos.uenp.edu.br\/conien\/iii-conien\/apresentacao\/","title":{"rendered":"Apresenta\u00e7\u00e3o"},"content":{"rendered":"<p align=\"justify\"><strong>IV CONIEN &#8211; 09 a 11 de setembro de 2026 &#8211; UTFPR Curitiba. Brasil<\/strong><\/p>\n<p align=\"justify\">O Congresso Internacional de Ensino (CONIEN) \u00e9 uma importante iniciativa de Internacionaliza\u00e7\u00e3o do Programa de P\u00f3s-Gradua\u00e7\u00e3o em Ensino (PPGEN) das Universidades Estadual do Norte do Paran\u00e1 (UENP), Tecnol\u00f3gica Federal do Paran\u00e1 (UTFPR) e UNICENTRO. Esta ser\u00e1 a IV edi\u00e7\u00e3o. As outras edi\u00e7\u00f5es foram respectivamente em 2017, 2019, 2024 intercalando entre Portugal com a Universidade do Minho, por meio do Instituto da Crian\u00e7a e a UENP de Corn\u00e9lio Proc\u00f3pio. Na busca de parcerias a quarta edi\u00e7\u00e3o conta com o ingresso da UTFPR e UNICENTRO, Universidade paranaenses e vislumbrando o ingresso de Universidades da Espanha nesta edi\u00e7\u00e3o. Pelo fato da UTFPR possuir uma parceria de longa data com o Instituto Polit\u00e9cnico de Bragan\u00e7a IPB) e buscando aproximar os la\u00e7os entre a sua Escola da Educa\u00e7\u00e3o com os programas de P\u00f3s-Gradua\u00e7\u00e3o da \u00e1rea de ensino da UTFPR, tamb\u00e9m contamos com o ingresso dos colegas do IPB nesta edi\u00e7\u00e3o.<\/p>\n<p align=\"justify\">O Congresso \u00e9 voltado para estudantes de gradua\u00e7\u00e3o, p\u00f3s-gradua\u00e7\u00e3o e docentes da Educa\u00e7\u00e3o B\u00e1sica e Superior. Visa promover a forma\u00e7\u00e3o continuada dos participantes a partir do interc\u00e2mbio de experi\u00eancias com pesquisadores estrangeiros e do contato com as disserta\u00e7\u00f5es e produtos educacionais desenvolvidos nos Programas de P\u00f3s-gradua\u00e7\u00e3o da \u00e1rea de Ensino das Universidades parceiras do Paran\u00e1.<\/p>\n<p align=\"justify\">O CONIEN IV ter\u00e1 o objetivo de \u201cFomentar a integra\u00e7\u00e3o entre as universidades paranaenses e as universidades de Portugal e Espanha, com vistas \u00e0 troca de experi\u00eancias relacionadas \u00e0s pr\u00e1ticas docentes e \u00e0s inova\u00e7\u00f5es nos processos de ensino e aprendizagem, em diferentes n\u00edveis educacionais, articulando-as aos grandes temas emergentes na sociedade global.\u201d<\/p>\n<p align=\"justify\">Em 2026 o evento <strong>ser\u00e1 realizado na UTFPR Curitiba\/ PR, Brasil em setembro de 09 a 11<\/strong>, em formato h\u00edbrido (apresenta\u00e7\u00f5es presenciais e remotas dos artigos submetidos) e organizado a partir de 6 eixos que fundamentam a tem\u00e1tica \u201cPesquisas na \u00c1rea de Ensino \u2013 impactos, coopera\u00e7\u00f5es e visibilidade\u201d, com o intuito de evidenciar a diversidade de investiga\u00e7\u00f5es que estabelecem parcerias entre o contexto acad\u00eamico e o cotidiano escolar e universit\u00e1rio que est\u00e1 estabelecido no trip\u00e9 do ensino, pesquisa e extens\u00e3o.<\/p>\n<p align=\"justify\"><strong>ISSN:<\/strong>\u00a0<strong>2526-8899<\/strong><\/p>\n","protected":false},"excerpt":{"rendered":"","protected":false},"author":1,"featured_media":0,"parent":783,"menu_order":0,"comment_status":"closed","ping_status":"closed","template":"","meta":{"footnotes":""},"class_list":["post-777","page","type-page","status-publish","hentry"],"_links":{"self":[{"href":"https:\/\/eventos.uenp.edu.br\/conien\/wp-json\/wp\/v2\/pages\/777","targetHints":{"allow":["GET"]}}],"collection":[{"href":"https:\/\/eventos.uenp.edu.br\/conien\/wp-json\/wp\/v2\/pages"}],"about":[{"href":"https:\/\/eventos.uenp.edu.br\/conien\/wp-json\/wp\/v2\/types\/page"}],"author":[{"embeddable":true,"href":"https:\/\/eventos.uenp.edu.br\/conien\/wp-json\/wp\/v2\/users\/1"}],"replies":[{"embeddable":true,"href":"https:\/\/eventos.uenp.edu.br\/conien\/wp-json\/wp\/v2\/comments?post=777"}],"version-history":[{"count":17,"href":"https:\/\/eventos.uenp.edu.br\/conien\/wp-json\/wp\/v2\/pages\/777\/revisions"}],"predecessor-version":[{"id":1367,"href":"https:\/\/eventos.uenp.edu.br\/conien\/wp-json\/wp\/v2\/pages\/777\/revisions\/1367"}],"up":[{"embeddable":true,"href":"https:\/\/eventos.uenp.edu.br\/conien\/wp-json\/wp\/v2\/pages\/783"}],"wp:attachment":[{"href":"https:\/\/eventos.uenp.edu.br\/conien\/wp-json\/wp\/v2\/media?parent=777"}],"curies":[{"name":"wp","href":"https:\/\/api.w.org\/{rel}","templated":true}]}}