
{"id":771,"date":"2023-11-07T10:00:42","date_gmt":"2023-11-07T13:00:42","guid":{"rendered":"https:\/\/eventos.uenp.edu.br\/conien\/?page_id=771"},"modified":"2026-04-01T16:37:34","modified_gmt":"2026-04-01T19:37:34","slug":"programacao","status":"publish","type":"page","link":"https:\/\/eventos.uenp.edu.br\/conien\/iii-conien\/programacao\/","title":{"rendered":"Programa\u00e7\u00e3o"},"content":{"rendered":"<p><strong>IV CONIEN, 09 a 11 de setembro de 2026 &#8211; UTFPR Curitiba<\/strong><\/p>\n<p><span style=\"color: #ff0000\">*** Em Atualiza\u00e7\u00e3o ***<\/span><\/p>\n<table style=\"font-weight: 400\" width=\"566\">\n<tbody>\n<tr>\n<td width=\"87\"><\/td>\n<td width=\"100\">manh\u00e3<\/td>\n<td width=\"66\">Almo\u00e7o<\/td>\n<td width=\"124\">tarde<\/td>\n<td width=\"102\">noite<\/td>\n<td width=\"86\">jantar<\/td>\n<\/tr>\n<tr>\n<td width=\"87\">Dia 07\/09\/2026<\/td>\n<td colspan=\"5\" width=\"479\">Chegada dos palestrantes internacionais\/ acomoda\u00e7\u00e3o<\/p>\n<p>&nbsp;<\/td>\n<\/tr>\n<tr>\n<td width=\"87\">&nbsp;<\/p>\n<p>Dia 08\/09\/2026<\/td>\n<td colspan=\"5\" width=\"479\">Dia cultural com os palestrantes e comiss\u00e3o cient\u00edfica \u2013 Visita em Morretes (almo\u00e7o) e Antonina ( Sede Cultural UTFPR Armaz\u00e9n Macedo)\u00a0 e f\u00e1brica de bala de banana<\/td>\n<\/tr>\n<tr>\n<td width=\"87\">Dia 09\/09\/2026<\/p>\n<p>(quarta-feira)<\/td>\n<td width=\"100\">1)<strong>8:00 \u2013 9:30<\/strong>\u2013 recep\u00e7\u00e3o e entrega do material da inscri\u00e7\u00e3o<\/p>\n<p>2<strong>) 9:30 \u2013 10:00h<\/strong> coffee break<\/p>\n<p>3) <strong>10:00h -at\u00e9 11:00 h<\/strong> \u2013 Mesa de abertura<\/p>\n<p>com autoridades.<\/p>\n<p>4) <strong>11:00 \u2013 12:00<\/strong> \u2013 Palestra de abertura com a Coordena\u00e7\u00e3o da \u00e1rea 46.<\/td>\n<td width=\"66\">Almo\u00e7o das 12:00h at\u00e9 13:30h.<\/td>\n<td width=\"124\">1)<strong>13:30h \u2013 15:00<\/strong> &#8211; <strong>\u2013<\/strong> Apresenta\u00e7\u00e3o oral de trabalhos dos eixos 1 e 2.<\/p>\n<p>2<strong>) 15:00 \u2013 15:30h<\/strong>coffee break<\/p>\n<p>3<strong>) 15:30h \u2013 18:30h <\/strong>-palestra ou mesa internacional: Prof. Dr. Jos\u00e9 Manuel de Amo S\u00e1nchez-Fort\u00fan (espanha) e Pedro Manuel Baptista Palhares (U. Minho)<\/p>\n<p><strong>\u00a0<\/strong><\/td>\n<td width=\"102\"><strong>19:00h<\/strong> \u2013 Apresenta\u00e7\u00e3o cultural \u2013 orquestra UTFPR<\/td>\n<td width=\"86\"><strong>21:00<\/strong> Jantar com palestrantes e convidados.<\/td>\n<\/tr>\n<tr>\n<td width=\"87\">Dia 10\/09\/2026<\/p>\n<p>(quinta-feira)<\/td>\n<td width=\"100\">1)<strong>8:30 \u2013 10:00<\/strong>\u2013 apresenta\u00e7\u00e3o de trabalhos eixos 3 e 4<\/p>\n<p>2<strong>) 10:00 \u2013 10:30h<\/strong> coffee break<\/p>\n<p>3) <strong>10:30h -at\u00e9 12:00 h<\/strong> \u2013 Apresenta\u00e7\u00e3o de trabalhos orais dos eixos 5 e 6<\/p>\n<p>&nbsp;<\/td>\n<td width=\"66\">Almo\u00e7o das 12:00h at\u00e9 13:30h.<\/td>\n<td width=\"124\">1)<strong>13:30h \u2013 15:00<\/strong>\u2013<strong>\u2013<\/strong> Apresenta\u00e7\u00e3o dos Banners\/Resumos eixos 1, 2, 3.<\/p>\n<p>&nbsp;<\/p>\n<p>2<strong>) 15:00 \u2013 15:30h<\/strong>coffee break<\/p>\n<p>3<strong>) 15:30h \u2013 18:30h <\/strong>Palestra Internacional: IPB Educa\u00e7\u00e3o Infantil: Prof. Dr. Ricardo Manuel Machado Ramos<\/td>\n<td width=\"102\"><strong>19:00h<\/strong> \u2013 <strong>20:30h<\/strong> -F\u00f3rum: O desafio do ensino nos pa\u00edses de Cultura e l\u00edngua Latina.<\/td>\n<td width=\"86\"><strong>21:00<\/strong> Jantar com palestrantes e convidados<\/td>\n<\/tr>\n<tr>\n<td width=\"87\">Dia 11\/09\/2026<\/p>\n<p>(sexta-feira)<\/td>\n<td width=\"100\">1)<strong>8:30 \u2013 10:00<\/strong>\u2013 continua\u00e7\u00e3o apresenta\u00e7\u00e3o de trabalhos eixos 1, 2 e 3 (vamos ter 3 salas dispon\u00edveis)<\/p>\n<p>2<strong>) 10:00 \u2013 10:30h<\/strong> coffee break<\/p>\n<p>3) <strong>10:30h -at\u00e9 12:00 h<\/strong> \u2013 Apresenta\u00e7\u00e3o de trabalhos orais dos eixos 4, 5 e 6 (vamos ter 3 salas dispon\u00edveis)<\/p>\n<p>&nbsp;<\/td>\n<td width=\"66\">Almo\u00e7o das 12:00h at\u00e9 13:30h.<\/td>\n<td width=\"124\">1)<strong>13:30h \u2013 15:00<\/strong>\u2013<strong>\u2013<\/strong> Apresenta\u00e7\u00e3o dos Banners\/Resumos eixos 3,4 e 5.<\/p>\n<p>&nbsp;<\/p>\n<p>2<strong>) 15:00 \u2013 15:30h<\/strong>coffee break<\/p>\n<p>3<strong>) 15:30h \u2013 18:30h <\/strong>Palestra sobre Justi\u00e7a Clim\u00e1tica e Educa\u00e7\u00e3o ambiental: professora Mar\u00edlia Torrales da UFPR .<\/td>\n<td width=\"102\"><strong>19:00h \u2013 20:30h &#8211;<\/strong>Encerramento \u2013 apresenta\u00e7\u00e3o Cultural e resultados do evento, pr\u00f3xima edi\u00e7\u00e3o.<\/td>\n<td width=\"86\"><strong>21:00<\/strong> Jantar com palestrantes e convidados<\/td>\n<\/tr>\n<\/tbody>\n<\/table>\n<p>&nbsp;<\/p>\n<p><span style=\"font-size: 14pt;color: #3366ff\"><strong>Obs. &#8211; Eventos Paralelos<\/strong><\/span><\/p>\n<ul>\n<li><span style=\"font-size: 14pt\"><strong>II Semin\u00e1rio do F\u00f3rum de Coordenadores da \u00e1rea de Ensino da Regi\u00e3o Sul (REDEnSUL)<\/strong><\/span>\n<ul>\n<li>Data: 10\/09\/2026 &#8211; per\u00edodo matutino<\/li>\n<li>Coordenador Geral &#8211; Prof. Dr. Roque Ismael da Costa G\u00fcllich &#8211; UFFS<\/li>\n<\/ul>\n<\/li>\n<\/ul>\n<p>&nbsp;<\/p>\n<ul>\n<li><span style=\"font-size: 14pt\"><strong>MOPPE &#8211; Mostra Paranaense de Produtos Educacionais<\/strong><\/span>\n<ul>\n<li>Data: a definir<\/li>\n<li>Coordenadora Geral &#8211; Profa. Dra. Vanessa Maria Ludka &#8211; UENP CCP<\/li>\n<\/ul>\n<\/li>\n<\/ul>\n","protected":false},"excerpt":{"rendered":"","protected":false},"author":1,"featured_media":0,"parent":783,"menu_order":0,"comment_status":"closed","ping_status":"closed","template":"","meta":{"footnotes":""},"class_list":["post-771","page","type-page","status-publish","hentry"],"_links":{"self":[{"href":"https:\/\/eventos.uenp.edu.br\/conien\/wp-json\/wp\/v2\/pages\/771","targetHints":{"allow":["GET"]}}],"collection":[{"href":"https:\/\/eventos.uenp.edu.br\/conien\/wp-json\/wp\/v2\/pages"}],"about":[{"href":"https:\/\/eventos.uenp.edu.br\/conien\/wp-json\/wp\/v2\/types\/page"}],"author":[{"embeddable":true,"href":"https:\/\/eventos.uenp.edu.br\/conien\/wp-json\/wp\/v2\/users\/1"}],"replies":[{"embeddable":true,"href":"https:\/\/eventos.uenp.edu.br\/conien\/wp-json\/wp\/v2\/comments?post=771"}],"version-history":[{"count":78,"href":"https:\/\/eventos.uenp.edu.br\/conien\/wp-json\/wp\/v2\/pages\/771\/revisions"}],"predecessor-version":[{"id":1378,"href":"https:\/\/eventos.uenp.edu.br\/conien\/wp-json\/wp\/v2\/pages\/771\/revisions\/1378"}],"up":[{"embeddable":true,"href":"https:\/\/eventos.uenp.edu.br\/conien\/wp-json\/wp\/v2\/pages\/783"}],"wp:attachment":[{"href":"https:\/\/eventos.uenp.edu.br\/conien\/wp-json\/wp\/v2\/media?parent=771"}],"curies":[{"name":"wp","href":"https:\/\/api.w.org\/{rel}","templated":true}]}}