
{"id":737,"date":"2023-11-06T12:23:29","date_gmt":"2023-11-06T15:23:29","guid":{"rendered":"https:\/\/eventos.uenp.edu.br\/conien\/?page_id=737"},"modified":"2023-11-08T09:32:39","modified_gmt":"2023-11-08T12:32:39","slug":"ensalamento-e-apresentacao","status":"publish","type":"page","link":"https:\/\/eventos.uenp.edu.br\/conien\/ii-2019\/ensalamento-e-apresentacao\/","title":{"rendered":"Ensalamento e Apresenta\u00e7\u00e3o"},"content":{"rendered":"<p><strong>APRESENTA\u00c7\u00d5ES:<\/strong>\u00a0acontecer\u00e3o em salas tem\u00e1ticas, com\u00a0dura\u00e7\u00e3o m\u00e1xima de 10 (dez) minutos, na modalidade \u201capresenta\u00e7\u00e3o dialogada\u201d. Cada autor apresentar\u00e1 sua pesquisa e ao t\u00e9rmino de todos os participantes ser\u00e1 estimulada a manifesta\u00e7\u00e3o dos presentes,\u00a0visando di\u00e1logos interdisciplinares,\u00a0interc\u00e2mbio de ideias, questionamentos, cr\u00edticas e sugest\u00f5es.<\/p>\n<p>N\u00e3o ser\u00e3o utilizados recursos midi\u00e1ticos para a apresenta\u00e7\u00e3o, caso o apresentador queira utilizar algum material, poder\u00e1 ser para sua pr\u00f3pria organiza\u00e7\u00e3o na apresenta\u00e7\u00e3o dialogada, o evento n\u00e3o disponibilizar\u00e1 materiais.<\/p>\n<p>Ensalamento para as apresenta\u00e7\u00f5es dos trabalhos\u00a0aprovados \u2013 CONIEN 2019<\/p>\n<ul>\n<li><a href=\"https:\/\/web.archive.org\/web\/20200220015615\/http:\/\/eventos.uenp.edu.br\/conien\/wp-content\/uploads\/2017\/06\/HorarioGeralApDialogadas-4.pdf\">HorarioGeralApDialogadas<\/a><\/li>\n<\/ul>\n<p><strong>Hor\u00e1rios por Eixos<\/strong><\/p>\n<ul>\n<li>Avalia\u00e7\u00e3o<\/li>\n<li>Desafios<\/li>\n<li>Espa\u00e7os<\/li>\n<li>Forma\u00e7\u00e3o<\/li>\n<li>Linguagem<\/li>\n<li>Inclus\u00e3o<\/li>\n<li>Matem\u00e1tica<\/li>\n<li>Natureza<\/li>\n<li>Sa\u00fade<\/li>\n<li>Sociais<\/li>\n<li>Tecnologias<\/li>\n<\/ul>\n<p>\u2014 Caso tenha algum problema com os nomes dos autores\/coautores e t\u00edtulos, por favor, entrar em contato urgentemente com o e-mail: conien@uenp.edu.br, com o subt\u00edtulo \u2013 \u201cApresenta\u00e7\u00f5es Dialogadas \u2013 corre\u00e7\u00e3o\u201d.<\/p>\n<p>II Congresso Internacional de Ensino \u2013 CONIEN 2019<\/p>\n<p>ISSN: 2526-8899<\/p>\n","protected":false},"excerpt":{"rendered":"","protected":false},"author":1,"featured_media":0,"parent":631,"menu_order":0,"comment_status":"closed","ping_status":"closed","template":"","meta":{"footnotes":""},"class_list":["post-737","page","type-page","status-publish","hentry"],"_links":{"self":[{"href":"https:\/\/eventos.uenp.edu.br\/conien\/wp-json\/wp\/v2\/pages\/737","targetHints":{"allow":["GET"]}}],"collection":[{"href":"https:\/\/eventos.uenp.edu.br\/conien\/wp-json\/wp\/v2\/pages"}],"about":[{"href":"https:\/\/eventos.uenp.edu.br\/conien\/wp-json\/wp\/v2\/types\/page"}],"author":[{"embeddable":true,"href":"https:\/\/eventos.uenp.edu.br\/conien\/wp-json\/wp\/v2\/users\/1"}],"replies":[{"embeddable":true,"href":"https:\/\/eventos.uenp.edu.br\/conien\/wp-json\/wp\/v2\/comments?post=737"}],"version-history":[{"count":5,"href":"https:\/\/eventos.uenp.edu.br\/conien\/wp-json\/wp\/v2\/pages\/737\/revisions"}],"predecessor-version":[{"id":751,"href":"https:\/\/eventos.uenp.edu.br\/conien\/wp-json\/wp\/v2\/pages\/737\/revisions\/751"}],"up":[{"embeddable":true,"href":"https:\/\/eventos.uenp.edu.br\/conien\/wp-json\/wp\/v2\/pages\/631"}],"wp:attachment":[{"href":"https:\/\/eventos.uenp.edu.br\/conien\/wp-json\/wp\/v2\/media?parent=737"}],"curies":[{"name":"wp","href":"https:\/\/api.w.org\/{rel}","templated":true}]}}