
{"id":731,"date":"2023-11-06T12:17:50","date_gmt":"2023-11-06T15:17:50","guid":{"rendered":"https:\/\/eventos.uenp.edu.br\/conien\/?page_id=731"},"modified":"2023-11-08T09:38:25","modified_gmt":"2023-11-08T12:38:25","slug":"palestrantes-confirmados","status":"publish","type":"page","link":"https:\/\/eventos.uenp.edu.br\/conien\/ii-2019\/palestrantes-confirmados\/","title":{"rendered":"Palestrantes Confirmados"},"content":{"rendered":"<ul>\n<li style=\"text-align: justify;\"><span lang=\"EN-US\"><strong>Prof. Dr. Mark\u00a0Murphy<\/strong>\u00a0<\/span><span lang=\"EN-US\">(University of Glasgow, Glasgow) \u2013 Esc\u00f3cia. Professor na Escola de Educa\u00e7\u00e3o na\u00a0<\/span>University of\u00a0Glasgow, Glasgow \u2013 UK. \u00a0Bacharel em Psicologia pela\u00a0University College Dublin; Mestre em Sociologia pelo Departamento de Sociologia da\u00a0University College Dublin; Doutor pela\u00a0Northern Illinois University, USA.\u00a0Trabalha com temas relacionados a Teoria Social, Educa\u00e7\u00e3o e Politicas Publicas.\u00a0Criou e co-edita o website de Teoria Social Applicada:\u00a0<a href=\"https:\/\/web.archive.org\/web\/20200220020122\/http:\/\/www.socialtheoryapplied.com\/\" target=\"_blank\" rel=\"noopener noreferrer\" data-saferedirecturl=\"https:\/\/www.google.com\/url?q=http:\/\/www.socialtheoryapplied.com&amp;source=gmail&amp;ust=1547296635987000&amp;usg=AFQjCNFvKoB8U_kKJP0mp4o9t6LFuimkWg\">www.socialtheoryapplied.com<\/a>.\u00a0Facebook:\u00a0<a class=\"m_7728562447328944030OWAAutoLink\" href=\"https:\/\/web.archive.org\/web\/20200220020122\/https:\/\/www.facebook.com\/SocialTheoryApplied\/\" target=\"_blank\" rel=\"noopener noreferrer\" data-saferedirecturl=\"https:\/\/www.google.com\/url?q=https:\/\/www.facebook.com\/SocialTheoryApplied\/&amp;source=gmail&amp;ust=1547296635987000&amp;usg=AFQjCNGz2RUSh5xAR_ELEh4wH91qLiUYIA\">https:\/\/www.<wbr \/>facebook.com\/<wbr \/>SocialTheoryApplied\/<\/a> .\u00a0Twitter: @socialtheoryapp<br \/>\n<hr \/>\n<\/li>\n<li style=\"text-align: justify;\"><strong>Profa. \u00a0Dra. Cristina Costa<\/strong>\u00a0(University of the West of England, Bristol) \u2013 Inglaterra. Professora no Departamento de Educa\u00e7\u00e3o e Inf\u00e2ncia da Universidade de West of England, Bacharel em L\u00edngua Moderna, Literatura e Cultura na Universidade Nova de Lisboa; P\u00f3s-gradua\u00e7\u00e3o em e-Learning Techniques and Context\u00a0na Universidade de Coimbra; P\u00f3s-gradua\u00e7\u00e3o em \u00a0Online Education and Teaching Languages na\u00a0Institute of Education, London, UK; Mestre em Tecnologias Educacionais na\u00a0Universidade de Lisboa, Portugal; \u00a0Doutora pela \u00a0University of Salford, UK. Trabalha com temas relacionados com Educa\u00e7\u00e3o, praticas digitais e teorias sociais. Co-editora do website de Teoria Social Applicada:\u00a0<a href=\"https:\/\/web.archive.org\/web\/20200220020122\/http:\/\/www.socialtheoryapplied.com\/\" data-saferedirecturl=\"https:\/\/www.google.com\/url?q=http:\/\/www.socialtheoryapplied.com&amp;source=gmail&amp;ust=1547296635987000&amp;usg=AFQjCNFvKoB8U_kKJP0mp4o9t6LFuimkWg\">www.socialtheoryapplied.com<\/a>. Facebook:\u00a0<a href=\"https:\/\/web.archive.org\/web\/20200220020122\/https:\/\/www.facebook.com\/SocialTheoryApplied\/\" data-saferedirecturl=\"https:\/\/www.google.com\/url?q=https:\/\/www.facebook.com\/SocialTheoryApplied\/&amp;source=gmail&amp;ust=1547296635987000&amp;usg=AFQjCNGz2RUSh5xAR_ELEh4wH91qLiUYIA\">https:\/\/www.facebook.com\/SocialTheoryApplied\/<\/a>\u00a0. Twitter: @cristinacost<br \/>\n<hr \/>\n<\/li>\n<li style=\"text-align: justify;\"><strong>Profa. Dra. Margot Kaszap<\/strong> (Universit\u00e9 Laval, Qu\u00e9bec) \u2013 Canada. \u00a0 Professora Titular\u00a0do Departamento de Estudos de Ensino e Aprendizagem da Universidade de Laval, Qu\u00e9bec, Canada. Bacharel em Geografia \u2013 Universidade de Laval, Canada; Mestre em Planejamento \u2013 Universidade de\u00a0Aix-Marseille II, Fran\u00e7a; Doutora em Did\u00e1tica \u2013 Universidade de Laval, Canada; P\u00f3s-doutorado em M\u00e9todos Qualitativos \u2013 University of Reading, UK. Trabalha com os seguintes temas: Did\u00e1tica; Metodologia; Alfabetiza\u00e7\u00e3o e Sa\u00fade; Forma\u00e7\u00e3o de Professores;\u00a0Ensino de Ci\u00eancias Humanas (Hist\u00f3ria, Geografia, Economia); Inform\u00e1tica na Educa\u00e7\u00e3o e\u00a0uso de softwares para\u00a0dados qualitativos.<br \/>\n<hr \/>\n<\/li>\n<li style=\"text-align: justify;\"><span lang=\"EN-US\"><b>Profa. \u00a0Dra. Maria Alexandra Oliveira Gomes\u00a0<\/b>(Universidade do Minho, Campus de Gualtar \u2013 Braga,<\/span>\u00a0Portugal. Professora\u00a0\u00a0Auxiliar no\u00a0Instituto de Educa\u00e7\u00e3o \u2013 Universidade do Minho,\u00a0Vice-Presidente do Instituto de Educa\u00e7\u00e3o,\u00a0Presidente do Conselho Pedag\u00f3gico e Pesquisadora do Centro de Investiga\u00e7\u00e3o em Estudos da Crian\u00e7a.\u00a0Trabalha com os seguintes temasEduca\u00e7\u00e3o Matem\u00e1tica.<\/li>\n<\/ul>\n<ul style=\"text-align: justify;\">\n<li><strong>Profa. Dra. Glais Sales Cordeiro<\/strong>\u00a0(Universidade de Genebra, Su\u00ed\u00e7a), a professora \u00a0possui doutorado em Lingu\u00edstica Aplicada aos Estudos da Linguagem e Mestrado em Dist\u00farbios da Comunica\u00e7\u00e3o (PUC-SP\/Bolsista CAPES). P\u00f3s-doutorado em Did\u00e1tica do Franc\u00eas \u2013 Faculdade de Psicologia e Ci\u00eancias da Educa\u00e7\u00e3o da Universidade de Genebra (UNIGE). Atualmente \u00e9 Professora de Did\u00e1tica de L\u00ednguas na Faculdade de Psicologia e Ci\u00eancias da Educa\u00e7\u00e3o da Universidade de Genebra (UNIGE). Pesquisadora do grupo GRAFE (Groupe de Recherche pour l\u2019Analyse du Fran\u00e7ais Enseign\u00e9 \u2013 \u00a0e coordenadora, com Lucie Mottier Lopez, do R\u00e9seau Maison des Petits.\u00a0Atua na \u00e1rea da did\u00e1tica de l\u00ednguas. Desenvolve pesquisas sobre letramento e ensino-aprendizagem da produ\u00e7\u00e3o e compreens\u00e3o de g\u00eaneros orais e escritos em contexto escolar a partir de uma perspectiva s\u00f3cio-hist\u00f3rica, subsidiada pelos estudos do Interacionismo Sociodiscursivo (ISD).<\/li>\n<li><strong>Profa. Dra.\u00a0Eliane Segati Rios Registro<\/strong>\u00a0(Universidade Estadual do Norte do Paran\u00e1, Brasil), a professora \u00a0possui\u00a0gradua\u00e7\u00e3o em Letras Anglo Portuguesas pela Faculdade Estadual de Filosofia Ci\u00eancias Letras de Corn\u00e9lio Proc\u00f3pio (1999), mestrado em Estudos da Linguagem pela Universidade Estadual de Londrina (2010) e doutorado em Estudos da Linguagem pela Universidade Estadual de Londrina (2013). Atualmente \u00e9 professora adjunta da Universidade Estadual do Norte do Paran\u00e1 no curso de Letras Portugu\u00eas-Ingl\u00eas, atua como docente permanente no Mestrado Profissional em Letras e est\u00e1 como Coordenadora de Rela\u00e7\u00f5es Internacionais na mesma universidade. \u00c9 membro da C\u00e2mara de Internacionaliza\u00e7\u00e3o da ABRUEM, representante das universidades Estaduais na FAUBAI e est\u00e1 como coordenadora estadual e institucional do Programa Paran\u00e1 fala Ingl\u00eas, do Governo Estadual. \u00c9 l\u00edder do grupo de pesquisa GETELIN, g\u00eaneros textuais e estudos da linguagem. Tem experi\u00eancia na \u00e1rea de Letras, com \u00eanfase em L\u00edngua Inglesa, atuando principalmente nos seguintes temas: internacionaliza\u00e7\u00e3o, forma\u00e7\u00e3o de professor de l\u00edngua inglesa, ensino de l\u00ednguas e literatura de l\u00edngua inglesa.<\/li>\n<\/ul>\n<p style=\"text-align: justify;\"><strong>Colabora\u00e7\u00e3o &#8211; Tradu\u00e7\u00f5es das Palestras<\/strong><\/p>\n<ul style=\"text-align: justify;\">\n<li><strong>Profa. Dra. Marie Claire Ribeiro Pola<\/strong>\u00a0(Franc\u00eas)<\/li>\n<\/ul>\n<p style=\"text-align: justify;\">Professora Marie Claire, possui gradua\u00e7\u00e3o em Licenciatura em Matem\u00e1tica pela Universidade Estadual de Ponta Grossa, gradua\u00e7\u00e3o em Engenharia Civil pela Universidade Estadual de Londrina, Mestrado em Estat\u00edstica pela Universidade Estadual de Londrina (1989) e Doutorado em Tecnologia de Ensino, pela\u00a0\u00a0Universit\u00e9 Laval. Tem experi\u00eancia na \u00e1rea de Matem\u00e1tica, com \u00eanfase em Geometria Descritiva, atuando principalmente nos seguintes temas: Uso de software gr\u00e1ficos como Cabri-g\u00e9om\u00e8tre, Geogebra; Ensino de geometria, de Tratamento da Informa\u00e7\u00e3o; Educa\u00e7\u00e3o Matem\u00e1tica, Engenharia did\u00e1tica, professora aposentada do Departamento de Matem\u00e1tica da Universidade Estadual de Londrina.<\/p>\n<ul>\n<li style=\"text-align: justify;\"><strong>Centro Internacional de Idiomas \u2013 UENP (Ingl\u00eas\/Franc\u00eas);<\/strong><\/li>\n<li style=\"text-align: justify;\"><strong>Tradu\u00e7\u00e3o Libras.<\/strong><\/li>\n<\/ul>\n","protected":false},"excerpt":{"rendered":"","protected":false},"author":1,"featured_media":0,"parent":631,"menu_order":0,"comment_status":"closed","ping_status":"closed","template":"","meta":{"footnotes":""},"class_list":["post-731","page","type-page","status-publish","hentry"],"_links":{"self":[{"href":"https:\/\/eventos.uenp.edu.br\/conien\/wp-json\/wp\/v2\/pages\/731","targetHints":{"allow":["GET"]}}],"collection":[{"href":"https:\/\/eventos.uenp.edu.br\/conien\/wp-json\/wp\/v2\/pages"}],"about":[{"href":"https:\/\/eventos.uenp.edu.br\/conien\/wp-json\/wp\/v2\/types\/page"}],"author":[{"embeddable":true,"href":"https:\/\/eventos.uenp.edu.br\/conien\/wp-json\/wp\/v2\/users\/1"}],"replies":[{"embeddable":true,"href":"https:\/\/eventos.uenp.edu.br\/conien\/wp-json\/wp\/v2\/comments?post=731"}],"version-history":[{"count":4,"href":"https:\/\/eventos.uenp.edu.br\/conien\/wp-json\/wp\/v2\/pages\/731\/revisions"}],"predecessor-version":[{"id":733,"href":"https:\/\/eventos.uenp.edu.br\/conien\/wp-json\/wp\/v2\/pages\/731\/revisions\/733"}],"up":[{"embeddable":true,"href":"https:\/\/eventos.uenp.edu.br\/conien\/wp-json\/wp\/v2\/pages\/631"}],"wp:attachment":[{"href":"https:\/\/eventos.uenp.edu.br\/conien\/wp-json\/wp\/v2\/media?parent=731"}],"curies":[{"name":"wp","href":"https:\/\/api.w.org\/{rel}","templated":true}]}}