
{"id":714,"date":"2023-11-06T11:59:46","date_gmt":"2023-11-06T14:59:46","guid":{"rendered":"https:\/\/eventos.uenp.edu.br\/conien\/?page_id=714"},"modified":"2023-11-07T09:26:02","modified_gmt":"2023-11-07T12:26:02","slug":"hospedagem-e-turismo","status":"publish","type":"page","link":"https:\/\/eventos.uenp.edu.br\/conien\/ii-2019\/hospedagem-e-turismo\/","title":{"rendered":"Hospedagem e Turismo"},"content":{"rendered":"<div class=\"entry-content\">\n<ul>\n<li>Turismo \u2013 informa\u00e7\u00f5es dispon\u00edveis no site da Prefeitura Municipal de Corn\u00e9lio Proc\u00f3pio, item \u201c<strong>NOSSA CIDADE<\/strong>\u201d. &lt;\u00a0<a href=\"https:\/\/web.archive.org\/web\/20200219134928\/http:\/\/www.cornelioprocopio.pr.gov.br\/portal\/index.php\">http:\/\/www.cornelioprocopio.pr.gov.br\/portal\/index.php<\/a>&gt;<\/li>\n<\/ul>\n<ul>\n<li>Lista de Hot\u00e9is (Sugest\u00f5es)<\/li>\n<\/ul>\n<p>Hotel London Prime \u2013\u00a0http:\/\/www.hotellondonprime.com.br\/site\/<\/p>\n<p>Hotel Midas \u2013\u00a0http:\/\/hotelmidas.com.br<\/p>\n<ul>\n<li>A cidade de Corn\u00e9lio Proc\u00f3pio \u2013 PR, fica a 60 km de Londrina \u2013 PR \u2013 aeroporto mais pr\u00f3ximo<\/li>\n<\/ul>\n<\/div>\n","protected":false},"excerpt":{"rendered":"","protected":false},"author":1,"featured_media":0,"parent":631,"menu_order":0,"comment_status":"closed","ping_status":"closed","template":"","meta":{"footnotes":""},"class_list":["post-714","page","type-page","status-publish","hentry"],"_links":{"self":[{"href":"https:\/\/eventos.uenp.edu.br\/conien\/wp-json\/wp\/v2\/pages\/714","targetHints":{"allow":["GET"]}}],"collection":[{"href":"https:\/\/eventos.uenp.edu.br\/conien\/wp-json\/wp\/v2\/pages"}],"about":[{"href":"https:\/\/eventos.uenp.edu.br\/conien\/wp-json\/wp\/v2\/types\/page"}],"author":[{"embeddable":true,"href":"https:\/\/eventos.uenp.edu.br\/conien\/wp-json\/wp\/v2\/users\/1"}],"replies":[{"embeddable":true,"href":"https:\/\/eventos.uenp.edu.br\/conien\/wp-json\/wp\/v2\/comments?post=714"}],"version-history":[{"count":2,"href":"https:\/\/eventos.uenp.edu.br\/conien\/wp-json\/wp\/v2\/pages\/714\/revisions"}],"predecessor-version":[{"id":742,"href":"https:\/\/eventos.uenp.edu.br\/conien\/wp-json\/wp\/v2\/pages\/714\/revisions\/742"}],"up":[{"embeddable":true,"href":"https:\/\/eventos.uenp.edu.br\/conien\/wp-json\/wp\/v2\/pages\/631"}],"wp:attachment":[{"href":"https:\/\/eventos.uenp.edu.br\/conien\/wp-json\/wp\/v2\/media?parent=714"}],"curies":[{"name":"wp","href":"https:\/\/api.w.org\/{rel}","templated":true}]}}