
{"id":704,"date":"2023-11-06T11:38:57","date_gmt":"2023-11-06T14:38:57","guid":{"rendered":"https:\/\/eventos.uenp.edu.br\/conien\/?page_id=704"},"modified":"2023-11-06T14:19:17","modified_gmt":"2023-11-06T17:19:17","slug":"expediente","status":"publish","type":"page","link":"https:\/\/eventos.uenp.edu.br\/conien\/ii-2019\/expediente\/","title":{"rendered":"Expediente"},"content":{"rendered":"<div class=\"entry-content\">\n<p><strong><u>COMISS\u00c3O ORGANIZADORA<\/u><br \/>\n<\/strong><\/p>\n<ul>\n<li><strong>Coordenador Geral: <\/strong>Dr. Jo\u00e3o Coelho Neto \u2013 UENP Corn\u00e9lio Proc\u00f3pio<\/li>\n<li><strong>Vice Coordenador Geral: <\/strong>Dr. Lucken Bueno Lucas \u2013 UENP Corn\u00e9lio Proc\u00f3pio<\/li>\n<\/ul>\n<p>&nbsp;<\/p>\n<ul>\n<li><strong>Comiss\u00e3o Organizadora<\/strong><\/li>\n<li>Dra. Mar\u00edlia Bazan Blanco \u2013 UENP Corn\u00e9lio Proc\u00f3pio<\/li>\n<li>Dra. Marlize Spagolla Bernardelli \u2013 UENP Corn\u00e9lio Proc\u00f3pio<\/li>\n<li>Dra. Roberta Negr\u00e3o de Ara\u00fajo \u2013 UENP Corn\u00e9lio Proc\u00f3pio<\/li>\n<li>Dra. Simone Luccas \u2013 UENP Corn\u00e9lio Proc\u00f3pio<\/li>\n<\/ul>\n<p>&nbsp;<\/p>\n<p><strong>\u00a0<u>COORDENADORES DE EIXOS\u00a0TEM\u00c1TICOS:<\/u><\/strong><\/p>\n<p><strong>1 \u2013 Desafios Educacionais Contempor\u00e2neos:\u00a0<\/strong>\u00a0pesquisas que contemplem Direitos Humanos, Educa\u00e7\u00e3o para a Paz, Combate \u00e0 viol\u00eancia, Sexualidade, G\u00eanero, e Educa\u00e7\u00e3o Ambiental.<\/p>\n<p><em>Profa. Dra. Roberta Negr\u00e3o de Ara\u00fajo (PPGEN\/UENP); Profa. Dra.\u00a0\u00a0Priscila Frasson\u00a0(PPGEN\/UENP) Prof. Dr. \u00a0Rodrigo de Souza Poletto\u00a0(PPGEN\/UENP)<\/em><\/p>\n<p>&nbsp;<\/p>\n<p><strong>2 \u2013 Ensino e Inclus\u00e3o:\u00a0<\/strong>\u00a0inclus\u00e3o de alunos com transtornos do neurodesenvolvimento ou com defici\u00eancia(s) no que tange ao atendimento educacional especializado e o ensino de conte\u00fados espec\u00edficos.<\/p>\n<p><em>Profa. Dra. Mar\u00edlia Bazan Blanco (PPGEN\/UENP);\u00a0 Prof. Dr. Jo\u00e3o Coelho Neto (PPGEN\/UENP)<\/em><\/p>\n<p>&nbsp;<\/p>\n<p><strong>3 \u2013 Ensino de Matem\u00e1tica:\u00a0<\/strong>\u00a0ensino e aprendizagem de Matem\u00e1tica na educa\u00e7\u00e3o b\u00e1sica (em suas tr\u00eas etapas) e no Ensino Superior.<\/p>\n<p><em>Profa. Dra. Simone Luccas (PPGEN\/UENP)<\/em><\/p>\n<p>&nbsp;<\/p>\n<p><strong>4 \u2013 Ensino de Ci\u00eancias Sociais:\u00a0\u00a0<\/strong>ensino e aprendizagem nas \u00e1reas de Ci\u00eancias Sociais e Ci\u00eancias Sociais Aplicadas.<\/p>\n<p><em>Prof. Dr. Carlos C\u00e9sar Garcia Freitas (PPGEN\/UENP)<\/em><\/p>\n<p>&nbsp;<\/p>\n<p><strong>5 \u2013 Ensino de Ci\u00eancias da Natureza:\u00a0<\/strong>ensino de Ci\u00eancias Naturais (educa\u00e7\u00e3o b\u00e1sica e ensino superior), rela\u00e7\u00e3o CTSA no processo de educa\u00e7\u00e3o cient\u00edfica, alfabetiza\u00e7\u00e3o cient\u00edfica.<\/p>\n<p><em>Profa. Dra.\u00a0\u00a0Priscila Frasson\u00a0(PPGEN\/UENP); Prof. Dr. \u00a0Rodrigo de Souza Poletto\u00a0(PPGEN\/UENP); Profa. Dra. Roberta Negr\u00e3o de Ara\u00fajo (PPGEN\/UENP)<\/em><\/p>\n<p>&nbsp;<\/p>\n<p><strong>6 \u2013 Espa\u00e7os n\u00e3o formais:\u00a0<\/strong>pesquisas nas diferentes \u00e1reas do conhecimento desenvolvidas em espa\u00e7os n\u00e3o formais (brinquedotecas, feiras, laborat\u00f3rios, museus, pra\u00e7as, entre outros).<\/p>\n<p><em>Prof. Dr. \u00a0Rodrigo de Souza Poletto\u00a0(PPGEN\/UENP)<\/em><\/p>\n<p>&nbsp;<\/p>\n<p><strong>7 \u2013\u00a0 Estudos da Linguagem:\u00a0<\/strong>pesquisas\u00a0no campo das Linguagens: ensino da l\u00edngua materna, de literatura, de l\u00edngua estrangeira moderna, da corporeidade e das artes.<\/p>\n<p><em>Profa. Dra. Maril\u00facia dos Santos Domingos Striquer (PPGEN\/UENP); Profa. Dra. Let\u00edcia Jovelina Storto\u00a0(PPGEN\/UENP); Profa. Dra. Eliana Merlin Deganutti de Barros (PPGEN\/UENP)<\/em><\/p>\n<p>&nbsp;<\/p>\n<p><strong>8 \u2013 Forma\u00e7\u00e3o de Professores:\u00a0<\/strong>\u00a0forma\u00e7\u00e3o inicial e continuada dos professores em diferentes perspectivas te\u00f3ricas.<\/p>\n<p><em>Profa. Dra. Roberta Negr\u00e3o de Ara\u00fajo (PPGEN\/UENP); Profa. Dra. Mar\u00edlia Bazan Blanco (PPGEN\/UENP)<\/em><\/p>\n<p>&nbsp;<\/p>\n<p><strong>9 \u2013 Avalia\u00e7\u00e3o:\u00a0\u00a0<\/strong>pesquisas que discutam teorias e pr\u00e1ticas avaliativas em diferentes perspectivas e\u00a0\u00a0modalidades.<\/p>\n<p><em>Profa. Dra. Simone Luccas (PPGEN\/UENP); Profa. Dra. Marlize Spagolla Bernardelli (PPGEN\/UENP)<\/em><\/p>\n<p>&nbsp;<\/p>\n<p><strong>10 \u2013 Tecnologias, m\u00eddias e ensino:\u00a0<\/strong>\u00a0utiliza\u00e7\u00e3o das novas tecnologias\u00a0nos processos de ensino e de aprendizagem (jogos eletr\u00f4nicos educacionais,\u00a0<em>softwares,\u00a0<\/em>recursos midi\u00e1ticos, entre outros).<\/p>\n<p><em>Profa. Dra. Selma dos Santos Rosa (UFPR, UENP\/PPGEN); Prof. Dr. Jo\u00e3o Coelho Neto (UENP\/PPGEN)<\/em><\/p>\n<p>&nbsp;<\/p>\n<p><strong>11 \u2013 Ensino em Sa\u00fade:\u00a0<\/strong>contempla estudos acerca do ensino para a \u00e1rea de Sa\u00fade.<\/p>\n<p><em>Profa. Dra.\u00a0Annecy Tojeiro Giordani (PPGEN\/UENP)<\/em><\/p>\n<p>&nbsp;<\/p>\n<p><strong><u>\u00c1REAS\u00a0TEM\u00c1TICAS:<\/u><\/strong>\u00a0Desafios Educacionais Contempor\u00e2neos \/ Ensino e Inclus\u00e3o\/ Ensino de Matem\u00e1tica\/ Ensino de Ci\u00eancias Sociais\/ Ensino de Ci\u00eancias da Natureza \/ Espa\u00e7os n\u00e3o formais \/ Estudos da Linguagem \/ Forma\u00e7\u00e3o de Professores \/ Avalia\u00e7\u00e3o \/ Tecnologias, m\u00eddias e ensino \/ Ensino em Sa\u00fade.<\/p>\n<p><strong>PERIODICIDADE DO EVENTO:<\/strong>\u00a0 Bianual<\/p>\n<p><strong>IDIOMAS ACEITOS PARA PUBLICA\u00c7\u00c3O:\u00a0 <\/strong>Portugu\u00eas, Ingl\u00eas e Espanhol.<\/p>\n<p><strong>PARCERIAS : <\/strong>Programa de P\u00f3s-Gradua\u00e7\u00e3o em Ensino (PPGEN) e Universidade Estadual do Norte do Paran\u00e1 \u2013 Campus Corn\u00e9lio Proc\u00f3pio (UENP-CCP).<\/p>\n<p><strong>EQUIPE DESENVOLVIMENTO SITE: \u00a0<\/strong>P\u00e1gina inicial desenvolvida por Juliano Al\u00e9ssio da Silva<\/p>\n<\/div>\n","protected":false},"excerpt":{"rendered":"","protected":false},"author":1,"featured_media":0,"parent":631,"menu_order":0,"comment_status":"closed","ping_status":"closed","template":"","meta":{"footnotes":""},"class_list":["post-704","page","type-page","status-publish","hentry"],"_links":{"self":[{"href":"https:\/\/eventos.uenp.edu.br\/conien\/wp-json\/wp\/v2\/pages\/704","targetHints":{"allow":["GET"]}}],"collection":[{"href":"https:\/\/eventos.uenp.edu.br\/conien\/wp-json\/wp\/v2\/pages"}],"about":[{"href":"https:\/\/eventos.uenp.edu.br\/conien\/wp-json\/wp\/v2\/types\/page"}],"author":[{"embeddable":true,"href":"https:\/\/eventos.uenp.edu.br\/conien\/wp-json\/wp\/v2\/users\/1"}],"replies":[{"embeddable":true,"href":"https:\/\/eventos.uenp.edu.br\/conien\/wp-json\/wp\/v2\/comments?post=704"}],"version-history":[{"count":2,"href":"https:\/\/eventos.uenp.edu.br\/conien\/wp-json\/wp\/v2\/pages\/704\/revisions"}],"predecessor-version":[{"id":750,"href":"https:\/\/eventos.uenp.edu.br\/conien\/wp-json\/wp\/v2\/pages\/704\/revisions\/750"}],"up":[{"embeddable":true,"href":"https:\/\/eventos.uenp.edu.br\/conien\/wp-json\/wp\/v2\/pages\/631"}],"wp:attachment":[{"href":"https:\/\/eventos.uenp.edu.br\/conien\/wp-json\/wp\/v2\/media?parent=704"}],"curies":[{"name":"wp","href":"https:\/\/api.w.org\/{rel}","templated":true}]}}