
{"id":656,"date":"2022-11-23T09:07:58","date_gmt":"2022-11-23T12:07:58","guid":{"rendered":"https:\/\/eventos.uenp.edu.br\/conien\/?page_id=656"},"modified":"2023-11-07T09:28:19","modified_gmt":"2023-11-07T12:28:19","slug":"programacao","status":"publish","type":"page","link":"https:\/\/eventos.uenp.edu.br\/conien\/ii-2019\/programacao\/","title":{"rendered":"Programa\u00e7\u00e3o"},"content":{"rendered":"<div class=\"entry-content\">\n<p><strong>ATIVIDADES * (poder\u00e1 haver altera\u00e7\u00f5es)<\/strong><\/p>\n<p><strong>08\/05\/2019 (Quarta-feira)<\/strong><\/p>\n<p>08h00 \u2013 18h00 \u2013 Credenciamento<\/p>\n<p>09h00 \u2013 12h00 \u2013\u00a0Apresenta\u00e7\u00f5es Dialogadas<\/p>\n<p>09h00 \u2013 12h00 \u2013 I Encontro de Egressos e I Mostra de\u00a0Produtos Educacionais elaborados no PPGEN\/UENP<\/p>\n<p>14h00 \u2013 16h00\u00a0\u2013 Apresenta\u00e7\u00f5es Dialogadas<\/p>\n<p>16h00 \u2013 16h30- Atividades Culturais e Coffee Break<\/p>\n<p>16h30 \u2013 18h00 \u2013 Apresenta\u00e7\u00f5es Dialogadas<\/p>\n<p>19h00 \u2013 19h45\u00a0\u2013 Abertura Oficial<\/p>\n<p>19h45\u00a0\u2013 20h00 \u2013\u00a0Assinatura Coopera\u00e7\u00e3o Universidade do Minho<\/p>\n<p>20h00 \u2013 20h30 \u2013 Comit\u00ea de Internacionaliza\u00e7\u00e3o da UENP \u2013 Profa. Dra. Eliane \u00a0Segati Rios Registro.<\/p>\n<p>20h30-21h30 \u2013\u00a0Confer\u00eancia:\u00a0Digital cultures and teaching and learning practices \u2013 Profa. \u00a0Dra. Cristina Costa\u00a0(University of the West of England, Bristol) \u2013 Inglaterra. (em l\u00edngua inglesa)*<\/p>\n<p>21h30 \u2013 22h00 \u2013\u00a0Lan\u00e7amento Livro PPGEN<\/p>\n<p>22h00 \u2013 23h00 \u2013\u00a0Reuni\u00e3o organiza\u00e7\u00e3o do congresso.<\/p>\n<p><strong>09\/05\/2019 (Quinta-feira)<\/strong><\/p>\n<p>08h00 \u2013 12h00 \u2013 Reuni\u00f5es de\u00a0Grupos de Pesquisa: cada grupo apresentar\u00e1 suas tem\u00e1ticas e atividades de pesquisa<\/p>\n<ul>\n<li>08h00 \u2013 08h30 -Grupo de Pesquisa \u2013 Forma\u00e7\u00e3o\u00a0&amp; Educa\u00e7\u00e3o Matem\u00e1tica \u2013 Profa. Dra. Patr\u00edcia Sandalo Pereira (UFMS)<\/li>\n<li>08h30 \u2013 09h00 \u2013\u00a0EDUCIM-Educa\u00e7\u00e3o em Ci\u00eancias e Matem\u00e1tica \u2013 coordenadores: Prof. Dr. S\u00e9rgio Arruda (UEL\/UTFPR) e Profa. Dra. Marinez M. Passos (UEL\/UENP)<\/li>\n<li>09h00 \u2013 09h30 \u2013 GEPPE \u2013 coordenadores: Profa. Dra. Ana Lucia Pereira (UEPG), Profa. Dra. Leila Ines Follmann Freire (UEPG) e Prof. Dr. Tadeu Teles Lunardi (UEPG)<\/li>\n<li>09h30 \u2013 10h00 \u2013\u00a0Di\u00e1logos linguisticos e ensino: saberes e pr\u00e1ticas (DIALE) \u2013 Profa. Dra.\u00a0Eliana Merlin Deganutti de Barros\u00a0(UENP)<\/li>\n<li>10h00 \u2013 10h30 \u2013 Coffee Break<\/li>\n<li>10h30 \u2013 11h00 \u2013 GRUPEMMAT \u2013 Grupo de Pesquisa sobre Modelagem Matem\u00e1tica e Educa\u00e7\u00e3o Matem\u00e1tica \u2013 coordenadora: Profa. Dra.\u00a0Lourdes Maria Werle de Almeida (UEL\/UENP)<\/li>\n<li>11h00 \u2013 11h30 \u2013 Grupo de Pesquisas em Comunidades Bent\u00f4nicas \u2013 coordenadora: Profa. Dra.\u00a0Hilda Helena Sovierzoski (UFAL)<\/li>\n<li>11h30 \u2013 12h00 \u2013 Momento de questionamento aos grupos (abertura para o p\u00fablico)<\/li>\n<\/ul>\n<p>14h00 \u2013 15h30 \u2013 Confer\u00eancia: Digital Scholarship and the Future of the Public Intellectual \u00a0\u2013 Prof. Dr.\u00a0Mark<span lang=\"EN-US\">\u00a0Murphy \u2013 University of Glasgow, Glasgow \u2013 Esc\u00f3cia.\u00a0(em l\u00edngua inglesa)*<\/span><\/p>\n<p>15h30 \u2013 16h00 \u2013\u00a0Coffee Break<\/p>\n<p>16h00 \u2013 17h30- Confer\u00eancia: Desafios no ensino de l\u00edngua materna: escrever para ler e ler para escrever \u2013 \u00a0Profa. Dra. Gla\u00eds Sales Cordeiro\u00a0\u2013 Universidade de Genebra, Su\u00ed\u00e7a. (em l\u00edngua portuguesa).<\/p>\n<p>19h00 \u2013 19h45 \u2013\u00a0Apresenta\u00e7\u00f5es Culturais.<\/p>\n<p>19h45 \u2013 21h00 \u2013 Confer\u00eancia: Tools for Qualitative data analysis in the field of education \u2013 Profa. Dra.\u00a0Margot Kaszap \u2013\u00a0Universit\u00e9 Laval, Qu\u00e9bec, \u00a0QC,\u00a0Canada (em l\u00edngua francesa)*<\/p>\n<p>21h00 \u2013 23h00 \u2013 Coffee Break e Apresenta\u00e7\u00f5es Culturais.<\/p>\n<p>&nbsp;<\/p>\n<p><strong>10\/05\/2019 (Sexta-feira)<\/strong><\/p>\n<p>08h00 \u2013 10h00 \u2013 Apresenta\u00e7\u00f5es Dialogadas<\/p>\n<p>10h00 \u2013 10h30 \u2013\u00a0Coffee Break<\/p>\n<p>10h30 \u2013 12h00 \u2013\u00a0Mesa Redonda: coordenadores de \u00a0programas de p\u00f3s-gradua\u00e7\u00e3o \u00a0\u2013 experi\u00eancias de internacionaliza\u00e7\u00e3o de programas de p\u00f3s-gradua\u00e7\u00e3o Stricto-Sensu em Ensino.<\/p>\n<ul>\n<li>Profa. Dra. Cleci Teresinha Werner da Rosa \u2013 Universidade de Passo Fundo, RS;<\/li>\n<li>Profa. Dra. Silvia Regina Quijadas Aro Zuliani \u2013 UNESP Bauru, SP;<\/li>\n<li>Prof. Dr. Tadeu Teles Lunardi \u2013 UEPG;<\/li>\n<li>Profa. Samira Fayez Kfouri da Silva \u2013 UNOPAR Londrina, PR;<\/li>\n<li>Profa. Dra. Angela Marta Pereira das Dores Savioli \u2013 UEL, PR;<\/li>\n<li>Prof. Dr. Lucken Bueno Lucas \u2013 UENP Corn\u00e9lio Proc\u00f3pio, PR.<\/li>\n<\/ul>\n<p>14h00 \u2013 15h30 \u2013 Confer\u00eancia: <span lang=\"EN-GB\">Mathematical Knowledge and Elementary School Teachers: a Mistreated Relationship<\/span> \u2013\u00a0Profa. Dra. Maria Alexandra de Oliveira Gomes\u00a0\u2013\u00a0Universidade do Minho \u2013 Portugal.<\/p>\n<p>15h30 \u2013 16h00 \u2013\u00a0Coffee Break<\/p>\n<p>16h00 \u2013 18h00 \u2013\u00a0Encerramento Oficial \u2013 an\u00fancio do III CONIEN<\/p>\n<p>19h00 \u2013 23h00 \u2013 Reuni\u00e3o das equipes organizadoras do evento<\/p>\n<p><strong>* Para as atividades em l\u00edngua inglesa, l\u00edngua francesa e l\u00edngua brasileira de sinais (LIBRAS) haver\u00e1 tradu\u00e7\u00e3o simult\u00e2nea.<\/strong><\/p>\n<\/div>\n","protected":false},"excerpt":{"rendered":"","protected":false},"author":1,"featured_media":0,"parent":631,"menu_order":0,"comment_status":"closed","ping_status":"closed","template":"","meta":{"footnotes":""},"class_list":["post-656","page","type-page","status-publish","hentry"],"_links":{"self":[{"href":"https:\/\/eventos.uenp.edu.br\/conien\/wp-json\/wp\/v2\/pages\/656","targetHints":{"allow":["GET"]}}],"collection":[{"href":"https:\/\/eventos.uenp.edu.br\/conien\/wp-json\/wp\/v2\/pages"}],"about":[{"href":"https:\/\/eventos.uenp.edu.br\/conien\/wp-json\/wp\/v2\/types\/page"}],"author":[{"embeddable":true,"href":"https:\/\/eventos.uenp.edu.br\/conien\/wp-json\/wp\/v2\/users\/1"}],"replies":[{"embeddable":true,"href":"https:\/\/eventos.uenp.edu.br\/conien\/wp-json\/wp\/v2\/comments?post=656"}],"version-history":[{"count":3,"href":"https:\/\/eventos.uenp.edu.br\/conien\/wp-json\/wp\/v2\/pages\/656\/revisions"}],"predecessor-version":[{"id":743,"href":"https:\/\/eventos.uenp.edu.br\/conien\/wp-json\/wp\/v2\/pages\/656\/revisions\/743"}],"up":[{"embeddable":true,"href":"https:\/\/eventos.uenp.edu.br\/conien\/wp-json\/wp\/v2\/pages\/631"}],"wp:attachment":[{"href":"https:\/\/eventos.uenp.edu.br\/conien\/wp-json\/wp\/v2\/media?parent=656"}],"curies":[{"name":"wp","href":"https:\/\/api.w.org\/{rel}","templated":true}]}}