
{"id":643,"date":"2022-11-23T08:37:17","date_gmt":"2022-11-23T11:37:17","guid":{"rendered":"https:\/\/eventos.uenp.edu.br\/conien\/?page_id=643"},"modified":"2023-11-08T09:34:15","modified_gmt":"2023-11-08T12:34:15","slug":"normas","status":"publish","type":"page","link":"https:\/\/eventos.uenp.edu.br\/conien\/ii-2019\/normas\/","title":{"rendered":"Normas para Submiss\u00e3o"},"content":{"rendered":"<div class=\"entry-content\">\n<ul>\n<li><strong>Submiss\u00e3o do trabalho final com identifica\u00e7\u00e3o at\u00e9 a data de 19\/04\/2019.<\/strong><\/li>\n<\/ul>\n<p><strong>INSTRU\u00c7\u00d5ES PARA A SUBMISS\u00c3O DE TRABALHOS\u00a0NO II CONIEN:<\/strong><\/p>\n<ul>\n<li><strong>o pagamento das inscri\u00e7\u00f5es de autores\/coautores n\u00e3o \u00e9 necess\u00e1ria para a submiss\u00e3o dos\u00a0trabalhos, podendo ser realizado ap\u00f3s poss\u00edvel aprova\u00e7\u00e3o.<\/strong><\/li>\n<li><strong>Trabalhos aprovados, cujos autores e coautores n\u00e3o efetuarem o pagamento da inscri\u00e7\u00e3o, n\u00e3o ser\u00e3o apresentados e nem constar\u00e3o nos anais do evento, o evento possui vagas limitadas.<\/strong><\/li>\n<\/ul>\n<p><strong>PARA A VERS\u00c3O FINAL, O TRABALHO DEVERA ESTAR IDENTIFICADO<\/strong><\/p>\n<p>Para a<span class=\"apple-converted-space\">\u00a0<\/span><strong>SUBMISS\u00c3O<\/strong><span class=\"apple-converted-space\">\u00a0<\/span>de um artigo completo o autor principal dever\u00e1:<\/p>\n<p>1. <strong>Encaminhar o trabalho<\/strong>\u00a0(em formato .doc ou .docx) para o e-mail &lt;artigos.conien@uenp.edu.br&gt;. Coautores devem ser informados sobre a necessidade de inscri\u00e7\u00e3o e pagamento de\u00a0taxa.\u00a0Ap\u00f3s a submiss\u00e3o n\u00e3o ser\u00e1 permitida a inser\u00e7\u00e3o de novos coautores. Os artigos dever\u00e3o obedecer rigorosamente as\u00a0configura\u00e7\u00f5es\u00a0(normas) dispostas no\u00a0modelo a seguir:\u00a0<strong><a href=\"https:\/\/web.archive.org\/web\/20200223190554\/http:\/\/eventos.uenp.edu.br\/conien\/wp-content\/uploads\/2017\/02\/TemplateEventoIIConien2019-1.docx\">TemplateEventoIIConien2019<\/a><\/strong><\/p>\n<p><span class=\"apple-converted-space\">2. Registrar\u00a0<\/span>\u00a0no <b>assunto\/subject<\/b>\u00a0do e-mail (artigos.conien@uenp.edu.br): o CPF\u00a0(do primeiro autor)\u00a0+\u00a0\u00e1rea tem\u00e1tica do artigo (artigos fora desse padr\u00e3o de envio n\u00e3o ser\u00e3o avaliados).<\/p>\n<p>3. <b>Inserir no corpo do e-mail<\/b>\u00a0as seguintes informa\u00e7\u00f5es:<\/p>\n<ul>\n<li>NOME E CPF DO PRIMEIRO AUTOR;<\/li>\n<li>NOME DOS COAUTORES;<\/li>\n<li>T\u00cdTULO DO ARTIGO E\u00a0\u00c1REA TEM\u00c1TICA:\u00a0na vers\u00e3o de submiss\u00e3o n\u00e3o poder\u00e1 haver qualquer tipo de identifica\u00e7\u00e3o do(s) autor(es). Em caso de identifica\u00e7\u00e3o constatada (durante o processo\u00a0<em>blind review<\/em>) o artigo ser\u00e1 desconsiderado.<\/li>\n<\/ul>\n<p>Obs.: N\u00e3o haver\u00e1 limite para a quantidade de coautores.\u00a0Todavia, autores e coautores de trabalhos submetidos dever\u00e3o estar inscritos no evento e recolher o valor\u00a0de inscri\u00e7\u00e3o.<\/p>\n<p>&nbsp;<\/p>\n<ul>\n<li><strong>SUBMISS\u00c3O DE MAIS DE UM ARTIGO POR UM MESMO AUTOR:<\/strong><\/li>\n<li>As regras de submiss\u00e3o\u00a0dever\u00e3o ser rigorosamente seguidas para uma ou mais submiss\u00f5es de um mesmo autor.<\/li>\n<li>Cada participante poder\u00e1 submeter <strong>at\u00e9 quatro\u00a0trabalhos,<\/strong> considerando a condi\u00e7\u00e3o: um tralho como autor e tr\u00eas trabalhos como coautor.<\/li>\n<\/ul>\n<p><strong>EIXOS TEM\u00c1TICOS\u00a0PARA ENVIO DOS ARTIGOS<\/strong><\/p>\n<ul>\n<li>Desafios Educacionais Contempor\u00e2neos<\/li>\n<li>Ensino e Inclus\u00e3o<\/li>\n<li>Ensino de Matem\u00e1tica<\/li>\n<li>Ensino de Ci\u00eancias Sociais<\/li>\n<li>Ensino de Ci\u00eancias da Natureza<\/li>\n<li>Espa\u00e7os n\u00e3o formais<\/li>\n<li>Estudos da Linguagem<\/li>\n<li>Forma\u00e7\u00e3o de Professores<\/li>\n<li>Avalia\u00e7\u00e3o<\/li>\n<li>Tecnologias, m\u00eddias e ensino<\/li>\n<li>Ensino em Sa\u00fade<\/li>\n<\/ul>\n<div>OBS. Os artigos aprovados ser\u00e3o disponibilizados nos Anais do evento ap\u00f3s\u00a0os processos de inscri\u00e7\u00e3o (com pagamento de autor e coautores) e avalia\u00e7\u00e3o (com aprova\u00e7\u00e3o) dos textos.<\/div>\n<div><\/div>\n<div><\/div>\n<div><strong>APRESENTA\u00c7\u00d5ES:<\/strong>\u00a0acontecer\u00e3o em salas tem\u00e1ticas, com\u00a0dura\u00e7\u00e3o m\u00e1xima de 10 (dez) minutos, na modalidade \u201capresenta\u00e7\u00e3o dialogada\u201d. Cada autor apresentar\u00e1 sua pesquisa e ao t\u00e9rmino de todos os participantes ser\u00e1 estimulada a manifesta\u00e7\u00e3o dos presentes,\u00a0visando di\u00e1logos (inter)disciplinares,\u00a0interc\u00e2mbio de ideias, questionamentos, cr\u00edticas e sugest\u00f5es.<\/div>\n<p>&nbsp;<\/p>\n<p><strong>IDIOMAS ACEITOS PARA PUBLICA\u00c7\u00c3O:\u00a0 <\/strong>Portugu\u00eas, Ingl\u00eas e Espanhol.<\/p>\n<p><strong>PERIODICIDADE DO EVENTO:<\/strong>\u00a0Bianual.<\/p>\n<p>Submiss\u00e3o dos artigos at\u00e9 <del><\/del><strong><del>01 de mar\u00e7o de 2019<\/del>.<\/strong><\/p>\n<p>Submiss\u00e3o de artigos prorrogada at\u00e9 <strong>17 de mar\u00e7o de 2019.<\/strong><\/p>\n<\/div>\n","protected":false},"excerpt":{"rendered":"","protected":false},"author":1,"featured_media":0,"parent":631,"menu_order":0,"comment_status":"closed","ping_status":"closed","template":"","meta":{"footnotes":""},"class_list":["post-643","page","type-page","status-publish","hentry"],"_links":{"self":[{"href":"https:\/\/eventos.uenp.edu.br\/conien\/wp-json\/wp\/v2\/pages\/643","targetHints":{"allow":["GET"]}}],"collection":[{"href":"https:\/\/eventos.uenp.edu.br\/conien\/wp-json\/wp\/v2\/pages"}],"about":[{"href":"https:\/\/eventos.uenp.edu.br\/conien\/wp-json\/wp\/v2\/types\/page"}],"author":[{"embeddable":true,"href":"https:\/\/eventos.uenp.edu.br\/conien\/wp-json\/wp\/v2\/users\/1"}],"replies":[{"embeddable":true,"href":"https:\/\/eventos.uenp.edu.br\/conien\/wp-json\/wp\/v2\/comments?post=643"}],"version-history":[{"count":3,"href":"https:\/\/eventos.uenp.edu.br\/conien\/wp-json\/wp\/v2\/pages\/643\/revisions"}],"predecessor-version":[{"id":749,"href":"https:\/\/eventos.uenp.edu.br\/conien\/wp-json\/wp\/v2\/pages\/643\/revisions\/749"}],"up":[{"embeddable":true,"href":"https:\/\/eventos.uenp.edu.br\/conien\/wp-json\/wp\/v2\/pages\/631"}],"wp:attachment":[{"href":"https:\/\/eventos.uenp.edu.br\/conien\/wp-json\/wp\/v2\/media?parent=643"}],"curies":[{"name":"wp","href":"https:\/\/api.w.org\/{rel}","templated":true}]}}