
{"id":1334,"date":"2026-02-04T17:37:27","date_gmt":"2026-02-04T20:37:27","guid":{"rendered":"https:\/\/eventos.uenp.edu.br\/conien\/?page_id=1334"},"modified":"2026-04-16T15:57:23","modified_gmt":"2026-04-16T18:57:23","slug":"datas-importantes","status":"publish","type":"page","link":"https:\/\/eventos.uenp.edu.br\/conien\/datas-importantes\/","title":{"rendered":"Informa\u00e7\u00f5es Importantes"},"content":{"rendered":"<p>CONIEN ser\u00e1 realizado entre os dias 09 e 11 de setembro de 2026, na UTFPR Curitiba, Estado do Paran\u00e1, Brasil.<\/p>\n<table style=\"border-collapse: collapse;width: 100%;height: 260px\">\n<tbody>\n<tr style=\"height: 24px\">\n<td style=\"width: 45.7975%;background-color: #c49d66;height: 24px;text-align: center\"><span style=\"color: #ffffff\"><strong>Evento<\/strong><\/span><\/td>\n<td style=\"width: 20.8691%;background-color: #c49d66;height: 24px;text-align: center\"><span style=\"color: #ffffff\"><strong>Data<\/strong><\/span><\/td>\n<\/tr>\n<tr style=\"height: 24px\">\n<td style=\"width: 45.7975%;height: 24px\">Submiss\u00e3o de Resumos<\/td>\n<td style=\"width: 20.8691%;height: 24px\">\n<p style=\"font-weight: 400\"><span style=\"text-decoration: line-through\">At\u00e9 22 de abril\/2026<\/span><\/p>\n<p><span style=\"color: #ff0000\"><strong>Prorrogado at\u00e9 04\/05\/2026<\/strong><\/span><\/td>\n<\/tr>\n<tr style=\"height: 24px\">\n<td style=\"width: 45.7975%;height: 24px\"><span style=\"font-weight: 400\">Submiss\u00e3o de Artigos<\/span><\/td>\n<td style=\"width: 20.8691%;height: 24px\">\n<p style=\"font-weight: 400\"><span style=\"text-decoration: line-through\">At\u00e9 22 de abril\/2026<\/span><\/p>\n<p><span style=\"color: #ff0000\"><strong>Prorrogado at\u00e9 04\/05\/2026<\/strong><\/span><\/td>\n<\/tr>\n<tr style=\"height: 24px\">\n<td style=\"width: 45.7975%;height: 20px\">Resultado das Avalia\u00e7\u00f5es<\/td>\n<td style=\"width: 20.8691%;height: 20px\"><span style=\"font-weight: 400\">At\u00e9 22 de junho\/2026<\/span><\/td>\n<\/tr>\n<tr style=\"height: 24px\">\n<td style=\"width: 45.7975%;height: 24px\">Envio das Vers\u00f5es Finais<\/td>\n<td style=\"width: 20.8691%;height: 24px\"><span style=\"font-weight: 400\">At\u00e9 03 de julho\/2026<\/span><\/td>\n<\/tr>\n<tr style=\"height: 24px\">\n<td style=\"width: 45.7975%;height: 24px\">Inscri\u00e7\u00f5es<\/td>\n<td style=\"width: 20.8691%;height: 24px\"><span style=\"font-weight: 400\">De 06\u00a0 de mar\u00e7o at\u00e9 31 de julho\/2026<\/span><\/td>\n<\/tr>\n<tr style=\"height: 24px\">\n<td style=\"width: 45.7975%;height: 24px\">Publica\u00e7\u00e3o do Cronograma das Apresenta\u00e7\u00f5es<\/td>\n<td style=\"width: 20.8691%;height: 24px\"><span style=\"font-weight: 400\">At\u00e9 21 de agosto\/2026<\/span><\/td>\n<\/tr>\n<tr style=\"height: 24px\">\n<td style=\"width: 45.7975%;height: 24px\">Confirma\u00e7\u00e3o das Inscri\u00e7\u00f5es<\/td>\n<td style=\"width: 20.8691%;height: 24px\"><span style=\"font-weight: 400\">At\u00e9 24 de agosto\/2026<\/span><\/td>\n<\/tr>\n<tr style=\"height: 24px\">\n<td style=\"width: 45.7975%;height: 24px\"><\/td>\n<td style=\"width: 20.8691%;height: 24px\"><\/td>\n<\/tr>\n<tr style=\"height: 24px\">\n<td style=\"width: 45.7975%;height: 24px\"><\/td>\n<td style=\"width: 20.8691%;height: 24px\"><\/td>\n<\/tr>\n<tr style=\"height: 24px\">\n<td style=\"width: 45.7975%;height: 24px\"><\/td>\n<td style=\"width: 20.8691%;height: 24px\"><\/td>\n<\/tr>\n<\/tbody>\n<\/table>\n<table style=\"border-collapse: collapse;width: 100%;height: 23px\">\n<tbody>\n<tr>\n<td style=\"width: 45.7975%\"><\/td>\n<td style=\"width: 20.8691%\"><\/td>\n<\/tr>\n<\/tbody>\n<\/table>\n<p>&nbsp;<\/p>\n","protected":false},"excerpt":{"rendered":"","protected":false},"author":22,"featured_media":0,"parent":0,"menu_order":0,"comment_status":"closed","ping_status":"closed","template":"","meta":{"footnotes":""},"class_list":["post-1334","page","type-page","status-publish","hentry"],"_links":{"self":[{"href":"https:\/\/eventos.uenp.edu.br\/conien\/wp-json\/wp\/v2\/pages\/1334","targetHints":{"allow":["GET"]}}],"collection":[{"href":"https:\/\/eventos.uenp.edu.br\/conien\/wp-json\/wp\/v2\/pages"}],"about":[{"href":"https:\/\/eventos.uenp.edu.br\/conien\/wp-json\/wp\/v2\/types\/page"}],"author":[{"embeddable":true,"href":"https:\/\/eventos.uenp.edu.br\/conien\/wp-json\/wp\/v2\/users\/22"}],"replies":[{"embeddable":true,"href":"https:\/\/eventos.uenp.edu.br\/conien\/wp-json\/wp\/v2\/comments?post=1334"}],"version-history":[{"count":9,"href":"https:\/\/eventos.uenp.edu.br\/conien\/wp-json\/wp\/v2\/pages\/1334\/revisions"}],"predecessor-version":[{"id":1381,"href":"https:\/\/eventos.uenp.edu.br\/conien\/wp-json\/wp\/v2\/pages\/1334\/revisions\/1381"}],"wp:attachment":[{"href":"https:\/\/eventos.uenp.edu.br\/conien\/wp-json\/wp\/v2\/media?parent=1334"}],"curies":[{"name":"wp","href":"https:\/\/api.w.org\/{rel}","templated":true}]}}