{"id":656,"date":"2022-11-23T09:07:58","date_gmt":"2022-11-23T12:07:58","guid":{"rendered":"https:\/\/eventos.uenp.edu.br\/confiuenp\/?page_id=656"},"modified":"2024-10-03T17:08:44","modified_gmt":"2024-10-03T20:08:44","slug":"programacao","status":"publish","type":"page","link":"https:\/\/eventos.uenp.edu.br\/confiuenp\/programacao\/","title":{"rendered":"Programa\u00e7\u00e3o"},"content":{"rendered":"\n<h3 class=\"wp-block-heading\">Dia 22\/10<\/h3>\n\n\n\n<ul class=\"wp-block-list\">\n<li><strong>08:00 \u2013 08:30:<\/strong> Credenciamento dos participantes<\/li>\n\n\n\n<li><strong>09:00 \u2013 10:00:<\/strong> Abertura<\/li>\n\n\n\n<li><strong>10:00 \u2013 11:30:<\/strong> Processo de reabilita\u00e7\u00e3o para uso de pr\u00f3tese (Dra Taiz Monara &#8211; Ottobock)<\/li>\n\n\n\n<li><strong>12:00 \u2013 13:00:<\/strong> Almo\u00e7o<\/li>\n\n\n\n<li><strong>13:30 \u2013 14:45:<\/strong> Fisioterapia dermatofuncional e injet\u00e1veis (Dra Daniele Bernardi)<\/li>\n\n\n\n<li><strong>14:45 \u2013 15:15:<\/strong> Intervalo<\/li>\n\n\n\n<li><strong>15:30 \u2013 16:45:<\/strong> Desafios da atua\u00e7\u00e3o do fisioterapeuta no manejo de corredores de rua (Dra Fl\u00e1via de Carvalho)<\/li>\n<\/ul>\n\n\n\n<h3 class=\"wp-block-heading\">Dia 23\/10<\/h3>\n\n\n\n<ul class=\"wp-block-list\">\n<li><strong>08:30 \u2013 09:45:<\/strong> Doen\u00e7as neurodegenerativas: da neuroinflama\u00e7\u00e3o aos benef\u00edcios da atividade f\u00edsica (Dra Flavia Faganello)<\/li>\n\n\n\n<li><strong>09:45 \u2013 10:15:<\/strong> Intervalo<\/li>\n\n\n\n<li><strong>10:30 \u2013 11:45:<\/strong> Sedentarismo: desafios e estrat\u00e9gias (Dr F\u00e1bio Pitta)<\/li>\n\n\n\n<li><strong>12:00 \u2013 13:00:<\/strong> Almo\u00e7o<\/li>\n\n\n\n<li><strong>13:00 \u2013 16:30:<\/strong> Mini curso \u00d3rteses \u2013 Dra Janaina Albuquerque<\/li>\n\n\n\n<li><strong>13:00 \u2013 16:30:<\/strong> Mini curso Primeiros Socorros &#8211; Yohan<\/li>\n\n\n\n<li><strong>13:00 \u2013 16:30:<\/strong> Mini curso Pilates Solo \u2013 Dra Marieli Stocco<\/li>\n<\/ul>\n\n\n\n<h3 class=\"wp-block-heading\">Dia 24\/10<\/h3>\n\n\n\n<ul class=\"wp-block-list\">\n<li><strong>08:30 \u2013 09:45:<\/strong> Atua\u00e7\u00e3o da fisioterapia p\u00e9lvica nas disfun\u00e7\u00f5es ap\u00f3s prostatectomia (Dra Danielle Evangelista)<\/li>\n\n\n\n<li><strong>09:45 \u2013 10:15:<\/strong> Intervalo<\/li>\n\n\n\n<li><strong>10:30 \u2013 11:45:<\/strong> Osteopatia pedi\u00e1trica (Dr Robson Eiri)<\/li>\n\n\n\n<li><strong>12:00 \u2013 13:00:<\/strong> Almo\u00e7o<\/li>\n\n\n\n<li><strong>13:00 \u2013 16:30:<\/strong> Apresenta\u00e7\u00e3o de trabalhos<\/li>\n<\/ul>\n\n\n\n<h3 class=\"wp-block-heading\">Dia 25\/10<\/h3>\n\n\n\n<ul class=\"wp-block-list\">\n<li><strong>08:30 \u2013 10:00:<\/strong> Mesa dos egressos<\/li>\n\n\n\n<li><strong>10:00 \u2013 10:30:<\/strong> Apresenta\u00e7\u00e3o cultural<\/li>\n\n\n\n<li><strong>11:00 \u2013 12:00:<\/strong> Encerramento e premia\u00e7\u00e3o<\/li>\n<\/ul>\n","protected":false},"excerpt":{"rendered":"","protected":false},"author":1,"featured_media":0,"parent":0,"menu_order":0,"comment_status":"closed","ping_status":"closed","template":"","meta":{"footnotes":""},"class_list":["post-656","page","type-page","status-publish","hentry"],"_links":{"self":[{"href":"https:\/\/eventos.uenp.edu.br\/confiuenp\/wp-json\/wp\/v2\/pages\/656","targetHints":{"allow":["GET"]}}],"collection":[{"href":"https:\/\/eventos.uenp.edu.br\/confiuenp\/wp-json\/wp\/v2\/pages"}],"about":[{"href":"https:\/\/eventos.uenp.edu.br\/confiuenp\/wp-json\/wp\/v2\/types\/page"}],"author":[{"embeddable":true,"href":"https:\/\/eventos.uenp.edu.br\/confiuenp\/wp-json\/wp\/v2\/users\/1"}],"replies":[{"embeddable":true,"href":"https:\/\/eventos.uenp.edu.br\/confiuenp\/wp-json\/wp\/v2\/comments?post=656"}],"version-history":[{"count":8,"href":"https:\/\/eventos.uenp.edu.br\/confiuenp\/wp-json\/wp\/v2\/pages\/656\/revisions"}],"predecessor-version":[{"id":834,"href":"https:\/\/eventos.uenp.edu.br\/confiuenp\/wp-json\/wp\/v2\/pages\/656\/revisions\/834"}],"wp:attachment":[{"href":"https:\/\/eventos.uenp.edu.br\/confiuenp\/wp-json\/wp\/v2\/media?parent=656"}],"curies":[{"name":"wp","href":"https:\/\/api.w.org\/{rel}","templated":true}]}}