{"id":652,"date":"2022-11-23T09:07:14","date_gmt":"2022-11-23T12:07:14","guid":{"rendered":"https:\/\/eventos.uenp.edu.br\/confiuenp\/?page_id=652"},"modified":"2024-08-23T15:44:37","modified_gmt":"2024-08-23T18:44:37","slug":"comissao-organizadora","status":"publish","type":"page","link":"https:\/\/eventos.uenp.edu.br\/confiuenp\/comissao-organizadora\/","title":{"rendered":"Comiss\u00e3o Organizadora"},"content":{"rendered":"\n<h3 class=\"wp-block-heading\"><\/h3>\n\n\n\n<p><strong>Prof. Dr. F\u00e1bio Antonio Neia Martini<\/strong><br><em>Magn\u00edfico Reitor<\/em><\/p>\n\n\n\n<p><strong>Prof. Dr. Luiz Fernando Kazmierczak<\/strong><br><em>Diretor do Campus Jacarezinho<\/em><\/p>\n\n\n\n<p><strong>Prof. Dr. Fabricio Jos\u00e9 Jassi<\/strong><br><em>Diretor do Centro de Ci\u00eancias da Sa\u00fade<\/em><\/p>\n\n\n\n<p><strong>Prof. Dr. Denis Carlos dos Santos<\/strong><br><em>Coordenador do Curso de Fisioterapia<\/em><\/p>\n\n\n\n<p><strong>Profa. Dra. Joyce Karla Machado da Silva<\/strong><br><em>Vice-Coordenadora do Curso de Fisioterapia<\/em><\/p>\n\n\n\n<p><strong>Profa. Me. Rafaela Maria de Souza<\/strong><br><em>Coordenadora do Evento<\/em><\/p>\n\n\n\n<p><strong>Profa. Dra.<\/strong> <strong>Andr\u00e9ia Caroline Fernandes Salgueiro<\/strong><br><em>Vice-Coordenadora do Evento<\/em><\/p>\n\n\n\n<p><strong>Profa. Dra.<\/strong> <strong>Ana Carolina Ferreira Tsunoda Del Antonio<\/strong><br><em>Comiss\u00e3o de Secretaria e Inscri\u00e7\u00f5es<\/em><\/p>\n\n\n\n<p><strong>Prof. Dr.<\/strong> <strong>Tiago Del Antonio<\/strong><br><em>Comiss\u00e3o de Secretaria e Inscri\u00e7\u00f5es<\/em><\/p>\n\n\n\n<p><strong>Profa. Dra.<\/strong> <strong>Camila Costa de Ara\u00fajo<\/strong><br><em>Comiss\u00e3o de Cerimonial<\/em><\/p>\n\n\n\n<p><strong>Profa. Dra.<\/strong> <strong>La\u00eds Campos de Oliveira<\/strong><br><em>Comiss\u00e3o de Marketing<\/em><\/p>\n\n\n\n<p><strong>Profa. Dra.<\/strong> <strong>Michelle Moreira Abujamra Fillis<\/strong><br><em>Comiss\u00e3o Cient\u00edfica<\/em><\/p>\n\n\n\n<p><\/p>\n","protected":false},"excerpt":{"rendered":"","protected":false},"author":1,"featured_media":0,"parent":0,"menu_order":0,"comment_status":"closed","ping_status":"closed","template":"","meta":{"footnotes":""},"class_list":["post-652","page","type-page","status-publish","hentry"],"_links":{"self":[{"href":"https:\/\/eventos.uenp.edu.br\/confiuenp\/wp-json\/wp\/v2\/pages\/652","targetHints":{"allow":["GET"]}}],"collection":[{"href":"https:\/\/eventos.uenp.edu.br\/confiuenp\/wp-json\/wp\/v2\/pages"}],"about":[{"href":"https:\/\/eventos.uenp.edu.br\/confiuenp\/wp-json\/wp\/v2\/types\/page"}],"author":[{"embeddable":true,"href":"https:\/\/eventos.uenp.edu.br\/confiuenp\/wp-json\/wp\/v2\/users\/1"}],"replies":[{"embeddable":true,"href":"https:\/\/eventos.uenp.edu.br\/confiuenp\/wp-json\/wp\/v2\/comments?post=652"}],"version-history":[{"count":6,"href":"https:\/\/eventos.uenp.edu.br\/confiuenp\/wp-json\/wp\/v2\/pages\/652\/revisions"}],"predecessor-version":[{"id":776,"href":"https:\/\/eventos.uenp.edu.br\/confiuenp\/wp-json\/wp\/v2\/pages\/652\/revisions\/776"}],"wp:attachment":[{"href":"https:\/\/eventos.uenp.edu.br\/confiuenp\/wp-json\/wp\/v2\/media?parent=652"}],"curies":[{"name":"wp","href":"https:\/\/api.w.org\/{rel}","templated":true}]}}