{"id":646,"date":"2022-11-23T08:56:37","date_gmt":"2022-11-23T11:56:37","guid":{"rendered":"https:\/\/eventos.uenp.edu.br\/confiuenp\/?page_id=646"},"modified":"2024-10-25T10:59:32","modified_gmt":"2024-10-25T13:59:32","slug":"mencao-honrosa-por-modalidade","status":"publish","type":"page","link":"https:\/\/eventos.uenp.edu.br\/confiuenp\/mencao-honrosa-por-modalidade\/","title":{"rendered":"Men\u00e7\u00e3o Honrosa por Modalidade"},"content":{"rendered":"<p>Ser\u00e3o avaliados o resumo expandido e a apresenta\u00e7\u00e3o oral dos trabalhos por meio dos crit\u00e9rios estabelecidos para cada modalidade.<br \/>\nA nota final (NF) ser\u00e1 a da m\u00e9dia dada pela nota do Resumo Expandido (NR) somado \u00e0 Nota da Apresenta\u00e7\u00e3o (NA), dividido por dois. (NF= (NR+NA)\/2), conforme \u00e0 crit\u00e9rios dispon\u00edveis na p\u00e1gina do evento.<\/p>\n<p>Ser\u00e1 atribu\u00edda Men\u00e7\u00e3o Honrosa por m\u00e9rito as tr\u00eas maiores Notas Finais em cada <strong>modalidade<\/strong> (apresenta\u00e7\u00e3o oral, p\u00f4ster resumo simples e p\u00f4ster projeto) do evento. Havendo empate na terceira coloca\u00e7\u00e3o de cada <strong>modalidade<\/strong>, ser\u00e1 atribu\u00edda a men\u00e7\u00e3o honrosa a todos os trabalhos enquadrados nessa condi\u00e7\u00e3o.<\/p>\n","protected":false},"excerpt":{"rendered":"","protected":false},"author":1,"featured_media":0,"parent":0,"menu_order":0,"comment_status":"closed","ping_status":"closed","template":"","meta":{"footnotes":""},"class_list":["post-646","page","type-page","status-publish","hentry"],"_links":{"self":[{"href":"https:\/\/eventos.uenp.edu.br\/confiuenp\/wp-json\/wp\/v2\/pages\/646","targetHints":{"allow":["GET"]}}],"collection":[{"href":"https:\/\/eventos.uenp.edu.br\/confiuenp\/wp-json\/wp\/v2\/pages"}],"about":[{"href":"https:\/\/eventos.uenp.edu.br\/confiuenp\/wp-json\/wp\/v2\/types\/page"}],"author":[{"embeddable":true,"href":"https:\/\/eventos.uenp.edu.br\/confiuenp\/wp-json\/wp\/v2\/users\/1"}],"replies":[{"embeddable":true,"href":"https:\/\/eventos.uenp.edu.br\/confiuenp\/wp-json\/wp\/v2\/comments?post=646"}],"version-history":[{"count":2,"href":"https:\/\/eventos.uenp.edu.br\/confiuenp\/wp-json\/wp\/v2\/pages\/646\/revisions"}],"predecessor-version":[{"id":845,"href":"https:\/\/eventos.uenp.edu.br\/confiuenp\/wp-json\/wp\/v2\/pages\/646\/revisions\/845"}],"wp:attachment":[{"href":"https:\/\/eventos.uenp.edu.br\/confiuenp\/wp-json\/wp\/v2\/media?parent=646"}],"curies":[{"name":"wp","href":"https:\/\/api.w.org\/{rel}","templated":true}]}}