{"id":643,"date":"2022-11-23T08:37:17","date_gmt":"2022-11-23T11:37:17","guid":{"rendered":"https:\/\/eventos.uenp.edu.br\/confiuenp\/?page_id=643"},"modified":"2024-09-26T16:23:54","modified_gmt":"2024-09-26T19:23:54","slug":"normas","status":"publish","type":"page","link":"https:\/\/eventos.uenp.edu.br\/confiuenp\/normas\/","title":{"rendered":"Normas"},"content":{"rendered":"<h3>Submiss\u00e3o de Trabalhos<\/h3>\n<h4>Normas Gerais para Envio e Apresenta\u00e7\u00e3o de Trabalhos<\/h4>\n<p>a) Todos os autores e coautores devem estar inscritos no Congresso;<br \/>\nb) Ser\u00e3o aceitos trabalhos nas modalidades de Ensino, Pesquisa, Extens\u00e3o e Relato de Experi\u00eancia;<br \/>\nc) Os trabalhos devem ser enviados no per\u00edodo de 01\/09\/2024 a 30\/09\/2024;<br \/>\nd) Ser\u00e3o aceitas inscri\u00e7\u00f5es de membros externos \u00e0 institui\u00e7\u00e3o, al\u00e9m de docentes, discentes e egressos de gradua\u00e7\u00e3o e p\u00f3s-gradua\u00e7\u00e3o da UENP;<br \/>\ne) A submiss\u00e3o dos resumos deve ser feita unicamente atrav\u00e9s do e-mail: <strong><a rel=\"noopener\">confiuenp.ccs.cj@uenp.edu.br;<\/a><\/strong><br \/>\nf) Todos os arquivos dever\u00e3o ser salvos com o seguinte nome: <strong>APRESENTADOR_\u00c1REA_TEM\u00c1TICA;<\/strong><br \/>\ng) Cada autor (principal) poder\u00e1 submeter apenas 1 (UM) trabalho para avalia\u00e7\u00e3o;<br \/>\nh) Ser\u00e3o aceitos no m\u00e1ximo 8 autores por resumo, \u00e9 obrigat\u00f3rio ao menos um docente como orientador;<br \/>\ni) O autor dever\u00e1 indicar a \u00e1rea tem\u00e1tica para avalia\u00e7\u00e3o, conforme listado abaixo:<\/p>\n<ol>\n<li>Fisioterapia Cardiovascular, Respirat\u00f3ria e Terapia Intensiva<\/li>\n<li>Fisioterapia Traumato-Ortop\u00e9dica e Esportiva<\/li>\n<li>Fisioterapia Neurofuncional<\/li>\n<li>Fisioterapia em Sa\u00fade da Mulher e Fisioterapia P\u00e9lvica<\/li>\n<li>Fisioterapia em Sa\u00fade Coletiva<\/li>\n<li>Fisioterapia em Osteopatia, Quiropraxia e Terapia Manual<\/li>\n<li>Fisioterapia em Oncologia<\/li>\n<li>Fisioterapia Dermatofuncional<\/li>\n<li>Interdisciplinar e outras \u00e1reas<\/li>\n<\/ol>\n<h4>Categorias de Apresenta\u00e7\u00e3o dos Trabalhos<\/h4>\n<ol>\n<li><strong>Resumo Simples<\/strong> <a href=\"https:\/\/docs.google.com\/document\/d\/1y27kWah-kIMpqOnEiA2_4pPN6X8LzNHLZL67kmeM0aM\"><strong>(ver modelo)<\/strong><\/a><br \/>\nO resumo simples \u00e9 uma descri\u00e7\u00e3o concisa do trabalho, em lauda \u00fanica e par\u00e1grafo \u00fanico, contendo no m\u00e1ximo 2.500 caracteres com espa\u00e7os (incluindo introdu\u00e7\u00e3o, objetivo, metodologia, resultados e conclus\u00e3o). O documento para submiss\u00e3o dever\u00e1 ser apresentado da seguinte forma:<\/p>\n<ul>\n<li>Folha A4 &#8211; margens: 2,5 cm (superior e inferior) x 3 cm (direita e esquerda) e espa\u00e7amento entre linhas 1,15.<\/li>\n<li>T\u00edtulo (at\u00e9 20 palavras)<\/li>\n<li>Autores<\/li>\n<li>Introdu\u00e7\u00e3o<\/li>\n<li>Objetivo<\/li>\n<li>Metodologia<\/li>\n<li>Resultados \/ Resultados Parciais<\/li>\n<li>Conclus\u00e3o<br \/>\nOs resumos simples ser\u00e3o apresentados em formato de \u201cP\u00f4ster\u201d (observar modelo para confec\u00e7\u00e3o de p\u00f4ster). A apresenta\u00e7\u00e3o dever\u00e1 ter no m\u00e1ximo 10 minutos de dura\u00e7\u00e3o, seguido por 5 minutos de argui\u00e7\u00e3o do avaliador.<\/li>\n<\/ul>\n<\/li>\n<li><strong>Resumo Expandido<\/strong> <a href=\"https:\/\/docs.google.com\/document\/d\/1mkl20uKNS57FuIqKTTSW5EftyWGRnSqi\"><strong>(ver modelo)<\/strong><\/a><br \/>\nO resumo expandido \u00e9 uma descri\u00e7\u00e3o detalhada do trabalho, com par\u00e1grafos e separa\u00e7\u00e3o de itens, devendo conter de 3 a 5 p\u00e1ginas. O documento para submiss\u00e3o dever\u00e1 ser apresentado da seguinte forma:<\/p>\n<ul>\n<li>Folha A4 &#8211; margens: 2,5 cm (superior e inferior) x 3 cm (direita e esquerda) e espa\u00e7amento entre linhas 1,15.<\/li>\n<li>T\u00edtulo (at\u00e9 20 palavras)<\/li>\n<li>Autores<\/li>\n<li>Resumo<\/li>\n<li>Palavras-chave (3 a 5 palavras separadas por ponto e v\u00edrgula em ordem alfab\u00e9tica)<\/li>\n<li>Introdu\u00e7\u00e3o<\/li>\n<li>Objetivo<\/li>\n<li>Metodologia<\/li>\n<li>Resultados e Discuss\u00e3o<\/li>\n<li>Conclus\u00e3o<\/li>\n<li>Refer\u00eancias<br \/>\nOs resumos expandidos ser\u00e3o apresentados em formato de \u201cComunica\u00e7\u00e3o Oral\u201d (observar modelo para confec\u00e7\u00e3o de slides). A apresenta\u00e7\u00e3o dever\u00e1 ter no m\u00e1ximo 15 minutos de dura\u00e7\u00e3o, seguido por 5 minutos de argui\u00e7\u00e3o da banca.<\/li>\n<\/ul>\n<\/li>\n<li>\n<p class=\"selectable-text copyable-text x15bjb6t x1n2onr6\" dir=\"ltr\"><strong><span class=\"selectable-text copyable-text\">Projetos <\/span><\/strong><\/p>\n<p class=\"selectable-text copyable-text x15bjb6t x1n2onr6\" dir=\"ltr\"><span class=\"selectable-text copyable-text\">Poder\u00e3o ser apresentados projetos de pesquisa, ensino ou extens\u00e3o <strong><a href=\"https:\/\/docs.google.com\/document\/d\/1jShb7q-PTW4-vPSd35qKCsEDATHAldKP\">(modelo de projeto).<\/a><\/strong>Os projetos ser\u00e3o apresentados exclusivamente na categoria p\u00f4ster<\/span><span class=\"selectable-text copyable-text\">\u00a0<strong><a href=\"https:\/\/docs.google.com\/presentation\/d\/1C2a27x8Ag7xEbiLrxo7bKGqC3mEYRmYs\">(modelo p\u00f4ster projeto)<\/a><\/strong>. Para os projetos, n\u00e3o \u00e9 necess\u00e1ria aprova\u00e7\u00e3o de comit\u00ea de \u00e9tica.<\/span><\/p>\n<\/li>\n<\/ol>\n<p><strong>Observa\u00e7\u00e3o:<\/strong> Para pesquisas em andamento ou conclu\u00eddas, com seres humanos, animais ou organismos geneticamente modificados, o trabalho dever\u00e1 ter sido previamente avaliado e aprovado pelo Comit\u00ea de \u00c9tica em Pesquisa (CEP), Comit\u00ea de \u00c9tica no Uso de Animais (CEUA) ou Comiss\u00e3o Interna de Biosseguran\u00e7a (CIBio). Essa informa\u00e7\u00e3o deve constar no texto, no item Metodologia, seguida do n\u00famero do protocolo (inserir o n\u00famero do parecer e CAAE).<\/p>\n<h4>Avalia\u00e7\u00e3o dos Resumos<\/h4>\n<p>Os resumos ser\u00e3o avaliados com base nos seguintes crit\u00e9rios:<\/p>\n<ul>\n<li>Conte\u00fado<\/li>\n<li>Originalidade<\/li>\n<li>Clareza metodol\u00f3gica<\/li>\n<li>Relev\u00e2ncia dos resultados (mesmo que parciais)<\/li>\n<li>Clareza das considera\u00e7\u00f5es finais<\/li>\n<li>Presen\u00e7a de referencial te\u00f3rico pertinente (para resumos expandidos)<\/li>\n<li>Nota final<\/li>\n<\/ul>\n<h4>Avalia\u00e7\u00e3o das Apresenta\u00e7\u00f5es Orais<\/h4>\n<p>As apresenta\u00e7\u00f5es orais ser\u00e3o avaliadas com base nos seguintes crit\u00e9rios:<\/p>\n<ul>\n<li>Conte\u00fado<\/li>\n<li>Gest\u00e3o do tempo<\/li>\n<li>Comunicabilidade<\/li>\n<li>Originalidade<\/li>\n<li>Clareza metodol\u00f3gica<\/li>\n<li>Relev\u00e2ncia dos resultados (mesmo que parciais)<\/li>\n<li>Clareza das considera\u00e7\u00f5es finais<\/li>\n<li>Indica\u00e7\u00e3o para premia\u00e7\u00e3o<\/li>\n<li>Nota final<\/li>\n<\/ul>\n<p><strong>Importante:<\/strong> N\u00e3o ser\u00e3o aceitos trabalhos nas seguintes condi\u00e7\u00f5es: autor principal n\u00e3o inscrito no evento, trabalho sem orienta\u00e7\u00e3o de docente, trabalho enviado fora do prazo ou do padr\u00e3o espec\u00edfico, trabalhos do tipo revis\u00e3o de literatura e estudos que n\u00e3o estejam relacionados com as \u00e1reas tem\u00e1ticas do evento.<\/p>\n<p>Ser\u00e3o aceitos trabalhos aprovados com nota igual ou superior a 7,0 ap\u00f3s avalia\u00e7\u00e3o por dois avaliadores distintos, ambos da \u00e1rea tem\u00e1tica do trabalho.<\/p>\n<ul>\n<li>A divulga\u00e7\u00e3o da aprova\u00e7\u00e3o dos trabalhos ser\u00e1 realizada at\u00e9 o dia 14\/10\/2024 na p\u00e1gina do evento.<\/li>\n<li>As apresenta\u00e7\u00f5es dos trabalhos selecionados acontecer\u00e3o entre os dias 22 e 24 de outubro de 2024, em ensalamento a ser divulgado. \u00c9 de responsabilidade do apresentador consultar o ensalamento e os requisitos para apresenta\u00e7\u00e3o.<\/li>\n<li>Em situa\u00e7\u00f5es onde o autor principal do trabalho estiver impossibilitado de realizar a apresenta\u00e7\u00e3o, o mesmo dever\u00e1 encaminhar um coautor do trabalho para realiz\u00e1-la.<\/li>\n<li>Concorrer\u00e3o \u00e0 premia\u00e7\u00e3o apenas os trabalhos apresentados na categoria Resumo Expandido (comunica\u00e7\u00e3o oral).<\/li>\n<\/ul>\n<h4>Disposi\u00e7\u00f5es Finais<\/h4>\n<p>Os trabalhos aceitos para apresenta\u00e7\u00e3o e devidamente inscritos ser\u00e3o publicados em formato eletr\u00f4nico nos Anais do Congresso, indexados com ISBN. Os trabalhos ser\u00e3o publicados na forma em que forem submetidos, sendo de inteira responsabilidade dos autores a forma e o conte\u00fado apresentados.<\/p>\n<p>Ser\u00e1 emitido um (1) certificado por trabalho, ap\u00f3s a apresenta\u00e7\u00e3o do RESUMO.<br \/>\nOs casos omissos ser\u00e3o resolvidos pela Comiss\u00e3o Cient\u00edfica do Congresso.<br \/>\nD\u00favidas? Entre em contato via e-mail: <strong><a rel=\"noopener\">confiuenp.ccs.cj@uenp.edu.br<\/a><\/strong> (especificar o assunto como D\u00daVIDA).<\/p>\n<hr \/>\n<p>Profa. Dra. Michelle Moreira Abujamra Fillis<br \/>\n<em>Comiss\u00e3o Cient\u00edfica<\/em><\/p>\n","protected":false},"excerpt":{"rendered":"","protected":false},"author":1,"featured_media":0,"parent":0,"menu_order":0,"comment_status":"closed","ping_status":"closed","template":"","meta":{"footnotes":""},"class_list":["post-643","page","type-page","status-publish","hentry"],"_links":{"self":[{"href":"https:\/\/eventos.uenp.edu.br\/confiuenp\/wp-json\/wp\/v2\/pages\/643","targetHints":{"allow":["GET"]}}],"collection":[{"href":"https:\/\/eventos.uenp.edu.br\/confiuenp\/wp-json\/wp\/v2\/pages"}],"about":[{"href":"https:\/\/eventos.uenp.edu.br\/confiuenp\/wp-json\/wp\/v2\/types\/page"}],"author":[{"embeddable":true,"href":"https:\/\/eventos.uenp.edu.br\/confiuenp\/wp-json\/wp\/v2\/users\/1"}],"replies":[{"embeddable":true,"href":"https:\/\/eventos.uenp.edu.br\/confiuenp\/wp-json\/wp\/v2\/comments?post=643"}],"version-history":[{"count":11,"href":"https:\/\/eventos.uenp.edu.br\/confiuenp\/wp-json\/wp\/v2\/pages\/643\/revisions"}],"predecessor-version":[{"id":825,"href":"https:\/\/eventos.uenp.edu.br\/confiuenp\/wp-json\/wp\/v2\/pages\/643\/revisions\/825"}],"wp:attachment":[{"href":"https:\/\/eventos.uenp.edu.br\/confiuenp\/wp-json\/wp\/v2\/media?parent=643"}],"curies":[{"name":"wp","href":"https:\/\/api.w.org\/{rel}","templated":true}]}}