{"id":631,"date":"2022-11-22T16:39:41","date_gmt":"2022-11-22T19:39:41","guid":{"rendered":"https:\/\/eventos.uenp.edu.br\/confiuenp\/?page_id=631"},"modified":"2024-08-23T15:51:18","modified_gmt":"2024-08-23T18:51:18","slug":"apresentacao","status":"publish","type":"page","link":"https:\/\/eventos.uenp.edu.br\/confiuenp\/apresentacao\/","title":{"rendered":"Apresenta\u00e7\u00e3o"},"content":{"rendered":"O 5\u00ba Congresso de Fisioterapia da Universidade Estadual do Norte do Paran\u00e1 tem como tema <strong>&#8220;Inova\u00e7\u00f5es e Desafios na Fisioterapia&#8221;<\/strong>. Neste ano, a programa\u00e7\u00e3o cient\u00edfica ser\u00e1 realizada de forma presencial nos dias 22, 23, 24 e 25 de outubro de 2024, com o objetivo de atualizar e integrar a comunidade acad\u00eamica e profissional com pesquisadores e especialistas.\n\nO evento visa divulgar as mais recentes novidades na \u00e1rea de fisioterapia, al\u00e9m de atividades de pesquisa desenvolvidas em sa\u00fade e educa\u00e7\u00e3o. Ser\u00e3o promovidas palestras que permitir\u00e3o a troca de experi\u00eancias entre os participantes, incentivando a discuss\u00e3o e a forma\u00e7\u00e3o profissional.\n\nO congresso contar\u00e1 com palestrantes de diferentes \u00e1reas da fisioterapia, incluindo profissionais altamente capacitados e professores renomados de diversas Institui\u00e7\u00f5es de Ensino. As palestras abordar\u00e3o atualiza\u00e7\u00f5es na \u00e1rea, sempre embasadas no conhecimento t\u00e9cnico-cient\u00edfico.\n\n<strong>Evento registrado sob o n\u00famero:<\/strong> SECAPEE 7408\n\n<strong>Local:<\/strong> Audit\u00f3rio PDE do Campus de Jacarezinho, localizado no Centro de Ci\u00eancias Humanas e da Educa\u00e7\u00e3o e Centro de Letras, Comunica\u00e7\u00e3o e Artes (CCHE\/CJ).\n\n<strong>Data:<\/strong> 22\/10\/2024 a 25\/10\/2024\n\n\n\n<strong>E-mail: <\/strong><a href=\"mailto:confiuenp.ccs.cj@uenp.edu.br\"><span style=\"color: #0000ff\"><span style=\"font-size: medium\"><u>confiuenp.ccs.cj@uenp.edu.br<\/u><\/span><\/span><\/a>\n\n<strong>Inscri\u00e7\u00f5es:<\/strong> <a href=\"https:\/\/eventos.uenp.edu.br\/confiuenp\/inscricoes\/\">https:\/\/eventos.uenp.edu.br\/confiuenp\/inscricoes\/<\/a>\n\n<strong>Pagamento da inscri\u00e7\u00e3o:<\/strong>\u00a0O pagamento dever\u00e1 ser realizado via PIX utilizando a chave:\u00a0<em>confiuenp.ccs.cj@uenp.edu.br<\/em><!-- \/wp:post-content -->","protected":false},"excerpt":{"rendered":"","protected":false},"author":1,"featured_media":0,"parent":0,"menu_order":0,"comment_status":"closed","ping_status":"closed","template":"","meta":{"footnotes":""},"class_list":["post-631","page","type-page","status-publish","hentry"],"_links":{"self":[{"href":"https:\/\/eventos.uenp.edu.br\/confiuenp\/wp-json\/wp\/v2\/pages\/631","targetHints":{"allow":["GET"]}}],"collection":[{"href":"https:\/\/eventos.uenp.edu.br\/confiuenp\/wp-json\/wp\/v2\/pages"}],"about":[{"href":"https:\/\/eventos.uenp.edu.br\/confiuenp\/wp-json\/wp\/v2\/types\/page"}],"author":[{"embeddable":true,"href":"https:\/\/eventos.uenp.edu.br\/confiuenp\/wp-json\/wp\/v2\/users\/1"}],"replies":[{"embeddable":true,"href":"https:\/\/eventos.uenp.edu.br\/confiuenp\/wp-json\/wp\/v2\/comments?post=631"}],"version-history":[{"count":9,"href":"https:\/\/eventos.uenp.edu.br\/confiuenp\/wp-json\/wp\/v2\/pages\/631\/revisions"}],"predecessor-version":[{"id":784,"href":"https:\/\/eventos.uenp.edu.br\/confiuenp\/wp-json\/wp\/v2\/pages\/631\/revisions\/784"}],"wp:attachment":[{"href":"https:\/\/eventos.uenp.edu.br\/confiuenp\/wp-json\/wp\/v2\/media?parent=631"}],"curies":[{"name":"wp","href":"https:\/\/api.w.org\/{rel}","templated":true}]}}