
{"id":789,"date":"2023-11-07T10:00:36","date_gmt":"2023-11-07T13:00:36","guid":{"rendered":"https:\/\/eventos.uenp.edu.br\/coeb\/?page_id=789"},"modified":"2024-04-03T15:07:27","modified_gmt":"2024-04-03T18:07:27","slug":"inscricoes","status":"publish","type":"page","link":"https:\/\/eventos.uenp.edu.br\/coeb\/i-coeb\/inscricoes\/","title":{"rendered":"Inscri\u00e7\u00f5es"},"content":{"rendered":"<p>&nbsp;<\/p>\n<p style=\"text-align: center\"><strong>I Congresso de Educa\u00e7\u00e3o B\u00e1sica da UENP (COEB)\/ VI Aula Magna do PPEd\/UENP <\/strong><\/p>\n<p style=\"text-align: center\">\u00a010 a 12 de abril de 2024<\/p>\n<p style=\"text-align: center\"><strong>Tema:<\/strong> &#8220;Pedagogias em disputa pela democracia: professores em defesa da escola p\u00fablica&#8221;<\/p>\n<p style=\"text-align: center\">Certificado de 20 horas.<\/p>\n<p style=\"text-align: center\">Mesa-Redonda, palestra e confer\u00eancia a partir das 19:30 h.<\/p>\n<p>&nbsp;<\/p>\n<p style=\"text-align: center\"><strong>Inscri\u00e7\u00f5es: <\/strong>08\/03 a 25\/03 &#8211; <span style=\"color: #ff0000\">INSCRI\u00c7\u00d5ES PRORROGADAS AT\u00c9 10 DE ABRIL!<\/span><\/p>\n<p style=\"text-align: center\"><strong>Link para inscri\u00e7\u00e3o: <\/strong><a href=\"https:\/\/forms.gle\/bHA2nTUW9DQh3ogA8\">https:\/\/forms.gle\/bHA2nTUW9DQh3ogA8<\/a><\/p>\n<p style=\"text-align: center\">O pagamento da inscri\u00e7\u00e3o (R$ 50,00) deve ser feito via pix com a chave: <strong>coeb.cche.cj@uenp.edu.br\u00a0<\/strong><\/p>\n","protected":false},"excerpt":{"rendered":"","protected":false},"author":1,"featured_media":0,"parent":783,"menu_order":0,"comment_status":"closed","ping_status":"closed","template":"","meta":{"footnotes":""},"class_list":["post-789","page","type-page","status-publish","hentry"],"_links":{"self":[{"href":"https:\/\/eventos.uenp.edu.br\/coeb\/wp-json\/wp\/v2\/pages\/789","targetHints":{"allow":["GET"]}}],"collection":[{"href":"https:\/\/eventos.uenp.edu.br\/coeb\/wp-json\/wp\/v2\/pages"}],"about":[{"href":"https:\/\/eventos.uenp.edu.br\/coeb\/wp-json\/wp\/v2\/types\/page"}],"author":[{"embeddable":true,"href":"https:\/\/eventos.uenp.edu.br\/coeb\/wp-json\/wp\/v2\/users\/1"}],"replies":[{"embeddable":true,"href":"https:\/\/eventos.uenp.edu.br\/coeb\/wp-json\/wp\/v2\/comments?post=789"}],"version-history":[{"count":80,"href":"https:\/\/eventos.uenp.edu.br\/coeb\/wp-json\/wp\/v2\/pages\/789\/revisions"}],"predecessor-version":[{"id":1432,"href":"https:\/\/eventos.uenp.edu.br\/coeb\/wp-json\/wp\/v2\/pages\/789\/revisions\/1432"}],"up":[{"embeddable":true,"href":"https:\/\/eventos.uenp.edu.br\/coeb\/wp-json\/wp\/v2\/pages\/783"}],"wp:attachment":[{"href":"https:\/\/eventos.uenp.edu.br\/coeb\/wp-json\/wp\/v2\/media?parent=789"}],"curies":[{"name":"wp","href":"https:\/\/api.w.org\/{rel}","templated":true}]}}