
{"id":771,"date":"2023-11-07T10:00:42","date_gmt":"2023-11-07T13:00:42","guid":{"rendered":"https:\/\/eventos.uenp.edu.br\/coeb\/?page_id=771"},"modified":"2024-03-18T16:47:21","modified_gmt":"2024-03-18T19:47:21","slug":"programacao","status":"publish","type":"page","link":"https:\/\/eventos.uenp.edu.br\/coeb\/i-coeb\/programacao\/","title":{"rendered":"Programa\u00e7\u00e3o"},"content":{"rendered":"<p>&nbsp;<\/p>\n<table style=\"height: 123px;width: 100%\">\n<tbody>\n<tr style=\"height: 28px\">\n<td style=\"background-color: #a07d36;border-color: #5358ed;height: 28px;text-align: center;width: 100%\" colspan=\"4\"><span style=\"color: #ffffff\"><strong>10\/04\/2024 &#8211; Quarta-Feira<\/strong><\/span><\/p>\n<p><span style=\"color: #ffffff\"><strong>Local: Audit\u00f3rio do PDE\/UENP\u00a0 &#8211; Campus Jacarezinho<\/strong><\/span><\/td>\n<\/tr>\n<tr style=\"height: 10px\">\n<td style=\"background-color: #a07d36;border-color: #5358ed;height: 10px;text-align: center;width: 25%\"><span style=\"color: #ffffff\"><strong><strong>18h30\u00a0<\/strong><\/strong><\/span><\/td>\n<td style=\"background-color: #a07d36;border-color: #5358ed;height: 10px;text-align: center;width: 18.0384%\"><span style=\"color: #ffffff\"><strong>19h15<\/strong><\/span><\/td>\n<td style=\"background-color: #a07d36;border-color: #5358ed;height: 10px;text-align: center;width: 18.1131%\"><span style=\"color: #ffffff\"><strong>19h30\u00a0<\/strong><\/span><\/td>\n<td style=\"background-color: #a07d36;border-color: #5358ed;height: 10px;text-align: center;width: 38.8485%\"><span style=\"color: #ffffff\"><strong>20h00\u00a0<\/strong><\/span><\/td>\n<\/tr>\n<tr style=\"height: 85px\">\n<td style=\"background-color: #e6e1e1;border-color: #5358ed;height: 85px;width: 25%;border-style: dotted\">&nbsp;<\/p>\n<p style=\"text-align: center\">Credenciamento e recep\u00e7\u00e3o aos congressistas no Sagu\u00e3o do Audit\u00f3rio do PDE\/Jacarezinho.<\/p>\n<\/td>\n<td style=\"background-color: #e6e1e1;border-color: #5358ed;height: 85px;text-align: center;width: 18.0384%;border-style: dotted\">&nbsp;<\/p>\n<p>Apresenta\u00e7\u00e3o cultural &#8220;Coletivo Toneladas de Maracatu&#8221; da UENP.<\/td>\n<td style=\"background-color: #e6e1e1;border-color: #5358ed;height: 85px;text-align: center;width: 18.1131%;border-style: dotted\">Mesa de abertura\/solenidades.<\/td>\n<td style=\"background-color: #e6e1e1;border-color: #5358ed;height: 85px;text-align: center;width: 38.8485%;border-style: dotted\"><strong>Mesa-Redonda:<\/strong> &#8220;Desafios e possibilidades na constru\u00e7\u00e3o de uma escola p\u00fablica democr\u00e1tica: gest\u00e3o, planejamento e pr\u00e1ticas docentes&#8221;.<\/p>\n<p>Profa. Ma. Daniele Leonarda dos Santos Baptista (Pedagoga do IFPR \u2013 campus Jacarezinho)<\/p>\n<p>Profa. Me. Liliane Milanezi (Colegiado de Pedagogia\/UENP; Professora da Rede Municipal de Jacarezinho).<\/p>\n<p>Prof. Me. Cleyson Mendes Soares (Professor SEED\/PR).<\/p>\n<p><strong>Media\u00e7\u00e3o:<\/strong><\/p>\n<p>Prof. P\u00e2mela Cristina Pereira Gonzaga (Colegiado de Letras\/UENP; Aluna<br \/>\nPPEd\/Professora da AJADAVI\/Jacarezinho)<\/td>\n<\/tr>\n<\/tbody>\n<\/table>\n<p>&nbsp;<\/p>\n<table class=\" aligncenter\" style=\"width: 99.4781%;height: 263px\">\n<tbody>\n<tr style=\"height: 28px\">\n<td style=\"background-color: #a07d36;border-color: #5358ed;height: 51px;text-align: center;width: 1.45078%\" colspan=\"3\"><span style=\"color: #ffffff\"><strong>11\/04\/2024 e 12\/04\/2024<\/strong><\/span><\/p>\n<p><span style=\"color: #ffffff\"><strong>\u00a0Local : Sagu\u00e3o Audit\u00f3rio PDE. Inscri\u00e7\u00e3o de resumos expandidos e banner (com publica\u00e7\u00e3o de Anais) \u2013 em breve.<\/strong> <\/span><\/td>\n<\/tr>\n<tr style=\"height: 10px\">\n<td style=\"background-color: #a07d36;border-color: #5358ed;height: 23px;text-align: center;width: 1.45078%\" colspan=\"3\"><span style=\"color: #ffffff\"><strong>13h30 \u00e0s 22h30<\/strong><\/span><\/td>\n<\/tr>\n<tr style=\"height: 85px\">\n<td style=\"background-color: #e6e1e1;border-color: #5358ed;height: 10px;width: 1.45078%\" colspan=\"3\">&nbsp;<\/p>\n<p style=\"text-align: center\"><strong>Exposi\u00e7\u00e3o:<\/strong> &#8220;Varal de Produtos Educacionais: gest\u00e3o, planejamento e pr\u00e1ticas docentes na Educa\u00e7\u00e3o B\u00e1sica&#8221;<\/p>\n<\/td>\n<\/tr>\n<\/tbody>\n<\/table>\n<p>&nbsp;<\/p>\n<table style=\"height: 123px;width: 100%\">\n<tbody>\n<tr style=\"height: 28px\">\n<td style=\"background-color: #a07d36;border-color: #5358ed;height: 28px;text-align: center;width: 43.0383%\" colspan=\"2\"><span style=\"color: #ffffff\"><strong>11\/04\/2024 &#8211; Quinta-Feira<\/strong><\/span><\/p>\n<p><span style=\"color: #ffffff\"><strong>Local: Audit\u00f3rio do PDE\/UENP &#8211; Campus Jacarezinho<\/strong><\/span><\/td>\n<\/tr>\n<tr style=\"height: 10px\">\n<td style=\"background-color: #a07d36;border-color: #5358ed;height: 10px;text-align: center;width: 11.4394%\"><span style=\"color: #ffffff\"><strong>19h30\u00a0\u00a0<\/strong><\/span><\/td>\n<td style=\"background-color: #a07d36;border-color: #5358ed;height: 10px;text-align: center;width: 31.5989%\"><span style=\"color: #ffffff\"><strong>19h45<\/strong><\/span><\/td>\n<\/tr>\n<tr style=\"height: 85px\">\n<td style=\"background-color: #e6e1e1;border-color: #5358ed;height: 85px;width: 11.4394%;border-style: dotted\">&nbsp;<\/p>\n<p style=\"text-align: center\"><strong>Apresenta\u00e7\u00e3o Cultural:<\/strong><\/p>\n<p style=\"text-align: center\">&#8220;Talentos do PPED UENP \u2013 An\u00e9sio, Duda e Vanessa&#8221;.<\/p>\n<\/td>\n<td style=\"background-color: #e6e1e1;border-color: #5358ed;height: 85px;text-align: center;width: 31.5989%;border-style: dotted\">&nbsp;<\/p>\n<p>Palestra &#8220;Ensino da Hist\u00f3ria e forma\u00e7\u00e3o para a cidadania: o exemplo do 25 de Abril de<br \/>\n1974 em Portugal&#8221;<br \/>\nProfessor Dr. Jo\u00e3o Paulo Avel\u00e3s Nunes &#8211; Professor Associado de Hist\u00f3ria Contempor\u00e2nea da<br \/>\nSec\u00e7\u00e3o de Hist\u00f3ria do Departamento de Hist\u00f3ria, Estudos Europeus, Arqueologia e Artes da<br \/>\nFaculdade de Letras da Universidade de Coimbra (SH\/DHEEAA\/FL\/UC).<\/p>\n<p><strong>Media\u00e7\u00e3o:<\/strong><\/p>\n<p>Profa. Dra. Ta\u00edse Ferreira da Concei\u00e7\u00e3o Nishikawa<\/td>\n<\/tr>\n<\/tbody>\n<\/table>\n<hr \/>\n<table style=\"height: 96px;width: 100%\">\n<tbody>\n<tr style=\"height: 28px\">\n<td style=\"background-color: #a07d36;border-color: #5358ed;height: 10px;text-align: center;width: 56.7644%\" colspan=\"3\"><span style=\"color: #ffffff\"><strong>12\/04\/2024 &#8211; Sexta-Feira<\/strong><\/span><\/p>\n<p><span style=\"color: #ffffff\"><strong>Local: Companhia Amadores de Teatro de Jacarezinho (CAT)<\/strong><\/span><strong style=\"color: #ffffff;font-family: inherit;font-size: inherit\">\u00a0<\/strong><\/td>\n<\/tr>\n<tr style=\"height: 10px\">\n<td style=\"background-color: #a07d36;border-color: #5358ed;height: 10px;text-align: center;width: 25%\"><span style=\"color: #ffffff\"><strong>19h00<\/strong><\/span><\/td>\n<td style=\"background-color: #a07d36;border-color: #5358ed;height: 10px;text-align: center;width: 13.8911%\"><span style=\"color: #ffffff\"><strong>19h30<\/strong><\/span><\/td>\n<td style=\"background-color: #a07d36;border-color: #5358ed;text-align: center;width: 17.8733%;height: 10px\"><span style=\"color: #ffffff\"><strong>20h00\u00a0<\/strong><\/span><\/td>\n<\/tr>\n<tr style=\"height: 85px\">\n<td style=\"background-color: #e6e1e1;border-color: #5358ed;height: 76px;width: 25%\">\n<p style=\"text-align: center\">Recep\u00e7\u00e3o aos congressistas no Teatro \u2013 CAT, Jacarezinho.<\/p>\n<\/td>\n<td style=\"background-color: #e6e1e1;border-color: #5358ed;height: 76px;text-align: center;width: 13.8911%\">Apresenta\u00e7\u00e3o Cultural &#8220;Viola raiz&#8221; com Tiago e Alexander.<\/td>\n<td style=\"background-color: #e6e1e1;border-color: #5358ed;text-align: center;width: 17.8733%;height: 76px\">Confer\u00eancia de Encerramento e Aula Magna do PPEd<\/p>\n<p>Prof. Dr. Dermeval Saviani &#8211;<\/p>\n<p>Professor Em\u00e9rito da UNICAMP.<\/p>\n<p><strong>Media\u00e7\u00e3o:<\/strong><\/p>\n<p>Profa. Dra. Vanessa Campos Mariano Ruckstadter<\/td>\n<\/tr>\n<\/tbody>\n<\/table>\n<p>&nbsp;<\/p>\n","protected":false},"excerpt":{"rendered":"","protected":false},"author":1,"featured_media":0,"parent":783,"menu_order":0,"comment_status":"closed","ping_status":"closed","template":"","meta":{"footnotes":""},"class_list":["post-771","page","type-page","status-publish","hentry"],"_links":{"self":[{"href":"https:\/\/eventos.uenp.edu.br\/coeb\/wp-json\/wp\/v2\/pages\/771","targetHints":{"allow":["GET"]}}],"collection":[{"href":"https:\/\/eventos.uenp.edu.br\/coeb\/wp-json\/wp\/v2\/pages"}],"about":[{"href":"https:\/\/eventos.uenp.edu.br\/coeb\/wp-json\/wp\/v2\/types\/page"}],"author":[{"embeddable":true,"href":"https:\/\/eventos.uenp.edu.br\/coeb\/wp-json\/wp\/v2\/users\/1"}],"replies":[{"embeddable":true,"href":"https:\/\/eventos.uenp.edu.br\/coeb\/wp-json\/wp\/v2\/comments?post=771"}],"version-history":[{"count":83,"href":"https:\/\/eventos.uenp.edu.br\/coeb\/wp-json\/wp\/v2\/pages\/771\/revisions"}],"predecessor-version":[{"id":1426,"href":"https:\/\/eventos.uenp.edu.br\/coeb\/wp-json\/wp\/v2\/pages\/771\/revisions\/1426"}],"up":[{"embeddable":true,"href":"https:\/\/eventos.uenp.edu.br\/coeb\/wp-json\/wp\/v2\/pages\/783"}],"wp:attachment":[{"href":"https:\/\/eventos.uenp.edu.br\/coeb\/wp-json\/wp\/v2\/media?parent=771"}],"curies":[{"name":"wp","href":"https:\/\/api.w.org\/{rel}","templated":true}]}}