
{"id":1335,"date":"2024-03-11T14:17:59","date_gmt":"2024-03-11T17:17:59","guid":{"rendered":"https:\/\/eventos.uenp.edu.br\/coeb\/?page_id=1335"},"modified":"2024-03-12T09:25:38","modified_gmt":"2024-03-12T12:25:38","slug":"apoio","status":"publish","type":"page","link":"https:\/\/eventos.uenp.edu.br\/coeb\/apoio\/","title":{"rendered":"Apoio"},"content":{"rendered":"<p>&nbsp;<\/p>\n<p><img loading=\"lazy\" decoding=\"async\" class=\" wp-image-1340 aligncenter\" src=\"https:\/\/eventos.uenp.edu.br\/coeb\/wp-content\/uploads\/sites\/17\/2024\/03\/logo-uenp-259x300.png\" alt=\"\" width=\"159\" height=\"184\" srcset=\"https:\/\/eventos.uenp.edu.br\/coeb\/wp-content\/uploads\/sites\/17\/2024\/03\/logo-uenp-259x300.png 259w, https:\/\/eventos.uenp.edu.br\/coeb\/wp-content\/uploads\/sites\/17\/2024\/03\/logo-uenp.png 320w\" sizes=\"auto, (max-width: 159px) 100vw, 159px\" \/><\/p>\n<p style=\"text-align: center\"><strong>\u00a0CCHE\/CJ<\/strong><\/p>\n<p style=\"text-align: center\"><strong>CLCA\/CJ<\/strong><\/p>\n<p style=\"text-align: center\"><strong>Campus Jacarezinho<\/strong><\/p>\n<p style=\"text-align: center\"><strong>Reitoria UENP<\/strong><\/p>\n<p>&nbsp;<\/p>\n<p>&nbsp;<\/p>\n<p><img loading=\"lazy\" decoding=\"async\" class=\"aligncenter wp-image-1341\" src=\"https:\/\/eventos.uenp.edu.br\/coeb\/wp-content\/uploads\/sites\/17\/2024\/03\/37d987205bb8245c2132640df24e601d.png\" alt=\"\" width=\"166\" height=\"166\" srcset=\"https:\/\/eventos.uenp.edu.br\/coeb\/wp-content\/uploads\/sites\/17\/2024\/03\/37d987205bb8245c2132640df24e601d.png 300w, https:\/\/eventos.uenp.edu.br\/coeb\/wp-content\/uploads\/sites\/17\/2024\/03\/37d987205bb8245c2132640df24e601d-150x150.png 150w\" sizes=\"auto, (max-width: 166px) 100vw, 166px\" \/><\/p>\n<p style=\"text-align: center\"><strong>Departamento Municipal de Educa\u00e7\u00e3o e Cultura de Guapirama (DEMEC)<\/strong><\/p>\n<p>&nbsp;<\/p>\n<p>&nbsp;<\/p>\n<p><img loading=\"lazy\" decoding=\"async\" class=\"aligncenter wp-image-1322 size-full\" src=\"https:\/\/eventos.uenp.edu.br\/coeb\/wp-content\/uploads\/sites\/17\/2024\/03\/Captura-de-tela-2024-03-11-113659-e1710177929513.png\" alt=\"\" width=\"270\" height=\"98\" \/><\/p>\n<p style=\"text-align: center\"><strong>Secretaria da Educa\u00e7\u00e3o de Ribeir\u00e3o Claro<\/strong><\/p>\n<p>&nbsp;<\/p>\n","protected":false},"excerpt":{"rendered":"","protected":false},"author":12,"featured_media":0,"parent":0,"menu_order":0,"comment_status":"closed","ping_status":"closed","template":"","meta":{"footnotes":""},"class_list":["post-1335","page","type-page","status-publish","hentry"],"_links":{"self":[{"href":"https:\/\/eventos.uenp.edu.br\/coeb\/wp-json\/wp\/v2\/pages\/1335","targetHints":{"allow":["GET"]}}],"collection":[{"href":"https:\/\/eventos.uenp.edu.br\/coeb\/wp-json\/wp\/v2\/pages"}],"about":[{"href":"https:\/\/eventos.uenp.edu.br\/coeb\/wp-json\/wp\/v2\/types\/page"}],"author":[{"embeddable":true,"href":"https:\/\/eventos.uenp.edu.br\/coeb\/wp-json\/wp\/v2\/users\/12"}],"replies":[{"embeddable":true,"href":"https:\/\/eventos.uenp.edu.br\/coeb\/wp-json\/wp\/v2\/comments?post=1335"}],"version-history":[{"count":9,"href":"https:\/\/eventos.uenp.edu.br\/coeb\/wp-json\/wp\/v2\/pages\/1335\/revisions"}],"predecessor-version":[{"id":1371,"href":"https:\/\/eventos.uenp.edu.br\/coeb\/wp-json\/wp\/v2\/pages\/1335\/revisions\/1371"}],"wp:attachment":[{"href":"https:\/\/eventos.uenp.edu.br\/coeb\/wp-json\/wp\/v2\/media?parent=1335"}],"curies":[{"name":"wp","href":"https:\/\/api.w.org\/{rel}","templated":true}]}}