
{"id":822,"date":"2024-05-27T14:16:50","date_gmt":"2024-05-27T17:16:50","guid":{"rendered":"https:\/\/eventos.uenp.edu.br\/cef\/?page_id=822"},"modified":"2024-06-03T16:47:25","modified_gmt":"2024-06-03T19:47:25","slug":"comissao-organizadora","status":"publish","type":"page","link":"https:\/\/eventos.uenp.edu.br\/cef\/cef-xiii-2024\/comissao-organizadora\/","title":{"rendered":"Comiss\u00e3o Organizadora e Corpo Docente"},"content":{"rendered":"<p style=\"text-align: center\"><span style=\"color: #ff0000\">Comiss\u00e3o Organizadora:<\/span><\/p>\n<ul style=\"list-style-type: square\">\n<li>Prof. Dr. F\u00e1bio Antonio N\u00e9ia Martini &#8211; Reitor da UENP<\/li>\n<li>Prof. Dr. Mateus Luiz Biancon &#8211; Chefe de Gabinete da UENP<\/li>\n<li>Prof. Dr. Rui Gon\u00e7alves Marques Elias &#8211; Pr\u00f3-reitor de Extens\u00e3o e Cultura<\/li>\n<li>Prof. Dr. Luiz Fernando Kazmierzak &#8211; Diretor do Campus Jacarezinho<\/li>\n<li>Prof.\u00aa Dra. Ana Paula Belomo Castanho Brochado &#8211; Vice-diretora do CJ<\/li>\n<li>Prof. Dr. Jurandir Ferreira de Paiva J\u00fanior &#8211; Chefe de Gabinete da Dire\u00e7\u00e3o\/CJ<\/li>\n<li>Prof. Dr. Fabricio Jos\u00e9 Jassi &#8211; Diretor do Centro de Ci\u00eancias da Sa\u00fade<\/li>\n<li>Prof.\u00aa Dra. Silvia Bandeira da Silva Lima &#8211; Coordena\u00e7\u00e3o Geral<\/li>\n<li>Prof.\u00aa Dra. Fl\u00e1via \u00c9velin Bandeira Lima Val\u00e9rio &#8211; Coordena\u00e7\u00e3o Geral e do Bacharelado em Educa\u00e7\u00e3o F\u00edsica<\/li>\n<li>Prof. Dr. Walcir Ferreira Lima &#8211; Coordena\u00e7\u00e3o Geral e Coordena\u00e7\u00e3o Financeira<\/li>\n<li>Prof. Me. Maria Cristina Simeone &#8211; Coordenadora da Licenciatura em Educa\u00e7\u00e3o F\u00edsica<\/li>\n<li>Prof. Dr. Raphael Gon\u00e7alves de Oliveira\u00a0 Coordenador do Mestrado CMH<\/li>\n<li>Prof. Me. Andr\u00e9 Luiz da Silva Cazula &#8211; Divis\u00e3o Acad\u00eamica<\/li>\n<li>Avanir Furtado de Souza Guerra Junior &#8211; Divis\u00e3o de Transportes\/CJ<\/li>\n<li>Jo\u00e3o Pedro Cher Benetis dos Santos &#8211; N\u00facleo de Tecnologia da Informa\u00e7\u00e3o<\/li>\n<li>Am\u00e1bile Rita de Oliveira Maruyama \u2013 Planejamento<\/li>\n<li>Daniele Revnei &#8211; Assessoria de Extens\u00e3o<\/li>\n<li>Bruna Rafaella Pinheiro &#8211; Setor financeiro CJ<\/li>\n<\/ul>\n<p style=\"text-align: center\"><span style=\"color: #ff0000\">Corpo Docente dos Cursos de Educa\u00e7\u00e3o F\u00edsica da UENP (Bacharelado e Licenciatura):<\/span><\/p>\n<p>1. Prof. Me. Almir de Oliveira Ferreira<br \/>\n2. Prof. Dr. Antonio Stabelini Neto<br \/>\n3. Prof.\u00aa Dra. Cl\u00e1udia Regina Zocal Mazza<br \/>\n4. Prof. Dr. Claudinei Ferreira dos Santos<br \/>\n5. Prof. Dr. Everaldo Lambert Modesto<br \/>\n6. Prof. Me. \u00c9verton Bernardes Wenceslau<br \/>\n7. Prof. Dr. Ezequiel Moreira Gon\u00e7alves<br \/>\n8. Prof.\u00aa Dra. Fl\u00e1via Evelin Bandeira Lima Val\u00e9rio<br \/>\n9. Prof.\u00aa Dra. H\u00e9res Faria Ferreira Becker Paiva<br \/>\n10. Prof.\u00aa Me. Izabel Cristina Diogo de Morais<br \/>\n11. Prof. Dr. Jarlisson Francsuel Melo dos Santos<br \/>\n12. Prof. Dr. Kleverton Krinski<br \/>\n13. Prof.\u00aa Dra. Leticia Trindade Cyrino<br \/>\n14. Prof.\u00aa Dra. Luciana da Silva Lirani<br \/>\n15. Prof.\u00aa Me. Maria Cristina Simeoni<br \/>\n16. Prof.\u00aa Dra. Marieli Ramos Stocco<br \/>\n17. Prof. Dr. Raphael Gon\u00e7alves de Oliveira<br \/>\n18. Prof. Dr. Rui Gon\u00e7alves Marques Elias<br \/>\n19. Prof.\u00aa Dra. Silvia Bandeira da Silva Lima<br \/>\n20. Prof. Dr. Walcir Ferreira Lima<br \/>\n21. Prof. Dr. Waynne Ferreira de Faria<\/p>\n<p><img loading=\"lazy\" decoding=\"async\" class=\"alignnone size-medium wp-image-890\" src=\"https:\/\/eventos.uenp.edu.br\/cef\/wp-content\/uploads\/sites\/18\/2024\/05\/logo-Parana-Araucaria-e-UENP-300x67.jpg\" alt=\"\" width=\"300\" height=\"67\" srcset=\"https:\/\/eventos.uenp.edu.br\/cef\/wp-content\/uploads\/sites\/18\/2024\/05\/logo-Parana-Araucaria-e-UENP-300x67.jpg 300w, https:\/\/eventos.uenp.edu.br\/cef\/wp-content\/uploads\/sites\/18\/2024\/05\/logo-Parana-Araucaria-e-UENP.jpg 681w\" sizes=\"auto, (max-width: 300px) 100vw, 300px\" \/><\/p>\n","protected":false},"excerpt":{"rendered":"","protected":false},"author":1,"featured_media":0,"parent":711,"menu_order":2,"comment_status":"closed","ping_status":"closed","template":"","meta":{"footnotes":""},"class_list":["post-822","page","type-page","status-publish","hentry"],"_links":{"self":[{"href":"https:\/\/eventos.uenp.edu.br\/cef\/wp-json\/wp\/v2\/pages\/822","targetHints":{"allow":["GET"]}}],"collection":[{"href":"https:\/\/eventos.uenp.edu.br\/cef\/wp-json\/wp\/v2\/pages"}],"about":[{"href":"https:\/\/eventos.uenp.edu.br\/cef\/wp-json\/wp\/v2\/types\/page"}],"author":[{"embeddable":true,"href":"https:\/\/eventos.uenp.edu.br\/cef\/wp-json\/wp\/v2\/users\/1"}],"replies":[{"embeddable":true,"href":"https:\/\/eventos.uenp.edu.br\/cef\/wp-json\/wp\/v2\/comments?post=822"}],"version-history":[{"count":13,"href":"https:\/\/eventos.uenp.edu.br\/cef\/wp-json\/wp\/v2\/pages\/822\/revisions"}],"predecessor-version":[{"id":958,"href":"https:\/\/eventos.uenp.edu.br\/cef\/wp-json\/wp\/v2\/pages\/822\/revisions\/958"}],"up":[{"embeddable":true,"href":"https:\/\/eventos.uenp.edu.br\/cef\/wp-json\/wp\/v2\/pages\/711"}],"wp:attachment":[{"href":"https:\/\/eventos.uenp.edu.br\/cef\/wp-json\/wp\/v2\/media?parent=822"}],"curies":[{"name":"wp","href":"https:\/\/api.w.org\/{rel}","templated":true}]}}