
{"id":762,"date":"2024-05-27T09:48:59","date_gmt":"2024-05-27T12:48:59","guid":{"rendered":"https:\/\/eventos.uenp.edu.br\/cef\/?page_id=762"},"modified":"2024-06-04T13:15:07","modified_gmt":"2024-06-04T16:15:07","slug":"comissao-cientifica","status":"publish","type":"page","link":"https:\/\/eventos.uenp.edu.br\/cef\/cef-xiii-2024\/comissao-cientifica\/","title":{"rendered":"Comiss\u00e3o Cient\u00edfica"},"content":{"rendered":"<p><strong style=\"color: #ff0000\">Docentes do Colegiado de Educa\u00e7\u00e3o F\u00edsica<\/strong><\/p>\n<p>Prof. Dr. Raphael Gon\u00e7alves de Oliveira<\/p>\n<p>Prof.\u00aa Dra. H\u00e9res Faria Ferreira Becker Paiva<\/p>\n<p>Prof.\u00aa Me. Maria Cristina Simeoni<\/p>\n<p>Profa. Dra. Leticia Trindade Cyrino<\/p>\n<p>Prof. Dr. Jarlisson Francsuel Melo dos Santos<\/p>\n<p>Prof.\u00aa Dra. Marieli Ramos Stocco<\/p>\n<p>Prof.\u00aa Me. Izabel Cristina Diogo de Morais<\/p>\n<p><span style=\"color: #ff0000\"><strong>Discentes da P\u00f3s-gradua\u00e7\u00e3o<\/strong><\/span><\/p>\n<p>Luiz Gustavo Dias<\/p>\n<p>Gabriel Amaro de Lima<\/p>\n<p>Ana Paula Damasceno Zanuto<\/p>\n<p>Thaiany Cristine Sanguini<\/p>\n<p>Paula Regina Basilio<\/p>\n<p>Afonso de Mello Tiburcio<\/p>\n<p>Nat\u00e1lia Viana Isoldino<\/p>\n<p>Laura Isabel Martins Almeida<\/p>\n<p>Maria Clara Fagundes Lucio<\/p>\n<p>Larissa Vict\u00f3ria Branco<\/p>\n<p>Diogo Dias Costa<\/p>\n<p>Matheus Ribeiro Quaglio<\/p>\n<p><span style=\"color: #ff0000\"><strong>Docente externo<\/strong><\/span><\/p>\n<p>Prof.\u00aa Me. Mariane Aparecida Coco<\/p>\n<p style=\"padding-left: 40px\"><img loading=\"lazy\" decoding=\"async\" src=\"https:\/\/eventos.uenp.edu.br\/cef\/wp-content\/uploads\/sites\/18\/2024\/05\/logo-Parana-Araucaria-e-UENP-2-300x67.jpg\" alt=\"\" width=\"300\" height=\"67\" \/><\/p>\n","protected":false},"excerpt":{"rendered":"","protected":false},"author":1,"featured_media":0,"parent":711,"menu_order":3,"comment_status":"closed","ping_status":"closed","template":"","meta":{"footnotes":""},"class_list":["post-762","page","type-page","status-publish","hentry"],"_links":{"self":[{"href":"https:\/\/eventos.uenp.edu.br\/cef\/wp-json\/wp\/v2\/pages\/762","targetHints":{"allow":["GET"]}}],"collection":[{"href":"https:\/\/eventos.uenp.edu.br\/cef\/wp-json\/wp\/v2\/pages"}],"about":[{"href":"https:\/\/eventos.uenp.edu.br\/cef\/wp-json\/wp\/v2\/types\/page"}],"author":[{"embeddable":true,"href":"https:\/\/eventos.uenp.edu.br\/cef\/wp-json\/wp\/v2\/users\/1"}],"replies":[{"embeddable":true,"href":"https:\/\/eventos.uenp.edu.br\/cef\/wp-json\/wp\/v2\/comments?post=762"}],"version-history":[{"count":7,"href":"https:\/\/eventos.uenp.edu.br\/cef\/wp-json\/wp\/v2\/pages\/762\/revisions"}],"predecessor-version":[{"id":1003,"href":"https:\/\/eventos.uenp.edu.br\/cef\/wp-json\/wp\/v2\/pages\/762\/revisions\/1003"}],"up":[{"embeddable":true,"href":"https:\/\/eventos.uenp.edu.br\/cef\/wp-json\/wp\/v2\/pages\/711"}],"wp:attachment":[{"href":"https:\/\/eventos.uenp.edu.br\/cef\/wp-json\/wp\/v2\/media?parent=762"}],"curies":[{"name":"wp","href":"https:\/\/api.w.org\/{rel}","templated":true}]}}