
{"id":760,"date":"2024-05-27T09:48:31","date_gmt":"2024-05-27T12:48:31","guid":{"rendered":"https:\/\/eventos.uenp.edu.br\/cef\/?page_id=760"},"modified":"2024-07-20T10:10:52","modified_gmt":"2024-07-20T13:10:52","slug":"informacoes","status":"publish","type":"page","link":"https:\/\/eventos.uenp.edu.br\/cef\/cef-xiii-2024\/informacoes\/","title":{"rendered":"Informa\u00e7\u00f5es e Modelos"},"content":{"rendered":"<p style=\"text-align: center\"><span style=\"color: #ff0000\"><strong>*Dia 23 de julho de 2024 as atividades ser\u00e3o realizadas na AABB de Jacarezinho PR<\/strong><\/span><\/p>\n<p>&nbsp;<\/p>\n<p><span style=\"color: #ff0000\"><span style=\"color: #0000ff\">Formul\u00e1rio para Inscri\u00e7\u00f5es<\/span>:<\/span><\/p>\n<p><span style=\"color: #ff0000\">\u00a0<a style=\"color: #ff0000\" href=\"https:\/\/forms.gle\/hff8ox3DQkjiPbAr6\"><em><span style=\"font-size: 24pt\"><strong>AQUI<\/strong><\/span><\/em><\/a><\/span><\/p>\n<p><span style=\"color: #ff0000\"><span style=\"color: #0000ff\">Formul\u00e1rio para Submiss\u00e3o de Resumos:<\/span><\/span><\/p>\n<p><span style=\"color: #ff0000\">\u00a0<a href=\"https:\/\/forms.gle\/6XrwwizEUHkfxdjE8\"><em><span style=\"font-size: 24pt;color: #ff0000\"><strong>AQUI<\/strong><\/span><\/em><\/a><\/span><\/p>\n<p><span style=\"color: #ff0000\"><span style=\"color: #0000ff\">Chave PIX para pagamento das Inscri\u00e7\u00f5es:\u00a0 \u00a0<\/span> <span style=\"font-size: 10pt\">\u00a0<\/span><\/span><\/p>\n<p><span style=\"color: #ff0000\"><span style=\"font-size: 10pt\">congressoeducacaofisica.ccs.cj@uenp.edu.br<\/span><\/span><\/p>\n<p>Modelos: Resumos, P\u00f4ster para Pr\u00e9-Projeto e P\u00f4ster para Projeto de Pesquisa<\/p>\n<p style=\"text-align: center\"><span style=\"color: #ff0000\"><em><span style=\"font-size: 14pt\">Clique sobre o nome do MODELO para baix\u00e1-lo:<\/span><\/em><\/span><\/p>\n<ul>\n<li>\n<p style=\"text-align: center\"><span style=\"font-family: arial, helvetica, sans-serif;font-size: 12pt;color: #000000\"><strong>Modelos (Download)<\/strong><\/span><\/p>\n<p><span style=\"font-family: 'comic sans ms', sans-serif;font-size: 12pt;color: #000000\"><em><span style=\"color: #0000ff\">Modelo de RESUMOS (word) &#8211; <span style=\"color: #ff0000\">SEM<\/span> os nomes dos autores:<\/span><\/em><\/span><\/p>\n<ul>\n<li><span style=\"color: #ff0000\"><a style=\"color: #ff0000\" href=\"https:\/\/eventos.uenp.edu.br\/cef\/wp-content\/uploads\/sites\/18\/2024\/06\/XIII-CEF-Resumos-Modelo-SEM-os-nomes-dos-AUTORES-.docx\">XIII CEF &#8211; Resumos &#8211; Modelo &#8211; SEM os nomes dos AUTORES<\/a><\/span><\/li>\n<\/ul>\n<p><span style=\"font-family: 'comic sans ms', sans-serif;font-size: 12pt;color: #000000\"><em><span style=\"color: #0000ff\">Modelo de RESUMOS (word) &#8211; <span style=\"color: #ff0000\">COM<\/span> os nomes dos autores:<\/span><\/em><\/span><\/p>\n<ul>\n<li><span style=\"color: #ff0000\"><a style=\"color: #ff0000\" href=\"https:\/\/eventos.uenp.edu.br\/cef\/wp-content\/uploads\/sites\/18\/2024\/06\/XIII-CEF-Resumos-Modelo-COM-os-nomes-dos-AUTORES-.docx\">XIII CEF &#8211; Resumos &#8211; Modelo COM os nomes dos AUTORES<\/a><\/span><\/li>\n<\/ul>\n<p><span style=\"font-family: 'comic sans ms', sans-serif;font-size: 12pt;color: #000000\"><em><span style=\"color: #0000ff\">Modelo Apresenta\u00e7\u00e3o PESQUISA &#8211; Oral:<\/span><\/em><\/span><\/p>\n<ul>\n<li><a href=\"https:\/\/eventos.uenp.edu.br\/cef\/wp-content\/uploads\/sites\/18\/2024\/07\/XIII-CEF-Modelo-Apresentacao-PESQUISA-Oral-.pptx\">XIII CEF &#8211; Modelo Apresenta\u00e7\u00e3o PESQUISA &#8211; Oral<\/a><\/li>\n<\/ul>\n<p><span style=\"font-family: 'comic sans ms', sans-serif;font-size: 12pt;color: #000000\"><em><span style=\"color: #0000ff\">Modelo Apresenta\u00e7\u00e3o PR\u00c9-PROJETOS &#8211; Banner:<\/span><\/em><\/span><\/p>\n<ul>\n<li><a href=\"https:\/\/eventos.uenp.edu.br\/cef\/wp-content\/uploads\/sites\/18\/2024\/07\/XIII-CEF-Modelo-Apresentacao-PRE-PROJETOS-Poster-Banner-.pptx\">XIII-CEF-Modelo-Apresentacao-PRE-PROJETOS Post\u00ear-Banner-<\/a><\/li>\n<\/ul>\n<p><span style=\"color: #0000ff;font-size: 12pt;font-family: 'comic sans ms', sans-serif\"><em>Normas para submiss\u00e3o de RESUMOS:<\/em><\/span><\/p>\n<ul>\n<li><span style=\"color: #ff0000\"><a style=\"color: #ff0000\" href=\"https:\/\/eventos.uenp.edu.br\/cef\/wp-content\/uploads\/sites\/18\/2024\/06\/XIII-CEF-Normas-para-submissao-de-RESUMO.docx\">XIII CEF &#8211; Normas para submiss\u00e3o de RESUMO<\/a><\/span><\/li>\n<\/ul>\n<\/li>\n<\/ul>\n<ul style=\"list-style-type: square\">\n<li><span style=\"font-size: 12pt\"><span style=\"color: #0000ff\">Contatos:\u00a0<\/span><\/span><\/li>\n<\/ul>\n<p style=\"padding-left: 120px\"><span style=\"font-size: 12pt\"><span style=\"color: #ff0000\">congressoeducacaofisica.ccs.cj@uenp.edu.br<\/span><\/span><\/p>\n<p><img loading=\"lazy\" decoding=\"async\" class=\"alignnone size-medium wp-image-890\" src=\"https:\/\/eventos.uenp.edu.br\/cef\/wp-content\/uploads\/sites\/18\/2024\/05\/logo-Parana-Araucaria-e-UENP-300x67.jpg\" alt=\"\" width=\"300\" height=\"67\" srcset=\"https:\/\/eventos.uenp.edu.br\/cef\/wp-content\/uploads\/sites\/18\/2024\/05\/logo-Parana-Araucaria-e-UENP-300x67.jpg 300w, https:\/\/eventos.uenp.edu.br\/cef\/wp-content\/uploads\/sites\/18\/2024\/05\/logo-Parana-Araucaria-e-UENP.jpg 681w\" sizes=\"auto, (max-width: 300px) 100vw, 300px\" \/><\/p>\n","protected":false},"excerpt":{"rendered":"","protected":false},"author":1,"featured_media":0,"parent":711,"menu_order":10,"comment_status":"closed","ping_status":"closed","template":"","meta":{"footnotes":""},"class_list":["post-760","page","type-page","status-publish","hentry"],"_links":{"self":[{"href":"https:\/\/eventos.uenp.edu.br\/cef\/wp-json\/wp\/v2\/pages\/760","targetHints":{"allow":["GET"]}}],"collection":[{"href":"https:\/\/eventos.uenp.edu.br\/cef\/wp-json\/wp\/v2\/pages"}],"about":[{"href":"https:\/\/eventos.uenp.edu.br\/cef\/wp-json\/wp\/v2\/types\/page"}],"author":[{"embeddable":true,"href":"https:\/\/eventos.uenp.edu.br\/cef\/wp-json\/wp\/v2\/users\/1"}],"replies":[{"embeddable":true,"href":"https:\/\/eventos.uenp.edu.br\/cef\/wp-json\/wp\/v2\/comments?post=760"}],"version-history":[{"count":22,"href":"https:\/\/eventos.uenp.edu.br\/cef\/wp-json\/wp\/v2\/pages\/760\/revisions"}],"predecessor-version":[{"id":1095,"href":"https:\/\/eventos.uenp.edu.br\/cef\/wp-json\/wp\/v2\/pages\/760\/revisions\/1095"}],"up":[{"embeddable":true,"href":"https:\/\/eventos.uenp.edu.br\/cef\/wp-json\/wp\/v2\/pages\/711"}],"wp:attachment":[{"href":"https:\/\/eventos.uenp.edu.br\/cef\/wp-json\/wp\/v2\/media?parent=760"}],"curies":[{"name":"wp","href":"https:\/\/api.w.org\/{rel}","templated":true}]}}