
{"id":758,"date":"2024-05-27T09:48:15","date_gmt":"2024-05-27T12:48:15","guid":{"rendered":"https:\/\/eventos.uenp.edu.br\/cef\/?page_id=758"},"modified":"2024-07-20T10:09:51","modified_gmt":"2024-07-20T13:09:51","slug":"submissao-de-resumos","status":"publish","type":"page","link":"https:\/\/eventos.uenp.edu.br\/cef\/cef-xiii-2024\/submissao-de-resumos\/","title":{"rendered":"Submiss\u00e3o de resumos"},"content":{"rendered":"<p style=\"text-align: center\">ENSALAMENTO DE APRESENTA\u00c7OES DE TRABALHOS:<\/p>\n<p style=\"text-align: center\"><span style=\"color: #ff0000\">AQUI:\u00a0 \u00a0 \u00a0 \u00a0 \u00a0 \u00a0 \u00a0 <a href=\"https:\/\/eventos.uenp.edu.br\/cef\/wp-content\/uploads\/sites\/18\/2024\/07\/Ensalamentos-das-Apresentacoes-Oral-e-Banner-XIII-CEF.pdf\">Ensalamentos das Apresenta\u00e7\u00f5es &#8211; Oral e Banner &#8211; XIII CEF<\/a>\u00a0&#8211; Oral e Banner &#8211; XIII CEF<\/span><\/p>\n<p>&nbsp;<\/p>\n<ol>\n<li>O RESUMO deve ser submetido como um texto no formato <strong>Word<\/strong> (n\u00e3o compartilhe pastas), em acordo com normas exigidas no XIII CEF.<\/li>\n<li>As \u00e1reas tem\u00e1ticas para submiss\u00e3o s\u00e3o: <strong>Bacharelado ou Licenciatura<\/strong>.<\/li>\n<li>Data limite para a submiss\u00e3o do resumo ser\u00e1 at\u00e9 dia <strong>24 de junho de 2024<\/strong>.<\/li>\n<li>Data de divulga\u00e7\u00e3o dos trabalhos aprovados, local e hor\u00e1rio das apresenta\u00e7\u00f5es ser\u00e1 dia <strong>12 de julho de 2024.<\/strong><\/li>\n<li>M\u00e1ximo <strong>de seis (6) autores<\/strong> por trabalho\u00a0submetido, incluindo o Professor\/Orientador.<\/li>\n<li>O resumo deve conter no m\u00e1ximo duas (2) p\u00e1ginas, incluindo as refer\u00eancias.<\/li>\n<li>Ser\u00e3o aceitos o m\u00e1ximo de <strong>tr\u00eas (3)<\/strong> resumos por autor PRINCIPAL<\/li>\n<li style=\"text-align: left\"><span style=\"color: #ff0000\">Link para INSCRI\u00c7\u00c3O<\/span>: <a href=\"https:\/\/forms.gle\/hff8ox3DQkjiPbAr6\"><span style=\"color: #ff0000\"><span style=\"font-size: 18pt\"><em><strong><span style=\"font-family: arial, helvetica, sans-serif\">AQUI<\/span><\/strong><\/em><\/span><\/span><\/a><\/li>\n<li style=\"text-align: left\"><span style=\"color: #ff0000\">Chave PIX:<\/span> congressoeducacaofisica.ccs.cj@uenp.edu.br<\/li>\n<li>O certificado ser\u00e1 emitido por meio eletr\u00f4nico (online).<\/li>\n<li>Somente ser\u00e1 aceita a submiss\u00e3o de RESUMOS via formul\u00e1rio do Google:<\/li>\n<li style=\"text-align: left\"><span style=\"color: #ff0000\">Link para submiss\u00e3o do RESUMO<\/span>: <a href=\"https:\/\/forms.gle\/6XrwwizEUHkfxdjE8\"><span style=\"font-family: arial, helvetica, sans-serif;font-size: 18pt;color: #ff0000\"><em><strong>AQUI<\/strong><\/em><\/span><\/a><\/li>\n<li>A utiliza\u00e7\u00e3o do modelo de RESUMO \u00e9 OBRIGAT\u00d3RIA sob pena de recusa do trabalho pela Comiss\u00e3o Cient\u00edfica.<\/li>\n<\/ol>\n<p style=\"text-align: left\"><em><span style=\"color: #ff0000\">A comiss\u00e3o organizadora decidir\u00e1 sobre se o trabalho ser\u00e1 apresentado no formato de <strong>BANNER ou ORALMENTE<\/strong>, levando em considera\u00e7\u00e3o a quantidade de resumos aprovados pela comiss\u00e3o cient\u00edfica.<\/span><\/em><\/p>\n<p>&nbsp;<\/p>\n<p style=\"text-align: center\"><span style=\"color: #ff0000\"><strong>Resumos de PESQUISAS:<\/strong><\/span><\/p>\n<ul>\n<li>Trabalhos com resultados dever\u00e3o conter todas as se\u00e7\u00f5es do modelo<strong>.<\/strong><\/li>\n<li>Para apresenta\u00e7\u00e3o no <strong>formato ORAL<\/strong>: uso de Power Point seguindo modelo disponibilizado pelo evento.<\/li>\n<\/ul>\n<p><em>Tem\u00e1tica; T\u00edtulo; Nome do(s) autor(es); Nome da institui\u00e7\u00e3o do(s) autor(es); Palavras-chave; Introdu\u00e7\u00e3o; Objetivo(s); Metodologia; Resultados e Discuss\u00e3o; Conclus\u00f5es; Agradecimentos; Refer\u00eancias.<\/em><\/p>\n<ul>\n<li>A apresenta\u00e7\u00e3o dever\u00e1 ser entregue no pen drive, para o respons\u00e1vel da sala, 15 minutos antes do in\u00edcio da primeira apresenta\u00e7\u00e3o.<\/li>\n<li>Os apresentadores dever\u00e3o permanecer na sala, at\u00e9 o final da \u00faltima apresenta\u00e7\u00e3o.<\/li>\n<li>O autor \/ apresentador dever\u00e1 estar presente no <strong>dia 25 de julho de 2024<\/strong> no local determinado pela organiza\u00e7\u00e3o das <strong>19h30 min. \u00e0s 21h00 min<\/strong>. nas salas de apresenta\u00e7\u00f5es.<\/li>\n<li>Para apresentar ao p\u00fablico seu trabalho, ser\u00e1 necess\u00e1rio estar na sala no in\u00edcio da sess\u00e3o devidamente credenciado no evento.<\/li>\n<li>Ser\u00e3o <strong>10 minutos<\/strong> de apresenta\u00e7\u00e3o do trabalho para os avaliadores.<\/li>\n<\/ul>\n<p style=\"text-align: center\"><span style=\"color: #ff0000\"><strong>Resumo de PR\u00c9-PROJETO<\/strong>\u00a0(sem resultados), ser\u00e1 submetido contendo:<\/span><\/p>\n<p><em>Tem\u00e1tica; T\u00edtulo; Nome do(s) autor(es); Nome da institui\u00e7\u00e3o do(s) autor(es); Palavras-chave; Introdu\u00e7\u00e3o; Objetivo(s); Metodologia; Resultados Esperados; Agradecimentos; Refer\u00eancias.<\/em><\/p>\n<ul>\n<li>Para resumos aprovados no formato de <strong>banner\/p\u00f4ster: <\/strong>Tamanho 90 x 120 cm (material de confec\u00e7\u00e3o livre).<\/li>\n<li>O BANNER dever\u00e1 ser fixado pelo(s) autor(es), no dia <strong>26 de julho de 2024, at\u00e9 as 19h30min,<\/strong> no local determinado pela organiza\u00e7\u00e3o. O autor\/apresentador dever\u00e1 permanecer no local das apresenta\u00e7\u00f5es das <strong>19h30min \u00e0s 21h.<\/strong><\/li>\n<li>Para apresentar ao p\u00fablico seu trabalho, ser\u00e1 necess\u00e1rio estar na sala no in\u00edcio da sess\u00e3o devidamente credenciado no evento.<\/li>\n<li>Ser\u00e3o <strong>5 minutos<\/strong> para exposi\u00e7\u00e3o do trabalho para o avaliador indicado pela Organiza\u00e7\u00e3o.<\/li>\n<\/ul>\n<hr \/>\n<p style=\"text-align: center\"><span style=\"font-family: arial, helvetica, sans-serif;font-size: 12pt;color: #000000\"><strong>Modelos (Download)<\/strong><\/span><\/p>\n<p><span style=\"font-family: 'comic sans ms', sans-serif;font-size: 12pt;color: #000000\"><em><span style=\"color: #0000ff\">Modelo de RESUMOS (word) &#8211; <span style=\"color: #ff0000\">SEM<\/span> os nomes dos autores:<\/span><\/em><\/span><\/p>\n<ul>\n<li><span style=\"color: #ff0000\"><a style=\"color: #ff0000\" href=\"https:\/\/eventos.uenp.edu.br\/cef\/wp-content\/uploads\/sites\/18\/2024\/06\/XIII-CEF-Resumos-Modelo-SEM-os-nomes-dos-AUTORES-.docx\">XIII CEF &#8211; Resumos &#8211; Modelo &#8211; SEM os nomes dos AUTORES<\/a><\/span><\/li>\n<\/ul>\n<p><span style=\"font-family: 'comic sans ms', sans-serif;font-size: 12pt;color: #000000\"><em><span style=\"color: #0000ff\">Modelo de RESUMOS (word) &#8211; <span style=\"color: #ff0000\">COM<\/span> os nomes dos autores:<\/span><\/em><\/span><\/p>\n<ul>\n<li><span style=\"color: #ff0000\"><a style=\"color: #ff0000\" href=\"https:\/\/eventos.uenp.edu.br\/cef\/wp-content\/uploads\/sites\/18\/2024\/06\/XIII-CEF-Resumos-Modelo-COM-os-nomes-dos-AUTORES-.docx\">XIII CEF &#8211; Resumos &#8211; Modelo COM os nomes dos AUTORES<\/a><\/span><\/li>\n<\/ul>\n<p><span style=\"font-family: 'comic sans ms', sans-serif;font-size: 12pt;color: #000000\"><em><span style=\"color: #0000ff\">Modelo Apresenta\u00e7\u00e3o PESQUISA &#8211; Oral:<\/span><\/em><\/span><\/p>\n<ul>\n<li><a href=\"https:\/\/eventos.uenp.edu.br\/cef\/wp-content\/uploads\/sites\/18\/2024\/07\/XIII-CEF-Modelo-Apresentacao-PESQUISA-Oral-.pptx\">XIII CEF &#8211; Modelo Apresenta\u00e7\u00e3o PESQUISA &#8211; Oral<\/a><\/li>\n<\/ul>\n<p><span style=\"font-family: 'comic sans ms', sans-serif;font-size: 12pt;color: #000000\"><em><span style=\"color: #0000ff\">Modelo Apresenta\u00e7\u00e3o PR\u00c9-PROJETOS &#8211; Banner:<\/span><\/em><\/span><\/p>\n<ul>\n<li><a href=\"https:\/\/eventos.uenp.edu.br\/cef\/wp-content\/uploads\/sites\/18\/2024\/07\/XIII-CEF-Modelo-Apresentacao-PRE-PROJETOS-Poster-Banner-.pptx\">XIII-CEF-Modelo-Apresentacao-PRE-PROJETOS Post\u00ear-Banner-<\/a><\/li>\n<\/ul>\n<p><span style=\"color: #0000ff;font-size: 12pt;font-family: 'comic sans ms', sans-serif\"><em>Normas para submiss\u00e3o de RESUMOS:<\/em><\/span><\/p>\n<ul>\n<li><a href=\"https:\/\/eventos.uenp.edu.br\/cef\/wp-content\/uploads\/sites\/18\/2024\/06\/XIII-CEF-Normas-para-submissao-de-RESUMO.docx\"><span style=\"color: #ff0000\">XIII CEF &#8211; Normas para submiss\u00e3o de RESUMO<\/span><\/a><\/li>\n<\/ul>\n<p><span style=\"color: #000000;font-size: 12pt\"><strong>Ser\u00e1 permitido inserir imagens do seu pr\u00e9-projeto ou projeto de pesquisa em suas apresenta\u00e7\u00f5es. <\/strong><\/span><\/p>\n<p><img loading=\"lazy\" decoding=\"async\" class=\"alignnone size-medium wp-image-890\" src=\"https:\/\/eventos.uenp.edu.br\/cef\/wp-content\/uploads\/sites\/18\/2024\/05\/logo-Parana-Araucaria-e-UENP-300x67.jpg\" alt=\"\" width=\"300\" height=\"67\" srcset=\"https:\/\/eventos.uenp.edu.br\/cef\/wp-content\/uploads\/sites\/18\/2024\/05\/logo-Parana-Araucaria-e-UENP-300x67.jpg 300w, https:\/\/eventos.uenp.edu.br\/cef\/wp-content\/uploads\/sites\/18\/2024\/05\/logo-Parana-Araucaria-e-UENP.jpg 681w\" sizes=\"auto, (max-width: 300px) 100vw, 300px\" \/><\/p>\n","protected":false},"excerpt":{"rendered":"","protected":false},"author":1,"featured_media":0,"parent":711,"menu_order":7,"comment_status":"closed","ping_status":"closed","template":"","meta":{"footnotes":""},"class_list":["post-758","page","type-page","status-publish","hentry"],"_links":{"self":[{"href":"https:\/\/eventos.uenp.edu.br\/cef\/wp-json\/wp\/v2\/pages\/758","targetHints":{"allow":["GET"]}}],"collection":[{"href":"https:\/\/eventos.uenp.edu.br\/cef\/wp-json\/wp\/v2\/pages"}],"about":[{"href":"https:\/\/eventos.uenp.edu.br\/cef\/wp-json\/wp\/v2\/types\/page"}],"author":[{"embeddable":true,"href":"https:\/\/eventos.uenp.edu.br\/cef\/wp-json\/wp\/v2\/users\/1"}],"replies":[{"embeddable":true,"href":"https:\/\/eventos.uenp.edu.br\/cef\/wp-json\/wp\/v2\/comments?post=758"}],"version-history":[{"count":59,"href":"https:\/\/eventos.uenp.edu.br\/cef\/wp-json\/wp\/v2\/pages\/758\/revisions"}],"predecessor-version":[{"id":1099,"href":"https:\/\/eventos.uenp.edu.br\/cef\/wp-json\/wp\/v2\/pages\/758\/revisions\/1099"}],"up":[{"embeddable":true,"href":"https:\/\/eventos.uenp.edu.br\/cef\/wp-json\/wp\/v2\/pages\/711"}],"wp:attachment":[{"href":"https:\/\/eventos.uenp.edu.br\/cef\/wp-json\/wp\/v2\/media?parent=758"}],"curies":[{"name":"wp","href":"https:\/\/api.w.org\/{rel}","templated":true}]}}