
{"id":756,"date":"2024-05-27T09:46:37","date_gmt":"2024-05-27T12:46:37","guid":{"rendered":"https:\/\/eventos.uenp.edu.br\/cef\/?page_id=756"},"modified":"2024-06-04T13:18:00","modified_gmt":"2024-06-04T16:18:00","slug":"inscricoes","status":"publish","type":"page","link":"https:\/\/eventos.uenp.edu.br\/cef\/cef-xiii-2024\/inscricoes\/","title":{"rendered":"Inscri\u00e7\u00f5es"},"content":{"rendered":"<p>&nbsp;<\/p>\n<hr \/>\n<p><strong>PER\u00cdODO DE INSCRI\u00c7\u00d5ES:<\/strong><br \/>\nDe 01 de junho a 22 de julho de 2024<\/p>\n<p><strong>VALORES:<\/strong><\/p>\n<p><strong><img loading=\"lazy\" decoding=\"async\" class=\" wp-image-849 aligncenter\" src=\"https:\/\/eventos.uenp.edu.br\/cef\/wp-content\/uploads\/sites\/18\/2024\/05\/Inscricoes-precos-XIII-CEF-300x69.png\" alt=\"\" width=\"700\" height=\"161\" srcset=\"https:\/\/eventos.uenp.edu.br\/cef\/wp-content\/uploads\/sites\/18\/2024\/05\/Inscricoes-precos-XIII-CEF-300x69.png 300w, https:\/\/eventos.uenp.edu.br\/cef\/wp-content\/uploads\/sites\/18\/2024\/05\/Inscricoes-precos-XIII-CEF.png 671w\" sizes=\"auto, (max-width: 700px) 100vw, 700px\" \/> <\/strong><\/p>\n<p><span style=\"font-size: 12pt\"><strong>INSTRU\u00c7\u00d5ES PARA INSCRI\u00c7\u00c3O:<\/strong><\/span><\/p>\n<ol>\n<li style=\"text-align: left\"><span style=\"font-size: 12pt\">\u00a0Antes de iniciar sua inscri\u00e7\u00e3o, navegue pelo site do Congresso, conhe\u00e7a as PALESTRAS, os PALESTRANTES convidados, datas e os hor\u00e1rios.<\/span><\/li>\n<li style=\"text-align: left\"><span style=\"font-size: 12pt\">Nos dias 23 e 24 de junho, voc\u00ea dever\u00e1<strong> optar por um dos cursos<\/strong> em cada hor\u00e1rio, nos demais dias apenas confirme sua participa\u00e7\u00e3o.<\/span><\/li>\n<\/ol>\n<p style=\"text-align: center\"><strong><span style=\"color: #ff0000\">Obs.: As vagas nestes &#8220;cursos&#8221; ser\u00e3o limitadas e efetivadas conforme a ordem das inscri\u00e7\u00f5es.<\/span><\/strong><\/p>\n<hr \/>\n<p><span style=\"font-size: 12pt\"><strong>LINK do formul\u00e1rio PARA REALIZAR A SUA INSCRI\u00c7\u00c3O: <\/strong><\/span><\/p>\n<p><a href=\"https:\/\/forms.gle\/hff8ox3DQkjiPbAr6\"><span style=\"color: #ff0000\"><b>AQUI<\/b><\/span><\/a><\/p>\n<p><span style=\"font-size: 12pt\">*Aten\u00e7\u00e3o: o correto preenchimento do formul\u00e1rio de inscri\u00e7\u00e3o implicar\u00e1 na exatid\u00e3o dos CERTIFICADOS (escreva nome completo, sem abrevia\u00e7\u00f5es).<\/span><\/p>\n<p><span style=\"font-size: 12pt\"><strong>PAGAMENTO DA INSCRI\u00c7\u00c3O s<\/strong><\/span><span style=\"font-size: 12pt\">er\u00e1 realizado somente por <strong><span style=\"color: #ff0000\">PIX<\/span><\/strong> na chave abaixo <\/span><span style=\"font-size: 12pt\">(e-mail do congresso):\u00a0 <\/span><\/p>\n<p><em><span style=\"color: #ff0000\">congressoeducacaofisica.ccs.cj@uenp.edu.br<\/span><\/em><\/p>\n<p><span style=\"font-size: 12pt\">. <strong><span style=\"color: #ff0000\">O acad\u00eamico que possui Cadastro \u00danico (Cad\u00danico)<\/span><\/strong> estar\u00e1 isento de pagar a inscri\u00e7\u00e3o do evento, desde que tenha <strong><span style=\"color: #ff0000\">ingressado na Universidade por Cotas<\/span> e,<\/strong> comprove com documenta\u00e7\u00e3o no ato da inscri\u00e7\u00e3o. Mas n\u00e3o estar\u00e1 isento de realizar a inscri\u00e7\u00e3o.<\/span><\/p>\n<p>&nbsp;<\/p>\n<p><img loading=\"lazy\" decoding=\"async\" class=\"alignnone size-medium wp-image-890\" src=\"https:\/\/eventos.uenp.edu.br\/cef\/wp-content\/uploads\/sites\/18\/2024\/05\/logo-Parana-Araucaria-e-UENP-300x67.jpg\" alt=\"\" width=\"300\" height=\"67\" srcset=\"https:\/\/eventos.uenp.edu.br\/cef\/wp-content\/uploads\/sites\/18\/2024\/05\/logo-Parana-Araucaria-e-UENP-300x67.jpg 300w, https:\/\/eventos.uenp.edu.br\/cef\/wp-content\/uploads\/sites\/18\/2024\/05\/logo-Parana-Araucaria-e-UENP.jpg 681w\" sizes=\"auto, (max-width: 300px) 100vw, 300px\" \/><\/p>\n","protected":false},"excerpt":{"rendered":"","protected":false},"author":1,"featured_media":0,"parent":711,"menu_order":6,"comment_status":"closed","ping_status":"closed","template":"","meta":{"footnotes":""},"class_list":["post-756","page","type-page","status-publish","hentry"],"_links":{"self":[{"href":"https:\/\/eventos.uenp.edu.br\/cef\/wp-json\/wp\/v2\/pages\/756","targetHints":{"allow":["GET"]}}],"collection":[{"href":"https:\/\/eventos.uenp.edu.br\/cef\/wp-json\/wp\/v2\/pages"}],"about":[{"href":"https:\/\/eventos.uenp.edu.br\/cef\/wp-json\/wp\/v2\/types\/page"}],"author":[{"embeddable":true,"href":"https:\/\/eventos.uenp.edu.br\/cef\/wp-json\/wp\/v2\/users\/1"}],"replies":[{"embeddable":true,"href":"https:\/\/eventos.uenp.edu.br\/cef\/wp-json\/wp\/v2\/comments?post=756"}],"version-history":[{"count":26,"href":"https:\/\/eventos.uenp.edu.br\/cef\/wp-json\/wp\/v2\/pages\/756\/revisions"}],"predecessor-version":[{"id":1005,"href":"https:\/\/eventos.uenp.edu.br\/cef\/wp-json\/wp\/v2\/pages\/756\/revisions\/1005"}],"up":[{"embeddable":true,"href":"https:\/\/eventos.uenp.edu.br\/cef\/wp-json\/wp\/v2\/pages\/711"}],"wp:attachment":[{"href":"https:\/\/eventos.uenp.edu.br\/cef\/wp-json\/wp\/v2\/media?parent=756"}],"curies":[{"name":"wp","href":"https:\/\/api.w.org\/{rel}","templated":true}]}}