
{"id":720,"date":"2024-05-24T14:52:30","date_gmt":"2024-05-24T17:52:30","guid":{"rendered":"https:\/\/eventos.uenp.edu.br\/cef\/?page_id=720"},"modified":"2024-06-04T13:16:06","modified_gmt":"2024-06-04T16:16:06","slug":"palestrantes","status":"publish","type":"page","link":"https:\/\/eventos.uenp.edu.br\/cef\/cef-xiii-2024\/palestrantes\/","title":{"rendered":"Palestrantes Convidados"},"content":{"rendered":"<hr \/>\n<p style=\"text-align: justify\"><strong><img loading=\"lazy\" decoding=\"async\" class=\"alignleft wp-image-775 size-medium\" src=\"https:\/\/eventos.uenp.edu.br\/cef\/wp-content\/uploads\/sites\/18\/2024\/05\/Professor-Amauri-165x300.jpg\" alt=\"\" width=\"165\" height=\"300\" srcset=\"https:\/\/eventos.uenp.edu.br\/cef\/wp-content\/uploads\/sites\/18\/2024\/05\/Professor-Amauri-165x300.jpg 165w, https:\/\/eventos.uenp.edu.br\/cef\/wp-content\/uploads\/sites\/18\/2024\/05\/Professor-Amauri.jpg 309w\" sizes=\"auto, (max-width: 165px) 100vw, 165px\" \/><\/strong><\/p>\n<p style=\"text-align: justify\"><strong>Prof. Dr. Amauri Aparecido B\u00e1ssoli de Oliveira<\/strong> \u2013 Universidade Estadual de Maring\u00e1 \u2013 UEM<br \/>\nGraduado em Educa\u00e7\u00e3o F\u00edsica pela Universidade do Norte do Paran\u00e1 (1979), mestrado em Ci\u00eancia do Movimento Humano pela Universidade Federal de Santa Maria (UFSM &#8211; 1988), doutorado em Educa\u00e7\u00e3o F\u00edsica pela Universidade Estadual de Campinas (UNICAMP &#8211; 1999) e p\u00f3s-doutorado em Educa\u00e7\u00e3o F\u00edsica pela Universidade Federal do Rio Grande do Sul (UFRGS &#8211; 2014). Atualmente \u00e9 professor Volunt\u00e1rio da Universidade Estadual de Maring\u00e1 no Programa Associado de P\u00f3s-gradua\u00e7\u00e3o em Educa\u00e7\u00e3o F\u00edsica UEM\/UEL, atuando com orienta\u00e7\u00f5es em n\u00edvel de mestrado e doutorado. Tem experi\u00eancia na \u00e1rea de Educa\u00e7\u00e3o F\u00edsica, com \u00eanfase em Gest\u00e3o de Projetos, M\u00e9todos e T\u00e9cnicas de Ensino e Metodologia da Pesquisa, com destaque nos seguintes temas: forma\u00e7\u00e3o profissional, curr\u00edculo, atividade f\u00edsica e sa\u00fade, educa\u00e7\u00e3o f\u00edsica escolar, atividade f\u00edsica e obesidade. Atua\u00e7\u00e3o na Gest\u00e3o de Projetos do Minist\u00e9rio do Esporte &#8211; Programa Segundo Tempo, vinculado \u00e0 UFRGS, de 2007 a 2019.<\/p>\n<hr \/>\n<p style=\"text-align: justify\"><strong><img loading=\"lazy\" decoding=\"async\" class=\"size-full wp-image-776 alignleft\" src=\"https:\/\/eventos.uenp.edu.br\/cef\/wp-content\/uploads\/sites\/18\/2024\/05\/Anselmo-.jpg\" alt=\"\" width=\"188\" height=\"231\" \/>Prof. Dr. Anselmo Alexandre Mendes<\/strong> \u2013 Universidade Estadual de Maring\u00e1 \u2013 UEM<br \/>\nPossui gradua\u00e7\u00e3o em Educa\u00e7\u00e3o F\u00edsica pela Universidade Estadual de Maring\u00e1 (1999), especialista em Administra\u00e7\u00e3o, Supervis\u00e3o e Orienta\u00e7\u00e3o Educacional pela UNOPAR (2001), mestrado em Educa\u00e7\u00e3o pela Universidade do Oeste Paulista (2005) e doutorado em Educa\u00e7\u00e3o F\u00edsica pela Universidade Estadual de Maring\u00e1 (2016). \u00c9 professor colaborador no departamento de Educa\u00e7\u00e3o F\u00edsica &#8211; UEM. (2013 &#8211; 2024). Tem experi\u00eancia nas \u00e1reas de Gin\u00e1stica Laboral, Gin\u00e1stica Geral, Gin\u00e1stica em Academia e Gin\u00e1stica escolar, Dan\u00e7as e Dan\u00e7as de Sal\u00e3o; Lutas, Recrea\u00e7\u00e3o, e Educa\u00e7\u00e3o F\u00edsica Escolar. \u00c9 faixa preta em Tae Kwon Do &#8211; 1o. Dan. Ministrou como professor tempor\u00e1rio as disciplinas de Did\u00e1tica, Teoria dos jogos, fundamentos da dan\u00e7a, Introdu\u00e7\u00e3o a dan\u00e7a, a gin\u00e1stica escolar e Gin\u00e1stica em academia, jogos brinquedos e brincadeiras, atividade f\u00edsica na inf\u00e2ncia e adolesc\u00eancia, r\u00edtmica e express\u00e3o corporal, epidemiologia, bioestat\u00edstica, biomec\u00e2nica, nata\u00e7\u00e3o, lutas, dan\u00e7a de sal\u00e3o, dan\u00e7as, recrea\u00e7\u00e3o, est\u00e1gio em lazer, esportes coletivos, capoeira e pol\u00edticas p\u00fablicas para a sa\u00fade, est\u00e1gio supervisionado, aten\u00e7\u00e3o em sa\u00fade II. \u00c9 palestrante de diversas tem\u00e1ticas relacionadas \u00e0 gin\u00e1stica, sa\u00fade, dan\u00e7a, educa\u00e7\u00e3o f\u00edsica escolar, educa\u00e7\u00e3o, tem\u00e1ticas relacionadas a \u00e1rea motivacional, possui forma\u00e7\u00e3o em hipnose e hipnoterapia. \u00c9 ex-aluno do Programa Especial de Treinamento &#8211; Grupo PET\/DEF\/UEM.<\/p>\n<hr \/>\n<p style=\"text-align: justify\"><strong><img loading=\"lazy\" decoding=\"async\" class=\"size-medium wp-image-777 alignleft\" src=\"https:\/\/eventos.uenp.edu.br\/cef\/wp-content\/uploads\/sites\/18\/2024\/05\/Bruna--300x300.jpg\" alt=\"\" width=\"300\" height=\"300\" srcset=\"https:\/\/eventos.uenp.edu.br\/cef\/wp-content\/uploads\/sites\/18\/2024\/05\/Bruna--300x300.jpg 300w, https:\/\/eventos.uenp.edu.br\/cef\/wp-content\/uploads\/sites\/18\/2024\/05\/Bruna--150x150.jpg 150w, https:\/\/eventos.uenp.edu.br\/cef\/wp-content\/uploads\/sites\/18\/2024\/05\/Bruna-.jpg 640w\" sizes=\"auto, (max-width: 300px) 100vw, 300px\" \/>Prof.\u00aa Dra. Bruna Barboza Seron<\/strong> \u2013 Universidade Federal de Santa Catarina &#8211; UFSC<br \/>\nPossui mestrado e doutorado pela Universidade Estadual de Londrina. Atualmente \u00e9 professora adjunta da Universidade Federal da Santa Catarina. Participa do Grupo de estudo e pesquisa em atividade f\u00edsica e defici\u00eancia (GEPAFID). Coordena os projetos de extens\u00e3o de Goalball e Handball em Cadeira de Rodas e atua na inicia\u00e7\u00e3o esportiva para crian\u00e7as com autismo.<\/p>\n<p>&nbsp;<\/p>\n<hr \/>\n<p style=\"text-align: justify\"><strong><img loading=\"lazy\" decoding=\"async\" class=\"size-medium wp-image-778 alignleft\" src=\"https:\/\/eventos.uenp.edu.br\/cef\/wp-content\/uploads\/sites\/18\/2024\/05\/Carlos--253x300.jpg\" alt=\"\" width=\"253\" height=\"300\" srcset=\"https:\/\/eventos.uenp.edu.br\/cef\/wp-content\/uploads\/sites\/18\/2024\/05\/Carlos--253x300.jpg 253w, https:\/\/eventos.uenp.edu.br\/cef\/wp-content\/uploads\/sites\/18\/2024\/05\/Carlos--768x910.jpg 768w, https:\/\/eventos.uenp.edu.br\/cef\/wp-content\/uploads\/sites\/18\/2024\/05\/Carlos-.jpg 854w\" sizes=\"auto, (max-width: 253px) 100vw, 253px\" \/>Prof. Mestre Carlos Gomes de Oliveira<\/strong> &#8211; Centro Universit\u00e1rio de Maring\u00e1 &#8211; UniCesumar<br \/>\nPossui gradua\u00e7\u00e3o em Educa\u00e7\u00e3o F\u00edsica pela Universidade Estadual de Maring\u00e1. Mestrado em Educa\u00e7\u00e3o F\u00edsica no programa associado UEM\/UEL. Pesquisador do GEL &#8211; Grupo de estudos do Lazer \/ Maring\u00e1. Prof. da P\u00f3s-gradua\u00e7\u00e3o das faculdades UNICESUMAR, UNIFAMMA, FAFIMAN, UNIUV, FAG, INTEGRADO e FAFIPA. Licenciado Internacional pela AFAA &#8211; Aerobic And Fitness Association Of America. Licenciado Internacional Professional Instructor IDEA Brazil. World Class Body Systems com qualifica\u00e7\u00e3o Internacional em Body Pump, Body Combat, Body Step e RPM. P\u00f3s-Graduado em Treinamento Desportivo pela Universidade Estadual de Maring\u00e1. Diversos Cursos e Palestras Ministrados pelo Brasil. como JOPEF, ENAF, ENAREL, ELAP. H\u00e1 32 anos \u00e9 funcion\u00e1rio da Secretaria de Esportes e Lazer da Prefeitura do Munic\u00edpio de Maring\u00e1 onde foi Chefe da Divis\u00e3o de Esportes; Coordenador de Esportes do Centro Social e Urbano. Gerente de Esportes Comunit\u00e1rios e Lazer. Consultor de fitness de diversas academias Coordenador do Curso de recrea\u00e7\u00e3o Professor Rosa. Consultor do Rotary Youth Leadership Award, Prof. do CESUMAR h\u00e1 22 anos.<\/p>\n<hr \/>\n<p style=\"text-align: justify\"><img loading=\"lazy\" decoding=\"async\" class=\"size-medium wp-image-779 alignleft\" src=\"https:\/\/eventos.uenp.edu.br\/cef\/wp-content\/uploads\/sites\/18\/2024\/05\/Claudio--218x300.jpg\" alt=\"\" width=\"218\" height=\"300\" srcset=\"https:\/\/eventos.uenp.edu.br\/cef\/wp-content\/uploads\/sites\/18\/2024\/05\/Claudio--218x300.jpg 218w, https:\/\/eventos.uenp.edu.br\/cef\/wp-content\/uploads\/sites\/18\/2024\/05\/Claudio-.jpg 720w\" sizes=\"auto, (max-width: 218px) 100vw, 218px\" \/><strong>Prof. Dr. Claudio Kravchychyn<\/strong> \u2013 Universidade Estadual de Maring\u00e1 \u2013 UEM<br \/>\nLicenciatura em Educa\u00e7\u00e3o F\u00edsica pela Escola de Educa\u00e7\u00e3o F\u00edsica de Assis (1985); Mestrado em Educa\u00e7\u00e3o pela Universidade do Oeste Paulista (2006); Doutorado em Educa\u00e7\u00e3o F\u00edsica pela Universidade Estadual de Maring\u00e1 &#8211; Programa de P\u00f3s-Gradua\u00e7\u00e3o Associado UEM\/UEL (2014); Professor Adjunto e Coordenador do Curso de Educa\u00e7\u00e3o F\u00edsica (Licenciatura e Bacharelado) do Departamento de Educa\u00e7\u00e3o F\u00edsica da Universidade Estadual de Maring\u00e1 (DEF\/UEM); Docente do Mestrado Profissional em Educa\u00e7\u00e3o F\u00edsica em Rede Nacional &#8211; PROEF.<\/p>\n<p>&nbsp;<\/p>\n<p>&nbsp;<\/p>\n<hr \/>\n<p style=\"text-align: justify\"><img loading=\"lazy\" decoding=\"async\" class=\"wp-image-782 size-medium alignleft\" src=\"https:\/\/eventos.uenp.edu.br\/cef\/wp-content\/uploads\/sites\/18\/2024\/05\/Dartagnan--300x213.jpg\" alt=\"\" width=\"300\" height=\"213\" srcset=\"https:\/\/eventos.uenp.edu.br\/cef\/wp-content\/uploads\/sites\/18\/2024\/05\/Dartagnan--300x213.jpg 300w, https:\/\/eventos.uenp.edu.br\/cef\/wp-content\/uploads\/sites\/18\/2024\/05\/Dartagnan-.jpg 345w\" sizes=\"auto, (max-width: 300px) 100vw, 300px\" \/><strong>Prof. Dr. Dartagnan Pinto Guedes<\/strong> &#8211; Universidade Estadual do Norte do Paran\u00e1 <strong>(UENP)<\/strong>. Possui gradua\u00e7\u00e3o em Educa\u00e7\u00e3o F\u00edsica pela Universidade Estadual de Londrina (1974), mestrado em Ci\u00eancia do Movimento Humano pela Universidade Federal de Santa Maria (1984), doutorado em Educa\u00e7\u00e3o F\u00edsica pela Universidade de S\u00e3o Paulo (1994) e p\u00f3s-doutorado em Condi\u00e7\u00e3o F\u00edsica e Sa\u00fade pela Universidade T\u00e9cnica de Lisboa, Portugal (1997). Professor-Associado aposentado do Centro de Educa\u00e7\u00e3o F\u00edsica e Esporte da Universidade Estadual de Londrina, Paran\u00e1 (1980-2011). Coordenou o Programa de P\u00f3s-Gradua\u00e7\u00e3o Stricto Sensu Profissional (Mestrado e Doutorado) em Exerc\u00edcio F\u00edsico na Promo\u00e7\u00e3o da Sa\u00fade da Universidade Norte do Paran\u00e1 (2012-2022). Atualmente \u00e9 docente-orientador no Programa de P\u00f3s-Gradua\u00e7\u00e3o Stricto Sensu (Mestrado) em Ci\u00eancias do Movimento Humano da Universidade Estadual do Norte do Paran\u00e1. L\u00edder do Grupo de Estudo e Pesquisa em Atividade F\u00edsica Relacionada \u00e0 Sa\u00fade, criado em 1994, atendendo 3 linhas de pesquisa: (a) comportamento de risco para sa\u00fade; (b) atividade f\u00edsica\/exerc\u00edcio f\u00edsico para promo\u00e7\u00e3o da sa\u00fade; e (c) programas de ensino do componente curricular de educa\u00e7\u00e3o f\u00edsica. Desde 1998, \u00e9 bolsista Produtividade em Pesquisa pelo CNPq. Exerce a fun\u00e7\u00e3o de revisor e possui artigos publicados em peri\u00f3dicos cient\u00edficos de impacto nacional e internacional. \u00c9 autor de livros em sua \u00e1rea de atua\u00e7\u00e3o e assessor cient\u00edfico no desenvolvimento de softwares direcionados \u00e0 avalia\u00e7\u00e3o\/prescri\u00e7\u00e3o de exerc\u00edcio f\u00edsico.<\/p>\n<hr \/>\n<p style=\"text-align: justify\"><img loading=\"lazy\" decoding=\"async\" class=\"wp-image-783 size-medium alignleft\" src=\"https:\/\/eventos.uenp.edu.br\/cef\/wp-content\/uploads\/sites\/18\/2024\/05\/Giuliano--200x300.jpg\" alt=\"\" width=\"200\" height=\"300\" srcset=\"https:\/\/eventos.uenp.edu.br\/cef\/wp-content\/uploads\/sites\/18\/2024\/05\/Giuliano--200x300.jpg 200w, https:\/\/eventos.uenp.edu.br\/cef\/wp-content\/uploads\/sites\/18\/2024\/05\/Giuliano--682x1024.jpg 682w, https:\/\/eventos.uenp.edu.br\/cef\/wp-content\/uploads\/sites\/18\/2024\/05\/Giuliano--768x1152.jpg 768w, https:\/\/eventos.uenp.edu.br\/cef\/wp-content\/uploads\/sites\/18\/2024\/05\/Giuliano-.jpg 853w\" sizes=\"auto, (max-width: 200px) 100vw, 200px\" \/><strong>Prof. Dr. Giuliano Gomes de Assis Pimentel<\/strong> \u2013 Universidade Estadual de Maring\u00e1 \u2013 UEM<br \/>\nProfessor Associado da Universidade Estadual de Maring\u00e1 na Gradua\u00e7\u00e3o (Licenciatura e Bacharelado) e no Programa Associado UEM\/UEL de P\u00f3s-Gradua\u00e7\u00e3o em Educa\u00e7\u00e3o F\u00edsica (Mestrado e Doutorado). Coordena o GEL &#8211; Grupo de Estudos do Lazer (2000). Bacharel e Licenciado em Educa\u00e7\u00e3o F\u00edsica pela Universidade Federal de Vi\u00e7osa (1996), Mestre (1999) e Doutor (2006) em Educa\u00e7\u00e3o F\u00edsica pela Universidade Estadual de Campinas. Realizou est\u00e1gio de P\u00f3sPhD pela Universidade de Coimbra e P\u00f3s-Doutorado pela Universidade Federal do Rio Grande do Sul, al\u00e9m de professor visitante internacional nas seguintes institui\u00e7\u00f5es: Universidad de Antioquia, Col\u00f4mbia (2008), Universidade de Munster, Alemanha (2015) e Universidad Cat\u00f3lica del Maule, Chile (2018).<\/p>\n<hr \/>\n<p style=\"text-align: justify\"><img loading=\"lazy\" decoding=\"async\" class=\"wp-image-784 size-medium alignleft\" src=\"https:\/\/eventos.uenp.edu.br\/cef\/wp-content\/uploads\/sites\/18\/2024\/05\/Foto-curriculo_2024.jpeg-217x300.jpg\" alt=\"\" width=\"217\" height=\"300\" srcset=\"https:\/\/eventos.uenp.edu.br\/cef\/wp-content\/uploads\/sites\/18\/2024\/05\/Foto-curriculo_2024.jpeg-217x300.jpg 217w, https:\/\/eventos.uenp.edu.br\/cef\/wp-content\/uploads\/sites\/18\/2024\/05\/Foto-curriculo_2024.jpeg.jpg 455w\" sizes=\"auto, (max-width: 217px) 100vw, 217px\" \/><strong>Prof.\u00aa Mestre Helli Faria Ferreira Risso<\/strong> \u2013 Secretaria da Educa\u00e7\u00e3o-SEED.<br \/>\nDoutoranda e Mestra pelo Programa de P\u00f3s-Gradua\u00e7\u00e3o Associado em Educa\u00e7\u00e3o F\u00edsica (UEM\/UEL) &#8211; Linha de Pesquisa &#8211; Pr\u00e1ticas, Pol\u00edticas e Produ\u00e7\u00e3o do Conhecimento em Educa\u00e7\u00e3o F\u00edsica. Possui Gradua\u00e7\u00e3o em Educa\u00e7\u00e3o F\u00edsica pela Universidade Estadual de Londrina (UEL). Especializa\u00e7\u00e3o em Avalia\u00e7\u00e3o da Performance Motora e Educa\u00e7\u00e3o Inclusiva. Docente na rede estadual de ensino SEED- Paran\u00e1 (2005). Experi\u00eancia na \u00e1rea de Educa\u00e7\u00e3o F\u00edsica, com \u00eanfase em Educa\u00e7\u00e3o F\u00edsica Escolar, atuando no Ensino Fundamental II, EJA Fundamental, EJA M\u00e9dio e Educa\u00e7\u00e3o Especial. Membro do Grupo de Pesquisa em Estudos de Lazer (GEL), participa do projeto da Escola de Aventuras, no Col\u00e9gio de Aplica\u00e7\u00e3o Pedag\u00f3gica (CAP\/UEM &#8211; Maring\u00e1) e da Rede MADDIS &#8211; Materiais Did\u00e1ticos Digitais Interativos em Educa\u00e7\u00e3o F\u00edsica.<\/p>\n<hr \/>\n<p style=\"text-align: justify\"><img loading=\"lazy\" decoding=\"async\" class=\"wp-image-781 size-medium alignleft\" src=\"https:\/\/eventos.uenp.edu.br\/cef\/wp-content\/uploads\/sites\/18\/2024\/05\/Michele--225x300.jpg\" alt=\"\" width=\"225\" height=\"300\" srcset=\"https:\/\/eventos.uenp.edu.br\/cef\/wp-content\/uploads\/sites\/18\/2024\/05\/Michele--225x300.jpg 225w, https:\/\/eventos.uenp.edu.br\/cef\/wp-content\/uploads\/sites\/18\/2024\/05\/Michele-.jpg 709w\" sizes=\"auto, (max-width: 225px) 100vw, 225px\" \/><strong>Prof.\u00aa. Dra. Michele Caroline de Costa Trindade Avelar<\/strong> \u2013 Universidade Estadual de Maring\u00e1 \u2013 UEM<br \/>\nPossui gradua\u00e7\u00e3o em Nutri\u00e7\u00e3o pelo Centro Universit\u00e1rio Filad\u00e9lfia &#8211; UNIFIL (2002) e em Educa\u00e7\u00e3o F\u00edsica &#8211; UNING\u00c1 (2015), Especializa\u00e7\u00e3o em Treinamento Desportivo pela Universidade Estadual de Londrina (2004), Mestre em Ci\u00eancias dos Alimentos pela Faculdade de Ci\u00eancias Farmac\u00eauticas da Universidade de S\u00e3o Paulo (2007) e Doutora em Ci\u00eancias pela Universidade de S\u00e3o Paulo (2011). Concluiu o P\u00f3s-doutorado em Metabolismo e Nutri\u00e7\u00e3o pela Universidade Estadual de Londrina em 2012. Atualmente \u00e9 docente do Departamento de Educa\u00e7\u00e3o F\u00edsica da Universidade Estadual de Maring\u00e1 (desde 2017), l\u00edder do Grupo de Estudos e Pesquisa em Exerc\u00edcio e Nutri\u00e7\u00e3o para a Sa\u00fade e no Esporte (GEPENSE) (desde 2014), Vice-Presidente da Associa\u00e7\u00e3o Brasileira de Nutri\u00e7\u00e3o Esportiva (ABNE) (desde 2019) e membro do Grupo de Estudo e Pesquisa em Metabolismo, Nutri\u00e7\u00e3o e Exerc\u00edcio (GEPEMENE) (desde 2002). Atuou como docente do Departamento de Nutri\u00e7\u00e3o, Medicina, Gastronomia e Educa\u00e7\u00e3o F\u00edsica do Centro Universit\u00e1rio Ing\u00e1 (2013 a 2017); Departamento de Nutri\u00e7\u00e3o da Universidade Estadual do Centro-Oeste (2013) e do Departamento de Ci\u00eancias Farmac\u00eauticas da Universidade Estadual de Londrina (2011 a 2012). Tem experi\u00eancia na \u00e1rea de Nutri\u00e7\u00e3o, com \u00eanfase em Nutri\u00e7\u00e3o Esportiva e Cl\u00ednica.<\/p>\n<p>&nbsp;<\/p>\n<p><img loading=\"lazy\" decoding=\"async\" class=\"alignnone size-medium wp-image-890\" src=\"https:\/\/eventos.uenp.edu.br\/cef\/wp-content\/uploads\/sites\/18\/2024\/05\/logo-Parana-Araucaria-e-UENP-300x67.jpg\" alt=\"\" width=\"300\" height=\"67\" srcset=\"https:\/\/eventos.uenp.edu.br\/cef\/wp-content\/uploads\/sites\/18\/2024\/05\/logo-Parana-Araucaria-e-UENP-300x67.jpg 300w, https:\/\/eventos.uenp.edu.br\/cef\/wp-content\/uploads\/sites\/18\/2024\/05\/logo-Parana-Araucaria-e-UENP.jpg 681w\" sizes=\"auto, (max-width: 300px) 100vw, 300px\" \/><\/p>\n","protected":false},"excerpt":{"rendered":"","protected":false},"author":1,"featured_media":0,"parent":711,"menu_order":5,"comment_status":"closed","ping_status":"closed","template":"","meta":{"footnotes":""},"class_list":["post-720","page","type-page","status-publish","hentry"],"_links":{"self":[{"href":"https:\/\/eventos.uenp.edu.br\/cef\/wp-json\/wp\/v2\/pages\/720","targetHints":{"allow":["GET"]}}],"collection":[{"href":"https:\/\/eventos.uenp.edu.br\/cef\/wp-json\/wp\/v2\/pages"}],"about":[{"href":"https:\/\/eventos.uenp.edu.br\/cef\/wp-json\/wp\/v2\/types\/page"}],"author":[{"embeddable":true,"href":"https:\/\/eventos.uenp.edu.br\/cef\/wp-json\/wp\/v2\/users\/1"}],"replies":[{"embeddable":true,"href":"https:\/\/eventos.uenp.edu.br\/cef\/wp-json\/wp\/v2\/comments?post=720"}],"version-history":[{"count":18,"href":"https:\/\/eventos.uenp.edu.br\/cef\/wp-json\/wp\/v2\/pages\/720\/revisions"}],"predecessor-version":[{"id":1055,"href":"https:\/\/eventos.uenp.edu.br\/cef\/wp-json\/wp\/v2\/pages\/720\/revisions\/1055"}],"up":[{"embeddable":true,"href":"https:\/\/eventos.uenp.edu.br\/cef\/wp-json\/wp\/v2\/pages\/711"}],"wp:attachment":[{"href":"https:\/\/eventos.uenp.edu.br\/cef\/wp-json\/wp\/v2\/media?parent=720"}],"curies":[{"name":"wp","href":"https:\/\/api.w.org\/{rel}","templated":true}]}}