
{"id":715,"date":"2024-05-24T14:52:36","date_gmt":"2024-05-24T17:52:36","guid":{"rendered":"https:\/\/eventos.uenp.edu.br\/cef\/?page_id=715"},"modified":"2024-07-19T13:02:11","modified_gmt":"2024-07-19T16:02:11","slug":"programacao","status":"publish","type":"page","link":"https:\/\/eventos.uenp.edu.br\/cef\/cef-xiii-2024\/programacao\/","title":{"rendered":"Programa\u00e7\u00e3o"},"content":{"rendered":"<p>&nbsp;<\/p>\n<hr \/>\n<table style=\"height: 123px;width: 100.653%\">\n<tbody>\n<tr>\n<td style=\"background-color: #a07d36;border-color: #5358ed;text-align: center;width: 179%\" colspan=\"5\"><span style=\"color: #ffffff\"><span style=\"font-size: 14pt\"><strong>LOCAL: Audit\u00f3rio do PDE no Centro de Ci\u00eancias Humanas e da Educa\u00e7\u00e3o (CCHE\/CJ)<\/strong><\/span><\/span><\/td>\n<\/tr>\n<tr style=\"height: 28px\">\n<td style=\"background-color: #3366ff;border-color: #5358ed;height: 28px;text-align: center;width: 179%\" colspan=\"5\"><span style=\"color: #ffffff\"><strong>22 \/ 07 \/ 2024 &#8211; Segunda-Feira<\/strong><\/span><\/td>\n<\/tr>\n<tr style=\"height: 10px\">\n<td style=\"background-color: #a07d36;border-color: #5358ed;height: 10px;text-align: center;width: 16.317%\"><span style=\"color: #ffffff\"><strong><strong>19:30 h<\/strong><\/strong><\/span><\/td>\n<td style=\"background-color: #a07d36;border-color: #5358ed;height: 10px;text-align: center;width: 18.7839%\"><span style=\"color: #ffffff\"><strong>19:45 h<\/strong><\/span><\/td>\n<td style=\"background-color: #a07d36;border-color: #5358ed;height: 10px;text-align: center;width: 26.4279%\"><span style=\"color: #ffffff\"><strong>20:00 h<\/strong><\/span><\/td>\n<td style=\"background-color: #a07d36;border-color: #5358ed;height: 10px;text-align: center;width: 11.0216%\"><span style=\"color: #ffffff\"><strong>21:00 h<\/strong><\/span><\/td>\n<td style=\"background-color: #a07d36;border-color: #5358ed;text-align: center;width: 106.45%\"><span style=\"color: #ffffff\"><strong>21:15 h<\/strong><\/span><\/td>\n<\/tr>\n<tr style=\"height: 85px\">\n<td style=\"background-color: #e6e1e1;border-color: #5358ed;height: 85px;width: 16.317%;border-style: dotted\">&nbsp;<\/p>\n<p>&nbsp;<\/p>\n<p>&nbsp;<\/p>\n<p style=\"text-align: center\"><strong>Credenciamento<\/strong><\/p>\n<\/td>\n<td style=\"background-color: #e6e1e1;border-color: #5358ed;height: 85px;width: 18.7839%;border-style: dotted\">&nbsp;<\/p>\n<p>&nbsp;<\/p>\n<p>&nbsp;<\/p>\n<p style=\"text-align: center\"><strong>Cerimonial<\/strong><\/p>\n<p style=\"text-align: center\"><strong> de <\/strong><\/p>\n<p style=\"text-align: center\"><strong>Abertura<\/strong><\/p>\n<\/td>\n<td style=\"background-color: #e6e1e1;border-color: #5358ed;height: 85px;width: 26.4279%;border-style: dotted;text-align: center\">&nbsp;<\/p>\n<p><strong>Palestra de Abertura<\/strong><\/p>\n<p>Prof. Dr. Dartagnan Pinto Guedes<\/p>\n<hr \/>\n<p><strong>\u201cForma\u00e7\u00e3o e Caracteriza\u00e7\u00e3o Acad\u00eamica-Profissional em Educa\u00e7\u00e3o F\u00edsica&#8221;<\/strong><\/td>\n<td style=\"background-color: #e6e1e1;border-color: #5358ed;height: 85px;width: 11.0216%;border-style: dotted;text-align: center\">&nbsp;<\/p>\n<p>&nbsp;<\/p>\n<p>&nbsp;<\/p>\n<p><strong>Coffee Break<\/strong><\/td>\n<td style=\"background-color: #e6e1e1;border-color: #5358ed;width: 106.45%;border-style: dotted;text-align: center\">&nbsp;<\/p>\n<p><strong>Palestra de Abertura<\/strong><\/p>\n<p>Prof. Dr. Amauri Aparecido B\u00e1ssoli de Oliveira<\/p>\n<hr \/>\n<p><strong>\u201cForma\u00e7\u00e3o e interven\u00e7\u00e3o em Educa\u00e7\u00e3o F\u00edsica\u201d<\/strong><\/td>\n<\/tr>\n<\/tbody>\n<\/table>\n<hr \/>\n<table style=\"height: 123px;width: 100.653%\">\n<tbody>\n<tr>\n<td style=\"background-color: #a07d36;border-color: #5358ed;text-align: center;width: 180.866%\" colspan=\"5\"><span style=\"color: #ffffff\"><span style=\"font-size: 14pt\"><strong>LOCAL: AABB e Centro de Ci\u00eancias da Sa\u00fade (CCS\/CJ)<\/strong><\/span><\/span><span style=\"color: #ffffff\"><span style=\"font-size: 14pt\"><strong><br \/>\n<\/strong><\/span><\/span><\/td>\n<\/tr>\n<tr style=\"height: 28px\">\n<td style=\"background-color: #3366ff;border-color: #5358ed;height: 28px;text-align: center;width: 180.866%\" colspan=\"5\"><span style=\"color: #ffffff\"><strong>23 \/ 07 \/ 2024 &#8211; Ter\u00e7a-Feira<\/strong><\/span><span style=\"color: #ffffff\"><strong><br \/>\n<\/strong><\/span><\/td>\n<\/tr>\n<tr style=\"height: 10px\">\n<td style=\"background-color: #a07d36;border-color: #5358ed;height: 10px;text-align: center;width: 21.6643%\"><span style=\"color: #ffffff\"><strong><strong>19:30 h<\/strong><\/strong><\/span><\/td>\n<td style=\"background-color: #a07d36;border-color: #5358ed;height: 10px;text-align: center;width: 19.3436%\"><span style=\"color: #ffffff\"><strong>19:30 h<\/strong><\/span><\/td>\n<td style=\"background-color: #a07d36;border-color: #5358ed;height: 10px;text-align: center;width: 12.951%\"><span style=\"color: #ffffff\"><strong>20:45 h<\/strong><\/span><\/td>\n<td style=\"background-color: #a07d36;border-color: #5358ed;height: 10px;text-align: center;width: 22.5548%\"><span style=\"color: #ffffff\"><strong>21:00 h<\/strong><\/span><\/td>\n<td style=\"background-color: #a07d36;border-color: #5358ed;text-align: center;width: 104.352%\"><span style=\"color: #ffffff\"><strong>21:00 h<\/strong><\/span><\/td>\n<\/tr>\n<tr style=\"height: 85px\">\n<td style=\"background-color: #e6e1e1;border-color: #5358ed;height: 85px;width: 21.6643%;border-style: dotted\">&nbsp;<\/p>\n<p style=\"text-align: center\"><strong>Minicurso<\/strong><\/p>\n<p>Prof. Me. Carlos Gomes de Oliveira<\/p>\n<hr \/>\n<p><strong>\u201cPrescri\u00e7\u00e3o de exerc\u00edcios f\u00edsicos pautados na intensidade funcional do exerc\u00edcio e frequ\u00eancias card\u00edacas alvo\u201d<\/strong><\/td>\n<td style=\"background-color: #e6e1e1;border-color: #5358ed;height: 85px;text-align: center;width: 19.3436%;border-style: dotted\">&nbsp;<\/p>\n<p><strong>Minicurso<\/strong><\/p>\n<p>Prof. Dr. Anselmo Alexandre Mendes<\/p>\n<hr \/>\n<p><strong>&#8220;Dan\u00e7a de Sal\u00e3o&#8221;<\/strong><\/td>\n<td style=\"background-color: #e6e1e1;border-color: #5358ed;height: 85px;text-align: center;width: 12.951%;border-style: dotted\">&nbsp;<\/p>\n<p>&nbsp;<\/p>\n<p>&nbsp;<\/p>\n<p>&nbsp;<\/p>\n<p><strong>C<\/strong><strong>offee Break<\/strong><\/td>\n<td style=\"background-color: #e6e1e1;border-color: #5358ed;height: 85px;text-align: center;width: 22.5548%;border-style: dotted\">&nbsp;<\/p>\n<p><strong>Minicurso\u00a0<\/strong><\/p>\n<p>Prof. Me. Carlos Gomes de Oliveira<\/p>\n<hr \/>\n<p><strong>\u201cUtiliza\u00e7\u00e3o de m\u00fasicas como estrat\u00e9gia de est\u00edmulo motor, afetivo e cognitivo, em academias, clubes, hot\u00e9is&#8221;<\/strong><\/p>\n<p><strong>Obs.: <\/strong><span style=\"font-size: 10pt\">por problemas t\u00e9cnicos na piscina da UENP, a Coordena\u00e7\u00e3o Geral optou por substituir o curso de Hidrogin\u00e1stica<\/span><\/td>\n<td style=\"background-color: #e6e1e1;border-color: #5358ed;text-align: center;width: 104.352%;border-style: dotted\">&nbsp;<\/p>\n<p><strong>Minicurso<\/strong><\/p>\n<p>Prof. Dr. Anselmo Alexandre Mendes<\/p>\n<hr \/>\n<p><strong>\u201cSkip na escola\u201d<\/strong><\/td>\n<\/tr>\n<\/tbody>\n<\/table>\n<hr \/>\n<table style=\"height: 123px;width: 100.653%\">\n<tbody>\n<tr>\n<td style=\"background-color: #a07d36;border-color: #5358ed;text-align: center;width: 76.5137%\" colspan=\"4\"><span style=\"color: #ffffff\"><span style=\"font-size: 14pt\"><strong>LOCAL: Audit\u00f3rio do PDE no Centro de Ci\u00eancias Humanas e da Educa\u00e7\u00e3o (CCHE\/CJ)<\/strong><\/span><\/span><span style=\"color: #ffffff\"><span style=\"font-size: 14pt\"><strong><br \/>\n<\/strong><\/span><\/span><\/td>\n<\/tr>\n<tr style=\"height: 28px\">\n<td style=\"background-color: #3366ff;border-color: #5358ed;height: 28px;text-align: center;width: 76.5137%\" colspan=\"4\"><span style=\"color: #ffffff\"><strong>24 \/ 07 \/ 2024 &#8211; Quarta-Feira<\/strong><\/span><span style=\"color: #ffffff\"><strong><br \/>\n<\/strong><\/span><\/td>\n<\/tr>\n<tr style=\"height: 10px\">\n<td style=\"background-color: #a07d36;border-color: #5358ed;height: 10px;text-align: center;width: 21.6643%\"><span style=\"color: #ffffff\"><strong><strong>19:30 h<\/strong><\/strong><\/span><\/td>\n<td style=\"background-color: #a07d36;border-color: #5358ed;height: 10px;text-align: center;width: 19.3436%\"><span style=\"color: #ffffff\"><strong>20:45 h<\/strong><\/span><\/td>\n<td style=\"background-color: #a07d36;border-color: #5358ed;height: 10px;text-align: center;width: 22.317%\"><span style=\"color: #ffffff\"><strong>21:00 h<\/strong><\/span><\/td>\n<td style=\"background-color: #a07d36;border-color: #5358ed;height: 10px;text-align: center;width: 13.1888%\"><span style=\"color: #ffffff\"><strong>21:00 h<\/strong><\/span><\/td>\n<\/tr>\n<tr style=\"height: 85px\">\n<td style=\"background-color: #e6e1e1;border-color: #5358ed;height: 85px;width: 21.6643%;border-style: dotted\">&nbsp;<\/p>\n<p style=\"text-align: center\"><strong>Palestra<\/strong><\/p>\n<p style=\"text-align: center\">Prof. Dr. Giuliano Gomes de Assis Pimentel<\/p>\n<hr \/>\n<p style=\"text-align: center\"><strong>&#8220;Esportes de aventura: educa\u00e7\u00e3o e rendimento&#8221;.<\/strong><\/p>\n<\/td>\n<td style=\"background-color: #e6e1e1;border-color: #5358ed;height: 85px;text-align: center;width: 19.3436%;border-style: dotted\">&nbsp;<\/p>\n<p>&nbsp;<\/p>\n<p>&nbsp;<\/p>\n<p>&nbsp;<\/p>\n<p><strong>Coffee Break<\/strong><\/td>\n<td style=\"background-color: #e6e1e1;border-color: #5358ed;height: 85px;text-align: center;width: 22.317%;border-style: dotted\">&nbsp;<\/p>\n<p><strong>Oficina<\/strong><\/p>\n<p>Prof<strong>\u00aa. <\/strong>\u00a0Ma. Helli Faria Ferreira Risso<\/p>\n<hr \/>\n<p><strong>\u201cEsporte Orienta\u00e7\u00e3o na Educa\u00e7\u00e3o F\u00edsica Escolar\u201d.<\/strong><\/td>\n<td style=\"background-color: #e6e1e1;border-color: #5358ed;height: 85px;text-align: center;width: 13.1888%;border-style: dotted\">&nbsp;<\/p>\n<p><strong>Palestra<\/strong><\/p>\n<p>Prof\u00aa. Dra. Michele Caroline de Costa Trindade Avelar<\/p>\n<hr \/>\n<p><strong>\u201cComo o profissional de Educa\u00e7\u00e3o F\u00edsica pode aplicar os conceitos nutricionais na sua pr\u00e1tica\u201d.<\/strong><\/td>\n<\/tr>\n<\/tbody>\n<\/table>\n<hr \/>\n<table style=\"height: 123px;width: 100.653%\">\n<tbody>\n<tr>\n<td style=\"background-color: #a07d36;border-color: #5358ed;text-align: center;width: 63.3249%\" colspan=\"3\"><span style=\"color: #ffffff;font-size: 14pt\"><strong>LOCAL: Audit\u00f3rio do PDE no Centro de Ci\u00eancias Humanas e da Educa\u00e7\u00e3o (CCHE\/CJ)<\/strong><\/span><\/td>\n<\/tr>\n<tr style=\"height: 28px\">\n<td style=\"background-color: #3366ff;border-color: #5358ed;height: 28px;text-align: center;width: 63.3249%\" colspan=\"3\"><span style=\"color: #ffffff\"><strong>25 \/ 07 \/ 2024 &#8211; Quinta-Feira<\/strong><\/span><span style=\"color: #ffffff\"><strong><br \/>\n<\/strong><\/span><\/td>\n<\/tr>\n<tr style=\"height: 10px\">\n<td style=\"background-color: #a07d36;border-color: #5358ed;height: 10px;text-align: center;width: 21.6643%\"><span style=\"color: #ffffff\"><strong><strong>19:30 h<\/strong><\/strong><\/span><\/td>\n<td style=\"background-color: #a07d36;border-color: #5358ed;height: 10px;text-align: center;width: 19.3436%\"><span style=\"color: #ffffff\"><strong>21:00 h<\/strong><\/span><\/td>\n<td style=\"background-color: #a07d36;border-color: #5358ed;height: 10px;text-align: center;width: 22.317%\"><span style=\"color: #ffffff\"><strong>21:15 h<\/strong><\/span><\/td>\n<\/tr>\n<tr style=\"height: 85px\">\n<td style=\"background-color: #e6e1e1;border-color: #5358ed;height: 85px;width: 21.6643%;border-style: dotted;text-align: center\">&nbsp;<\/p>\n<p>&nbsp;<\/p>\n<p><strong>Apresenta\u00e7\u00f5es de trabalhos cient\u00edficos (oral)<\/strong><\/td>\n<td style=\"background-color: #e6e1e1;border-color: #5358ed;height: 85px;text-align: center;width: 19.3436%;border-style: dotted\">&nbsp;<\/p>\n<p>&nbsp;<\/p>\n<p><strong>Coffee Break<\/strong><\/td>\n<td style=\"background-color: #e6e1e1;border-color: #5358ed;height: 85px;text-align: center;width: 22.317%;border-style: dotted\">&nbsp;<\/p>\n<p><strong>Palestra<\/strong><\/p>\n<p>Prof<strong>\u00aa. <\/strong>\u00a0Dra. Bruna Barboza Seron<\/p>\n<hr \/>\n<p><strong>\u201cPossibilidades de atua\u00e7\u00e3o profissional na Educa\u00e7\u00e3o F\u00edsica com esporte adaptado\u201d.<\/strong><\/td>\n<\/tr>\n<\/tbody>\n<\/table>\n<hr \/>\n<table style=\"height: 123px;width: 100.653%\">\n<tbody>\n<tr>\n<td style=\"background-color: #a07d36;border-color: #5358ed;text-align: center;width: 63.3249%\" colspan=\"3\"><span style=\"color: #ffffff\"><span style=\"font-size: 14pt\"><strong>LOCAL: Audit\u00f3rio do PDE no Centro de Ci\u00eancias Humanas e da Educa\u00e7\u00e3o (CCHE\/CJ)<\/strong><\/span><\/span><span style=\"color: #ffffff\"><span style=\"font-size: 14pt\"><strong><br \/>\n<\/strong><\/span><\/span><\/td>\n<\/tr>\n<tr style=\"height: 28px\">\n<td style=\"background-color: #3366ff;border-color: #5358ed;height: 28px;text-align: center;width: 63.3249%\" colspan=\"3\"><span style=\"color: #ffffff\"><strong>26 \/ 07 \/ 2024 &#8211; Sexta-Feira<\/strong><\/span><span style=\"color: #ffffff\"><strong><br \/>\n<\/strong><\/span><\/td>\n<\/tr>\n<tr style=\"height: 10px\">\n<td style=\"background-color: #a07d36;border-color: #5358ed;height: 10px;text-align: center;width: 21.6643%\"><span style=\"color: #ffffff\"><strong><strong>19:30 h<\/strong><\/strong><\/span><\/td>\n<td style=\"background-color: #a07d36;border-color: #5358ed;height: 10px;text-align: center;width: 19.3436%\"><span style=\"color: #ffffff\"><strong>21:00 h<\/strong><\/span><\/td>\n<td style=\"background-color: #a07d36;border-color: #5358ed;height: 10px;text-align: center;width: 22.317%\"><span style=\"color: #ffffff\"><strong>21:15 h<\/strong><\/span><\/td>\n<\/tr>\n<tr style=\"height: 85px\">\n<td style=\"background-color: #e6e1e1;border-color: #5358ed;height: 85px;width: 21.6643%;border-style: dotted\">&nbsp;<\/p>\n<p style=\"text-align: center\"><strong>Apresenta\u00e7\u00f5es de trabalhos cient\u00edficos (banner)<\/strong><\/p>\n<\/td>\n<td style=\"background-color: #e6e1e1;border-color: #5358ed;height: 85px;text-align: center;width: 19.3436%;border-style: dotted\">&nbsp;<\/p>\n<p><strong>Coffee Break<\/strong><\/td>\n<td style=\"background-color: #e6e1e1;border-color: #5358ed;height: 85px;text-align: center;width: 22.317%;border-style: dotted\">&nbsp;<\/p>\n<p><strong>Palestra de encerramento:<\/strong><\/p>\n<p><strong>&#8220;Esporte Educacional no Brasil: caminhos percorridos e perspectivas&#8221;.<\/strong><\/p>\n<p>Prof. Dr. Claudio Kravchychyn<\/td>\n<\/tr>\n<\/tbody>\n<\/table>\n<p><img loading=\"lazy\" decoding=\"async\" class=\"alignnone size-medium wp-image-890\" src=\"https:\/\/eventos.uenp.edu.br\/cef\/wp-content\/uploads\/sites\/18\/2024\/05\/logo-Parana-Araucaria-e-UENP-300x67.jpg\" alt=\"\" width=\"300\" height=\"67\" srcset=\"https:\/\/eventos.uenp.edu.br\/cef\/wp-content\/uploads\/sites\/18\/2024\/05\/logo-Parana-Araucaria-e-UENP-300x67.jpg 300w, https:\/\/eventos.uenp.edu.br\/cef\/wp-content\/uploads\/sites\/18\/2024\/05\/logo-Parana-Araucaria-e-UENP.jpg 681w\" sizes=\"auto, (max-width: 300px) 100vw, 300px\" \/><\/p>\n<hr \/>\n","protected":false},"excerpt":{"rendered":"","protected":false},"author":1,"featured_media":0,"parent":711,"menu_order":4,"comment_status":"closed","ping_status":"closed","template":"","meta":{"footnotes":""},"class_list":["post-715","page","type-page","status-publish","hentry"],"_links":{"self":[{"href":"https:\/\/eventos.uenp.edu.br\/cef\/wp-json\/wp\/v2\/pages\/715","targetHints":{"allow":["GET"]}}],"collection":[{"href":"https:\/\/eventos.uenp.edu.br\/cef\/wp-json\/wp\/v2\/pages"}],"about":[{"href":"https:\/\/eventos.uenp.edu.br\/cef\/wp-json\/wp\/v2\/types\/page"}],"author":[{"embeddable":true,"href":"https:\/\/eventos.uenp.edu.br\/cef\/wp-json\/wp\/v2\/users\/1"}],"replies":[{"embeddable":true,"href":"https:\/\/eventos.uenp.edu.br\/cef\/wp-json\/wp\/v2\/comments?post=715"}],"version-history":[{"count":29,"href":"https:\/\/eventos.uenp.edu.br\/cef\/wp-json\/wp\/v2\/pages\/715\/revisions"}],"predecessor-version":[{"id":1093,"href":"https:\/\/eventos.uenp.edu.br\/cef\/wp-json\/wp\/v2\/pages\/715\/revisions\/1093"}],"up":[{"embeddable":true,"href":"https:\/\/eventos.uenp.edu.br\/cef\/wp-json\/wp\/v2\/pages\/711"}],"wp:attachment":[{"href":"https:\/\/eventos.uenp.edu.br\/cef\/wp-json\/wp\/v2\/media?parent=715"}],"curies":[{"name":"wp","href":"https:\/\/api.w.org\/{rel}","templated":true}]}}