
{"id":1062,"date":"2024-07-15T11:13:43","date_gmt":"2024-07-15T14:13:43","guid":{"rendered":"https:\/\/eventos.uenp.edu.br\/cef\/?page_id=1062"},"modified":"2024-07-20T10:10:29","modified_gmt":"2024-07-20T13:10:29","slug":"apresentacoes-de-trabalhos-cientificos-programacao","status":"publish","type":"page","link":"https:\/\/eventos.uenp.edu.br\/cef\/cef-xiii-2024\/apresentacoes-de-trabalhos-cientificos-programacao\/","title":{"rendered":"Apresenta\u00e7\u00f5es de trabalhos cient\u00edficos &#8211; PROGRAMA\u00c7\u00c3O"},"content":{"rendered":"<p>E<span style=\"font-size: 10pt\">nsalamentos das Apresenta\u00e7\u00f5es &#8211; Oral e Banner &#8211; XIII CEF<\/span><\/p>\n<p style=\"text-align: center\">AQUI:\u00a0 <a href=\"https:\/\/eventos.uenp.edu.br\/cef\/wp-content\/uploads\/sites\/18\/2024\/07\/Ensalamentos-das-Apresentacoes-Oral-e-Banner-XIII-CEF.pdf\">Ensalamentos das Apresenta\u00e7\u00f5es &#8211; Oral e Banner &#8211; XIII CEF<\/a>&#8211; Oral e Banner &#8211; XIII CEF- Oral e Banner &#8211; XIII CEF<\/p>\n<p><span style=\"font-size: 10pt\">Alguma informa\u00e7\u00e3o ou d\u00favida entre em contato com a organiza\u00e7\u00e3o:<\/span><\/p>\n<ul>\n<li style=\"text-align: center\"><span style=\"color: #ff0000;font-size: 10pt\"><strong>A apresenta\u00e7\u00e3o ORAL (Powerpoint) deve ser enviada para o e-mail da organiza\u00e7\u00e3o:<\/strong><\/span><\/li>\n<\/ul>\n<p><span style=\"font-size: 10pt\"><a href=\"mailto:congressoeducacaofisica.ccs.cj@uenp.edu.br\"><strong><em>congressoeducacaofisica.ccs.cj@uenp.edu.br<\/em><\/strong><\/a><\/span><\/p>\n<p><span style=\"font-size: 10pt\">(no assunto do e-mail) = o t\u00edtulo do trabalho\/resumo e, (no texto do e-mail) = o t\u00edtulo do trabalho e os nomes dos autores, at\u00e9 as <strong>12 horas (meio-dia) do dia 23\/07\/2024 \u2013 ter\u00e7a-feira.<\/strong><\/span><\/p>\n<ol>\n<li><span style=\"font-size: 10pt\">O anexo no e-mail N\u00c3O PODE SER UM LINK e sim um ARQUIVO POWERPOINT.<\/span><\/li>\n<li><span style=\"font-size: 10pt\">Um dos autores deve estar presente nos hor\u00e1rios estipulados para iniciar as apresenta\u00e7\u00f5es e avalia\u00e7\u00f5es.<\/span><\/li>\n<li><span style=\"font-size: 10pt\">Cada autor ter\u00e1 5 minutos para apresentar seu trabalho\/resumo.<\/span><\/li>\n<li><span style=\"font-size: 10pt\">Todos os autores \/ apresentadores dever\u00e3o estar presentes em suas respectivas salas de apresenta\u00e7\u00f5es as 19h15min.<\/span><\/li>\n<\/ol>\n<ul>\n<li style=\"text-align: center\"><span style=\"color: #ff0000;font-size: 10pt\"><strong>Apresenta\u00e7\u00f5es de trabalhos cient\u00edficos (Banner)<\/strong><\/span><\/li>\n<\/ul>\n<p style=\"text-align: center\"><span style=\"font-size: 10pt\"><strong>26 \/ 07 \/ 2024 \u2013 Sexta-feira<\/strong><\/span><\/p>\n<p><span style=\"font-size: 10pt\"><strong>ATEN\u00c7\u00c3O:<\/strong><\/span><\/p>\n<ol>\n<li><span style=\"font-size: 10pt\"><em>O banner deve ser padronizado no tamanho 120X90cm (material de confec\u00e7\u00e3o livre).<\/em><\/span><\/li>\n<li><span style=\"font-size: 10pt\"><em>Ser\u00e3o fixados em suportes pr\u00f3prios, n\u00e3o podem ser fixados nas paredes, assim, \u00e9 obrigat\u00f3rio ter madeira na parte superior e inferior. <\/em><\/span><\/li>\n<li><span style=\"font-size: 10pt\"><em>Um dos autores deve estar presente durante todo hor\u00e1rio determinado para sua exposi\u00e7\u00e3o \/ apresenta\u00e7\u00e3o e avalia\u00e7\u00e3o pela Comiss\u00e3o Cient\u00edfica do XIII CEF.<\/em><\/span><\/li>\n<\/ol>\n","protected":false},"excerpt":{"rendered":"","protected":false},"author":13,"featured_media":0,"parent":711,"menu_order":0,"comment_status":"closed","ping_status":"closed","template":"","meta":{"footnotes":""},"class_list":["post-1062","page","type-page","status-publish","hentry"],"_links":{"self":[{"href":"https:\/\/eventos.uenp.edu.br\/cef\/wp-json\/wp\/v2\/pages\/1062","targetHints":{"allow":["GET"]}}],"collection":[{"href":"https:\/\/eventos.uenp.edu.br\/cef\/wp-json\/wp\/v2\/pages"}],"about":[{"href":"https:\/\/eventos.uenp.edu.br\/cef\/wp-json\/wp\/v2\/types\/page"}],"author":[{"embeddable":true,"href":"https:\/\/eventos.uenp.edu.br\/cef\/wp-json\/wp\/v2\/users\/13"}],"replies":[{"embeddable":true,"href":"https:\/\/eventos.uenp.edu.br\/cef\/wp-json\/wp\/v2\/comments?post=1062"}],"version-history":[{"count":11,"href":"https:\/\/eventos.uenp.edu.br\/cef\/wp-json\/wp\/v2\/pages\/1062\/revisions"}],"predecessor-version":[{"id":1100,"href":"https:\/\/eventos.uenp.edu.br\/cef\/wp-json\/wp\/v2\/pages\/1062\/revisions\/1100"}],"up":[{"embeddable":true,"href":"https:\/\/eventos.uenp.edu.br\/cef\/wp-json\/wp\/v2\/pages\/711"}],"wp:attachment":[{"href":"https:\/\/eventos.uenp.edu.br\/cef\/wp-json\/wp\/v2\/media?parent=1062"}],"curies":[{"name":"wp","href":"https:\/\/api.w.org\/{rel}","templated":true}]}}